{"id":4761,"date":"2026-05-05T15:26:35","date_gmt":"2026-05-05T13:26:35","guid":{"rendered":"https:\/\/agence.breakflip.com\/our-projects\/japan-touch-haru-2026-community-management\/"},"modified":"2026-05-05T15:43:23","modified_gmt":"2026-05-05T13:43:23","slug":"japan-touch-haru-2026-community-management","status":"publish","type":"page","link":"https:\/\/agence.breakflip.com\/en\/our-projects\/japan-touch-haru-2026-community-management\/","title":{"rendered":"Japan Touch Haru 2026 &#8211; Community Management"},"content":{"rendered":"\t\t<div data-elementor-type=\"wp-page\" data-elementor-id=\"4761\" class=\"elementor elementor-4761\" data-elementor-post-type=\"page\">\n\t\t\t\t<div class=\"elementor-element elementor-element-7a9c4f3c e-flex e-con-boxed e-con e-parent\" data-id=\"7a9c4f3c\" data-element_type=\"container\" data-e-type=\"container\">\n\t\t\t\t\t<div class=\"e-con-inner\">\n\t\t\t\t<div class=\"elementor-element elementor-element-5b8e9a1 elementor-widget elementor-widget-heading\" data-id=\"5b8e9a1\" data-element_type=\"widget\" data-e-type=\"widget\" data-widget_type=\"heading.default\">\n\t\t\t\t<div class=\"elementor-widget-container\">\n\t\t\t\t\t<h1 class=\"elementor-heading-title elementor-size-default\">Japan Touch Haru - Community Management<\/h1>\t\t\t\t<\/div>\n\t\t\t\t<\/div>\n\t\t\t\t\t<\/div>\n\t\t\t\t<\/div>\n\t\t<div class=\"elementor-element elementor-element-39921f5 e-flex e-con-boxed e-con e-parent\" data-id=\"39921f5\" data-element_type=\"container\" data-e-type=\"container\" data-settings=\"{&quot;background_background&quot;:&quot;classic&quot;}\">\n\t\t\t\t\t<div class=\"e-con-inner\">\n\t\t\t\t<div class=\"elementor-element elementor-element-33b3b5ef elementor-widget elementor-widget-counter\" data-id=\"33b3b5ef\" data-element_type=\"widget\" data-e-type=\"widget\" data-widget_type=\"counter.default\">\n\t\t\t\t<div class=\"elementor-widget-container\">\n\t\t\t\t\t\t\t<div class=\"elementor-counter\">\n\t\t\t<div class=\"elementor-counter-title\">impressions generated<\/div>\t\t\t<div class=\"elementor-counter-number-wrapper\">\n\t\t\t\t<span class=\"elementor-counter-number-prefix\">+<\/span>\n\t\t\t\t<span class=\"elementor-counter-number\" data-duration=\"2000\" data-to-value=\"2000000\" data-from-value=\"0\" data-delimiter=\" \">0<\/span>\n\t\t\t\t<span class=\"elementor-counter-number-suffix\"><\/span>\n\t\t\t<\/div>\n\t\t<\/div>\n\t\t\t\t\t\t<\/div>\n\t\t\t\t<\/div>\n\t\t\t\t<div class=\"elementor-element elementor-element-6d611bc5 elementor-widget elementor-widget-counter\" data-id=\"6d611bc5\" data-element_type=\"widget\" data-e-type=\"widget\" data-widget_type=\"counter.default\">\n\t\t\t\t<div class=\"elementor-widget-container\">\n\t\t\t\t\t\t\t<div class=\"elementor-counter\">\n\t\t\t<div class=\"elementor-counter-title\">posts published<\/div>\t\t\t<div class=\"elementor-counter-number-wrapper\">\n\t\t\t\t<span class=\"elementor-counter-number-prefix\"><\/span>\n\t\t\t\t<span class=\"elementor-counter-number\" data-duration=\"2000\" data-to-value=\"139\" data-from-value=\"0\" data-delimiter=\",\">0<\/span>\n\t\t\t\t<span class=\"elementor-counter-number-suffix\"><\/span>\n\t\t\t<\/div>\n\t\t<\/div>\n\t\t\t\t\t\t<\/div>\n\t\t\t\t<\/div>\n\t\t\t\t<div class=\"elementor-element elementor-element-05fff5f elementor-widget elementor-widget-counter\" data-id=\"05fff5f\" data-element_type=\"widget\" data-e-type=\"widget\" data-widget_type=\"counter.default\">\n\t\t\t\t<div class=\"elementor-widget-container\">\n\t\t\t\t\t\t\t<div class=\"elementor-counter\">\n\t\t\t<div class=\"elementor-counter-title\">stories shared<\/div>\t\t\t<div class=\"elementor-counter-number-wrapper\">\n\t\t\t\t<span class=\"elementor-counter-number-prefix\"><\/span>\n\t\t\t\t<span class=\"elementor-counter-number\" data-duration=\"2000\" data-to-value=\"230\" data-from-value=\"0\" data-delimiter=\",\">0<\/span>\n\t\t\t\t<span class=\"elementor-counter-number-suffix\"><\/span>\n\t\t\t<\/div>\n\t\t<\/div>\n\t\t\t\t\t\t<\/div>\n\t\t\t\t<\/div>\n\t\t\t\t\t<\/div>\n\t\t\t\t<\/div>\n\t\t<div class=\"elementor-element elementor-element-613b3fcc e-flex e-con-boxed e-con e-parent\" data-id=\"613b3fcc\" data-element_type=\"container\" data-e-type=\"container\">\n\t\t\t\t\t<div class=\"e-con-inner\">\n\t\t<div class=\"elementor-element elementor-element-7e9e154d e-con-full e-transform e-flex e-con e-child\" data-id=\"7e9e154d\" data-element_type=\"container\" data-e-type=\"container\" data-settings=\"{&quot;background_background&quot;:&quot;classic&quot;,&quot;_transform_translateY_effect&quot;:{&quot;unit&quot;:&quot;px&quot;,&quot;size&quot;:20,&quot;sizes&quot;:[]},&quot;_transform_translateX_effect&quot;:{&quot;unit&quot;:&quot;px&quot;,&quot;size&quot;:&quot;&quot;,&quot;sizes&quot;:[]},&quot;_transform_translateX_effect_tablet&quot;:{&quot;unit&quot;:&quot;px&quot;,&quot;size&quot;:&quot;&quot;,&quot;sizes&quot;:[]},&quot;_transform_translateX_effect_mobile&quot;:{&quot;unit&quot;:&quot;px&quot;,&quot;size&quot;:&quot;&quot;,&quot;sizes&quot;:[]},&quot;_transform_translateY_effect_tablet&quot;:{&quot;unit&quot;:&quot;px&quot;,&quot;size&quot;:&quot;&quot;,&quot;sizes&quot;:[]},&quot;_transform_translateY_effect_mobile&quot;:{&quot;unit&quot;:&quot;px&quot;,&quot;size&quot;:&quot;&quot;,&quot;sizes&quot;:[]}}\">\n\t\t\t\t<div class=\"elementor-element elementor-element-6d8147df elementor-widget elementor-widget-heading\" data-id=\"6d8147df\" data-element_type=\"widget\" data-e-type=\"widget\" data-widget_type=\"heading.default\">\n\t\t\t\t<div class=\"elementor-widget-container\">\n\t\t\t\t\t<h2 class=\"elementor-heading-title elementor-size-default\">Social media management for Japan Touch Haru during the 2026 edition.<\/h2>\t\t\t\t<\/div>\n\t\t\t\t<\/div>\n\t\t\t\t<\/div>\n\t\t<div class=\"elementor-element elementor-element-605b8b16 e-con-full e-flex e-con e-child\" data-id=\"605b8b16\" data-element_type=\"container\" data-e-type=\"container\">\n\t\t\t\t<div class=\"elementor-element elementor-element-5e1e1881 elementor-widget elementor-widget-heading\" data-id=\"5e1e1881\" data-element_type=\"widget\" data-e-type=\"widget\" data-widget_type=\"heading.default\">\n\t\t\t\t<div class=\"elementor-widget-container\">\n\t\t\t\t\t<h3 class=\"elementor-heading-title elementor-size-default\">What is Japan Touch Haru?<\/h3>\t\t\t\t<\/div>\n\t\t\t\t<\/div>\n\t\t\t\t<div class=\"elementor-element elementor-element-44e99fe6 elementor-widget elementor-widget-text-editor\" data-id=\"44e99fe6\" data-element_type=\"widget\" data-e-type=\"widget\" data-widget_type=\"text-editor.default\">\n\t\t\t\t<div class=\"elementor-widget-container\">\n\t\t\t\t\t\t\t\t\t<p><strong>Japan Touch Haru<\/strong> is a <strong>major Japanese pop culture event<\/strong> <strong>held in Lyon<\/strong>, bringing together thousands of visitors each year around manga, anime, gaming, cosplay, and Asian culture universes.<\/p>\t\t\t\t\t\t\t\t<\/div>\n\t\t\t\t<\/div>\n\t\t\t\t<div class=\"elementor-element elementor-element-42a32bc0 elementor-widget elementor-widget-heading\" data-id=\"42a32bc0\" data-element_type=\"widget\" data-e-type=\"widget\" data-widget_type=\"heading.default\">\n\t\t\t\t<div class=\"elementor-widget-container\">\n\t\t\t\t\t<h3 class=\"elementor-heading-title elementor-size-default\">What were our missions?<\/h3>\t\t\t\t<\/div>\n\t\t\t\t<\/div>\n\t\t\t\t<div class=\"elementor-element elementor-element-6e4a3b41 elementor-widget elementor-widget-text-editor\" data-id=\"6e4a3b41\" data-element_type=\"widget\" data-e-type=\"widget\" data-widget_type=\"text-editor.default\">\n\t\t\t\t<div class=\"elementor-widget-container\">\n\t\t\t\t\t\t\t\t\t<p data-start=\"0\" data-end=\"82\">We supported the event across its <strong>full social media presence<\/strong> and <strong>on-site coverage<\/strong>:<\/p><ul data-start=\"84\" data-end=\"498\" data-is-last-node=\"\" data-is-only-node=\"\"><li data-section-id=\"8gxwgm\" data-start=\"84\" data-end=\"154\">Management and animation of social media channels during the event<\/li><li data-section-id=\"8c7qt2\" data-start=\"155\" data-end=\"222\">Real-time content production and publishing (posts and stories)<\/li><li data-section-id=\"lpc1cj\" data-start=\"223\" data-end=\"318\">Editorial coverage of key event moments (activities, contests, performances, cosplay, etc.)<\/li><li data-section-id=\"1osoxml\" data-start=\"319\" data-end=\"423\">Execution of a content strategy aimed at maximizing visibility and engagement throughout the weekend<\/li><li data-section-id=\"os07mv\" data-start=\"424\" data-end=\"498\" data-is-last-node=\"\">Coordination with on-site teams to ensure smooth and continuous coverage<\/li><\/ul>\t\t\t\t\t\t\t\t<\/div>\n\t\t\t\t<\/div>\n\t\t\t\t<div class=\"elementor-element elementor-element-2773b58b elementor-widget elementor-widget-heading\" data-id=\"2773b58b\" data-element_type=\"widget\" data-e-type=\"widget\" data-widget_type=\"heading.default\">\n\t\t\t\t<div class=\"elementor-widget-container\">\n\t\t\t\t\t<h3 class=\"elementor-heading-title elementor-size-default\">Key Takeaways<\/h3>\t\t\t\t<\/div>\n\t\t\t\t<\/div>\n\t\t\t\t<div class=\"elementor-element elementor-element-667ee330 elementor-widget elementor-widget-text-editor\" data-id=\"667ee330\" data-element_type=\"widget\" data-e-type=\"widget\" data-widget_type=\"text-editor.default\">\n\t\t\t\t<div class=\"elementor-widget-container\">\n\t\t\t\t\t\t\t\t\t<ul><li>More than <strong>2,000,000 impressions generated<\/strong> across all published content<\/li><li><strong>139 posts published<\/strong> during the event<\/li><li>Around <strong>230 stories shared<\/strong> over the weekend<\/li><li><strong>Continuous social coverage of key moments<\/strong>: cosplay contests, dance and singing sessions, activities, and major highlights of the event<\/li><\/ul>\t\t\t\t\t\t\t\t<\/div>\n\t\t\t\t<\/div>\n\t\t\t\t<\/div>\n\t\t\t\t\t<\/div>\n\t\t\t\t<\/div>\n\t\t<div class=\"elementor-element elementor-element-5e581647 e-flex e-con-boxed e-con e-parent\" data-id=\"5e581647\" data-element_type=\"container\" data-e-type=\"container\" data-settings=\"{&quot;background_background&quot;:&quot;classic&quot;}\">\n\t\t\t\t\t<div class=\"e-con-inner\">\n\t\t\t\t<div class=\"elementor-element elementor-element-6db4c23b elementor-widget elementor-widget-heading\" data-id=\"6db4c23b\" data-element_type=\"widget\" data-e-type=\"widget\" data-widget_type=\"heading.default\">\n\t\t\t\t<div class=\"elementor-widget-container\">\n\t\t\t\t\t<h2 class=\"elementor-heading-title elementor-size-default\">Need Visibility?<\/h2>\t\t\t\t<\/div>\n\t\t\t\t<\/div>\n\t\t\t\t<div class=\"elementor-element elementor-element-630892bd elementor-widget elementor-widget-text-editor\" data-id=\"630892bd\" data-element_type=\"widget\" data-e-type=\"widget\" data-widget_type=\"text-editor.default\">\n\t\t\t\t<div class=\"elementor-widget-container\">\n\t\t\t\t\t\t\t\t\t<p>Let\u2019s discuss it during a call.<\/p>\t\t\t\t\t\t\t\t<\/div>\n\t\t\t\t<\/div>\n\t\t\t\t<div class=\"elementor-element elementor-element-14aa9069 elementor-align-center elementor-widget elementor-widget-button\" data-id=\"14aa9069\" data-element_type=\"widget\" data-e-type=\"widget\" data-widget_type=\"button.default\">\n\t\t\t\t<div class=\"elementor-widget-container\">\n\t\t\t\t\t\t\t\t\t<div class=\"elementor-button-wrapper\">\n\t\t\t\t\t<a class=\"elementor-button elementor-button-link elementor-size-sm\" href=\"https:\/\/agence.breakflip.com\/contact\/\">\n\t\t\t\t\t\t<span class=\"elementor-button-content-wrapper\">\n\t\t\t\t\t\t<span class=\"elementor-button-icon\">\n\t\t\t\t<svg aria-hidden=\"true\" class=\"e-font-icon-svg e-far-envelope\" viewBox=\"0 0 512 512\" xmlns=\"http:\/\/www.w3.org\/2000\/svg\"><path d=\"M464 64H48C21.49 64 0 85.49 0 112v288c0 26.51 21.49 48 48 48h416c26.51 0 48-21.49 48-48V112c0-26.51-21.49-48-48-48zm0 48v40.805c-22.422 18.259-58.168 46.651-134.587 106.49-16.841 13.247-50.201 45.072-73.413 44.701-23.208.375-56.579-31.459-73.413-44.701C106.18 199.465 70.425 171.067 48 152.805V112h416zM48 400V214.398c22.914 18.251 55.409 43.862 104.938 82.646 21.857 17.205 60.134 55.186 103.062 54.955 42.717.231 80.509-37.199 103.053-54.947 49.528-38.783 82.032-64.401 104.947-82.653V400H48z\"><\/path><\/svg>\t\t\t<\/span>\n\t\t\t\t\t\t\t\t\t<span class=\"elementor-button-text\">Contact Us<\/span>\n\t\t\t\t\t<\/span>\n\t\t\t\t\t<\/a>\n\t\t\t\t<\/div>\n\t\t\t\t\t\t\t\t<\/div>\n\t\t\t\t<\/div>\n\t\t\t\t\t<\/div>\n\t\t\t\t<\/div>\n\t\t<div class=\"elementor-element elementor-element-38ad530 e-flex e-con-boxed e-con e-parent\" data-id=\"38ad530\" data-element_type=\"container\" data-e-type=\"container\">\n\t\t\t\t\t<div class=\"e-con-inner\">\n\t\t<div class=\"elementor-element elementor-element-fb626fa e-con-full e-flex e-con e-child\" data-id=\"fb626fa\" data-element_type=\"container\" data-e-type=\"container\">\n\t\t\t\t<div class=\"elementor-element elementor-element-7e44baa elementor-widget elementor-widget-heading\" data-id=\"7e44baa\" data-element_type=\"widget\" data-e-type=\"widget\" data-widget_type=\"heading.default\">\n\t\t\t\t<div class=\"elementor-widget-container\">\n\t\t\t\t\t<h3 class=\"elementor-heading-title elementor-size-default\">Japan Touch in video<\/h3>\t\t\t\t<\/div>\n\t\t\t\t<\/div>\n\t\t\t\t<\/div>\n\t\t<div class=\"elementor-element elementor-element-5aa9132 e-con-full e-flex e-con e-child\" data-id=\"5aa9132\" data-element_type=\"container\" data-e-type=\"container\">\n\t\t\t\t<div class=\"elementor-element elementor-element-71b6808 elementor-widget elementor-widget-image\" data-id=\"71b6808\" data-element_type=\"widget\" data-e-type=\"widget\" data-widget_type=\"image.default\">\n\t\t\t\t<div class=\"elementor-widget-container\">\n\t\t\t\t\t\t\t\t\t\t\t\t\t\t\t\t<a href=\"https:\/\/www.instagram.com\/japan.touch\/reel\/DXkeQI2MJGY\/\">\n\t\t\t\t\t\t\t<img fetchpriority=\"high\" decoding=\"async\" width=\"497\" height=\"1024\" src=\"\/wp-content\/uploads\/2026\/05\/Design-sans-titre-5-497x1024.png\" class=\"elementor-animation-shrink attachment-large size-large wp-image-4751\" alt=\"Mockup Japan Touch J1\" srcset=\"\/wp-content\/uploads\/2026\/05\/Design-sans-titre-5-497x1024.png 497w, \/wp-content\/uploads\/2026\/05\/Design-sans-titre-5-145x300.png 145w, \/wp-content\/uploads\/2026\/05\/Design-sans-titre-5.png 628w\" sizes=\"(max-width: 497px) 100vw, 497px\" \/>\t\t\t\t\t\t\t\t<\/a>\n\t\t\t\t\t\t\t\t\t\t\t\t\t\t\t<\/div>\n\t\t\t\t<\/div>\n\t\t\t\t<div class=\"elementor-element elementor-element-c3b0c0c elementor-widget elementor-widget-text-editor\" data-id=\"c3b0c0c\" data-element_type=\"widget\" data-e-type=\"widget\" data-widget_type=\"text-editor.default\">\n\t\t\t\t<div class=\"elementor-widget-container\">\n\t\t\t\t\t\t\t\t\t<p><em>Click on the image to watch the video (Instagram).<\/em><\/p>\t\t\t\t\t\t\t\t<\/div>\n\t\t\t\t<\/div>\n\t\t\t\t<\/div>\n\t\t<div class=\"elementor-element elementor-element-4e8cda1 e-con-full e-flex e-con e-child\" data-id=\"4e8cda1\" data-element_type=\"container\" data-e-type=\"container\">\n\t\t\t\t<div class=\"elementor-element elementor-element-bf0d874 elementor-widget elementor-widget-image\" data-id=\"bf0d874\" data-element_type=\"widget\" data-e-type=\"widget\" data-widget_type=\"image.default\">\n\t\t\t\t<div class=\"elementor-widget-container\">\n\t\t\t\t\t\t\t\t\t\t\t\t\t\t\t\t<a href=\"https:\/\/www.instagram.com\/japan.touch\/reel\/DXmvmc4s8Qk\/\">\n\t\t\t\t\t\t\t<img decoding=\"async\" width=\"497\" height=\"1024\" src=\"\/wp-content\/uploads\/2026\/05\/Design-sans-titre-6-497x1024.png\" class=\"elementor-animation-shrink attachment-large size-large wp-image-4748\" alt=\"Mockup Japan Touch J2\" srcset=\"\/wp-content\/uploads\/2026\/05\/Design-sans-titre-6-497x1024.png 497w, \/wp-content\/uploads\/2026\/05\/Design-sans-titre-6-145x300.png 145w, \/wp-content\/uploads\/2026\/05\/Design-sans-titre-6.png 628w\" sizes=\"(max-width: 497px) 100vw, 497px\" \/>\t\t\t\t\t\t\t\t<\/a>\n\t\t\t\t\t\t\t\t\t\t\t\t\t\t\t<\/div>\n\t\t\t\t<\/div>\n\t\t\t\t<div class=\"elementor-element elementor-element-d836485 elementor-widget elementor-widget-text-editor\" data-id=\"d836485\" data-element_type=\"widget\" data-e-type=\"widget\" data-widget_type=\"text-editor.default\">\n\t\t\t\t<div class=\"elementor-widget-container\">\n\t\t\t\t\t\t\t\t\t<p><em>Click on the image to watch the video (Instagram).<\/em><\/p>\t\t\t\t\t\t\t\t<\/div>\n\t\t\t\t<\/div>\n\t\t\t\t<\/div>\n\t\t\t\t\t<\/div>\n\t\t\t\t<\/div>\n\t\t<div class=\"elementor-element elementor-element-1f4f1605 e-flex e-con-boxed e-con e-parent\" data-id=\"1f4f1605\" data-element_type=\"container\" data-e-type=\"container\">\n\t\t\t\t\t<div class=\"e-con-inner\">\n\t\t\t\t<div class=\"elementor-element elementor-element-898cde9 elementor-widget elementor-widget-spacer\" data-id=\"898cde9\" data-element_type=\"widget\" data-e-type=\"widget\" data-widget_type=\"spacer.default\">\n\t\t\t\t<div class=\"elementor-widget-container\">\n\t\t\t\t\t\t\t<div class=\"elementor-spacer\">\n\t\t\t<div class=\"elementor-spacer-inner\"><\/div>\n\t\t<\/div>\n\t\t\t\t\t\t<\/div>\n\t\t\t\t<\/div>\n\t\t\t\t\t<\/div>\n\t\t\t\t<\/div>\n\t\t\t\t<\/div>\n\t\t","protected":false},"excerpt":{"rendered":"<p>Japan Touch Haru &#8211; Community Management impressions generated + 0 posts published 0 stories shared 0 Social media management for Japan Touch Haru during the 2026 edition. What is Japan Touch Haru? Japan Touch Haru is a major Japanese pop culture event held in Lyon, bringing together thousands of visitors each year around manga, anime, [&hellip;]<\/p>\n","protected":false},"author":1,"featured_media":0,"parent":2098,"menu_order":0,"comment_status":"closed","ping_status":"closed","template":"","meta":{"footnotes":""},"class_list":["post-4761","page","type-page","status-publish","hentry"],"yoast_head":"<!-- This site is optimized with the Yoast SEO plugin v27.5 - https:\/\/yoast.com\/product\/yoast-seo-wordpress\/ -->\n<title>Japan Touch Haru 2026 - Community Management - Breakflip Agency<\/title>\n<meta name=\"description\" content=\"Discover how we supported GL Events in managing the social media for Japan Touch Haru during the 2026 edition of the event.\" \/>\n<meta name=\"robots\" content=\"index, follow, max-snippet:-1, max-image-preview:large, max-video-preview:-1\" \/>\n<link rel=\"canonical\" href=\"https:\/\/agence.breakflip.com\/en\/our-projects\/japan-touch-haru-2026-community-management\/\" \/>\n<meta property=\"og:locale\" content=\"en_US\" \/>\n<meta property=\"og:type\" content=\"article\" \/>\n<meta property=\"og:title\" content=\"Japan Touch Haru 2026 - Community Management - Breakflip Agency\" \/>\n<meta property=\"og:description\" content=\"Discover how we supported GL Events in managing the social media for Japan Touch Haru during the 2026 edition of the event.\" \/>\n<meta property=\"og:url\" content=\"https:\/\/agence.breakflip.com\/en\/our-projects\/japan-touch-haru-2026-community-management\/\" \/>\n<meta property=\"og:site_name\" content=\"Breakflip Agency\" \/>\n<meta property=\"article:modified_time\" content=\"2026-05-05T13:43:23+00:00\" \/>\n<meta name=\"twitter:card\" content=\"summary_large_image\" \/>\n<meta name=\"twitter:site\" content=\"@BreakflipFR\" \/>\n<meta name=\"twitter:label1\" content=\"Est. reading time\" \/>\n\t<meta name=\"twitter:data1\" content=\"2 minutes\" \/>\n<script type=\"application\/ld+json\" class=\"yoast-schema-graph\">{\"@context\":\"https:\\\/\\\/schema.org\",\"@graph\":[{\"@type\":\"WebPage\",\"@id\":\"https:\\\/\\\/agence.breakflip.com\\\/en\\\/our-projects\\\/japan-touch-haru-2026-community-management\\\/\",\"url\":\"https:\\\/\\\/agence.breakflip.com\\\/en\\\/our-projects\\\/japan-touch-haru-2026-community-management\\\/\",\"name\":\"Japan Touch Haru 2026 - Community Management - Breakflip Agency\",\"isPartOf\":{\"@id\":\"https:\\\/\\\/agence.breakflip.com\\\/en\\\/#website\"},\"datePublished\":\"2026-05-05T13:26:35+00:00\",\"dateModified\":\"2026-05-05T13:43:23+00:00\",\"description\":\"Discover how we supported GL Events in managing the social media for Japan Touch Haru during the 2026 edition of the event.\",\"breadcrumb\":{\"@id\":\"https:\\\/\\\/agence.breakflip.com\\\/en\\\/our-projects\\\/japan-touch-haru-2026-community-management\\\/#breadcrumb\"},\"inLanguage\":\"en-US\",\"potentialAction\":[{\"@type\":\"ReadAction\",\"target\":[\"https:\\\/\\\/agence.breakflip.com\\\/en\\\/our-projects\\\/japan-touch-haru-2026-community-management\\\/\"]}]},{\"@type\":\"BreadcrumbList\",\"@id\":\"https:\\\/\\\/agence.breakflip.com\\\/en\\\/our-projects\\\/japan-touch-haru-2026-community-management\\\/#breadcrumb\",\"itemListElement\":[{\"@type\":\"ListItem\",\"position\":1,\"name\":\"Accueil\",\"item\":\"https:\\\/\\\/agence.breakflip.com\\\/en\\\/\"},{\"@type\":\"ListItem\",\"position\":2,\"name\":\"Our Projects\",\"item\":\"https:\\\/\\\/agence.breakflip.com\\\/en\\\/nos-projets\\\/\"},{\"@type\":\"ListItem\",\"position\":3,\"name\":\"Japan Touch Haru 2026 &#8211; Community Management\"}]},{\"@type\":\"WebSite\",\"@id\":\"https:\\\/\\\/agence.breakflip.com\\\/en\\\/#website\",\"url\":\"https:\\\/\\\/agence.breakflip.com\\\/en\\\/\",\"name\":\"Breakflip Agency\",\"description\":\"D\u00e9couvrez le travail de l&#039;agence Breakflip et faite lui confiance dans l&#039;\u00e9laboration de vos projets marketing, communication et \u00e9v\u00e8nementiel.\",\"publisher\":{\"@id\":\"https:\\\/\\\/agence.breakflip.com\\\/en\\\/#organization\"},\"potentialAction\":[{\"@type\":\"SearchAction\",\"target\":{\"@type\":\"EntryPoint\",\"urlTemplate\":\"https:\\\/\\\/agence.breakflip.com\\\/en\\\/?s={search_term_string}\"},\"query-input\":{\"@type\":\"PropertyValueSpecification\",\"valueRequired\":true,\"valueName\":\"search_term_string\"}}],\"inLanguage\":\"en-US\"},{\"@type\":\"Organization\",\"@id\":\"https:\\\/\\\/agence.breakflip.com\\\/en\\\/#organization\",\"name\":\"Breakflip Agency\",\"url\":\"https:\\\/\\\/agence.breakflip.com\\\/en\\\/\",\"logo\":{\"@type\":\"ImageObject\",\"inLanguage\":\"en-US\",\"@id\":\"https:\\\/\\\/agence.breakflip.com\\\/en\\\/#\\\/schema\\\/logo\\\/image\\\/\",\"url\":\"\\\/wp-content\\\/uploads\\\/2024\\\/07\\\/Logo-Breakflip-site-300px-100px-1.png\",\"contentUrl\":\"\\\/wp-content\\\/uploads\\\/2024\\\/07\\\/Logo-Breakflip-site-300px-100px-1.png\",\"width\":350,\"height\":100,\"caption\":\"Breakflip Agency\"},\"image\":{\"@id\":\"https:\\\/\\\/agence.breakflip.com\\\/en\\\/#\\\/schema\\\/logo\\\/image\\\/\"},\"sameAs\":[\"https:\\\/\\\/x.com\\\/BreakflipFR\",\"https:\\\/\\\/www.tiktok.com\\\/@breakflip\",\"https:\\\/\\\/www.instagram.com\\\/breakflip\\\/?hl=fr\",\"https:\\\/\\\/www.linkedin.com\\\/company\\\/breakflip\\\/\"]}]}<\/script>\n<!-- \/ Yoast SEO plugin. -->","yoast_head_json":{"title":"Japan Touch Haru 2026 - Community Management - Breakflip Agency","description":"Discover how we supported GL Events in managing the social media for Japan Touch Haru during the 2026 edition of the event.","robots":{"index":"index","follow":"follow","max-snippet":"max-snippet:-1","max-image-preview":"max-image-preview:large","max-video-preview":"max-video-preview:-1"},"canonical":"https:\/\/agence.breakflip.com\/en\/our-projects\/japan-touch-haru-2026-community-management\/","og_locale":"en_US","og_type":"article","og_title":"Japan Touch Haru 2026 - Community Management - Breakflip Agency","og_description":"Discover how we supported GL Events in managing the social media for Japan Touch Haru during the 2026 edition of the event.","og_url":"https:\/\/agence.breakflip.com\/en\/our-projects\/japan-touch-haru-2026-community-management\/","og_site_name":"Breakflip Agency","article_modified_time":"2026-05-05T13:43:23+00:00","twitter_card":"summary_large_image","twitter_site":"@BreakflipFR","twitter_misc":{"Est. reading time":"2 minutes"},"schema":{"@context":"https:\/\/schema.org","@graph":[{"@type":"WebPage","@id":"https:\/\/agence.breakflip.com\/en\/our-projects\/japan-touch-haru-2026-community-management\/","url":"https:\/\/agence.breakflip.com\/en\/our-projects\/japan-touch-haru-2026-community-management\/","name":"Japan Touch Haru 2026 - Community Management - Breakflip Agency","isPartOf":{"@id":"https:\/\/agence.breakflip.com\/en\/#website"},"datePublished":"2026-05-05T13:26:35+00:00","dateModified":"2026-05-05T13:43:23+00:00","description":"Discover how we supported GL Events in managing the social media for Japan Touch Haru during the 2026 edition of the event.","breadcrumb":{"@id":"https:\/\/agence.breakflip.com\/en\/our-projects\/japan-touch-haru-2026-community-management\/#breadcrumb"},"inLanguage":"en-US","potentialAction":[{"@type":"ReadAction","target":["https:\/\/agence.breakflip.com\/en\/our-projects\/japan-touch-haru-2026-community-management\/"]}]},{"@type":"BreadcrumbList","@id":"https:\/\/agence.breakflip.com\/en\/our-projects\/japan-touch-haru-2026-community-management\/#breadcrumb","itemListElement":[{"@type":"ListItem","position":1,"name":"Accueil","item":"https:\/\/agence.breakflip.com\/en\/"},{"@type":"ListItem","position":2,"name":"Our Projects","item":"https:\/\/agence.breakflip.com\/en\/nos-projets\/"},{"@type":"ListItem","position":3,"name":"Japan Touch Haru 2026 &#8211; Community Management"}]},{"@type":"WebSite","@id":"https:\/\/agence.breakflip.com\/en\/#website","url":"https:\/\/agence.breakflip.com\/en\/","name":"Breakflip Agency","description":"D\u00e9couvrez le travail de l&#039;agence Breakflip et faite lui confiance dans l&#039;\u00e9laboration de vos projets marketing, communication et \u00e9v\u00e8nementiel.","publisher":{"@id":"https:\/\/agence.breakflip.com\/en\/#organization"},"potentialAction":[{"@type":"SearchAction","target":{"@type":"EntryPoint","urlTemplate":"https:\/\/agence.breakflip.com\/en\/?s={search_term_string}"},"query-input":{"@type":"PropertyValueSpecification","valueRequired":true,"valueName":"search_term_string"}}],"inLanguage":"en-US"},{"@type":"Organization","@id":"https:\/\/agence.breakflip.com\/en\/#organization","name":"Breakflip Agency","url":"https:\/\/agence.breakflip.com\/en\/","logo":{"@type":"ImageObject","inLanguage":"en-US","@id":"https:\/\/agence.breakflip.com\/en\/#\/schema\/logo\/image\/","url":"\/wp-content\/uploads\/2024\/07\/Logo-Breakflip-site-300px-100px-1.png","contentUrl":"\/wp-content\/uploads\/2024\/07\/Logo-Breakflip-site-300px-100px-1.png","width":350,"height":100,"caption":"Breakflip Agency"},"image":{"@id":"https:\/\/agence.breakflip.com\/en\/#\/schema\/logo\/image\/"},"sameAs":["https:\/\/x.com\/BreakflipFR","https:\/\/www.tiktok.com\/@breakflip","https:\/\/www.instagram.com\/breakflip\/?hl=fr","https:\/\/www.linkedin.com\/company\/breakflip\/"]}]}},"_links":{"self":[{"href":"https:\/\/agence.breakflip.com\/en\/wp-json\/wp\/v2\/pages\/4761","targetHints":{"allow":["GET"]}}],"collection":[{"href":"https:\/\/agence.breakflip.com\/en\/wp-json\/wp\/v2\/pages"}],"about":[{"href":"https:\/\/agence.breakflip.com\/en\/wp-json\/wp\/v2\/types\/page"}],"author":[{"embeddable":true,"href":"https:\/\/agence.breakflip.com\/en\/wp-json\/wp\/v2\/users\/1"}],"replies":[{"embeddable":true,"href":"https:\/\/agence.breakflip.com\/en\/wp-json\/wp\/v2\/comments?post=4761"}],"version-history":[{"count":4,"href":"https:\/\/agence.breakflip.com\/en\/wp-json\/wp\/v2\/pages\/4761\/revisions"}],"predecessor-version":[{"id":4766,"href":"https:\/\/agence.breakflip.com\/en\/wp-json\/wp\/v2\/pages\/4761\/revisions\/4766"}],"up":[{"embeddable":true,"href":"https:\/\/agence.breakflip.com\/en\/wp-json\/wp\/v2\/pages\/2098"}],"wp:attachment":[{"href":"https:\/\/agence.breakflip.com\/en\/wp-json\/wp\/v2\/media?parent=4761"}],"curies":[{"name":"wp","href":"https:\/\/api.w.org\/{rel}","templated":true}]}}