{"id":4550,"date":"2026-04-24T16:50:18","date_gmt":"2026-04-24T14:50:18","guid":{"rendered":"https:\/\/agence.breakflip.com\/our-projects\/best-case-rabbids-takeover-community-management\/"},"modified":"2026-04-27T14:39:38","modified_gmt":"2026-04-27T12:39:38","slug":"best-case-rabbids-takeover-community-management","status":"publish","type":"page","link":"https:\/\/agence.breakflip.com\/en\/our-projects\/best-case-rabbids-takeover-community-management\/","title":{"rendered":"Best case Rabbids Takeover &#8211; Community Management"},"content":{"rendered":"\t\t<div data-elementor-type=\"wp-page\" data-elementor-id=\"4550\" class=\"elementor elementor-4550\" data-elementor-post-type=\"page\">\n\t\t\t\t<div class=\"elementor-element elementor-element-301fb419 e-flex e-con-boxed e-con e-parent\" data-id=\"301fb419\" data-element_type=\"container\" data-e-type=\"container\">\n\t\t\t\t\t<div class=\"e-con-inner\">\n\t\t\t\t<div class=\"elementor-element elementor-element-10c6920 elementor-widget elementor-widget-heading\" data-id=\"10c6920\" data-element_type=\"widget\" data-e-type=\"widget\" data-widget_type=\"heading.default\">\n\t\t\t\t<div class=\"elementor-widget-container\">\n\t\t\t\t\t<h1 class=\"elementor-heading-title elementor-size-default\">Rabbids Takeover - Community Management<\/h1>\t\t\t\t<\/div>\n\t\t\t\t<\/div>\n\t\t\t\t\t<\/div>\n\t\t\t\t<\/div>\n\t\t<div class=\"elementor-element elementor-element-71bba079 e-flex e-con-boxed e-con e-parent\" data-id=\"71bba079\" data-element_type=\"container\" data-e-type=\"container\">\n\t\t\t\t\t<div class=\"e-con-inner\">\n\t\t<div class=\"elementor-element elementor-element-29ebb1cd e-con-full e-transform e-flex e-con e-child\" data-id=\"29ebb1cd\" data-element_type=\"container\" data-e-type=\"container\" data-settings=\"{&quot;background_background&quot;:&quot;classic&quot;,&quot;_transform_translateY_effect&quot;:{&quot;unit&quot;:&quot;px&quot;,&quot;size&quot;:20,&quot;sizes&quot;:[]},&quot;_transform_translateX_effect&quot;:{&quot;unit&quot;:&quot;px&quot;,&quot;size&quot;:&quot;&quot;,&quot;sizes&quot;:[]},&quot;_transform_translateX_effect_tablet&quot;:{&quot;unit&quot;:&quot;px&quot;,&quot;size&quot;:&quot;&quot;,&quot;sizes&quot;:[]},&quot;_transform_translateX_effect_mobile&quot;:{&quot;unit&quot;:&quot;px&quot;,&quot;size&quot;:&quot;&quot;,&quot;sizes&quot;:[]},&quot;_transform_translateY_effect_tablet&quot;:{&quot;unit&quot;:&quot;px&quot;,&quot;size&quot;:&quot;&quot;,&quot;sizes&quot;:[]},&quot;_transform_translateY_effect_mobile&quot;:{&quot;unit&quot;:&quot;px&quot;,&quot;size&quot;:&quot;&quot;,&quot;sizes&quot;:[]}}\">\n\t\t\t\t<div class=\"elementor-element elementor-element-77193fc0 elementor-widget elementor-widget-heading\" data-id=\"77193fc0\" data-element_type=\"widget\" data-e-type=\"widget\" data-widget_type=\"heading.default\">\n\t\t\t\t<div class=\"elementor-widget-container\">\n\t\t\t\t\t<h2 class=\"elementor-heading-title elementor-size-default\">Social media management for Rabbids Takeover<\/h2>\t\t\t\t<\/div>\n\t\t\t\t<\/div>\n\t\t\t\t<\/div>\n\t\t<div class=\"elementor-element elementor-element-700c0d52 e-con-full e-flex e-con e-child\" data-id=\"700c0d52\" data-element_type=\"container\" data-e-type=\"container\">\n\t\t\t\t<div class=\"elementor-element elementor-element-7c19b5c6 elementor-widget elementor-widget-heading\" data-id=\"7c19b5c6\" data-element_type=\"widget\" data-e-type=\"widget\" data-widget_type=\"heading.default\">\n\t\t\t\t<div class=\"elementor-widget-container\">\n\t\t\t\t\t<h3 class=\"elementor-heading-title elementor-size-default\">What is Rabbids Takeover?<\/h3>\t\t\t\t<\/div>\n\t\t\t\t<\/div>\n\t\t\t\t<div class=\"elementor-element elementor-element-2531b50d elementor-widget elementor-widget-text-editor\" data-id=\"2531b50d\" data-element_type=\"widget\" data-e-type=\"widget\" data-widget_type=\"text-editor.default\">\n\t\t\t\t<div class=\"elementor-widget-container\">\n\t\t\t\t\t\t\t\t\t<p><strong>Rabbids: Takeover<\/strong> is a team-based player-versus-player game on <strong>Roblox<\/strong> set in the <strong>Rabbids universe<\/strong>, developed by <strong>Ubisoft<\/strong>.<\/p>\t\t\t\t\t\t\t\t<\/div>\n\t\t\t\t<\/div>\n\t\t\t\t<div class=\"elementor-element elementor-element-11e19bb elementor-widget elementor-widget-heading\" data-id=\"11e19bb\" data-element_type=\"widget\" data-e-type=\"widget\" data-widget_type=\"heading.default\">\n\t\t\t\t<div class=\"elementor-widget-container\">\n\t\t\t\t\t<h3 class=\"elementor-heading-title elementor-size-default\">What were our missions?<\/h3>\t\t\t\t<\/div>\n\t\t\t\t<\/div>\n\t\t\t\t<div class=\"elementor-element elementor-element-3f7432fe elementor-widget elementor-widget-text-editor\" data-id=\"3f7432fe\" data-element_type=\"widget\" data-e-type=\"widget\" data-widget_type=\"text-editor.default\">\n\t\t\t\t<div class=\"elementor-widget-container\">\n\t\t\t\t\t\t\t\t\t<p data-start=\"0\" data-end=\"79\">We support <strong>Rabbids Takeover<\/strong> in the <strong>production<\/strong> and <strong>management<\/strong> of <strong>social content<\/strong>:<\/p><ul data-start=\"81\" data-end=\"414\" data-is-last-node=\"\" data-is-only-node=\"\"><li data-section-id=\"1va3eym\" data-start=\"81\" data-end=\"133\">Content capture around the game and its gameplay<\/li><li data-section-id=\"kmcp4l\" data-start=\"134\" data-end=\"196\">Editing and adaptation of formats for TikTok and Instagram<\/li><li data-section-id=\"1lj471x\" data-start=\"197\" data-end=\"269\">Management and animation of the game\u2019s TikTok and Instagram accounts<\/li><li data-section-id=\"17iazv7\" data-start=\"270\" data-end=\"319\">Deployment of one-off communication campaigns<\/li><li data-section-id=\"1213itv\" data-start=\"320\" data-end=\"414\" data-is-last-node=\"\">Cross-platform campaign activations with other Rabbids universes, including Rabbids Invasion<\/li><\/ul>\t\t\t\t\t\t\t\t<\/div>\n\t\t\t\t<\/div>\n\t\t\t\t<div class=\"elementor-element elementor-element-76bc101 elementor-widget elementor-widget-heading\" data-id=\"76bc101\" data-element_type=\"widget\" data-e-type=\"widget\" data-widget_type=\"heading.default\">\n\t\t\t\t<div class=\"elementor-widget-container\">\n\t\t\t\t\t<h3 class=\"elementor-heading-title elementor-size-default\">Key takeaways<\/h3>\t\t\t\t<\/div>\n\t\t\t\t<\/div>\n\t\t\t\t<div class=\"elementor-element elementor-element-785dc08a elementor-widget elementor-widget-text-editor\" data-id=\"785dc08a\" data-element_type=\"widget\" data-e-type=\"widget\" data-widget_type=\"text-editor.default\">\n\t\t\t\t<div class=\"elementor-widget-container\">\n\t\t\t\t\t\t\t\t\t<ul><li data-section-id=\"191qt0\" data-start=\"0\" data-end=\"22\"><strong>+60 videos produced<\/strong><\/li><li data-section-id=\"vh7prb\" data-start=\"23\" data-end=\"96\" data-is-last-node=\"\"><strong>4M impressions generated<\/strong> (including social media and one-off campaigns)<\/li><\/ul>\t\t\t\t\t\t\t\t<\/div>\n\t\t\t\t<\/div>\n\t\t\t\t<\/div>\n\t\t\t\t\t<\/div>\n\t\t\t\t<\/div>\n\t\t<div class=\"elementor-element elementor-element-317e67b9 e-flex e-con-boxed e-con e-parent\" data-id=\"317e67b9\" data-element_type=\"container\" data-e-type=\"container\" data-settings=\"{&quot;background_background&quot;:&quot;classic&quot;}\">\n\t\t\t\t\t<div class=\"e-con-inner\">\n\t\t\t\t<div class=\"elementor-element elementor-element-487031bd elementor-widget elementor-widget-heading\" data-id=\"487031bd\" data-element_type=\"widget\" data-e-type=\"widget\" data-widget_type=\"heading.default\">\n\t\t\t\t<div class=\"elementor-widget-container\">\n\t\t\t\t\t<h2 class=\"elementor-heading-title elementor-size-default\">Need Visibility?<\/h2>\t\t\t\t<\/div>\n\t\t\t\t<\/div>\n\t\t\t\t<div class=\"elementor-element elementor-element-156f7694 elementor-widget elementor-widget-text-editor\" data-id=\"156f7694\" data-element_type=\"widget\" data-e-type=\"widget\" data-widget_type=\"text-editor.default\">\n\t\t\t\t<div class=\"elementor-widget-container\">\n\t\t\t\t\t\t\t\t\t<p>Let\u2019s discuss it during a call.<\/p>\t\t\t\t\t\t\t\t<\/div>\n\t\t\t\t<\/div>\n\t\t\t\t<div class=\"elementor-element elementor-element-4d20d495 elementor-align-center elementor-widget elementor-widget-button\" data-id=\"4d20d495\" data-element_type=\"widget\" data-e-type=\"widget\" data-widget_type=\"button.default\">\n\t\t\t\t<div class=\"elementor-widget-container\">\n\t\t\t\t\t\t\t\t\t<div class=\"elementor-button-wrapper\">\n\t\t\t\t\t<a class=\"elementor-button elementor-button-link elementor-size-sm\" href=\"https:\/\/agence.breakflip.com\/contact\/\">\n\t\t\t\t\t\t<span class=\"elementor-button-content-wrapper\">\n\t\t\t\t\t\t<span class=\"elementor-button-icon\">\n\t\t\t\t<svg aria-hidden=\"true\" class=\"e-font-icon-svg e-far-envelope\" viewBox=\"0 0 512 512\" xmlns=\"http:\/\/www.w3.org\/2000\/svg\"><path d=\"M464 64H48C21.49 64 0 85.49 0 112v288c0 26.51 21.49 48 48 48h416c26.51 0 48-21.49 48-48V112c0-26.51-21.49-48-48-48zm0 48v40.805c-22.422 18.259-58.168 46.651-134.587 106.49-16.841 13.247-50.201 45.072-73.413 44.701-23.208.375-56.579-31.459-73.413-44.701C106.18 199.465 70.425 171.067 48 152.805V112h416zM48 400V214.398c22.914 18.251 55.409 43.862 104.938 82.646 21.857 17.205 60.134 55.186 103.062 54.955 42.717.231 80.509-37.199 103.053-54.947 49.528-38.783 82.032-64.401 104.947-82.653V400H48z\"><\/path><\/svg>\t\t\t<\/span>\n\t\t\t\t\t\t\t\t\t<span class=\"elementor-button-text\">Contact Us<\/span>\n\t\t\t\t\t<\/span>\n\t\t\t\t\t<\/a>\n\t\t\t\t<\/div>\n\t\t\t\t\t\t\t\t<\/div>\n\t\t\t\t<\/div>\n\t\t\t\t\t<\/div>\n\t\t\t\t<\/div>\n\t\t<div class=\"elementor-element elementor-element-18577adc e-flex e-con-boxed e-con e-parent\" data-id=\"18577adc\" data-element_type=\"container\" data-e-type=\"container\">\n\t\t\t\t\t<div class=\"e-con-inner\">\n\t\t<div class=\"elementor-element elementor-element-887c53e e-con-full e-flex e-con e-child\" data-id=\"887c53e\" data-element_type=\"container\" data-e-type=\"container\">\n\t\t\t\t<div class=\"elementor-element elementor-element-5235b41 elementor-widget elementor-widget-heading\" data-id=\"5235b41\" data-element_type=\"widget\" data-e-type=\"widget\" data-widget_type=\"heading.default\">\n\t\t\t\t<div class=\"elementor-widget-container\">\n\t\t\t\t\t<h2 class=\"elementor-heading-title elementor-size-default\">Rabbis Takeovers TikTok<\/h2>\t\t\t\t<\/div>\n\t\t\t\t<\/div>\n\t\t\t\t<div class=\"elementor-element elementor-element-2892cf4 elementor-widget elementor-widget-image\" data-id=\"2892cf4\" data-element_type=\"widget\" data-e-type=\"widget\" data-widget_type=\"image.default\">\n\t\t\t\t<div class=\"elementor-widget-container\">\n\t\t\t\t\t\t\t\t\t\t\t\t\t\t\t\t<a href=\"https:\/\/www.tiktok.com\/@rabbidstakeover\">\n\t\t\t\t\t\t\t<img fetchpriority=\"high\" decoding=\"async\" width=\"497\" height=\"1024\" src=\"\/wp-content\/uploads\/2026\/04\/Design-sans-titre-3-497x1024.png\" class=\"elementor-animation-shrink attachment-large size-large wp-image-4534\" alt=\"\" srcset=\"\/wp-content\/uploads\/2026\/04\/Design-sans-titre-3-497x1024.png 497w, \/wp-content\/uploads\/2026\/04\/Design-sans-titre-3-146x300.png 146w, \/wp-content\/uploads\/2026\/04\/Design-sans-titre-3-746x1536.png 746w, \/wp-content\/uploads\/2026\/04\/Design-sans-titre-3.png 763w\" sizes=\"(max-width: 497px) 100vw, 497px\" \/>\t\t\t\t\t\t\t\t<\/a>\n\t\t\t\t\t\t\t\t\t\t\t\t\t\t\t<\/div>\n\t\t\t\t<\/div>\n\t\t\t\t<div class=\"elementor-element elementor-element-b62490f elementor-widget elementor-widget-text-editor\" data-id=\"b62490f\" data-element_type=\"widget\" data-e-type=\"widget\" data-widget_type=\"text-editor.default\">\n\t\t\t\t<div class=\"elementor-widget-container\">\n\t\t\t\t\t\t\t\t\t<p>Click on the image to discover the TikTok<\/p>\t\t\t\t\t\t\t\t<\/div>\n\t\t\t\t<\/div>\n\t\t\t\t<\/div>\n\t\t<div class=\"elementor-element elementor-element-a7c8a9c e-con-full e-flex e-con e-child\" data-id=\"a7c8a9c\" data-element_type=\"container\" data-e-type=\"container\">\n\t\t\t\t<div class=\"elementor-element elementor-element-48d081e elementor-widget elementor-widget-heading\" data-id=\"48d081e\" data-element_type=\"widget\" data-e-type=\"widget\" data-widget_type=\"heading.default\">\n\t\t\t\t<div class=\"elementor-widget-container\">\n\t\t\t\t\t<h2 class=\"elementor-heading-title elementor-size-default\">Rabbids Invasion Campaign<\/h2>\t\t\t\t<\/div>\n\t\t\t\t<\/div>\n\t\t\t\t<div class=\"elementor-element elementor-element-f18746d elementor-widget elementor-widget-image\" data-id=\"f18746d\" data-element_type=\"widget\" data-e-type=\"widget\" data-widget_type=\"image.default\">\n\t\t\t\t<div class=\"elementor-widget-container\">\n\t\t\t\t\t\t\t\t\t\t\t\t\t\t\t\t<a href=\"https:\/\/www.tiktok.com\/@rabbidsinvasionofficial\/video\/7627151851183525138?_r=1&#038;_t=ZN-95m3y788oQY\">\n\t\t\t\t\t\t\t<img decoding=\"async\" width=\"497\" height=\"1024\" src=\"\/wp-content\/uploads\/2026\/04\/Design-sans-titre-4-497x1024.png\" class=\"elementor-animation-shrink attachment-large size-large wp-image-4537\" alt=\"\" srcset=\"\/wp-content\/uploads\/2026\/04\/Design-sans-titre-4-497x1024.png 497w, \/wp-content\/uploads\/2026\/04\/Design-sans-titre-4-146x300.png 146w, \/wp-content\/uploads\/2026\/04\/Design-sans-titre-4-746x1536.png 746w, \/wp-content\/uploads\/2026\/04\/Design-sans-titre-4.png 763w\" sizes=\"(max-width: 497px) 100vw, 497px\" \/>\t\t\t\t\t\t\t\t<\/a>\n\t\t\t\t\t\t\t\t\t\t\t\t\t\t\t<\/div>\n\t\t\t\t<\/div>\n\t\t\t\t<div class=\"elementor-element elementor-element-621509c elementor-widget elementor-widget-text-editor\" data-id=\"621509c\" data-element_type=\"widget\" data-e-type=\"widget\" data-widget_type=\"text-editor.default\">\n\t\t\t\t<div class=\"elementor-widget-container\">\n\t\t\t\t\t\t\t\t\t<p>Click on the image to watch the video<\/p>\t\t\t\t\t\t\t\t<\/div>\n\t\t\t\t<\/div>\n\t\t\t\t<\/div>\n\t\t\t\t\t<\/div>\n\t\t\t\t<\/div>\n\t\t<div class=\"elementor-element elementor-element-7bd8d737 e-flex e-con-boxed e-con e-parent\" data-id=\"7bd8d737\" data-element_type=\"container\" data-e-type=\"container\">\n\t\t\t\t\t<div class=\"e-con-inner\">\n\t\t\t\t<div class=\"elementor-element elementor-element-4f2c1132 elementor-widget elementor-widget-spacer\" data-id=\"4f2c1132\" data-element_type=\"widget\" data-e-type=\"widget\" data-widget_type=\"spacer.default\">\n\t\t\t\t<div class=\"elementor-widget-container\">\n\t\t\t\t\t\t\t<div class=\"elementor-spacer\">\n\t\t\t<div class=\"elementor-spacer-inner\"><\/div>\n\t\t<\/div>\n\t\t\t\t\t\t<\/div>\n\t\t\t\t<\/div>\n\t\t\t\t\t<\/div>\n\t\t\t\t<\/div>\n\t\t\t\t<\/div>\n\t\t","protected":false},"excerpt":{"rendered":"<p>Rabbids Takeover &#8211; Community Management Social media management for Rabbids Takeover What is Rabbids Takeover? Rabbids: Takeover is a team-based player-versus-player game on Roblox set in the Rabbids universe, developed by Ubisoft. What were our missions? We support Rabbids Takeover in the production and management of social content: Content capture around the game and its [&hellip;]<\/p>\n","protected":false},"author":1,"featured_media":0,"parent":2098,"menu_order":0,"comment_status":"closed","ping_status":"closed","template":"","meta":{"footnotes":""},"class_list":["post-4550","page","type-page","status-publish","hentry"],"yoast_head":"<!-- This site is optimized with the Yoast SEO plugin v27.5 - https:\/\/yoast.com\/product\/yoast-seo-wordpress\/ -->\n<title>Best case Rabbids Takeover - Community Management - Breakflip Agency<\/title>\n<meta name=\"description\" content=\"Discover how we support Ubisoft in the community management of the Rabbids Takeover game mode available on Roblox.\" \/>\n<meta name=\"robots\" content=\"index, follow, max-snippet:-1, max-image-preview:large, max-video-preview:-1\" \/>\n<link rel=\"canonical\" href=\"https:\/\/agence.breakflip.com\/en\/our-projects\/best-case-rabbids-takeover-community-management\/\" \/>\n<meta property=\"og:locale\" content=\"en_US\" \/>\n<meta property=\"og:type\" content=\"article\" \/>\n<meta property=\"og:title\" content=\"Best case Rabbids Takeover - Community Management - Breakflip Agency\" \/>\n<meta property=\"og:description\" content=\"Discover how we support Ubisoft in the community management of the Rabbids Takeover game mode available on Roblox.\" \/>\n<meta property=\"og:url\" content=\"https:\/\/agence.breakflip.com\/en\/our-projects\/best-case-rabbids-takeover-community-management\/\" \/>\n<meta property=\"og:site_name\" content=\"Breakflip Agency\" \/>\n<meta property=\"article:modified_time\" content=\"2026-04-27T12:39:38+00:00\" \/>\n<meta name=\"twitter:card\" content=\"summary_large_image\" \/>\n<meta name=\"twitter:site\" content=\"@BreakflipFR\" \/>\n<meta name=\"twitter:label1\" content=\"Est. reading time\" \/>\n\t<meta name=\"twitter:data1\" content=\"2 minutes\" \/>\n<script type=\"application\/ld+json\" class=\"yoast-schema-graph\">{\"@context\":\"https:\\\/\\\/schema.org\",\"@graph\":[{\"@type\":\"WebPage\",\"@id\":\"https:\\\/\\\/agence.breakflip.com\\\/en\\\/our-projects\\\/best-case-rabbids-takeover-community-management\\\/\",\"url\":\"https:\\\/\\\/agence.breakflip.com\\\/en\\\/our-projects\\\/best-case-rabbids-takeover-community-management\\\/\",\"name\":\"Best case Rabbids Takeover - Community Management - Breakflip Agency\",\"isPartOf\":{\"@id\":\"https:\\\/\\\/agence.breakflip.com\\\/en\\\/#website\"},\"datePublished\":\"2026-04-24T14:50:18+00:00\",\"dateModified\":\"2026-04-27T12:39:38+00:00\",\"description\":\"Discover how we support Ubisoft in the community management of the Rabbids Takeover game mode available on Roblox.\",\"breadcrumb\":{\"@id\":\"https:\\\/\\\/agence.breakflip.com\\\/en\\\/our-projects\\\/best-case-rabbids-takeover-community-management\\\/#breadcrumb\"},\"inLanguage\":\"en-US\",\"potentialAction\":[{\"@type\":\"ReadAction\",\"target\":[\"https:\\\/\\\/agence.breakflip.com\\\/en\\\/our-projects\\\/best-case-rabbids-takeover-community-management\\\/\"]}]},{\"@type\":\"BreadcrumbList\",\"@id\":\"https:\\\/\\\/agence.breakflip.com\\\/en\\\/our-projects\\\/best-case-rabbids-takeover-community-management\\\/#breadcrumb\",\"itemListElement\":[{\"@type\":\"ListItem\",\"position\":1,\"name\":\"Accueil\",\"item\":\"https:\\\/\\\/agence.breakflip.com\\\/en\\\/\"},{\"@type\":\"ListItem\",\"position\":2,\"name\":\"Our Projects\",\"item\":\"https:\\\/\\\/agence.breakflip.com\\\/en\\\/nos-projets\\\/\"},{\"@type\":\"ListItem\",\"position\":3,\"name\":\"Best case Rabbids Takeover &#8211; Community Management\"}]},{\"@type\":\"WebSite\",\"@id\":\"https:\\\/\\\/agence.breakflip.com\\\/en\\\/#website\",\"url\":\"https:\\\/\\\/agence.breakflip.com\\\/en\\\/\",\"name\":\"Breakflip Agency\",\"description\":\"D\u00e9couvrez le travail de l&#039;agence Breakflip et faite lui confiance dans l&#039;\u00e9laboration de vos projets marketing, communication et \u00e9v\u00e8nementiel.\",\"publisher\":{\"@id\":\"https:\\\/\\\/agence.breakflip.com\\\/en\\\/#organization\"},\"potentialAction\":[{\"@type\":\"SearchAction\",\"target\":{\"@type\":\"EntryPoint\",\"urlTemplate\":\"https:\\\/\\\/agence.breakflip.com\\\/en\\\/?s={search_term_string}\"},\"query-input\":{\"@type\":\"PropertyValueSpecification\",\"valueRequired\":true,\"valueName\":\"search_term_string\"}}],\"inLanguage\":\"en-US\"},{\"@type\":\"Organization\",\"@id\":\"https:\\\/\\\/agence.breakflip.com\\\/en\\\/#organization\",\"name\":\"Breakflip Agency\",\"url\":\"https:\\\/\\\/agence.breakflip.com\\\/en\\\/\",\"logo\":{\"@type\":\"ImageObject\",\"inLanguage\":\"en-US\",\"@id\":\"https:\\\/\\\/agence.breakflip.com\\\/en\\\/#\\\/schema\\\/logo\\\/image\\\/\",\"url\":\"\\\/wp-content\\\/uploads\\\/2024\\\/07\\\/Logo-Breakflip-site-300px-100px-1.png\",\"contentUrl\":\"\\\/wp-content\\\/uploads\\\/2024\\\/07\\\/Logo-Breakflip-site-300px-100px-1.png\",\"width\":350,\"height\":100,\"caption\":\"Breakflip Agency\"},\"image\":{\"@id\":\"https:\\\/\\\/agence.breakflip.com\\\/en\\\/#\\\/schema\\\/logo\\\/image\\\/\"},\"sameAs\":[\"https:\\\/\\\/x.com\\\/BreakflipFR\",\"https:\\\/\\\/www.tiktok.com\\\/@breakflip\",\"https:\\\/\\\/www.instagram.com\\\/breakflip\\\/?hl=fr\",\"https:\\\/\\\/www.linkedin.com\\\/company\\\/breakflip\\\/\"]}]}<\/script>\n<!-- \/ Yoast SEO plugin. -->","yoast_head_json":{"title":"Best case Rabbids Takeover - Community Management - Breakflip Agency","description":"Discover how we support Ubisoft in the community management of the Rabbids Takeover game mode available on Roblox.","robots":{"index":"index","follow":"follow","max-snippet":"max-snippet:-1","max-image-preview":"max-image-preview:large","max-video-preview":"max-video-preview:-1"},"canonical":"https:\/\/agence.breakflip.com\/en\/our-projects\/best-case-rabbids-takeover-community-management\/","og_locale":"en_US","og_type":"article","og_title":"Best case Rabbids Takeover - Community Management - Breakflip Agency","og_description":"Discover how we support Ubisoft in the community management of the Rabbids Takeover game mode available on Roblox.","og_url":"https:\/\/agence.breakflip.com\/en\/our-projects\/best-case-rabbids-takeover-community-management\/","og_site_name":"Breakflip Agency","article_modified_time":"2026-04-27T12:39:38+00:00","twitter_card":"summary_large_image","twitter_site":"@BreakflipFR","twitter_misc":{"Est. reading time":"2 minutes"},"schema":{"@context":"https:\/\/schema.org","@graph":[{"@type":"WebPage","@id":"https:\/\/agence.breakflip.com\/en\/our-projects\/best-case-rabbids-takeover-community-management\/","url":"https:\/\/agence.breakflip.com\/en\/our-projects\/best-case-rabbids-takeover-community-management\/","name":"Best case Rabbids Takeover - Community Management - Breakflip Agency","isPartOf":{"@id":"https:\/\/agence.breakflip.com\/en\/#website"},"datePublished":"2026-04-24T14:50:18+00:00","dateModified":"2026-04-27T12:39:38+00:00","description":"Discover how we support Ubisoft in the community management of the Rabbids Takeover game mode available on Roblox.","breadcrumb":{"@id":"https:\/\/agence.breakflip.com\/en\/our-projects\/best-case-rabbids-takeover-community-management\/#breadcrumb"},"inLanguage":"en-US","potentialAction":[{"@type":"ReadAction","target":["https:\/\/agence.breakflip.com\/en\/our-projects\/best-case-rabbids-takeover-community-management\/"]}]},{"@type":"BreadcrumbList","@id":"https:\/\/agence.breakflip.com\/en\/our-projects\/best-case-rabbids-takeover-community-management\/#breadcrumb","itemListElement":[{"@type":"ListItem","position":1,"name":"Accueil","item":"https:\/\/agence.breakflip.com\/en\/"},{"@type":"ListItem","position":2,"name":"Our Projects","item":"https:\/\/agence.breakflip.com\/en\/nos-projets\/"},{"@type":"ListItem","position":3,"name":"Best case Rabbids Takeover &#8211; Community Management"}]},{"@type":"WebSite","@id":"https:\/\/agence.breakflip.com\/en\/#website","url":"https:\/\/agence.breakflip.com\/en\/","name":"Breakflip Agency","description":"D\u00e9couvrez le travail de l&#039;agence Breakflip et faite lui confiance dans l&#039;\u00e9laboration de vos projets marketing, communication et \u00e9v\u00e8nementiel.","publisher":{"@id":"https:\/\/agence.breakflip.com\/en\/#organization"},"potentialAction":[{"@type":"SearchAction","target":{"@type":"EntryPoint","urlTemplate":"https:\/\/agence.breakflip.com\/en\/?s={search_term_string}"},"query-input":{"@type":"PropertyValueSpecification","valueRequired":true,"valueName":"search_term_string"}}],"inLanguage":"en-US"},{"@type":"Organization","@id":"https:\/\/agence.breakflip.com\/en\/#organization","name":"Breakflip Agency","url":"https:\/\/agence.breakflip.com\/en\/","logo":{"@type":"ImageObject","inLanguage":"en-US","@id":"https:\/\/agence.breakflip.com\/en\/#\/schema\/logo\/image\/","url":"\/wp-content\/uploads\/2024\/07\/Logo-Breakflip-site-300px-100px-1.png","contentUrl":"\/wp-content\/uploads\/2024\/07\/Logo-Breakflip-site-300px-100px-1.png","width":350,"height":100,"caption":"Breakflip Agency"},"image":{"@id":"https:\/\/agence.breakflip.com\/en\/#\/schema\/logo\/image\/"},"sameAs":["https:\/\/x.com\/BreakflipFR","https:\/\/www.tiktok.com\/@breakflip","https:\/\/www.instagram.com\/breakflip\/?hl=fr","https:\/\/www.linkedin.com\/company\/breakflip\/"]}]}},"_links":{"self":[{"href":"https:\/\/agence.breakflip.com\/en\/wp-json\/wp\/v2\/pages\/4550","targetHints":{"allow":["GET"]}}],"collection":[{"href":"https:\/\/agence.breakflip.com\/en\/wp-json\/wp\/v2\/pages"}],"about":[{"href":"https:\/\/agence.breakflip.com\/en\/wp-json\/wp\/v2\/types\/page"}],"author":[{"embeddable":true,"href":"https:\/\/agence.breakflip.com\/en\/wp-json\/wp\/v2\/users\/1"}],"replies":[{"embeddable":true,"href":"https:\/\/agence.breakflip.com\/en\/wp-json\/wp\/v2\/comments?post=4550"}],"version-history":[{"count":4,"href":"https:\/\/agence.breakflip.com\/en\/wp-json\/wp\/v2\/pages\/4550\/revisions"}],"predecessor-version":[{"id":4555,"href":"https:\/\/agence.breakflip.com\/en\/wp-json\/wp\/v2\/pages\/4550\/revisions\/4555"}],"up":[{"embeddable":true,"href":"https:\/\/agence.breakflip.com\/en\/wp-json\/wp\/v2\/pages\/2098"}],"wp:attachment":[{"href":"https:\/\/agence.breakflip.com\/en\/wp-json\/wp\/v2\/media?parent=4550"}],"curies":[{"name":"wp","href":"https:\/\/api.w.org\/{rel}","templated":true}]}}