{"id":4476,"date":"2026-04-23T10:10:10","date_gmt":"2026-04-23T08:10:10","guid":{"rendered":"https:\/\/agence.breakflip.com\/best-case-naruto-mythos-production-video\/"},"modified":"2026-04-23T11:07:45","modified_gmt":"2026-04-23T09:07:45","slug":"best-case-naruto-mythos-video-production","status":"publish","type":"page","link":"https:\/\/agence.breakflip.com\/en\/our-projects\/best-case-naruto-mythos-video-production\/","title":{"rendered":"Best Case Naruto Mythos &#8211; Video Production"},"content":{"rendered":"\t\t<div data-elementor-type=\"wp-page\" data-elementor-id=\"4476\" class=\"elementor elementor-4476\" data-elementor-post-type=\"page\">\n\t\t\t\t<div class=\"elementor-element elementor-element-73949515 e-flex e-con-boxed e-con e-parent\" data-id=\"73949515\" data-element_type=\"container\" data-e-type=\"container\">\n\t\t\t\t\t<div class=\"e-con-inner\">\n\t\t\t\t<div class=\"elementor-element elementor-element-682838c elementor-widget elementor-widget-heading\" data-id=\"682838c\" data-element_type=\"widget\" data-e-type=\"widget\" data-widget_type=\"heading.default\">\n\t\t\t\t<div class=\"elementor-widget-container\">\n\t\t\t\t\t<h1 class=\"elementor-heading-title elementor-size-default\">Naruto Mythos TCG - Video Production<\/h1>\t\t\t\t<\/div>\n\t\t\t\t<\/div>\n\t\t\t\t\t<\/div>\n\t\t\t\t<\/div>\n\t\t<div class=\"elementor-element elementor-element-59bf2c24 e-flex e-con-boxed e-con e-parent\" data-id=\"59bf2c24\" data-element_type=\"container\" data-e-type=\"container\">\n\t\t\t\t\t<div class=\"e-con-inner\">\n\t\t\t\t<div class=\"elementor-element elementor-element-609a1b9 elementor-widget elementor-widget-video\" data-id=\"609a1b9\" data-element_type=\"widget\" data-e-type=\"widget\" data-settings=\"{&quot;youtube_url&quot;:&quot;https:\\\/\\\/www.youtube.com\\\/watch?v=5oC61or4BWs&quot;,&quot;video_type&quot;:&quot;youtube&quot;,&quot;controls&quot;:&quot;yes&quot;}\" data-widget_type=\"video.default\">\n\t\t\t\t<div class=\"elementor-widget-container\">\n\t\t\t\t\t\t\t<div class=\"elementor-wrapper elementor-open-inline\">\n\t\t\t<div class=\"elementor-video\"><\/div>\t\t<\/div>\n\t\t\t\t\t\t<\/div>\n\t\t\t\t<\/div>\n\t\t\t\t\t<\/div>\n\t\t\t\t<\/div>\n\t\t<div class=\"elementor-element elementor-element-7ae4afca e-flex e-con-boxed e-con e-parent\" data-id=\"7ae4afca\" data-element_type=\"container\" data-e-type=\"container\">\n\t\t\t\t\t<div class=\"e-con-inner\">\n\t\t<div class=\"elementor-element elementor-element-3c38c06d e-con-full e-transform e-flex e-con e-child\" data-id=\"3c38c06d\" data-element_type=\"container\" data-e-type=\"container\" data-settings=\"{&quot;background_background&quot;:&quot;classic&quot;,&quot;_transform_translateY_effect&quot;:{&quot;unit&quot;:&quot;px&quot;,&quot;size&quot;:20,&quot;sizes&quot;:[]},&quot;_transform_translateX_effect&quot;:{&quot;unit&quot;:&quot;px&quot;,&quot;size&quot;:&quot;&quot;,&quot;sizes&quot;:[]},&quot;_transform_translateX_effect_tablet&quot;:{&quot;unit&quot;:&quot;px&quot;,&quot;size&quot;:&quot;&quot;,&quot;sizes&quot;:[]},&quot;_transform_translateX_effect_mobile&quot;:{&quot;unit&quot;:&quot;px&quot;,&quot;size&quot;:&quot;&quot;,&quot;sizes&quot;:[]},&quot;_transform_translateY_effect_tablet&quot;:{&quot;unit&quot;:&quot;px&quot;,&quot;size&quot;:&quot;&quot;,&quot;sizes&quot;:[]},&quot;_transform_translateY_effect_mobile&quot;:{&quot;unit&quot;:&quot;px&quot;,&quot;size&quot;:&quot;&quot;,&quot;sizes&quot;:[]}}\">\n\t\t\t\t<div class=\"elementor-element elementor-element-5a2fc17b elementor-widget elementor-widget-heading\" data-id=\"5a2fc17b\" data-element_type=\"widget\" data-e-type=\"widget\" data-widget_type=\"heading.default\">\n\t\t\t\t<div class=\"elementor-widget-container\">\n\t\t\t\t\t<h2 class=\"elementor-heading-title elementor-size-default\">Production of studio videos for Naruto Mythos TCG\u2019s social media channels<\/h2>\t\t\t\t<\/div>\n\t\t\t\t<\/div>\n\t\t\t\t<\/div>\n\t\t<div class=\"elementor-element elementor-element-5e7d1501 e-con-full e-flex e-con e-child\" data-id=\"5e7d1501\" data-element_type=\"container\" data-e-type=\"container\">\n\t\t\t\t<div class=\"elementor-element elementor-element-31d07abc elementor-widget elementor-widget-heading\" data-id=\"31d07abc\" data-element_type=\"widget\" data-e-type=\"widget\" data-widget_type=\"heading.default\">\n\t\t\t\t<div class=\"elementor-widget-container\">\n\t\t\t\t\t<h3 class=\"elementor-heading-title elementor-size-default\">What is Naruto Mythos TCG?<\/h3>\t\t\t\t<\/div>\n\t\t\t\t<\/div>\n\t\t\t\t<div class=\"elementor-element elementor-element-3bbf6f2c elementor-widget elementor-widget-text-editor\" data-id=\"3bbf6f2c\" data-element_type=\"widget\" data-e-type=\"widget\" data-widget_type=\"text-editor.default\">\n\t\t\t\t<div class=\"elementor-widget-container\">\n\t\t\t\t\t\t\t\t\t<p><strong>Naruto Mythos TCG<\/strong> is the new official trading card game set in the <strong>Naruto universe<\/strong>, available in France and Europe since March 13, 2026.<\/p>\t\t\t\t\t\t\t\t<\/div>\n\t\t\t\t<\/div>\n\t\t\t\t<div class=\"elementor-element elementor-element-10c3c3e0 elementor-widget elementor-widget-heading\" data-id=\"10c3c3e0\" data-element_type=\"widget\" data-e-type=\"widget\" data-widget_type=\"heading.default\">\n\t\t\t\t<div class=\"elementor-widget-container\">\n\t\t\t\t\t<h3 class=\"elementor-heading-title elementor-size-default\">What were our missions?<\/h3>\t\t\t\t<\/div>\n\t\t\t\t<\/div>\n\t\t\t\t<div class=\"elementor-element elementor-element-47a3d967 elementor-widget elementor-widget-text-editor\" data-id=\"47a3d967\" data-element_type=\"widget\" data-e-type=\"widget\" data-widget_type=\"text-editor.default\">\n\t\t\t\t<div class=\"elementor-widget-container\">\n\t\t\t\t\t\t\t\t\t<div class=\"\" data-turn-id-container=\"024abb74-3664-4b6a-a5c7-7f742459b177\" data-is-intersecting=\"true\"><p data-start=\"0\" data-end=\"162\">We supported <strong>Naruto Mythos TCG<\/strong> in producing around <strong>fifteen videos<\/strong>, in French and English, intended for social media. Our involvement covered the entire process:<\/p><ul data-start=\"164\" data-end=\"303\" data-is-last-node=\"\" data-is-only-node=\"\"><li data-section-id=\"1pwqzm1\" data-start=\"164\" data-end=\"186\">Storyboard writing<\/li><li data-section-id=\"998xnw\" data-start=\"187\" data-end=\"221\">Provision of filming equipment<\/li><li data-section-id=\"1pgcn9y\" data-start=\"222\" data-end=\"253\">Studio setup and decoration<\/li><li data-section-id=\"1ayw1yu\" data-start=\"254\" data-end=\"272\">Video shooting<\/li><li data-section-id=\"7931vb\" data-start=\"273\" data-end=\"303\" data-is-last-node=\"\">Video editing and publishing<\/li><\/ul><\/div>\t\t\t\t\t\t\t\t<\/div>\n\t\t\t\t<\/div>\n\t\t\t\t<div class=\"elementor-element elementor-element-1d5d1c6f elementor-widget elementor-widget-heading\" data-id=\"1d5d1c6f\" data-element_type=\"widget\" data-e-type=\"widget\" data-widget_type=\"heading.default\">\n\t\t\t\t<div class=\"elementor-widget-container\">\n\t\t\t\t\t<h3 class=\"elementor-heading-title elementor-size-default\">Key takeaways<\/h3>\t\t\t\t<\/div>\n\t\t\t\t<\/div>\n\t\t\t\t<div class=\"elementor-element elementor-element-22423328 elementor-widget elementor-widget-text-editor\" data-id=\"22423328\" data-element_type=\"widget\" data-e-type=\"widget\" data-widget_type=\"text-editor.default\">\n\t\t\t\t<div class=\"elementor-widget-container\">\n\t\t\t\t\t\t\t\t\t<ul><li><strong>15+ videos produced<\/strong> in English and French.<\/li><li><strong>500K+ views<\/strong> generated.<\/li><\/ul>\t\t\t\t\t\t\t\t<\/div>\n\t\t\t\t<\/div>\n\t\t\t\t<\/div>\n\t\t\t\t\t<\/div>\n\t\t\t\t<\/div>\n\t\t<div class=\"elementor-element elementor-element-71178d26 e-flex e-con-boxed e-con e-parent\" data-id=\"71178d26\" data-element_type=\"container\" data-e-type=\"container\" data-settings=\"{&quot;background_background&quot;:&quot;classic&quot;}\">\n\t\t\t\t\t<div class=\"e-con-inner\">\n\t\t\t\t<div class=\"elementor-element elementor-element-38dde96c elementor-widget elementor-widget-heading\" data-id=\"38dde96c\" data-element_type=\"widget\" data-e-type=\"widget\" data-widget_type=\"heading.default\">\n\t\t\t\t<div class=\"elementor-widget-container\">\n\t\t\t\t\t<h2 class=\"elementor-heading-title elementor-size-default\">Need Visibility?<\/h2>\t\t\t\t<\/div>\n\t\t\t\t<\/div>\n\t\t\t\t<div class=\"elementor-element elementor-element-34f5931c elementor-widget elementor-widget-text-editor\" data-id=\"34f5931c\" data-element_type=\"widget\" data-e-type=\"widget\" data-widget_type=\"text-editor.default\">\n\t\t\t\t<div class=\"elementor-widget-container\">\n\t\t\t\t\t\t\t\t\t<p>Let\u2019s discuss it during a call.<\/p>\t\t\t\t\t\t\t\t<\/div>\n\t\t\t\t<\/div>\n\t\t\t\t<div class=\"elementor-element elementor-element-755ba98a elementor-align-center elementor-widget elementor-widget-button\" data-id=\"755ba98a\" data-element_type=\"widget\" data-e-type=\"widget\" data-widget_type=\"button.default\">\n\t\t\t\t<div class=\"elementor-widget-container\">\n\t\t\t\t\t\t\t\t\t<div class=\"elementor-button-wrapper\">\n\t\t\t\t\t<a class=\"elementor-button elementor-button-link elementor-size-sm\" href=\"https:\/\/agence.breakflip.com\/contact\/\">\n\t\t\t\t\t\t<span class=\"elementor-button-content-wrapper\">\n\t\t\t\t\t\t<span class=\"elementor-button-icon\">\n\t\t\t\t<svg aria-hidden=\"true\" class=\"e-font-icon-svg e-far-envelope\" viewBox=\"0 0 512 512\" xmlns=\"http:\/\/www.w3.org\/2000\/svg\"><path d=\"M464 64H48C21.49 64 0 85.49 0 112v288c0 26.51 21.49 48 48 48h416c26.51 0 48-21.49 48-48V112c0-26.51-21.49-48-48-48zm0 48v40.805c-22.422 18.259-58.168 46.651-134.587 106.49-16.841 13.247-50.201 45.072-73.413 44.701-23.208.375-56.579-31.459-73.413-44.701C106.18 199.465 70.425 171.067 48 152.805V112h416zM48 400V214.398c22.914 18.251 55.409 43.862 104.938 82.646 21.857 17.205 60.134 55.186 103.062 54.955 42.717.231 80.509-37.199 103.053-54.947 49.528-38.783 82.032-64.401 104.947-82.653V400H48z\"><\/path><\/svg>\t\t\t<\/span>\n\t\t\t\t\t\t\t\t\t<span class=\"elementor-button-text\">Contact Us<\/span>\n\t\t\t\t\t<\/span>\n\t\t\t\t\t<\/a>\n\t\t\t\t<\/div>\n\t\t\t\t\t\t\t\t<\/div>\n\t\t\t\t<\/div>\n\t\t\t\t\t<\/div>\n\t\t\t\t<\/div>\n\t\t<div class=\"elementor-element elementor-element-0ead048 e-flex e-con-boxed e-con e-parent\" data-id=\"0ead048\" data-element_type=\"container\" data-e-type=\"container\">\n\t\t\t\t\t<div class=\"e-con-inner\">\n\t\t<div class=\"elementor-element elementor-element-5f148c7 e-con-full e-flex e-con e-child\" data-id=\"5f148c7\" data-element_type=\"container\" data-e-type=\"container\">\n\t\t\t\t<div class=\"elementor-element elementor-element-aa14e65 elementor-widget elementor-widget-heading\" data-id=\"aa14e65\" data-element_type=\"widget\" data-e-type=\"widget\" data-widget_type=\"heading.default\">\n\t\t\t\t<div class=\"elementor-widget-container\">\n\t\t\t\t\t<h5 class=\"elementor-heading-title elementor-size-default\">Some video examples<\/h5>\t\t\t\t<\/div>\n\t\t\t\t<\/div>\n\t\t\t\t<\/div>\n\t\t<div class=\"elementor-element elementor-element-33d68cc e-con-full e-flex e-con e-child\" data-id=\"33d68cc\" data-element_type=\"container\" data-e-type=\"container\">\n\t\t\t\t<div class=\"elementor-element elementor-element-54856c7 elementor-widget elementor-widget-video\" data-id=\"54856c7\" data-element_type=\"widget\" data-e-type=\"widget\" data-settings=\"{&quot;youtube_url&quot;:&quot;https:\\\/\\\/www.youtube.com\\\/watch?v=YNha3T6-8o4&quot;,&quot;video_type&quot;:&quot;youtube&quot;,&quot;controls&quot;:&quot;yes&quot;}\" data-widget_type=\"video.default\">\n\t\t\t\t<div class=\"elementor-widget-container\">\n\t\t\t\t\t\t\t<div class=\"elementor-wrapper elementor-open-inline\">\n\t\t\t<div class=\"elementor-video\"><\/div>\t\t<\/div>\n\t\t\t\t\t\t<\/div>\n\t\t\t\t<\/div>\n\t\t\t\t<\/div>\n\t\t<div class=\"elementor-element elementor-element-4bdf573 e-con-full e-flex e-con e-child\" data-id=\"4bdf573\" data-element_type=\"container\" data-e-type=\"container\">\n\t\t\t\t<div class=\"elementor-element elementor-element-1225a63 elementor-widget elementor-widget-video\" data-id=\"1225a63\" data-element_type=\"widget\" data-e-type=\"widget\" data-settings=\"{&quot;youtube_url&quot;:&quot;https:\\\/\\\/www.youtube.com\\\/watch?v=5oC61or4BWs&quot;,&quot;video_type&quot;:&quot;youtube&quot;,&quot;controls&quot;:&quot;yes&quot;}\" data-widget_type=\"video.default\">\n\t\t\t\t<div class=\"elementor-widget-container\">\n\t\t\t\t\t\t\t<div class=\"elementor-wrapper elementor-open-inline\">\n\t\t\t<div class=\"elementor-video\"><\/div>\t\t<\/div>\n\t\t\t\t\t\t<\/div>\n\t\t\t\t<\/div>\n\t\t\t\t<\/div>\n\t\t\t\t\t<\/div>\n\t\t\t\t<\/div>\n\t\t<div class=\"elementor-element elementor-element-581a7ca4 e-flex e-con-boxed e-con e-parent\" data-id=\"581a7ca4\" data-element_type=\"container\" data-e-type=\"container\">\n\t\t\t\t\t<div class=\"e-con-inner\">\n\t\t\t\t<div class=\"elementor-element elementor-element-59e9a738 elementor-widget elementor-widget-spacer\" data-id=\"59e9a738\" data-element_type=\"widget\" data-e-type=\"widget\" data-widget_type=\"spacer.default\">\n\t\t\t\t<div class=\"elementor-widget-container\">\n\t\t\t\t\t\t\t<div class=\"elementor-spacer\">\n\t\t\t<div class=\"elementor-spacer-inner\"><\/div>\n\t\t<\/div>\n\t\t\t\t\t\t<\/div>\n\t\t\t\t<\/div>\n\t\t\t\t\t<\/div>\n\t\t\t\t<\/div>\n\t\t\t\t<\/div>\n\t\t","protected":false},"excerpt":{"rendered":"<p>Naruto Mythos TCG &#8211; Video Production Production of studio videos for Naruto Mythos TCG\u2019s social media channels What is Naruto Mythos TCG? Naruto Mythos TCG is the new official trading card game set in the Naruto universe, available in France and Europe since March 13, 2026. What were our missions? We supported Naruto Mythos TCG [&hellip;]<\/p>\n","protected":false},"author":1,"featured_media":4490,"parent":2098,"menu_order":0,"comment_status":"closed","ping_status":"closed","template":"","meta":{"footnotes":""},"class_list":["post-4476","page","type-page","status-publish","has-post-thumbnail","hentry"],"yoast_head":"<!-- This site is optimized with the Yoast SEO plugin v27.5 - https:\/\/yoast.com\/product\/yoast-seo-wordpress\/ -->\n<title>Best Case Naruto Mythos - Video Production - Breakflip Agency<\/title>\n<meta name=\"description\" content=\"Discover how we supported the trading card game (TCG) Naruto Mythos in producing studio videos for their social media channels.\" \/>\n<meta name=\"robots\" content=\"index, follow, max-snippet:-1, max-image-preview:large, max-video-preview:-1\" \/>\n<link rel=\"canonical\" href=\"https:\/\/agence.breakflip.com\/en\/our-projects\/best-case-naruto-mythos-video-production\/\" \/>\n<meta property=\"og:locale\" content=\"en_US\" \/>\n<meta property=\"og:type\" content=\"article\" \/>\n<meta property=\"og:title\" content=\"Best Case Naruto Mythos - Video Production - Breakflip Agency\" \/>\n<meta property=\"og:description\" content=\"Discover how we supported the trading card game (TCG) Naruto Mythos in producing studio videos for their social media channels.\" \/>\n<meta property=\"og:url\" content=\"https:\/\/agence.breakflip.com\/en\/our-projects\/best-case-naruto-mythos-video-production\/\" \/>\n<meta property=\"og:site_name\" content=\"Breakflip Agency\" \/>\n<meta property=\"article:modified_time\" content=\"2026-04-23T09:07:45+00:00\" \/>\n<meta property=\"og:image\" content=\"https:\/\/agence.breakflip.com\/wp-content\/uploads\/2026\/04\/vignette-Naruto-Mythos-TCG-video-production.jpg\" \/>\n\t<meta property=\"og:image:width\" content=\"1080\" \/>\n\t<meta property=\"og:image:height\" content=\"1080\" \/>\n\t<meta property=\"og:image:type\" content=\"image\/jpeg\" \/>\n<meta name=\"twitter:card\" content=\"summary_large_image\" \/>\n<meta name=\"twitter:site\" content=\"@BreakflipFR\" \/>\n<meta name=\"twitter:label1\" content=\"Est. reading time\" \/>\n\t<meta name=\"twitter:data1\" content=\"1 minute\" \/>\n<script type=\"application\/ld+json\" class=\"yoast-schema-graph\">{\"@context\":\"https:\\\/\\\/schema.org\",\"@graph\":[{\"@type\":\"WebPage\",\"@id\":\"https:\\\/\\\/agence.breakflip.com\\\/en\\\/our-projects\\\/best-case-naruto-mythos-video-production\\\/\",\"url\":\"https:\\\/\\\/agence.breakflip.com\\\/en\\\/our-projects\\\/best-case-naruto-mythos-video-production\\\/\",\"name\":\"Best Case Naruto Mythos - Video Production - Breakflip Agency\",\"isPartOf\":{\"@id\":\"https:\\\/\\\/agence.breakflip.com\\\/en\\\/#website\"},\"primaryImageOfPage\":{\"@id\":\"https:\\\/\\\/agence.breakflip.com\\\/en\\\/our-projects\\\/best-case-naruto-mythos-video-production\\\/#primaryimage\"},\"image\":{\"@id\":\"https:\\\/\\\/agence.breakflip.com\\\/en\\\/our-projects\\\/best-case-naruto-mythos-video-production\\\/#primaryimage\"},\"thumbnailUrl\":\"\\\/wp-content\\\/uploads\\\/2026\\\/04\\\/vignette-Naruto-Mythos-TCG-video-production.jpg\",\"datePublished\":\"2026-04-23T08:10:10+00:00\",\"dateModified\":\"2026-04-23T09:07:45+00:00\",\"description\":\"Discover how we supported the trading card game (TCG) Naruto Mythos in producing studio videos for their social media channels.\",\"breadcrumb\":{\"@id\":\"https:\\\/\\\/agence.breakflip.com\\\/en\\\/our-projects\\\/best-case-naruto-mythos-video-production\\\/#breadcrumb\"},\"inLanguage\":\"en-US\",\"potentialAction\":[{\"@type\":\"ReadAction\",\"target\":[\"https:\\\/\\\/agence.breakflip.com\\\/en\\\/our-projects\\\/best-case-naruto-mythos-video-production\\\/\"]}]},{\"@type\":\"ImageObject\",\"inLanguage\":\"en-US\",\"@id\":\"https:\\\/\\\/agence.breakflip.com\\\/en\\\/our-projects\\\/best-case-naruto-mythos-video-production\\\/#primaryimage\",\"url\":\"\\\/wp-content\\\/uploads\\\/2026\\\/04\\\/vignette-Naruto-Mythos-TCG-video-production.jpg\",\"contentUrl\":\"\\\/wp-content\\\/uploads\\\/2026\\\/04\\\/vignette-Naruto-Mythos-TCG-video-production.jpg\",\"width\":1080,\"height\":1080},{\"@type\":\"BreadcrumbList\",\"@id\":\"https:\\\/\\\/agence.breakflip.com\\\/en\\\/our-projects\\\/best-case-naruto-mythos-video-production\\\/#breadcrumb\",\"itemListElement\":[{\"@type\":\"ListItem\",\"position\":1,\"name\":\"Accueil\",\"item\":\"https:\\\/\\\/agence.breakflip.com\\\/en\\\/\"},{\"@type\":\"ListItem\",\"position\":2,\"name\":\"Our Projects\",\"item\":\"https:\\\/\\\/agence.breakflip.com\\\/en\\\/nos-projets\\\/\"},{\"@type\":\"ListItem\",\"position\":3,\"name\":\"Best Case Naruto Mythos &#8211; Video Production\"}]},{\"@type\":\"WebSite\",\"@id\":\"https:\\\/\\\/agence.breakflip.com\\\/en\\\/#website\",\"url\":\"https:\\\/\\\/agence.breakflip.com\\\/en\\\/\",\"name\":\"Breakflip Agency\",\"description\":\"D\u00e9couvrez le travail de l&#039;agence Breakflip et faite lui confiance dans l&#039;\u00e9laboration de vos projets marketing, communication et \u00e9v\u00e8nementiel.\",\"publisher\":{\"@id\":\"https:\\\/\\\/agence.breakflip.com\\\/en\\\/#organization\"},\"potentialAction\":[{\"@type\":\"SearchAction\",\"target\":{\"@type\":\"EntryPoint\",\"urlTemplate\":\"https:\\\/\\\/agence.breakflip.com\\\/en\\\/?s={search_term_string}\"},\"query-input\":{\"@type\":\"PropertyValueSpecification\",\"valueRequired\":true,\"valueName\":\"search_term_string\"}}],\"inLanguage\":\"en-US\"},{\"@type\":\"Organization\",\"@id\":\"https:\\\/\\\/agence.breakflip.com\\\/en\\\/#organization\",\"name\":\"Breakflip Agency\",\"url\":\"https:\\\/\\\/agence.breakflip.com\\\/en\\\/\",\"logo\":{\"@type\":\"ImageObject\",\"inLanguage\":\"en-US\",\"@id\":\"https:\\\/\\\/agence.breakflip.com\\\/en\\\/#\\\/schema\\\/logo\\\/image\\\/\",\"url\":\"\\\/wp-content\\\/uploads\\\/2024\\\/07\\\/Logo-Breakflip-site-300px-100px-1.png\",\"contentUrl\":\"\\\/wp-content\\\/uploads\\\/2024\\\/07\\\/Logo-Breakflip-site-300px-100px-1.png\",\"width\":350,\"height\":100,\"caption\":\"Breakflip Agency\"},\"image\":{\"@id\":\"https:\\\/\\\/agence.breakflip.com\\\/en\\\/#\\\/schema\\\/logo\\\/image\\\/\"},\"sameAs\":[\"https:\\\/\\\/x.com\\\/BreakflipFR\",\"https:\\\/\\\/www.tiktok.com\\\/@breakflip\",\"https:\\\/\\\/www.instagram.com\\\/breakflip\\\/?hl=fr\",\"https:\\\/\\\/www.linkedin.com\\\/company\\\/breakflip\\\/\"]}]}<\/script>\n<!-- \/ Yoast SEO plugin. -->","yoast_head_json":{"title":"Best Case Naruto Mythos - Video Production - Breakflip Agency","description":"Discover how we supported the trading card game (TCG) Naruto Mythos in producing studio videos for their social media channels.","robots":{"index":"index","follow":"follow","max-snippet":"max-snippet:-1","max-image-preview":"max-image-preview:large","max-video-preview":"max-video-preview:-1"},"canonical":"https:\/\/agence.breakflip.com\/en\/our-projects\/best-case-naruto-mythos-video-production\/","og_locale":"en_US","og_type":"article","og_title":"Best Case Naruto Mythos - Video Production - Breakflip Agency","og_description":"Discover how we supported the trading card game (TCG) Naruto Mythos in producing studio videos for their social media channels.","og_url":"https:\/\/agence.breakflip.com\/en\/our-projects\/best-case-naruto-mythos-video-production\/","og_site_name":"Breakflip Agency","article_modified_time":"2026-04-23T09:07:45+00:00","og_image":[{"width":1080,"height":1080,"url":"https:\/\/agence.breakflip.com\/wp-content\/uploads\/2026\/04\/vignette-Naruto-Mythos-TCG-video-production.jpg","type":"image\/jpeg"}],"twitter_card":"summary_large_image","twitter_site":"@BreakflipFR","twitter_misc":{"Est. reading time":"1 minute"},"schema":{"@context":"https:\/\/schema.org","@graph":[{"@type":"WebPage","@id":"https:\/\/agence.breakflip.com\/en\/our-projects\/best-case-naruto-mythos-video-production\/","url":"https:\/\/agence.breakflip.com\/en\/our-projects\/best-case-naruto-mythos-video-production\/","name":"Best Case Naruto Mythos - Video Production - Breakflip Agency","isPartOf":{"@id":"https:\/\/agence.breakflip.com\/en\/#website"},"primaryImageOfPage":{"@id":"https:\/\/agence.breakflip.com\/en\/our-projects\/best-case-naruto-mythos-video-production\/#primaryimage"},"image":{"@id":"https:\/\/agence.breakflip.com\/en\/our-projects\/best-case-naruto-mythos-video-production\/#primaryimage"},"thumbnailUrl":"\/wp-content\/uploads\/2026\/04\/vignette-Naruto-Mythos-TCG-video-production.jpg","datePublished":"2026-04-23T08:10:10+00:00","dateModified":"2026-04-23T09:07:45+00:00","description":"Discover how we supported the trading card game (TCG) Naruto Mythos in producing studio videos for their social media channels.","breadcrumb":{"@id":"https:\/\/agence.breakflip.com\/en\/our-projects\/best-case-naruto-mythos-video-production\/#breadcrumb"},"inLanguage":"en-US","potentialAction":[{"@type":"ReadAction","target":["https:\/\/agence.breakflip.com\/en\/our-projects\/best-case-naruto-mythos-video-production\/"]}]},{"@type":"ImageObject","inLanguage":"en-US","@id":"https:\/\/agence.breakflip.com\/en\/our-projects\/best-case-naruto-mythos-video-production\/#primaryimage","url":"\/wp-content\/uploads\/2026\/04\/vignette-Naruto-Mythos-TCG-video-production.jpg","contentUrl":"\/wp-content\/uploads\/2026\/04\/vignette-Naruto-Mythos-TCG-video-production.jpg","width":1080,"height":1080},{"@type":"BreadcrumbList","@id":"https:\/\/agence.breakflip.com\/en\/our-projects\/best-case-naruto-mythos-video-production\/#breadcrumb","itemListElement":[{"@type":"ListItem","position":1,"name":"Accueil","item":"https:\/\/agence.breakflip.com\/en\/"},{"@type":"ListItem","position":2,"name":"Our Projects","item":"https:\/\/agence.breakflip.com\/en\/nos-projets\/"},{"@type":"ListItem","position":3,"name":"Best Case Naruto Mythos &#8211; Video Production"}]},{"@type":"WebSite","@id":"https:\/\/agence.breakflip.com\/en\/#website","url":"https:\/\/agence.breakflip.com\/en\/","name":"Breakflip Agency","description":"D\u00e9couvrez le travail de l&#039;agence Breakflip et faite lui confiance dans l&#039;\u00e9laboration de vos projets marketing, communication et \u00e9v\u00e8nementiel.","publisher":{"@id":"https:\/\/agence.breakflip.com\/en\/#organization"},"potentialAction":[{"@type":"SearchAction","target":{"@type":"EntryPoint","urlTemplate":"https:\/\/agence.breakflip.com\/en\/?s={search_term_string}"},"query-input":{"@type":"PropertyValueSpecification","valueRequired":true,"valueName":"search_term_string"}}],"inLanguage":"en-US"},{"@type":"Organization","@id":"https:\/\/agence.breakflip.com\/en\/#organization","name":"Breakflip Agency","url":"https:\/\/agence.breakflip.com\/en\/","logo":{"@type":"ImageObject","inLanguage":"en-US","@id":"https:\/\/agence.breakflip.com\/en\/#\/schema\/logo\/image\/","url":"\/wp-content\/uploads\/2024\/07\/Logo-Breakflip-site-300px-100px-1.png","contentUrl":"\/wp-content\/uploads\/2024\/07\/Logo-Breakflip-site-300px-100px-1.png","width":350,"height":100,"caption":"Breakflip Agency"},"image":{"@id":"https:\/\/agence.breakflip.com\/en\/#\/schema\/logo\/image\/"},"sameAs":["https:\/\/x.com\/BreakflipFR","https:\/\/www.tiktok.com\/@breakflip","https:\/\/www.instagram.com\/breakflip\/?hl=fr","https:\/\/www.linkedin.com\/company\/breakflip\/"]}]}},"_links":{"self":[{"href":"https:\/\/agence.breakflip.com\/en\/wp-json\/wp\/v2\/pages\/4476","targetHints":{"allow":["GET"]}}],"collection":[{"href":"https:\/\/agence.breakflip.com\/en\/wp-json\/wp\/v2\/pages"}],"about":[{"href":"https:\/\/agence.breakflip.com\/en\/wp-json\/wp\/v2\/types\/page"}],"author":[{"embeddable":true,"href":"https:\/\/agence.breakflip.com\/en\/wp-json\/wp\/v2\/users\/1"}],"replies":[{"embeddable":true,"href":"https:\/\/agence.breakflip.com\/en\/wp-json\/wp\/v2\/comments?post=4476"}],"version-history":[{"count":5,"href":"https:\/\/agence.breakflip.com\/en\/wp-json\/wp\/v2\/pages\/4476\/revisions"}],"predecessor-version":[{"id":4496,"href":"https:\/\/agence.breakflip.com\/en\/wp-json\/wp\/v2\/pages\/4476\/revisions\/4496"}],"up":[{"embeddable":true,"href":"https:\/\/agence.breakflip.com\/en\/wp-json\/wp\/v2\/pages\/2098"}],"wp:featuredmedia":[{"embeddable":true,"href":"https:\/\/agence.breakflip.com\/en\/wp-json\/wp\/v2\/media\/4490"}],"wp:attachment":[{"href":"https:\/\/agence.breakflip.com\/en\/wp-json\/wp\/v2\/media?parent=4476"}],"curies":[{"name":"wp","href":"https:\/\/api.w.org\/{rel}","templated":true}]}}