{"id":3878,"date":"2025-09-18T10:24:16","date_gmt":"2025-09-18T08:24:16","guid":{"rendered":"https:\/\/agence.breakflip.com\/?page_id=3878"},"modified":"2025-09-23T14:38:09","modified_gmt":"2025-09-23T12:38:09","slug":"best-case-fortnite-invitational-2024-video-production","status":"publish","type":"page","link":"https:\/\/agence.breakflip.com\/en\/our-projects\/best-case-fortnite-invitational-2024-video-production\/","title":{"rendered":"Best Case Fortnite Invitational 2024 &#8211; Video production"},"content":{"rendered":"\t\t<div data-elementor-type=\"wp-page\" data-elementor-id=\"3878\" class=\"elementor elementor-3878\" data-elementor-post-type=\"page\">\n\t\t\t\t<div class=\"elementor-element elementor-element-2fb8f30a e-flex e-con-boxed e-con e-parent\" data-id=\"2fb8f30a\" data-element_type=\"container\">\n\t\t\t\t\t<div class=\"e-con-inner\">\n\t\t\t\t<div class=\"elementor-element elementor-element-7b7ebe47 elementor-widget elementor-widget-heading\" data-id=\"7b7ebe47\" data-element_type=\"widget\" data-widget_type=\"heading.default\">\n\t\t\t\t<div class=\"elementor-widget-container\">\n\t\t\t\t\t<h1 class=\"elementor-heading-title elementor-size-default\">Fortnite Invitational 2024 - Video production<\/h1>\t\t\t\t<\/div>\n\t\t\t\t<\/div>\n\t\t\t\t\t<\/div>\n\t\t\t\t<\/div>\n\t\t<div class=\"elementor-element elementor-element-5803491c e-flex e-con-boxed e-con e-parent\" data-id=\"5803491c\" data-element_type=\"container\" data-settings=\"{&quot;background_background&quot;:&quot;classic&quot;}\">\n\t\t\t\t\t<div class=\"e-con-inner\">\n\t\t\t\t<div class=\"elementor-element elementor-element-b4092d9 elementor-widget elementor-widget-image\" data-id=\"b4092d9\" data-element_type=\"widget\" data-widget_type=\"image.default\">\n\t\t\t\t<div class=\"elementor-widget-container\">\n\t\t\t\t\t\t\t\t\t\t\t\t\t\t\t<img fetchpriority=\"high\" decoding=\"async\" width=\"800\" height=\"434\" src=\"\/wp-content\/uploads\/2025\/09\/Capture-decran-2025-09-18-103019-1024x556.png\" class=\"attachment-large size-large wp-image-3754\" alt=\"Photo de pr\u00e9sentation du Fortnite Invitational de 2024.\" srcset=\"\/wp-content\/uploads\/2025\/09\/Capture-decran-2025-09-18-103019-1024x556.png 1024w, \/wp-content\/uploads\/2025\/09\/Capture-decran-2025-09-18-103019-300x163.png 300w, \/wp-content\/uploads\/2025\/09\/Capture-decran-2025-09-18-103019-768x417.png 768w, \/wp-content\/uploads\/2025\/09\/Capture-decran-2025-09-18-103019-1536x835.png 1536w, \/wp-content\/uploads\/2025\/09\/Capture-decran-2025-09-18-103019.png 1866w\" sizes=\"(max-width: 800px) 100vw, 800px\" \/>\t\t\t\t\t\t\t\t\t\t\t\t\t\t\t<\/div>\n\t\t\t\t<\/div>\n\t\t\t\t\t<\/div>\n\t\t\t\t<\/div>\n\t\t<div class=\"elementor-element elementor-element-1da9653e e-flex e-con-boxed e-con e-parent\" data-id=\"1da9653e\" data-element_type=\"container\">\n\t\t\t\t\t<div class=\"e-con-inner\">\n\t\t<div class=\"elementor-element elementor-element-408d12f9 e-con-full e-transform e-flex e-con e-child\" data-id=\"408d12f9\" data-element_type=\"container\" data-settings=\"{&quot;background_background&quot;:&quot;classic&quot;,&quot;_transform_translateY_effect&quot;:{&quot;unit&quot;:&quot;px&quot;,&quot;size&quot;:20,&quot;sizes&quot;:[]},&quot;_transform_translateX_effect&quot;:{&quot;unit&quot;:&quot;px&quot;,&quot;size&quot;:&quot;&quot;,&quot;sizes&quot;:[]},&quot;_transform_translateX_effect_tablet&quot;:{&quot;unit&quot;:&quot;px&quot;,&quot;size&quot;:&quot;&quot;,&quot;sizes&quot;:[]},&quot;_transform_translateX_effect_mobile&quot;:{&quot;unit&quot;:&quot;px&quot;,&quot;size&quot;:&quot;&quot;,&quot;sizes&quot;:[]},&quot;_transform_translateY_effect_tablet&quot;:{&quot;unit&quot;:&quot;px&quot;,&quot;size&quot;:&quot;&quot;,&quot;sizes&quot;:[]},&quot;_transform_translateY_effect_mobile&quot;:{&quot;unit&quot;:&quot;px&quot;,&quot;size&quot;:&quot;&quot;,&quot;sizes&quot;:[]}}\">\n\t\t\t\t<div class=\"elementor-element elementor-element-34ab844a elementor-widget elementor-widget-heading\" data-id=\"34ab844a\" data-element_type=\"widget\" data-widget_type=\"heading.default\">\n\t\t\t\t<div class=\"elementor-widget-container\">\n\t\t\t\t\t<h2 class=\"elementor-heading-title elementor-size-default\">Organization of the Media Day for the 2024 Fortnite Invitational<\/h2>\t\t\t\t<\/div>\n\t\t\t\t<\/div>\n\t\t\t\t<\/div>\n\t\t<div class=\"elementor-element elementor-element-5addfd63 e-con-full e-flex e-con e-child\" data-id=\"5addfd63\" data-element_type=\"container\">\n\t\t\t\t<div class=\"elementor-element elementor-element-604233f1 elementor-widget elementor-widget-heading\" data-id=\"604233f1\" data-element_type=\"widget\" data-widget_type=\"heading.default\">\n\t\t\t\t<div class=\"elementor-widget-container\">\n\t\t\t\t\t<h3 class=\"elementor-heading-title elementor-size-default\">Who is the client?<\/h3>\t\t\t\t<\/div>\n\t\t\t\t<\/div>\n\t\t\t\t<div class=\"elementor-element elementor-element-5c421646 elementor-widget elementor-widget-text-editor\" data-id=\"5c421646\" data-element_type=\"widget\" data-widget_type=\"text-editor.default\">\n\t\t\t\t<div class=\"elementor-widget-container\">\n\t\t\t\t\t\t\t\t\t<p data-start=\"35\" data-end=\"152\"><strong>Epic Games<\/strong> is a renowned video game development company, best known for creating iconic titles such as <strong>Fortnite<\/strong>.<\/p><p data-start=\"154\" data-end=\"286\" data-is-last-node=\"\" data-is-only-node=\"\">The <strong>Fortnite Invitational<\/strong>, meanwhile, is a major video game tournament organized for professional players and Fortnite streamers<\/p>\t\t\t\t\t\t\t\t<\/div>\n\t\t\t\t<\/div>\n\t\t\t\t<div class=\"elementor-element elementor-element-582425ff elementor-widget elementor-widget-heading\" data-id=\"582425ff\" data-element_type=\"widget\" data-widget_type=\"heading.default\">\n\t\t\t\t<div class=\"elementor-widget-container\">\n\t\t\t\t\t<h3 class=\"elementor-heading-title elementor-size-default\">What were our missions?<\/h3>\t\t\t\t<\/div>\n\t\t\t\t<\/div>\n\t\t\t\t<div class=\"elementor-element elementor-element-6cdf7180 elementor-widget elementor-widget-text-editor\" data-id=\"6cdf7180\" data-element_type=\"widget\" data-widget_type=\"text-editor.default\">\n\t\t\t\t<div class=\"elementor-widget-container\">\n\t\t\t\t\t\t\t\t\t<p data-start=\"178\" data-end=\"214\">Breakflip supported <strong>Epic Games<\/strong> in organizing the Media Day for the<strong> 2024 Fortnite Invitational<\/strong>. The organization was divided into two parts:<\/p><p data-start=\"178\" data-end=\"214\"><strong data-start=\"178\" data-end=\"212\">Part 1: Planning and Logistics<\/strong><\/p><ul><li data-start=\"217\" data-end=\"328\"><strong data-start=\"217\" data-end=\"229\">Booking:<\/strong> Reserve the venue for the Media Day, as well as hotels for players, content creators, and staff.<\/li><li data-start=\"331\" data-end=\"453\"><strong data-start=\"331\" data-end=\"348\">Coordination:<\/strong> Coordinate transportation between the airport or train station, the hotel, and the Media Day location.<\/li><li data-start=\"456\" data-end=\"545\"><strong data-start=\"456\" data-end=\"469\">Catering:<\/strong> Meals for players, content creators, and teams were provided by Burgouzz.<\/li><\/ul><p data-start=\"547\" data-end=\"571\">\u00a0<\/p><p data-start=\"547\" data-end=\"571\"><strong data-start=\"547\" data-end=\"569\">Part 2: Production<\/strong><\/p><ul><li data-start=\"574\" data-end=\"639\"><strong data-start=\"574\" data-end=\"584\">Setup:<\/strong> Supervision and installation of technical equipment.<\/li><li data-start=\"642\" data-end=\"771\"><strong data-start=\"642\" data-end=\"671\">Photo and Video Shooting:<\/strong> Capture videos and photos of the players for the event trailer and other communication materials.<\/li><li data-start=\"774\" data-end=\"828\"><strong data-start=\"774\" data-end=\"786\">Editing:<\/strong> Post-production editing of the footage.<\/li><li data-start=\"831\" data-end=\"886\"><strong data-start=\"831\" data-end=\"844\">Delivery:<\/strong> Send the trailer to the content creators.<\/li><\/ul>\t\t\t\t\t\t\t\t<\/div>\n\t\t\t\t<\/div>\n\t\t\t\t<div class=\"elementor-element elementor-element-4c2880a5 elementor-widget elementor-widget-heading\" data-id=\"4c2880a5\" data-element_type=\"widget\" data-widget_type=\"heading.default\">\n\t\t\t\t<div class=\"elementor-widget-container\">\n\t\t\t\t\t<h3 class=\"elementor-heading-title elementor-size-default\">Key Takeaways<\/h3>\t\t\t\t<\/div>\n\t\t\t\t<\/div>\n\t\t\t\t<div class=\"elementor-element elementor-element-2331541 elementor-widget elementor-widget-text-editor\" data-id=\"2331541\" data-element_type=\"widget\" data-widget_type=\"text-editor.default\">\n\t\t\t\t<div class=\"elementor-widget-container\">\n\t\t\t\t\t\t\t\t\t<ul><li data-start=\"37\" data-end=\"143\">Video produced for a <strong>Fortnite Invitational broadcast<\/strong> on <strong>Doigby\u2019s<\/strong> channel (+1.6M subscribers on YouTube).<\/li><li data-start=\"146\" data-end=\"234\">A short and impactful format designed to <strong>maximize engagement<\/strong> in the first few seconds.<\/li><li data-start=\"237\" data-end=\"370\"><strong>Strong community interaction<\/strong> and increased visibility for the event, with over <strong>100 reposts<\/strong> of the trailer by participants and fans.<\/li><li data-start=\"373\" data-end=\"446\">Result: Over <strong>800,000 organic views<\/strong> solely for the trailer published on X.<\/li><\/ul>\t\t\t\t\t\t\t\t<\/div>\n\t\t\t\t<\/div>\n\t\t\t\t<\/div>\n\t\t\t\t\t<\/div>\n\t\t\t\t<\/div>\n\t\t<div class=\"elementor-element elementor-element-58704653 e-flex e-con-boxed e-con e-parent\" data-id=\"58704653\" data-element_type=\"container\" data-settings=\"{&quot;background_background&quot;:&quot;classic&quot;}\">\n\t\t\t\t\t<div class=\"e-con-inner\">\n\t\t\t\t<div class=\"elementor-element elementor-element-37a9647e elementor-widget elementor-widget-heading\" data-id=\"37a9647e\" data-element_type=\"widget\" data-widget_type=\"heading.default\">\n\t\t\t\t<div class=\"elementor-widget-container\">\n\t\t\t\t\t<h2 class=\"elementor-heading-title elementor-size-default\">Need visibility?<\/h2>\t\t\t\t<\/div>\n\t\t\t\t<\/div>\n\t\t\t\t<div class=\"elementor-element elementor-element-2b589261 elementor-widget elementor-widget-text-editor\" data-id=\"2b589261\" data-element_type=\"widget\" data-widget_type=\"text-editor.default\">\n\t\t\t\t<div class=\"elementor-widget-container\">\n\t\t\t\t\t\t\t\t\t<p>We can discuss it during a call.<\/p>\t\t\t\t\t\t\t\t<\/div>\n\t\t\t\t<\/div>\n\t\t\t\t<div class=\"elementor-element elementor-element-3c64c389 elementor-align-center elementor-widget elementor-widget-button\" data-id=\"3c64c389\" data-element_type=\"widget\" data-widget_type=\"button.default\">\n\t\t\t\t<div class=\"elementor-widget-container\">\n\t\t\t\t\t\t\t\t\t<div class=\"elementor-button-wrapper\">\n\t\t\t\t\t<a class=\"elementor-button elementor-button-link elementor-size-sm\" href=\"https:\/\/agence.breakflip.com\/contact\/\">\n\t\t\t\t\t\t<span class=\"elementor-button-content-wrapper\">\n\t\t\t\t\t\t<span class=\"elementor-button-icon\">\n\t\t\t\t<svg aria-hidden=\"true\" class=\"e-font-icon-svg e-far-envelope\" viewBox=\"0 0 512 512\" xmlns=\"http:\/\/www.w3.org\/2000\/svg\"><path d=\"M464 64H48C21.49 64 0 85.49 0 112v288c0 26.51 21.49 48 48 48h416c26.51 0 48-21.49 48-48V112c0-26.51-21.49-48-48-48zm0 48v40.805c-22.422 18.259-58.168 46.651-134.587 106.49-16.841 13.247-50.201 45.072-73.413 44.701-23.208.375-56.579-31.459-73.413-44.701C106.18 199.465 70.425 171.067 48 152.805V112h416zM48 400V214.398c22.914 18.251 55.409 43.862 104.938 82.646 21.857 17.205 60.134 55.186 103.062 54.955 42.717.231 80.509-37.199 103.053-54.947 49.528-38.783 82.032-64.401 104.947-82.653V400H48z\"><\/path><\/svg>\t\t\t<\/span>\n\t\t\t\t\t\t\t\t\t<span class=\"elementor-button-text\">Contact Us<\/span>\n\t\t\t\t\t<\/span>\n\t\t\t\t\t<\/a>\n\t\t\t\t<\/div>\n\t\t\t\t\t\t\t\t<\/div>\n\t\t\t\t<\/div>\n\t\t\t\t\t<\/div>\n\t\t\t\t<\/div>\n\t\t<div class=\"elementor-element elementor-element-61b01791 e-flex e-con-boxed e-con e-parent\" data-id=\"61b01791\" data-element_type=\"container\">\n\t\t\t\t\t<div class=\"e-con-inner\">\n\t\t\t\t<div class=\"elementor-element elementor-element-71e7ede elementor-widget elementor-widget-video\" data-id=\"71e7ede\" data-element_type=\"widget\" data-settings=\"{&quot;youtube_url&quot;:&quot;https:\\\/\\\/www.youtube.com\\\/watch?v=-ClBxKkr94E&quot;,&quot;video_type&quot;:&quot;youtube&quot;,&quot;controls&quot;:&quot;yes&quot;}\" data-widget_type=\"video.default\">\n\t\t\t\t<div class=\"elementor-widget-container\">\n\t\t\t\t\t\t\t<div class=\"elementor-wrapper elementor-open-inline\">\n\t\t\t<div class=\"elementor-video\"><\/div>\t\t<\/div>\n\t\t\t\t\t\t<\/div>\n\t\t\t\t<\/div>\n\t\t\t\t\t<\/div>\n\t\t\t\t<\/div>\n\t\t\t\t<\/div>\n\t\t","protected":false},"excerpt":{"rendered":"<p>Fortnite Invitational 2024 &#8211; Video production Organization of the Media Day for the 2024 Fortnite Invitational Who is the client? Epic Games is a renowned video game development company, best known for creating iconic titles such as Fortnite. The Fortnite Invitational, meanwhile, is a major video game tournament organized for professional players and Fortnite streamers [&hellip;]<\/p>\n","protected":false},"author":1,"featured_media":0,"parent":2098,"menu_order":0,"comment_status":"closed","ping_status":"closed","template":"","meta":{"footnotes":""},"class_list":["post-3878","page","type-page","status-publish","hentry"],"yoast_head":"<!-- This site is optimized with the Yoast SEO plugin v26.6 - https:\/\/yoast.com\/wordpress\/plugins\/seo\/ -->\n<title>Best Case Fortnite Invitational 2024 - Video production - Breakflip Agency<\/title>\n<meta name=\"description\" content=\"Discover how we supported Fortnite in creating its teaser for the 2024 Fortnite Invitational.\" \/>\n<meta name=\"robots\" content=\"index, follow, max-snippet:-1, max-image-preview:large, max-video-preview:-1\" \/>\n<link rel=\"canonical\" href=\"https:\/\/agence.breakflip.com\/en\/our-projects\/best-case-fortnite-invitational-2024-video-production\/\" \/>\n<meta property=\"og:locale\" content=\"en_US\" \/>\n<meta property=\"og:type\" content=\"article\" \/>\n<meta property=\"og:title\" content=\"Best Case Fortnite Invitational 2024 - Video production - Breakflip Agency\" \/>\n<meta property=\"og:description\" content=\"Discover how we supported Fortnite in creating its teaser for the 2024 Fortnite Invitational.\" \/>\n<meta property=\"og:url\" content=\"https:\/\/agence.breakflip.com\/en\/our-projects\/best-case-fortnite-invitational-2024-video-production\/\" \/>\n<meta property=\"og:site_name\" content=\"Breakflip Agency\" \/>\n<meta property=\"article:modified_time\" content=\"2025-09-23T12:38:09+00:00\" \/>\n<meta name=\"twitter:card\" content=\"summary_large_image\" \/>\n<meta name=\"twitter:site\" content=\"@BreakflipFR\" \/>\n<meta name=\"twitter:label1\" content=\"Est. reading time\" \/>\n\t<meta name=\"twitter:data1\" content=\"2 minutes\" \/>\n<script type=\"application\/ld+json\" class=\"yoast-schema-graph\">{\"@context\":\"https:\/\/schema.org\",\"@graph\":[{\"@type\":\"WebPage\",\"@id\":\"https:\/\/agence.breakflip.com\/en\/our-projects\/best-case-fortnite-invitational-2024-video-production\/\",\"url\":\"https:\/\/agence.breakflip.com\/en\/our-projects\/best-case-fortnite-invitational-2024-video-production\/\",\"name\":\"Best Case Fortnite Invitational 2024 - Video production - Breakflip Agency\",\"isPartOf\":{\"@id\":\"https:\/\/agence.breakflip.com\/en\/#website\"},\"datePublished\":\"2025-09-18T08:24:16+00:00\",\"dateModified\":\"2025-09-23T12:38:09+00:00\",\"description\":\"Discover how we supported Fortnite in creating its teaser for the 2024 Fortnite Invitational.\",\"breadcrumb\":{\"@id\":\"https:\/\/agence.breakflip.com\/en\/our-projects\/best-case-fortnite-invitational-2024-video-production\/#breadcrumb\"},\"inLanguage\":\"en-US\",\"potentialAction\":[{\"@type\":\"ReadAction\",\"target\":[\"https:\/\/agence.breakflip.com\/en\/our-projects\/best-case-fortnite-invitational-2024-video-production\/\"]}]},{\"@type\":\"BreadcrumbList\",\"@id\":\"https:\/\/agence.breakflip.com\/en\/our-projects\/best-case-fortnite-invitational-2024-video-production\/#breadcrumb\",\"itemListElement\":[{\"@type\":\"ListItem\",\"position\":1,\"name\":\"Accueil\",\"item\":\"https:\/\/agence.breakflip.com\/en\/\"},{\"@type\":\"ListItem\",\"position\":2,\"name\":\"Our Projects\",\"item\":\"https:\/\/agence.breakflip.com\/en\/unsere-projekte\/\"},{\"@type\":\"ListItem\",\"position\":3,\"name\":\"Best Case Fortnite Invitational 2024 &#8211; Video production\"}]},{\"@type\":\"WebSite\",\"@id\":\"https:\/\/agence.breakflip.com\/en\/#website\",\"url\":\"https:\/\/agence.breakflip.com\/en\/\",\"name\":\"Breakflip Agency\",\"description\":\"D\u00e9couvrez le travail de l&#039;agence Breakflip et faite lui confiance dans l&#039;\u00e9laboration de vos projets marketing, communication et \u00e9v\u00e8nementiel.\",\"publisher\":{\"@id\":\"https:\/\/agence.breakflip.com\/en\/#organization\"},\"potentialAction\":[{\"@type\":\"SearchAction\",\"target\":{\"@type\":\"EntryPoint\",\"urlTemplate\":\"https:\/\/agence.breakflip.com\/en\/?s={search_term_string}\"},\"query-input\":{\"@type\":\"PropertyValueSpecification\",\"valueRequired\":true,\"valueName\":\"search_term_string\"}}],\"inLanguage\":\"en-US\"},{\"@type\":\"Organization\",\"@id\":\"https:\/\/agence.breakflip.com\/en\/#organization\",\"name\":\"Breakflip Agency\",\"url\":\"https:\/\/agence.breakflip.com\/en\/\",\"logo\":{\"@type\":\"ImageObject\",\"inLanguage\":\"en-US\",\"@id\":\"https:\/\/agence.breakflip.com\/en\/#\/schema\/logo\/image\/\",\"url\":\"\/wp-content\/uploads\/2024\/07\/Logo-Breakflip-site-300px-100px-1.png\",\"contentUrl\":\"\/wp-content\/uploads\/2024\/07\/Logo-Breakflip-site-300px-100px-1.png\",\"width\":350,\"height\":100,\"caption\":\"Breakflip Agency\"},\"image\":{\"@id\":\"https:\/\/agence.breakflip.com\/en\/#\/schema\/logo\/image\/\"},\"sameAs\":[\"https:\/\/x.com\/BreakflipFR\",\"https:\/\/www.tiktok.com\/@breakflip\",\"https:\/\/www.instagram.com\/breakflip\/?hl=fr\",\"https:\/\/www.linkedin.com\/company\/breakflip\/\"]}]}<\/script>\n<!-- \/ Yoast SEO plugin. -->","yoast_head_json":{"title":"Best Case Fortnite Invitational 2024 - Video production - Breakflip Agency","description":"Discover how we supported Fortnite in creating its teaser for the 2024 Fortnite Invitational.","robots":{"index":"index","follow":"follow","max-snippet":"max-snippet:-1","max-image-preview":"max-image-preview:large","max-video-preview":"max-video-preview:-1"},"canonical":"https:\/\/agence.breakflip.com\/en\/our-projects\/best-case-fortnite-invitational-2024-video-production\/","og_locale":"en_US","og_type":"article","og_title":"Best Case Fortnite Invitational 2024 - Video production - Breakflip Agency","og_description":"Discover how we supported Fortnite in creating its teaser for the 2024 Fortnite Invitational.","og_url":"https:\/\/agence.breakflip.com\/en\/our-projects\/best-case-fortnite-invitational-2024-video-production\/","og_site_name":"Breakflip Agency","article_modified_time":"2025-09-23T12:38:09+00:00","twitter_card":"summary_large_image","twitter_site":"@BreakflipFR","twitter_misc":{"Est. reading time":"2 minutes"},"schema":{"@context":"https:\/\/schema.org","@graph":[{"@type":"WebPage","@id":"https:\/\/agence.breakflip.com\/en\/our-projects\/best-case-fortnite-invitational-2024-video-production\/","url":"https:\/\/agence.breakflip.com\/en\/our-projects\/best-case-fortnite-invitational-2024-video-production\/","name":"Best Case Fortnite Invitational 2024 - Video production - Breakflip Agency","isPartOf":{"@id":"https:\/\/agence.breakflip.com\/en\/#website"},"datePublished":"2025-09-18T08:24:16+00:00","dateModified":"2025-09-23T12:38:09+00:00","description":"Discover how we supported Fortnite in creating its teaser for the 2024 Fortnite Invitational.","breadcrumb":{"@id":"https:\/\/agence.breakflip.com\/en\/our-projects\/best-case-fortnite-invitational-2024-video-production\/#breadcrumb"},"inLanguage":"en-US","potentialAction":[{"@type":"ReadAction","target":["https:\/\/agence.breakflip.com\/en\/our-projects\/best-case-fortnite-invitational-2024-video-production\/"]}]},{"@type":"BreadcrumbList","@id":"https:\/\/agence.breakflip.com\/en\/our-projects\/best-case-fortnite-invitational-2024-video-production\/#breadcrumb","itemListElement":[{"@type":"ListItem","position":1,"name":"Accueil","item":"https:\/\/agence.breakflip.com\/en\/"},{"@type":"ListItem","position":2,"name":"Our Projects","item":"https:\/\/agence.breakflip.com\/en\/unsere-projekte\/"},{"@type":"ListItem","position":3,"name":"Best Case Fortnite Invitational 2024 &#8211; Video production"}]},{"@type":"WebSite","@id":"https:\/\/agence.breakflip.com\/en\/#website","url":"https:\/\/agence.breakflip.com\/en\/","name":"Breakflip Agency","description":"D\u00e9couvrez le travail de l&#039;agence Breakflip et faite lui confiance dans l&#039;\u00e9laboration de vos projets marketing, communication et \u00e9v\u00e8nementiel.","publisher":{"@id":"https:\/\/agence.breakflip.com\/en\/#organization"},"potentialAction":[{"@type":"SearchAction","target":{"@type":"EntryPoint","urlTemplate":"https:\/\/agence.breakflip.com\/en\/?s={search_term_string}"},"query-input":{"@type":"PropertyValueSpecification","valueRequired":true,"valueName":"search_term_string"}}],"inLanguage":"en-US"},{"@type":"Organization","@id":"https:\/\/agence.breakflip.com\/en\/#organization","name":"Breakflip Agency","url":"https:\/\/agence.breakflip.com\/en\/","logo":{"@type":"ImageObject","inLanguage":"en-US","@id":"https:\/\/agence.breakflip.com\/en\/#\/schema\/logo\/image\/","url":"\/wp-content\/uploads\/2024\/07\/Logo-Breakflip-site-300px-100px-1.png","contentUrl":"\/wp-content\/uploads\/2024\/07\/Logo-Breakflip-site-300px-100px-1.png","width":350,"height":100,"caption":"Breakflip Agency"},"image":{"@id":"https:\/\/agence.breakflip.com\/en\/#\/schema\/logo\/image\/"},"sameAs":["https:\/\/x.com\/BreakflipFR","https:\/\/www.tiktok.com\/@breakflip","https:\/\/www.instagram.com\/breakflip\/?hl=fr","https:\/\/www.linkedin.com\/company\/breakflip\/"]}]}},"_links":{"self":[{"href":"https:\/\/agence.breakflip.com\/en\/wp-json\/wp\/v2\/pages\/3878","targetHints":{"allow":["GET"]}}],"collection":[{"href":"https:\/\/agence.breakflip.com\/en\/wp-json\/wp\/v2\/pages"}],"about":[{"href":"https:\/\/agence.breakflip.com\/en\/wp-json\/wp\/v2\/types\/page"}],"author":[{"embeddable":true,"href":"https:\/\/agence.breakflip.com\/en\/wp-json\/wp\/v2\/users\/1"}],"replies":[{"embeddable":true,"href":"https:\/\/agence.breakflip.com\/en\/wp-json\/wp\/v2\/comments?post=3878"}],"version-history":[{"count":7,"href":"https:\/\/agence.breakflip.com\/en\/wp-json\/wp\/v2\/pages\/3878\/revisions"}],"predecessor-version":[{"id":3885,"href":"https:\/\/agence.breakflip.com\/en\/wp-json\/wp\/v2\/pages\/3878\/revisions\/3885"}],"up":[{"embeddable":true,"href":"https:\/\/agence.breakflip.com\/en\/wp-json\/wp\/v2\/pages\/2098"}],"wp:attachment":[{"href":"https:\/\/agence.breakflip.com\/en\/wp-json\/wp\/v2\/media?parent=3878"}],"curies":[{"name":"wp","href":"https:\/\/api.w.org\/{rel}","templated":true}]}}