{"id":3678,"date":"2025-09-12T14:28:47","date_gmt":"2025-09-12T12:28:47","guid":{"rendered":"https:\/\/agence.breakflip.com\/?page_id=3678"},"modified":"2025-09-16T17:03:04","modified_gmt":"2025-09-16T15:03:04","slug":"best-case-hell-is-us-pr","status":"publish","type":"page","link":"https:\/\/agence.breakflip.com\/en\/our-projects\/best-case-hell-is-us-pr\/","title":{"rendered":"Best Case Hell Is Us \u2013 PR"},"content":{"rendered":"\t\t<div data-elementor-type=\"wp-page\" data-elementor-id=\"3678\" class=\"elementor elementor-3678\" data-elementor-post-type=\"page\">\n\t\t\t\t<div class=\"elementor-element elementor-element-698c0e0f e-flex e-con-boxed e-con e-parent\" data-id=\"698c0e0f\" data-element_type=\"container\">\n\t\t\t\t\t<div class=\"e-con-inner\">\n\t\t\t\t<div class=\"elementor-element elementor-element-4920799a elementor-widget elementor-widget-heading\" data-id=\"4920799a\" data-element_type=\"widget\" data-widget_type=\"heading.default\">\n\t\t\t\t<div class=\"elementor-widget-container\">\n\t\t\t\t\t<h1 class=\"elementor-heading-title elementor-size-default\">Hell Is Us - Press Relation<\/h1>\t\t\t\t<\/div>\n\t\t\t\t<\/div>\n\t\t\t\t\t<\/div>\n\t\t\t\t<\/div>\n\t\t<div class=\"elementor-element elementor-element-752be4cb e-flex e-con-boxed e-con e-parent\" data-id=\"752be4cb\" data-element_type=\"container\">\n\t\t\t\t\t<div class=\"e-con-inner\">\n\t\t\t\t<div class=\"elementor-element elementor-element-d3c63b1 elementor-widget elementor-widget-image\" data-id=\"d3c63b1\" data-element_type=\"widget\" data-widget_type=\"image.default\">\n\t\t\t\t<div class=\"elementor-widget-container\">\n\t\t\t\t\t\t\t\t\t\t\t\t\t\t\t<img fetchpriority=\"high\" decoding=\"async\" width=\"800\" height=\"450\" src=\"\/wp-content\/uploads\/2025\/09\/hell-is-us-1024x576.webp\" class=\"attachment-large size-large wp-image-3668\" alt=\"Image de pr\u00e9sentation du jeu Hell is Us\" srcset=\"\/wp-content\/uploads\/2025\/09\/hell-is-us-1024x576.webp 1024w, \/wp-content\/uploads\/2025\/09\/hell-is-us-300x169.webp 300w, \/wp-content\/uploads\/2025\/09\/hell-is-us-768x432.webp 768w, \/wp-content\/uploads\/2025\/09\/hell-is-us.webp 1088w\" sizes=\"(max-width: 800px) 100vw, 800px\" \/>\t\t\t\t\t\t\t\t\t\t\t\t\t\t\t<\/div>\n\t\t\t\t<\/div>\n\t\t\t\t\t<\/div>\n\t\t\t\t<\/div>\n\t\t<div class=\"elementor-element elementor-element-1c197c47 e-flex e-con-boxed e-con e-parent\" data-id=\"1c197c47\" data-element_type=\"container\" data-settings=\"{&quot;background_background&quot;:&quot;classic&quot;}\">\n\t\t\t\t\t<div class=\"e-con-inner\">\n\t\t\t\t<div class=\"elementor-element elementor-element-6e588464 elementor-widget elementor-widget-counter\" data-id=\"6e588464\" data-element_type=\"widget\" data-widget_type=\"counter.default\">\n\t\t\t\t<div class=\"elementor-widget-container\">\n\t\t\t\t\t\t\t<div class=\"elementor-counter\">\n\t\t\t<div class=\"elementor-counter-title\">Pages written<\/div>\t\t\t<div class=\"elementor-counter-number-wrapper\">\n\t\t\t\t<span class=\"elementor-counter-number-prefix\">+<\/span>\n\t\t\t\t<span class=\"elementor-counter-number\" data-duration=\"2000\" data-to-value=\"335\" data-from-value=\"0\" data-delimiter=\",\">0<\/span>\n\t\t\t\t<span class=\"elementor-counter-number-suffix\"><\/span>\n\t\t\t<\/div>\n\t\t<\/div>\n\t\t\t\t\t\t<\/div>\n\t\t\t\t<\/div>\n\t\t\t\t<div class=\"elementor-element elementor-element-145a31a4 elementor-widget elementor-widget-counter\" data-id=\"145a31a4\" data-element_type=\"widget\" data-widget_type=\"counter.default\">\n\t\t\t\t<div class=\"elementor-widget-container\">\n\t\t\t\t\t\t\t<div class=\"elementor-counter\">\n\t\t\t<div class=\"elementor-counter-title\">Words within the guide<\/div>\t\t\t<div class=\"elementor-counter-number-wrapper\">\n\t\t\t\t<span class=\"elementor-counter-number-prefix\">+<\/span>\n\t\t\t\t<span class=\"elementor-counter-number\" data-duration=\"2000\" data-to-value=\"18\" data-from-value=\"0\" data-delimiter=\",\">0<\/span>\n\t\t\t\t<span class=\"elementor-counter-number-suffix\">k<\/span>\n\t\t\t<\/div>\n\t\t<\/div>\n\t\t\t\t\t\t<\/div>\n\t\t\t\t<\/div>\n\t\t\t\t<div class=\"elementor-element elementor-element-f53ba5a elementor-widget elementor-widget-counter\" data-id=\"f53ba5a\" data-element_type=\"widget\" data-widget_type=\"counter.default\">\n\t\t\t\t<div class=\"elementor-widget-container\">\n\t\t\t\t\t\t\t<div class=\"elementor-counter\">\n\t\t\t<div class=\"elementor-counter-title\">Production weeks<\/div>\t\t\t<div class=\"elementor-counter-number-wrapper\">\n\t\t\t\t<span class=\"elementor-counter-number-prefix\"><\/span>\n\t\t\t\t<span class=\"elementor-counter-number\" data-duration=\"2000\" data-to-value=\"3\" data-from-value=\"0\" data-delimiter=\",\">0<\/span>\n\t\t\t\t<span class=\"elementor-counter-number-suffix\"><\/span>\n\t\t\t<\/div>\n\t\t<\/div>\n\t\t\t\t\t\t<\/div>\n\t\t\t\t<\/div>\n\t\t\t\t\t<\/div>\n\t\t\t\t<\/div>\n\t\t<div class=\"elementor-element elementor-element-131c7421 e-flex e-con-boxed e-con e-parent\" data-id=\"131c7421\" data-element_type=\"container\">\n\t\t\t\t\t<div class=\"e-con-inner\">\n\t\t<div class=\"elementor-element elementor-element-47f4068f e-con-full e-transform e-flex e-con e-child\" data-id=\"47f4068f\" data-element_type=\"container\" data-settings=\"{&quot;background_background&quot;:&quot;classic&quot;,&quot;_transform_translateY_effect&quot;:{&quot;unit&quot;:&quot;px&quot;,&quot;size&quot;:20,&quot;sizes&quot;:[]},&quot;_transform_translateX_effect&quot;:{&quot;unit&quot;:&quot;px&quot;,&quot;size&quot;:&quot;&quot;,&quot;sizes&quot;:[]},&quot;_transform_translateX_effect_tablet&quot;:{&quot;unit&quot;:&quot;px&quot;,&quot;size&quot;:&quot;&quot;,&quot;sizes&quot;:[]},&quot;_transform_translateX_effect_mobile&quot;:{&quot;unit&quot;:&quot;px&quot;,&quot;size&quot;:&quot;&quot;,&quot;sizes&quot;:[]},&quot;_transform_translateY_effect_tablet&quot;:{&quot;unit&quot;:&quot;px&quot;,&quot;size&quot;:&quot;&quot;,&quot;sizes&quot;:[]},&quot;_transform_translateY_effect_mobile&quot;:{&quot;unit&quot;:&quot;px&quot;,&quot;size&quot;:&quot;&quot;,&quot;sizes&quot;:[]}}\">\n\t\t\t\t<div class=\"elementor-element elementor-element-77b25b18 elementor-widget elementor-widget-heading\" data-id=\"77b25b18\" data-element_type=\"widget\" data-widget_type=\"heading.default\">\n\t\t\t\t<div class=\"elementor-widget-container\">\n\t\t\t\t\t<h2 class=\"elementor-heading-title elementor-size-default\">Writing a guide on Hell Is Us for Nacon<\/h2>\t\t\t\t<\/div>\n\t\t\t\t<\/div>\n\t\t\t\t<\/div>\n\t\t<div class=\"elementor-element elementor-element-19b7ce55 e-con-full e-flex e-con e-child\" data-id=\"19b7ce55\" data-element_type=\"container\">\n\t\t\t\t<div class=\"elementor-element elementor-element-411d36a6 elementor-widget elementor-widget-heading\" data-id=\"411d36a6\" data-element_type=\"widget\" data-widget_type=\"heading.default\">\n\t\t\t\t<div class=\"elementor-widget-container\">\n\t\t\t\t\t<h3 class=\"elementor-heading-title elementor-size-default\">Who is Nacon ?<\/h3>\t\t\t\t<\/div>\n\t\t\t\t<\/div>\n\t\t\t\t<div class=\"elementor-element elementor-element-2df8fa65 elementor-widget elementor-widget-text-editor\" data-id=\"2df8fa65\" data-element_type=\"widget\" data-widget_type=\"text-editor.default\">\n\t\t\t\t<div class=\"elementor-widget-container\">\n\t\t\t\t\t\t\t\t\t<p>Nacon is a brand renowned in the video game industry for its high-quality accessories and innovative gaming peripherals. It also develops and publishes its own games.<\/p>\t\t\t\t\t\t\t\t<\/div>\n\t\t\t\t<\/div>\n\t\t\t\t<div class=\"elementor-element elementor-element-1478c89f elementor-widget elementor-widget-heading\" data-id=\"1478c89f\" data-element_type=\"widget\" data-widget_type=\"heading.default\">\n\t\t\t\t<div class=\"elementor-widget-container\">\n\t\t\t\t\t<h3 class=\"elementor-heading-title elementor-size-default\">What were our missions?<\/h3>\t\t\t\t<\/div>\n\t\t\t\t<\/div>\n\t\t\t\t<div class=\"elementor-element elementor-element-4f147844 elementor-widget elementor-widget-text-editor\" data-id=\"4f147844\" data-element_type=\"widget\" data-widget_type=\"text-editor.default\">\n\t\t\t\t<div class=\"elementor-widget-container\">\n\t\t\t\t\t\t\t\t\t<p>Breakflip assisted <strong>Nacon<\/strong> in writing a <strong>comprehensive guide<\/strong> to the game <strong>Hell Is Us<\/strong>\u00a0for the <strong>media<\/strong>, <strong>journalists<\/strong> and<strong> content creators<\/strong>.<\/p><p>The aim was to provide a comprehensive guide containing <strong>all the information on the various elements of the game<\/strong> (quests, NPCs, monsters, weapons, skills, etc.) in order to <strong>best support<\/strong> journalists and content creators in their <strong>experience of the game<\/strong>.<\/p><p>The guide includes:<\/p><ul><li>A c<strong>omprehensive review<\/strong> of the game.<\/li><li><strong>Information<\/strong> and <strong>images<\/strong> taken from the game.<\/li><li>The <strong>writing<\/strong> and <strong>layout<\/strong> of the guide presenting the <strong>game<\/strong> and its <strong>mechanics<\/strong>.<\/li><\/ul>\t\t\t\t\t\t\t\t<\/div>\n\t\t\t\t<\/div>\n\t\t\t\t<div class=\"elementor-element elementor-element-66800c46 elementor-widget elementor-widget-heading\" data-id=\"66800c46\" data-element_type=\"widget\" data-widget_type=\"heading.default\">\n\t\t\t\t<div class=\"elementor-widget-container\">\n\t\t\t\t\t<h3 class=\"elementor-heading-title elementor-size-default\">Key takeaways<\/h3>\t\t\t\t<\/div>\n\t\t\t\t<\/div>\n\t\t\t\t<div class=\"elementor-element elementor-element-4d52a7df elementor-widget elementor-widget-text-editor\" data-id=\"4d52a7df\" data-element_type=\"widget\" data-widget_type=\"text-editor.default\">\n\t\t\t\t<div class=\"elementor-widget-container\">\n\t\t\t\t\t\t\t\t\t<ul><li>The guide was <strong>shared with all media<\/strong> outlets, <strong>content creators<\/strong> and <strong>journalists<\/strong> who received the press release, <strong>worldwide<\/strong>.<\/li><li>The guide comprises more than <strong>330 pages<\/strong>, containing <strong>18,000 words<\/strong>.<\/li><li>It was produced quickly on only <strong>three weeks<\/strong>.<\/li><\/ul>\t\t\t\t\t\t\t\t<\/div>\n\t\t\t\t<\/div>\n\t\t\t\t<\/div>\n\t\t\t\t\t<\/div>\n\t\t\t\t<\/div>\n\t\t<div class=\"elementor-element elementor-element-6ac3cb7c e-flex e-con-boxed e-con e-parent\" data-id=\"6ac3cb7c\" data-element_type=\"container\" data-settings=\"{&quot;background_background&quot;:&quot;classic&quot;}\">\n\t\t\t\t\t<div class=\"e-con-inner\">\n\t\t\t\t<div class=\"elementor-element elementor-element-7af82755 elementor-widget elementor-widget-heading\" data-id=\"7af82755\" data-element_type=\"widget\" data-widget_type=\"heading.default\">\n\t\t\t\t<div class=\"elementor-widget-container\">\n\t\t\t\t\t<h2 class=\"elementor-heading-title elementor-size-default\">Need visibility?<\/h2>\t\t\t\t<\/div>\n\t\t\t\t<\/div>\n\t\t\t\t<div class=\"elementor-element elementor-element-63a0edf2 elementor-widget elementor-widget-text-editor\" data-id=\"63a0edf2\" data-element_type=\"widget\" data-widget_type=\"text-editor.default\">\n\t\t\t\t<div class=\"elementor-widget-container\">\n\t\t\t\t\t\t\t\t\t<p>Let&#8217;s discuss it during a call!<\/p>\t\t\t\t\t\t\t\t<\/div>\n\t\t\t\t<\/div>\n\t\t\t\t<div class=\"elementor-element elementor-element-3e271392 elementor-align-center elementor-widget elementor-widget-button\" data-id=\"3e271392\" data-element_type=\"widget\" data-widget_type=\"button.default\">\n\t\t\t\t<div class=\"elementor-widget-container\">\n\t\t\t\t\t\t\t\t\t<div class=\"elementor-button-wrapper\">\n\t\t\t\t\t<a class=\"elementor-button elementor-button-link elementor-size-sm\" href=\"https:\/\/agence.breakflip.com\/contact\/\">\n\t\t\t\t\t\t<span class=\"elementor-button-content-wrapper\">\n\t\t\t\t\t\t<span class=\"elementor-button-icon\">\n\t\t\t\t<svg aria-hidden=\"true\" class=\"e-font-icon-svg e-far-envelope\" viewBox=\"0 0 512 512\" xmlns=\"http:\/\/www.w3.org\/2000\/svg\"><path d=\"M464 64H48C21.49 64 0 85.49 0 112v288c0 26.51 21.49 48 48 48h416c26.51 0 48-21.49 48-48V112c0-26.51-21.49-48-48-48zm0 48v40.805c-22.422 18.259-58.168 46.651-134.587 106.49-16.841 13.247-50.201 45.072-73.413 44.701-23.208.375-56.579-31.459-73.413-44.701C106.18 199.465 70.425 171.067 48 152.805V112h416zM48 400V214.398c22.914 18.251 55.409 43.862 104.938 82.646 21.857 17.205 60.134 55.186 103.062 54.955 42.717.231 80.509-37.199 103.053-54.947 49.528-38.783 82.032-64.401 104.947-82.653V400H48z\"><\/path><\/svg>\t\t\t<\/span>\n\t\t\t\t\t\t\t\t\t<span class=\"elementor-button-text\">Contact Us<\/span>\n\t\t\t\t\t<\/span>\n\t\t\t\t\t<\/a>\n\t\t\t\t<\/div>\n\t\t\t\t\t\t\t\t<\/div>\n\t\t\t\t<\/div>\n\t\t\t\t\t<\/div>\n\t\t\t\t<\/div>\n\t\t<div class=\"elementor-element elementor-element-7143648d e-flex e-con-boxed e-con e-parent\" data-id=\"7143648d\" data-element_type=\"container\">\n\t\t\t\t\t<div class=\"e-con-inner\">\n\t\t\t\t<div class=\"elementor-element elementor-element-1b8fa53 elementor-widget elementor-widget-spacer\" data-id=\"1b8fa53\" data-element_type=\"widget\" data-widget_type=\"spacer.default\">\n\t\t\t\t<div class=\"elementor-widget-container\">\n\t\t\t\t\t\t\t<div class=\"elementor-spacer\">\n\t\t\t<div class=\"elementor-spacer-inner\"><\/div>\n\t\t<\/div>\n\t\t\t\t\t\t<\/div>\n\t\t\t\t<\/div>\n\t\t\t\t\t<\/div>\n\t\t\t\t<\/div>\n\t\t\t\t<\/div>\n\t\t","protected":false},"excerpt":{"rendered":"<p>Hell Is Us &#8211; Press Relation Pages written + 0 Words within the guide + 0 k Production weeks 0 Writing a guide on Hell Is Us for Nacon Who is Nacon ? Nacon is a brand renowned in the video game industry for its high-quality accessories and innovative gaming peripherals. It also develops and [&hellip;]<\/p>\n","protected":false},"author":1,"featured_media":0,"parent":2098,"menu_order":0,"comment_status":"closed","ping_status":"closed","template":"","meta":{"footnotes":""},"class_list":["post-3678","page","type-page","status-publish","hentry"],"yoast_head":"<!-- This site is optimized with the Yoast SEO plugin v26.6 - https:\/\/yoast.com\/wordpress\/plugins\/seo\/ -->\n<title>Best Case Hell Is Us \u2013 PR - Breakflip Agency<\/title>\n<meta name=\"description\" content=\"Discover how we supported Nacon in producing the guide to the game \u2018Hell Is Us\u2019 for the press and content creators.\" \/>\n<meta name=\"robots\" content=\"index, follow, max-snippet:-1, max-image-preview:large, max-video-preview:-1\" \/>\n<link rel=\"canonical\" href=\"https:\/\/agence.breakflip.com\/en\/our-projects\/best-case-hell-is-us-pr\/\" \/>\n<meta property=\"og:locale\" content=\"en_US\" \/>\n<meta property=\"og:type\" content=\"article\" \/>\n<meta property=\"og:title\" content=\"Best Case Hell Is Us \u2013 PR - Breakflip Agency\" \/>\n<meta property=\"og:description\" content=\"Discover how we supported Nacon in producing the guide to the game \u2018Hell Is Us\u2019 for the press and content creators.\" \/>\n<meta property=\"og:url\" content=\"https:\/\/agence.breakflip.com\/en\/our-projects\/best-case-hell-is-us-pr\/\" \/>\n<meta property=\"og:site_name\" content=\"Breakflip Agency\" \/>\n<meta property=\"article:modified_time\" content=\"2025-09-16T15:03:04+00:00\" \/>\n<meta name=\"twitter:card\" content=\"summary_large_image\" \/>\n<meta name=\"twitter:site\" content=\"@BreakflipFR\" \/>\n<meta name=\"twitter:label1\" content=\"Est. reading time\" \/>\n\t<meta name=\"twitter:data1\" content=\"2 minutes\" \/>\n<script type=\"application\/ld+json\" class=\"yoast-schema-graph\">{\"@context\":\"https:\/\/schema.org\",\"@graph\":[{\"@type\":\"WebPage\",\"@id\":\"https:\/\/agence.breakflip.com\/en\/our-projects\/best-case-hell-is-us-pr\/\",\"url\":\"https:\/\/agence.breakflip.com\/en\/our-projects\/best-case-hell-is-us-pr\/\",\"name\":\"Best Case Hell Is Us \u2013 PR - Breakflip Agency\",\"isPartOf\":{\"@id\":\"https:\/\/agence.breakflip.com\/en\/#website\"},\"datePublished\":\"2025-09-12T12:28:47+00:00\",\"dateModified\":\"2025-09-16T15:03:04+00:00\",\"description\":\"Discover how we supported Nacon in producing the guide to the game \u2018Hell Is Us\u2019 for the press and content creators.\",\"breadcrumb\":{\"@id\":\"https:\/\/agence.breakflip.com\/en\/our-projects\/best-case-hell-is-us-pr\/#breadcrumb\"},\"inLanguage\":\"en-US\",\"potentialAction\":[{\"@type\":\"ReadAction\",\"target\":[\"https:\/\/agence.breakflip.com\/en\/our-projects\/best-case-hell-is-us-pr\/\"]}]},{\"@type\":\"BreadcrumbList\",\"@id\":\"https:\/\/agence.breakflip.com\/en\/our-projects\/best-case-hell-is-us-pr\/#breadcrumb\",\"itemListElement\":[{\"@type\":\"ListItem\",\"position\":1,\"name\":\"Accueil\",\"item\":\"https:\/\/agence.breakflip.com\/en\/\"},{\"@type\":\"ListItem\",\"position\":2,\"name\":\"Our Projects\",\"item\":\"https:\/\/agence.breakflip.com\/en\/unsere-projekte\/\"},{\"@type\":\"ListItem\",\"position\":3,\"name\":\"Best Case Hell Is Us \u2013 PR\"}]},{\"@type\":\"WebSite\",\"@id\":\"https:\/\/agence.breakflip.com\/en\/#website\",\"url\":\"https:\/\/agence.breakflip.com\/en\/\",\"name\":\"Breakflip Agency\",\"description\":\"D\u00e9couvrez le travail de l&#039;agence Breakflip et faite lui confiance dans l&#039;\u00e9laboration de vos projets marketing, communication et \u00e9v\u00e8nementiel.\",\"publisher\":{\"@id\":\"https:\/\/agence.breakflip.com\/en\/#organization\"},\"potentialAction\":[{\"@type\":\"SearchAction\",\"target\":{\"@type\":\"EntryPoint\",\"urlTemplate\":\"https:\/\/agence.breakflip.com\/en\/?s={search_term_string}\"},\"query-input\":{\"@type\":\"PropertyValueSpecification\",\"valueRequired\":true,\"valueName\":\"search_term_string\"}}],\"inLanguage\":\"en-US\"},{\"@type\":\"Organization\",\"@id\":\"https:\/\/agence.breakflip.com\/en\/#organization\",\"name\":\"Breakflip Agency\",\"url\":\"https:\/\/agence.breakflip.com\/en\/\",\"logo\":{\"@type\":\"ImageObject\",\"inLanguage\":\"en-US\",\"@id\":\"https:\/\/agence.breakflip.com\/en\/#\/schema\/logo\/image\/\",\"url\":\"\/wp-content\/uploads\/2024\/07\/Logo-Breakflip-site-300px-100px-1.png\",\"contentUrl\":\"\/wp-content\/uploads\/2024\/07\/Logo-Breakflip-site-300px-100px-1.png\",\"width\":350,\"height\":100,\"caption\":\"Breakflip Agency\"},\"image\":{\"@id\":\"https:\/\/agence.breakflip.com\/en\/#\/schema\/logo\/image\/\"},\"sameAs\":[\"https:\/\/x.com\/BreakflipFR\",\"https:\/\/www.tiktok.com\/@breakflip\",\"https:\/\/www.instagram.com\/breakflip\/?hl=fr\",\"https:\/\/www.linkedin.com\/company\/breakflip\/\"]}]}<\/script>\n<!-- \/ Yoast SEO plugin. -->","yoast_head_json":{"title":"Best Case Hell Is Us \u2013 PR - Breakflip Agency","description":"Discover how we supported Nacon in producing the guide to the game \u2018Hell Is Us\u2019 for the press and content creators.","robots":{"index":"index","follow":"follow","max-snippet":"max-snippet:-1","max-image-preview":"max-image-preview:large","max-video-preview":"max-video-preview:-1"},"canonical":"https:\/\/agence.breakflip.com\/en\/our-projects\/best-case-hell-is-us-pr\/","og_locale":"en_US","og_type":"article","og_title":"Best Case Hell Is Us \u2013 PR - Breakflip Agency","og_description":"Discover how we supported Nacon in producing the guide to the game \u2018Hell Is Us\u2019 for the press and content creators.","og_url":"https:\/\/agence.breakflip.com\/en\/our-projects\/best-case-hell-is-us-pr\/","og_site_name":"Breakflip Agency","article_modified_time":"2025-09-16T15:03:04+00:00","twitter_card":"summary_large_image","twitter_site":"@BreakflipFR","twitter_misc":{"Est. reading time":"2 minutes"},"schema":{"@context":"https:\/\/schema.org","@graph":[{"@type":"WebPage","@id":"https:\/\/agence.breakflip.com\/en\/our-projects\/best-case-hell-is-us-pr\/","url":"https:\/\/agence.breakflip.com\/en\/our-projects\/best-case-hell-is-us-pr\/","name":"Best Case Hell Is Us \u2013 PR - Breakflip Agency","isPartOf":{"@id":"https:\/\/agence.breakflip.com\/en\/#website"},"datePublished":"2025-09-12T12:28:47+00:00","dateModified":"2025-09-16T15:03:04+00:00","description":"Discover how we supported Nacon in producing the guide to the game \u2018Hell Is Us\u2019 for the press and content creators.","breadcrumb":{"@id":"https:\/\/agence.breakflip.com\/en\/our-projects\/best-case-hell-is-us-pr\/#breadcrumb"},"inLanguage":"en-US","potentialAction":[{"@type":"ReadAction","target":["https:\/\/agence.breakflip.com\/en\/our-projects\/best-case-hell-is-us-pr\/"]}]},{"@type":"BreadcrumbList","@id":"https:\/\/agence.breakflip.com\/en\/our-projects\/best-case-hell-is-us-pr\/#breadcrumb","itemListElement":[{"@type":"ListItem","position":1,"name":"Accueil","item":"https:\/\/agence.breakflip.com\/en\/"},{"@type":"ListItem","position":2,"name":"Our Projects","item":"https:\/\/agence.breakflip.com\/en\/unsere-projekte\/"},{"@type":"ListItem","position":3,"name":"Best Case Hell Is Us \u2013 PR"}]},{"@type":"WebSite","@id":"https:\/\/agence.breakflip.com\/en\/#website","url":"https:\/\/agence.breakflip.com\/en\/","name":"Breakflip Agency","description":"D\u00e9couvrez le travail de l&#039;agence Breakflip et faite lui confiance dans l&#039;\u00e9laboration de vos projets marketing, communication et \u00e9v\u00e8nementiel.","publisher":{"@id":"https:\/\/agence.breakflip.com\/en\/#organization"},"potentialAction":[{"@type":"SearchAction","target":{"@type":"EntryPoint","urlTemplate":"https:\/\/agence.breakflip.com\/en\/?s={search_term_string}"},"query-input":{"@type":"PropertyValueSpecification","valueRequired":true,"valueName":"search_term_string"}}],"inLanguage":"en-US"},{"@type":"Organization","@id":"https:\/\/agence.breakflip.com\/en\/#organization","name":"Breakflip Agency","url":"https:\/\/agence.breakflip.com\/en\/","logo":{"@type":"ImageObject","inLanguage":"en-US","@id":"https:\/\/agence.breakflip.com\/en\/#\/schema\/logo\/image\/","url":"\/wp-content\/uploads\/2024\/07\/Logo-Breakflip-site-300px-100px-1.png","contentUrl":"\/wp-content\/uploads\/2024\/07\/Logo-Breakflip-site-300px-100px-1.png","width":350,"height":100,"caption":"Breakflip Agency"},"image":{"@id":"https:\/\/agence.breakflip.com\/en\/#\/schema\/logo\/image\/"},"sameAs":["https:\/\/x.com\/BreakflipFR","https:\/\/www.tiktok.com\/@breakflip","https:\/\/www.instagram.com\/breakflip\/?hl=fr","https:\/\/www.linkedin.com\/company\/breakflip\/"]}]}},"_links":{"self":[{"href":"https:\/\/agence.breakflip.com\/en\/wp-json\/wp\/v2\/pages\/3678","targetHints":{"allow":["GET"]}}],"collection":[{"href":"https:\/\/agence.breakflip.com\/en\/wp-json\/wp\/v2\/pages"}],"about":[{"href":"https:\/\/agence.breakflip.com\/en\/wp-json\/wp\/v2\/types\/page"}],"author":[{"embeddable":true,"href":"https:\/\/agence.breakflip.com\/en\/wp-json\/wp\/v2\/users\/1"}],"replies":[{"embeddable":true,"href":"https:\/\/agence.breakflip.com\/en\/wp-json\/wp\/v2\/comments?post=3678"}],"version-history":[{"count":8,"href":"https:\/\/agence.breakflip.com\/en\/wp-json\/wp\/v2\/pages\/3678\/revisions"}],"predecessor-version":[{"id":3736,"href":"https:\/\/agence.breakflip.com\/en\/wp-json\/wp\/v2\/pages\/3678\/revisions\/3736"}],"up":[{"embeddable":true,"href":"https:\/\/agence.breakflip.com\/en\/wp-json\/wp\/v2\/pages\/2098"}],"wp:attachment":[{"href":"https:\/\/agence.breakflip.com\/en\/wp-json\/wp\/v2\/media?parent=3678"}],"curies":[{"name":"wp","href":"https:\/\/api.w.org\/{rel}","templated":true}]}}