{"id":2252,"date":"2024-09-23T15:46:28","date_gmt":"2024-09-23T13:46:28","guid":{"rendered":"https:\/\/agence.breakflip.com\/?page_id=2252"},"modified":"2024-11-12T17:28:06","modified_gmt":"2024-11-12T16:28:06","slug":"best-case-razer-influencer-marketing","status":"publish","type":"page","link":"https:\/\/agence.breakflip.com\/en\/our-projects\/best-case-razer-influencer-marketing\/","title":{"rendered":"Best Case Razer \u2013 Influencer Marketing"},"content":{"rendered":"\t\t<div data-elementor-type=\"wp-page\" data-elementor-id=\"2252\" class=\"elementor elementor-2252\" data-elementor-post-type=\"page\">\n\t\t\t\t<div class=\"elementor-element elementor-element-4dbb07b2 e-flex e-con-boxed e-con e-parent\" data-id=\"4dbb07b2\" data-element_type=\"container\">\n\t\t\t\t\t<div class=\"e-con-inner\">\n\t\t\t\t<div class=\"elementor-element elementor-element-6b833ab1 elementor-widget elementor-widget-heading\" data-id=\"6b833ab1\" data-element_type=\"widget\" data-widget_type=\"heading.default\">\n\t\t\t\t<div class=\"elementor-widget-container\">\n\t\t\t\t\t<h1 class=\"elementor-heading-title elementor-size-default\">RAZER - Influencer marketing<\/h1>\t\t\t\t<\/div>\n\t\t\t\t<\/div>\n\t\t\t\t\t<\/div>\n\t\t\t\t<\/div>\n\t\t<div class=\"elementor-element elementor-element-70b3c585 e-flex e-con-boxed e-con e-parent\" data-id=\"70b3c585\" data-element_type=\"container\">\n\t\t\t\t\t<div class=\"e-con-inner\">\n\t\t\t\t<div class=\"elementor-element elementor-element-76fa998c elementor-skin-carousel elementor-arrows-yes elementor-pagination-type-bullets elementor-pagination-position-outside elementor-widget elementor-widget-media-carousel\" data-id=\"76fa998c\" data-element_type=\"widget\" data-settings=\"{&quot;slides_per_view&quot;:&quot;3&quot;,&quot;slides_to_scroll&quot;:&quot;1&quot;,&quot;space_between&quot;:{&quot;unit&quot;:&quot;px&quot;,&quot;size&quot;:20,&quot;sizes&quot;:[]},&quot;skin&quot;:&quot;carousel&quot;,&quot;effect&quot;:&quot;slide&quot;,&quot;show_arrows&quot;:&quot;yes&quot;,&quot;pagination&quot;:&quot;bullets&quot;,&quot;speed&quot;:500,&quot;space_between_tablet&quot;:{&quot;unit&quot;:&quot;px&quot;,&quot;size&quot;:10,&quot;sizes&quot;:[]},&quot;space_between_mobile&quot;:{&quot;unit&quot;:&quot;px&quot;,&quot;size&quot;:10,&quot;sizes&quot;:[]}}\" data-widget_type=\"media-carousel.default\">\n\t\t\t\t<div class=\"elementor-widget-container\">\n\t\t\t\t\t\t\t\t\t<div class=\"elementor-swiper\">\n\t\t\t\t\t<div class=\"elementor-main-swiper swiper\" role=\"region\" aria-roledescription=\"carousel\" aria-label=\"Slides\">\n\t\t\t\t<div class=\"swiper-wrapper\">\n\t\t\t\t\t\t\t\t\t\t\t<div class=\"swiper-slide\" role=\"group\" aria-roledescription=\"slide\">\n\t\t\t\t\t\t\t\t\t<div class=\"elementor-carousel-image\" role=\"img\" aria-label=\"Best-case-razer-influence-EN-0\" style=\"background-image: url(&#039;\/wp-content\/uploads\/2024\/11\/Best-case-razer-influence-EN-0.jpg&#039;)\">\n\n\t\t\t\n\t\t\t\t\t<\/div>\n\t\t\t\t\t\t\t\t<\/div>\n\t\t\t\t\t\t\t\t\t\t\t<div class=\"swiper-slide\" role=\"group\" aria-roledescription=\"slide\">\n\t\t\t\t\t\t\t\t\t<div class=\"elementor-carousel-image\" role=\"img\" aria-label=\"Best-case-razer-CM-EN-2\" style=\"background-image: url(&#039;\/wp-content\/uploads\/2024\/11\/Best-case-razer-CM-EN-2.jpg&#039;)\">\n\n\t\t\t\n\t\t\t\t\t<\/div>\n\t\t\t\t\t\t\t\t<\/div>\n\t\t\t\t\t\t\t\t\t\t\t<div class=\"swiper-slide\" role=\"group\" aria-roledescription=\"slide\">\n\t\t\t\t\t\t\t\t\t<div class=\"elementor-carousel-image\" role=\"img\" aria-label=\"Best-case-razer-influence-EN-3\" style=\"background-image: url(&#039;\/wp-content\/uploads\/2024\/11\/Best-case-razer-influence-EN-3.jpg&#039;)\">\n\n\t\t\t\n\t\t\t\t\t<\/div>\n\t\t\t\t\t\t\t\t<\/div>\n\t\t\t\t\t\t\t\t\t\t\t<div class=\"swiper-slide\" role=\"group\" aria-roledescription=\"slide\">\n\t\t\t\t\t\t\t\t\t<div class=\"elementor-carousel-image\" role=\"img\" aria-label=\"Best-case-razer-influence-EN-4\" style=\"background-image: url(&#039;\/wp-content\/uploads\/2024\/11\/Best-case-razer-influence-EN-4.jpg&#039;)\">\n\n\t\t\t\n\t\t\t\t\t<\/div>\n\t\t\t\t\t\t\t\t<\/div>\n\t\t\t\t\t\t\t\t\t\t\t<div class=\"swiper-slide\" role=\"group\" aria-roledescription=\"slide\">\n\t\t\t\t\t\t\t\t\t<div class=\"elementor-carousel-image\" role=\"img\" aria-label=\"Best-case-razer-influence-EN-5\" style=\"background-image: url(&#039;\/wp-content\/uploads\/2024\/11\/Best-case-razer-influence-EN-5.jpg&#039;)\">\n\n\t\t\t\n\t\t\t\t\t<\/div>\n\t\t\t\t\t\t\t\t<\/div>\n\t\t\t\t\t\t\t\t\t\t\t<div class=\"swiper-slide\" role=\"group\" aria-roledescription=\"slide\">\n\t\t\t\t\t\t\t\t\t<div class=\"elementor-carousel-image\" role=\"img\" aria-label=\"Best-case-razer-influence-EN-6\" style=\"background-image: url(&#039;\/wp-content\/uploads\/2024\/11\/Best-case-razer-influence-EN-6.jpg&#039;)\">\n\n\t\t\t\n\t\t\t\t\t<\/div>\n\t\t\t\t\t\t\t\t<\/div>\n\t\t\t\t\t\t\t\t\t<\/div>\n\t\t\t\t\t\t\t\t\t\t\t\t\t\t\t<div class=\"elementor-swiper-button elementor-swiper-button-prev\" role=\"button\" tabindex=\"0\" aria-label=\"Previous\">\n\t\t\t\t\t\t\t<svg aria-hidden=\"true\" class=\"e-font-icon-svg e-eicon-chevron-left\" viewBox=\"0 0 1000 1000\" xmlns=\"http:\/\/www.w3.org\/2000\/svg\"><path d=\"M646 125C629 125 613 133 604 142L308 442C296 454 292 471 292 487 292 504 296 521 308 533L604 854C617 867 629 875 646 875 663 875 679 871 692 858 704 846 713 829 713 812 713 796 708 779 692 767L438 487 692 225C700 217 708 204 708 187 708 171 704 154 692 142 675 129 663 125 646 125Z\"><\/path><\/svg>\t\t\t\t\t\t<\/div>\n\t\t\t\t\t\t<div class=\"elementor-swiper-button elementor-swiper-button-next\" role=\"button\" tabindex=\"0\" aria-label=\"Next\">\n\t\t\t\t\t\t\t<svg aria-hidden=\"true\" class=\"e-font-icon-svg e-eicon-chevron-right\" viewBox=\"0 0 1000 1000\" xmlns=\"http:\/\/www.w3.org\/2000\/svg\"><path d=\"M696 533C708 521 713 504 713 487 713 471 708 454 696 446L400 146C388 133 375 125 354 125 338 125 325 129 313 142 300 154 292 171 292 187 292 204 296 221 308 233L563 492 304 771C292 783 288 800 288 817 288 833 296 850 308 863 321 871 338 875 354 875 371 875 388 867 400 854L696 533Z\"><\/path><\/svg>\t\t\t\t\t\t<\/div>\n\t\t\t\t\t\t\t\t\t\t\t\t\t\t\t\t<div class=\"swiper-pagination\"><\/div>\n\t\t\t\t\t\t\t\t\t\t\t\t<\/div>\n\t\t\t\t<\/div>\n\t\t\t\t\t\t\t\t<\/div>\n\t\t\t\t<\/div>\n\t\t\t\t\t<\/div>\n\t\t\t\t<\/div>\n\t\t<div class=\"elementor-element elementor-element-66d47763 e-flex e-con-boxed e-con e-parent\" data-id=\"66d47763\" data-element_type=\"container\" data-settings=\"{&quot;background_background&quot;:&quot;classic&quot;}\">\n\t\t\t\t\t<div class=\"e-con-inner\">\n\t\t\t\t<div class=\"elementor-element elementor-element-6b65e712 elementor-widget elementor-widget-heading\" data-id=\"6b65e712\" data-element_type=\"widget\" data-widget_type=\"heading.default\">\n\t\t\t\t<div class=\"elementor-widget-container\">\n\t\t\t\t\t<h2 class=\"elementor-heading-title elementor-size-default\">Need Visibility?<\/h2>\t\t\t\t<\/div>\n\t\t\t\t<\/div>\n\t\t\t\t<div class=\"elementor-element elementor-element-218d8d4b elementor-widget elementor-widget-text-editor\" data-id=\"218d8d4b\" data-element_type=\"widget\" data-widget_type=\"text-editor.default\">\n\t\t\t\t<div class=\"elementor-widget-container\">\n\t\t\t\t\t\t\t\t\t<p>We can discuss it during a call.<\/p>\t\t\t\t\t\t\t\t<\/div>\n\t\t\t\t<\/div>\n\t\t\t\t<div class=\"elementor-element elementor-element-31c33320 elementor-align-center elementor-widget elementor-widget-button\" data-id=\"31c33320\" data-element_type=\"widget\" data-widget_type=\"button.default\">\n\t\t\t\t<div class=\"elementor-widget-container\">\n\t\t\t\t\t\t\t\t\t<div class=\"elementor-button-wrapper\">\n\t\t\t\t\t<a class=\"elementor-button elementor-button-link elementor-size-sm\" href=\"https:\/\/agence.breakflip.com\/en\/contact\/\">\n\t\t\t\t\t\t<span class=\"elementor-button-content-wrapper\">\n\t\t\t\t\t\t<span class=\"elementor-button-icon\">\n\t\t\t\t<svg aria-hidden=\"true\" class=\"e-font-icon-svg e-far-envelope\" viewBox=\"0 0 512 512\" xmlns=\"http:\/\/www.w3.org\/2000\/svg\"><path d=\"M464 64H48C21.49 64 0 85.49 0 112v288c0 26.51 21.49 48 48 48h416c26.51 0 48-21.49 48-48V112c0-26.51-21.49-48-48-48zm0 48v40.805c-22.422 18.259-58.168 46.651-134.587 106.49-16.841 13.247-50.201 45.072-73.413 44.701-23.208.375-56.579-31.459-73.413-44.701C106.18 199.465 70.425 171.067 48 152.805V112h416zM48 400V214.398c22.914 18.251 55.409 43.862 104.938 82.646 21.857 17.205 60.134 55.186 103.062 54.955 42.717.231 80.509-37.199 103.053-54.947 49.528-38.783 82.032-64.401 104.947-82.653V400H48z\"><\/path><\/svg>\t\t\t<\/span>\n\t\t\t\t\t\t\t\t\t<span class=\"elementor-button-text\">Contact Us<\/span>\n\t\t\t\t\t<\/span>\n\t\t\t\t\t<\/a>\n\t\t\t\t<\/div>\n\t\t\t\t\t\t\t\t<\/div>\n\t\t\t\t<\/div>\n\t\t\t\t\t<\/div>\n\t\t\t\t<\/div>\n\t\t<div class=\"elementor-element elementor-element-44fda18f e-flex e-con-boxed e-con e-parent\" data-id=\"44fda18f\" data-element_type=\"container\">\n\t\t\t\t\t<div class=\"e-con-inner\">\n\t\t<div class=\"elementor-element elementor-element-876cc68 e-con-full e-transform e-flex e-con e-child\" data-id=\"876cc68\" data-element_type=\"container\" data-settings=\"{&quot;background_background&quot;:&quot;classic&quot;,&quot;_transform_translateY_effect&quot;:{&quot;unit&quot;:&quot;px&quot;,&quot;size&quot;:25,&quot;sizes&quot;:[]},&quot;_transform_translateX_effect&quot;:{&quot;unit&quot;:&quot;px&quot;,&quot;size&quot;:&quot;&quot;,&quot;sizes&quot;:[]},&quot;_transform_translateX_effect_tablet&quot;:{&quot;unit&quot;:&quot;px&quot;,&quot;size&quot;:&quot;&quot;,&quot;sizes&quot;:[]},&quot;_transform_translateX_effect_mobile&quot;:{&quot;unit&quot;:&quot;px&quot;,&quot;size&quot;:&quot;&quot;,&quot;sizes&quot;:[]},&quot;_transform_translateY_effect_tablet&quot;:{&quot;unit&quot;:&quot;px&quot;,&quot;size&quot;:&quot;&quot;,&quot;sizes&quot;:[]},&quot;_transform_translateY_effect_mobile&quot;:{&quot;unit&quot;:&quot;px&quot;,&quot;size&quot;:&quot;&quot;,&quot;sizes&quot;:[]}}\">\n\t\t\t\t<div class=\"elementor-element elementor-element-5ebef732 elementor-widget elementor-widget-heading\" data-id=\"5ebef732\" data-element_type=\"widget\" data-widget_type=\"heading.default\">\n\t\t\t\t<div class=\"elementor-widget-container\">\n\t\t\t\t\t<h2 class=\"elementor-heading-title elementor-size-default\">Management of Razer France ambassadors<\/h2>\t\t\t\t<\/div>\n\t\t\t\t<\/div>\n\t\t\t\t<\/div>\n\t\t<div class=\"elementor-element elementor-element-24feb9b1 e-con-full e-flex e-con e-child\" data-id=\"24feb9b1\" data-element_type=\"container\">\n\t\t\t\t<div class=\"elementor-element elementor-element-3f2e2f9d elementor-widget elementor-widget-heading\" data-id=\"3f2e2f9d\" data-element_type=\"widget\" data-widget_type=\"heading.default\">\n\t\t\t\t<div class=\"elementor-widget-container\">\n\t\t\t\t\t<h3 class=\"elementor-heading-title elementor-size-default\">Who is RAZER ?<\/h3>\t\t\t\t<\/div>\n\t\t\t\t<\/div>\n\t\t\t\t<div class=\"elementor-element elementor-element-183c06e2 elementor-widget elementor-widget-text-editor\" data-id=\"183c06e2\" data-element_type=\"widget\" data-widget_type=\"text-editor.default\">\n\t\t\t\t<div class=\"elementor-widget-container\">\n\t\t\t\t\t\t\t\t\t<p>Razer is a globally renowned brand in the gaming peripherals industry, known for its gaming accessories and laptops specifically designed for gamers.<\/p>\t\t\t\t\t\t\t\t<\/div>\n\t\t\t\t<\/div>\n\t\t\t\t<div class=\"elementor-element elementor-element-3a5b7b4a elementor-widget elementor-widget-heading\" data-id=\"3a5b7b4a\" data-element_type=\"widget\" data-widget_type=\"heading.default\">\n\t\t\t\t<div class=\"elementor-widget-container\">\n\t\t\t\t\t<h3 class=\"elementor-heading-title elementor-size-default\">What were our missions?<\/h3>\t\t\t\t<\/div>\n\t\t\t\t<\/div>\n\t\t\t\t<div class=\"elementor-element elementor-element-1825987a elementor-widget elementor-widget-text-editor\" data-id=\"1825987a\" data-element_type=\"widget\" data-widget_type=\"text-editor.default\">\n\t\t\t\t<div class=\"elementor-widget-container\">\n\t\t\t\t\t\t\t\t\t<p>Breakflip supports Razer France in:<\/p><ul><li>Selecting <strong>partner content creators<\/strong><\/li><li><strong>Sending Razer products<\/strong> to partner content creators<\/li><li>Choosing <strong>brand ambassadors<\/strong> for a defined period<\/li><\/ul>\t\t\t\t\t\t\t\t<\/div>\n\t\t\t\t<\/div>\n\t\t\t\t<div class=\"elementor-element elementor-element-3abb1ccf elementor-widget elementor-widget-heading\" data-id=\"3abb1ccf\" data-element_type=\"widget\" data-widget_type=\"heading.default\">\n\t\t\t\t<div class=\"elementor-widget-container\">\n\t\t\t\t\t<h3 class=\"elementor-heading-title elementor-size-default\">Key takeaways:<\/h3>\t\t\t\t<\/div>\n\t\t\t\t<\/div>\n\t\t\t\t<div class=\"elementor-element elementor-element-7e2cb022 elementor-widget elementor-widget-text-editor\" data-id=\"7e2cb022\" data-element_type=\"widget\" data-widget_type=\"text-editor.default\">\n\t\t\t\t<div class=\"elementor-widget-container\">\n\t\t\t\t\t\t\t\t\t<ul><li>Selecting content creators to receive Razer products sent by us<\/li><li>Choosing brand ambassadors for Razer<\/li><\/ul>\t\t\t\t\t\t\t\t<\/div>\n\t\t\t\t<\/div>\n\t\t\t\t<\/div>\n\t\t\t\t\t<\/div>\n\t\t\t\t<\/div>\n\t\t<div class=\"elementor-element elementor-element-303ec9c3 e-flex e-con-boxed e-con e-parent\" data-id=\"303ec9c3\" data-element_type=\"container\">\n\t\t\t\t\t<div class=\"e-con-inner\">\n\t\t\t\t\t<\/div>\n\t\t\t\t<\/div>\n\t\t<div class=\"elementor-element elementor-element-508b0077 e-flex e-con-boxed e-con e-parent\" data-id=\"508b0077\" data-element_type=\"container\">\n\t\t\t\t\t<div class=\"e-con-inner\">\n\t\t\t\t<div class=\"elementor-element elementor-element-7c4bc602 elementor-widget elementor-widget-spacer\" data-id=\"7c4bc602\" data-element_type=\"widget\" data-widget_type=\"spacer.default\">\n\t\t\t\t<div class=\"elementor-widget-container\">\n\t\t\t\t\t\t\t<div class=\"elementor-spacer\">\n\t\t\t<div class=\"elementor-spacer-inner\"><\/div>\n\t\t<\/div>\n\t\t\t\t\t\t<\/div>\n\t\t\t\t<\/div>\n\t\t\t\t\t<\/div>\n\t\t\t\t<\/div>\n\t\t\t\t<\/div>\n\t\t","protected":false},"excerpt":{"rendered":"<p>RAZER &#8211; Influencer marketing Pr\u00e9c\u00e9dent Suivant Need Visibility? We can discuss it during a call. Contact Us Management of Razer France ambassadors Who is RAZER ? Razer is a globally renowned brand in the gaming peripherals industry, known for its gaming accessories and laptops specifically designed for gamers. What were our missions? Breakflip supports Razer [&hellip;]<\/p>\n","protected":false},"author":1,"featured_media":1962,"parent":2098,"menu_order":0,"comment_status":"closed","ping_status":"closed","template":"","meta":{"footnotes":""},"class_list":["post-2252","page","type-page","status-publish","has-post-thumbnail","hentry"],"yoast_head":"<!-- This site is optimized with the Yoast SEO plugin v26.6 - https:\/\/yoast.com\/wordpress\/plugins\/seo\/ -->\n<title>Best Case Razer \u2013 Influencer Marketing - Breakflip Agency<\/title>\n<meta name=\"description\" content=\"Discover how we support Razer in its influencer strategy in France.\" \/>\n<meta name=\"robots\" content=\"index, follow, max-snippet:-1, max-image-preview:large, max-video-preview:-1\" \/>\n<link rel=\"canonical\" href=\"https:\/\/agence.breakflip.com\/en\/our-projects\/best-case-razer-influencer-marketing\/\" \/>\n<meta property=\"og:locale\" content=\"en_US\" \/>\n<meta property=\"og:type\" content=\"article\" \/>\n<meta property=\"og:title\" content=\"Best Case Razer \u2013 Influencer Marketing - Breakflip Agency\" \/>\n<meta property=\"og:description\" content=\"Discover how we support Razer in its influencer strategy in France.\" \/>\n<meta property=\"og:url\" content=\"https:\/\/agence.breakflip.com\/en\/our-projects\/best-case-razer-influencer-marketing\/\" \/>\n<meta property=\"og:site_name\" content=\"Breakflip Agency\" \/>\n<meta property=\"article:modified_time\" content=\"2024-11-12T16:28:06+00:00\" \/>\n<meta property=\"og:image\" content=\"https:\/\/agence.breakflip.com\/wp-content\/uploads\/2024\/09\/front-best-case-razer-influ.webp\" \/>\n\t<meta property=\"og:image:width\" content=\"1080\" \/>\n\t<meta property=\"og:image:height\" content=\"1080\" \/>\n\t<meta property=\"og:image:type\" content=\"image\/webp\" \/>\n<meta name=\"twitter:card\" content=\"summary_large_image\" \/>\n<meta name=\"twitter:site\" content=\"@BreakflipFR\" \/>\n<meta name=\"twitter:label1\" content=\"Est. reading time\" \/>\n\t<meta name=\"twitter:data1\" content=\"1 minute\" \/>\n<script type=\"application\/ld+json\" class=\"yoast-schema-graph\">{\"@context\":\"https:\/\/schema.org\",\"@graph\":[{\"@type\":\"WebPage\",\"@id\":\"https:\/\/agence.breakflip.com\/en\/our-projects\/best-case-razer-influencer-marketing\/\",\"url\":\"https:\/\/agence.breakflip.com\/en\/our-projects\/best-case-razer-influencer-marketing\/\",\"name\":\"Best Case Razer \u2013 Influencer Marketing - Breakflip Agency\",\"isPartOf\":{\"@id\":\"https:\/\/agence.breakflip.com\/en\/#website\"},\"primaryImageOfPage\":{\"@id\":\"https:\/\/agence.breakflip.com\/en\/our-projects\/best-case-razer-influencer-marketing\/#primaryimage\"},\"image\":{\"@id\":\"https:\/\/agence.breakflip.com\/en\/our-projects\/best-case-razer-influencer-marketing\/#primaryimage\"},\"thumbnailUrl\":\"\/wp-content\/uploads\/2024\/09\/front-best-case-razer-influ.webp\",\"datePublished\":\"2024-09-23T13:46:28+00:00\",\"dateModified\":\"2024-11-12T16:28:06+00:00\",\"description\":\"Discover how we support Razer in its influencer strategy in France.\",\"breadcrumb\":{\"@id\":\"https:\/\/agence.breakflip.com\/en\/our-projects\/best-case-razer-influencer-marketing\/#breadcrumb\"},\"inLanguage\":\"en-US\",\"potentialAction\":[{\"@type\":\"ReadAction\",\"target\":[\"https:\/\/agence.breakflip.com\/en\/our-projects\/best-case-razer-influencer-marketing\/\"]}]},{\"@type\":\"ImageObject\",\"inLanguage\":\"en-US\",\"@id\":\"https:\/\/agence.breakflip.com\/en\/our-projects\/best-case-razer-influencer-marketing\/#primaryimage\",\"url\":\"\/wp-content\/uploads\/2024\/09\/front-best-case-razer-influ.webp\",\"contentUrl\":\"\/wp-content\/uploads\/2024\/09\/front-best-case-razer-influ.webp\",\"width\":1080,\"height\":1080},{\"@type\":\"BreadcrumbList\",\"@id\":\"https:\/\/agence.breakflip.com\/en\/our-projects\/best-case-razer-influencer-marketing\/#breadcrumb\",\"itemListElement\":[{\"@type\":\"ListItem\",\"position\":1,\"name\":\"Accueil\",\"item\":\"https:\/\/agence.breakflip.com\/en\/\"},{\"@type\":\"ListItem\",\"position\":2,\"name\":\"Our Projects\",\"item\":\"https:\/\/agence.breakflip.com\/en\/unsere-projekte\/\"},{\"@type\":\"ListItem\",\"position\":3,\"name\":\"Best Case Razer \u2013 Influencer Marketing\"}]},{\"@type\":\"WebSite\",\"@id\":\"https:\/\/agence.breakflip.com\/en\/#website\",\"url\":\"https:\/\/agence.breakflip.com\/en\/\",\"name\":\"Breakflip Agency\",\"description\":\"D\u00e9couvrez le travail de l&#039;agence Breakflip et faite lui confiance dans l&#039;\u00e9laboration de vos projets marketing, communication et \u00e9v\u00e8nementiel.\",\"publisher\":{\"@id\":\"https:\/\/agence.breakflip.com\/en\/#organization\"},\"potentialAction\":[{\"@type\":\"SearchAction\",\"target\":{\"@type\":\"EntryPoint\",\"urlTemplate\":\"https:\/\/agence.breakflip.com\/en\/?s={search_term_string}\"},\"query-input\":{\"@type\":\"PropertyValueSpecification\",\"valueRequired\":true,\"valueName\":\"search_term_string\"}}],\"inLanguage\":\"en-US\"},{\"@type\":\"Organization\",\"@id\":\"https:\/\/agence.breakflip.com\/en\/#organization\",\"name\":\"Breakflip Agency\",\"url\":\"https:\/\/agence.breakflip.com\/en\/\",\"logo\":{\"@type\":\"ImageObject\",\"inLanguage\":\"en-US\",\"@id\":\"https:\/\/agence.breakflip.com\/en\/#\/schema\/logo\/image\/\",\"url\":\"\/wp-content\/uploads\/2024\/07\/Logo-Breakflip-site-300px-100px-1.png\",\"contentUrl\":\"\/wp-content\/uploads\/2024\/07\/Logo-Breakflip-site-300px-100px-1.png\",\"width\":350,\"height\":100,\"caption\":\"Breakflip Agency\"},\"image\":{\"@id\":\"https:\/\/agence.breakflip.com\/en\/#\/schema\/logo\/image\/\"},\"sameAs\":[\"https:\/\/x.com\/BreakflipFR\",\"https:\/\/www.tiktok.com\/@breakflip\",\"https:\/\/www.instagram.com\/breakflip\/?hl=fr\",\"https:\/\/www.linkedin.com\/company\/breakflip\/\"]}]}<\/script>\n<!-- \/ Yoast SEO plugin. -->","yoast_head_json":{"title":"Best Case Razer \u2013 Influencer Marketing - Breakflip Agency","description":"Discover how we support Razer in its influencer strategy in France.","robots":{"index":"index","follow":"follow","max-snippet":"max-snippet:-1","max-image-preview":"max-image-preview:large","max-video-preview":"max-video-preview:-1"},"canonical":"https:\/\/agence.breakflip.com\/en\/our-projects\/best-case-razer-influencer-marketing\/","og_locale":"en_US","og_type":"article","og_title":"Best Case Razer \u2013 Influencer Marketing - Breakflip Agency","og_description":"Discover how we support Razer in its influencer strategy in France.","og_url":"https:\/\/agence.breakflip.com\/en\/our-projects\/best-case-razer-influencer-marketing\/","og_site_name":"Breakflip Agency","article_modified_time":"2024-11-12T16:28:06+00:00","og_image":[{"width":1080,"height":1080,"url":"https:\/\/agence.breakflip.com\/wp-content\/uploads\/2024\/09\/front-best-case-razer-influ.webp","type":"image\/webp"}],"twitter_card":"summary_large_image","twitter_site":"@BreakflipFR","twitter_misc":{"Est. reading time":"1 minute"},"schema":{"@context":"https:\/\/schema.org","@graph":[{"@type":"WebPage","@id":"https:\/\/agence.breakflip.com\/en\/our-projects\/best-case-razer-influencer-marketing\/","url":"https:\/\/agence.breakflip.com\/en\/our-projects\/best-case-razer-influencer-marketing\/","name":"Best Case Razer \u2013 Influencer Marketing - Breakflip Agency","isPartOf":{"@id":"https:\/\/agence.breakflip.com\/en\/#website"},"primaryImageOfPage":{"@id":"https:\/\/agence.breakflip.com\/en\/our-projects\/best-case-razer-influencer-marketing\/#primaryimage"},"image":{"@id":"https:\/\/agence.breakflip.com\/en\/our-projects\/best-case-razer-influencer-marketing\/#primaryimage"},"thumbnailUrl":"\/wp-content\/uploads\/2024\/09\/front-best-case-razer-influ.webp","datePublished":"2024-09-23T13:46:28+00:00","dateModified":"2024-11-12T16:28:06+00:00","description":"Discover how we support Razer in its influencer strategy in France.","breadcrumb":{"@id":"https:\/\/agence.breakflip.com\/en\/our-projects\/best-case-razer-influencer-marketing\/#breadcrumb"},"inLanguage":"en-US","potentialAction":[{"@type":"ReadAction","target":["https:\/\/agence.breakflip.com\/en\/our-projects\/best-case-razer-influencer-marketing\/"]}]},{"@type":"ImageObject","inLanguage":"en-US","@id":"https:\/\/agence.breakflip.com\/en\/our-projects\/best-case-razer-influencer-marketing\/#primaryimage","url":"\/wp-content\/uploads\/2024\/09\/front-best-case-razer-influ.webp","contentUrl":"\/wp-content\/uploads\/2024\/09\/front-best-case-razer-influ.webp","width":1080,"height":1080},{"@type":"BreadcrumbList","@id":"https:\/\/agence.breakflip.com\/en\/our-projects\/best-case-razer-influencer-marketing\/#breadcrumb","itemListElement":[{"@type":"ListItem","position":1,"name":"Accueil","item":"https:\/\/agence.breakflip.com\/en\/"},{"@type":"ListItem","position":2,"name":"Our Projects","item":"https:\/\/agence.breakflip.com\/en\/unsere-projekte\/"},{"@type":"ListItem","position":3,"name":"Best Case Razer \u2013 Influencer Marketing"}]},{"@type":"WebSite","@id":"https:\/\/agence.breakflip.com\/en\/#website","url":"https:\/\/agence.breakflip.com\/en\/","name":"Breakflip Agency","description":"D\u00e9couvrez le travail de l&#039;agence Breakflip et faite lui confiance dans l&#039;\u00e9laboration de vos projets marketing, communication et \u00e9v\u00e8nementiel.","publisher":{"@id":"https:\/\/agence.breakflip.com\/en\/#organization"},"potentialAction":[{"@type":"SearchAction","target":{"@type":"EntryPoint","urlTemplate":"https:\/\/agence.breakflip.com\/en\/?s={search_term_string}"},"query-input":{"@type":"PropertyValueSpecification","valueRequired":true,"valueName":"search_term_string"}}],"inLanguage":"en-US"},{"@type":"Organization","@id":"https:\/\/agence.breakflip.com\/en\/#organization","name":"Breakflip Agency","url":"https:\/\/agence.breakflip.com\/en\/","logo":{"@type":"ImageObject","inLanguage":"en-US","@id":"https:\/\/agence.breakflip.com\/en\/#\/schema\/logo\/image\/","url":"\/wp-content\/uploads\/2024\/07\/Logo-Breakflip-site-300px-100px-1.png","contentUrl":"\/wp-content\/uploads\/2024\/07\/Logo-Breakflip-site-300px-100px-1.png","width":350,"height":100,"caption":"Breakflip Agency"},"image":{"@id":"https:\/\/agence.breakflip.com\/en\/#\/schema\/logo\/image\/"},"sameAs":["https:\/\/x.com\/BreakflipFR","https:\/\/www.tiktok.com\/@breakflip","https:\/\/www.instagram.com\/breakflip\/?hl=fr","https:\/\/www.linkedin.com\/company\/breakflip\/"]}]}},"_links":{"self":[{"href":"https:\/\/agence.breakflip.com\/en\/wp-json\/wp\/v2\/pages\/2252","targetHints":{"allow":["GET"]}}],"collection":[{"href":"https:\/\/agence.breakflip.com\/en\/wp-json\/wp\/v2\/pages"}],"about":[{"href":"https:\/\/agence.breakflip.com\/en\/wp-json\/wp\/v2\/types\/page"}],"author":[{"embeddable":true,"href":"https:\/\/agence.breakflip.com\/en\/wp-json\/wp\/v2\/users\/1"}],"replies":[{"embeddable":true,"href":"https:\/\/agence.breakflip.com\/en\/wp-json\/wp\/v2\/comments?post=2252"}],"version-history":[{"count":10,"href":"https:\/\/agence.breakflip.com\/en\/wp-json\/wp\/v2\/pages\/2252\/revisions"}],"predecessor-version":[{"id":2648,"href":"https:\/\/agence.breakflip.com\/en\/wp-json\/wp\/v2\/pages\/2252\/revisions\/2648"}],"up":[{"embeddable":true,"href":"https:\/\/agence.breakflip.com\/en\/wp-json\/wp\/v2\/pages\/2098"}],"wp:featuredmedia":[{"embeddable":true,"href":"https:\/\/agence.breakflip.com\/en\/wp-json\/wp\/v2\/media\/1962"}],"wp:attachment":[{"href":"https:\/\/agence.breakflip.com\/en\/wp-json\/wp\/v2\/media?parent=2252"}],"curies":[{"name":"wp","href":"https:\/\/api.w.org\/{rel}","templated":true}]}}