{"id":2083,"date":"2024-09-23T15:49:12","date_gmt":"2024-09-23T13:49:12","guid":{"rendered":"https:\/\/agence.breakflip.com\/?page_id=2083"},"modified":"2024-11-04T15:17:41","modified_gmt":"2024-11-04T14:17:41","slug":"about-us","status":"publish","type":"page","link":"https:\/\/agence.breakflip.com\/en\/about-us\/","title":{"rendered":"About Us"},"content":{"rendered":"\t\t<div data-elementor-type=\"wp-page\" data-elementor-id=\"2083\" class=\"elementor elementor-2083\" data-elementor-post-type=\"page\">\n\t\t\t\t<div class=\"elementor-element elementor-element-6f29f17 e-flex e-con-boxed e-con e-parent\" data-id=\"6f29f17\" data-element_type=\"container\">\n\t\t\t\t\t<div class=\"e-con-inner\">\n\t\t<div class=\"elementor-element elementor-element-45f509a e-con-full e-flex e-con e-child\" data-id=\"45f509a\" data-element_type=\"container\">\n\t\t\t\t<div class=\"elementor-element elementor-element-bcd2dcd elementor-widget elementor-widget-heading\" data-id=\"bcd2dcd\" data-element_type=\"widget\" data-widget_type=\"heading.default\">\n\t\t\t\t<div class=\"elementor-widget-container\">\n\t\t\t\t\t<h1 class=\"elementor-heading-title elementor-size-default\">The Story of Breakflip<\/h1>\t\t\t\t<\/div>\n\t\t\t\t<\/div>\n\t\t\t\t<div class=\"elementor-element elementor-element-17b0807 elementor-widget elementor-widget-heading\" data-id=\"17b0807\" data-element_type=\"widget\" data-widget_type=\"heading.default\">\n\t\t\t\t<div class=\"elementor-widget-container\">\n\t\t\t\t\t<h2 class=\"elementor-heading-title elementor-size-default\">How we started\n<\/h2>\t\t\t\t<\/div>\n\t\t\t\t<\/div>\n\t\t\t\t<div class=\"elementor-element elementor-element-66f7e2f elementor-widget elementor-widget-text-editor\" data-id=\"66f7e2f\" data-element_type=\"widget\" data-widget_type=\"text-editor.default\">\n\t\t\t\t<div class=\"elementor-widget-container\">\n\t\t\t\t\t\t\t\t\t<p><span style=\"font-weight: 400;\">Our story began in 2017. After many years of journalism and media creation in some of the biggest companies in the video games industry (Webedia, Eclypsia&#8230;), Iris El Bazis and Thomas Renaud decided to found their own media specialising in esports and video games: <\/span><b>Breakflip<\/b><span style=\"font-weight: 400;\">.<\/span><\/p>\t\t\t\t\t\t\t\t<\/div>\n\t\t\t\t<\/div>\n\t\t\t\t<\/div>\n\t\t<div class=\"elementor-element elementor-element-e4f12f9 e-con-full e-flex e-con e-child\" data-id=\"e4f12f9\" data-element_type=\"container\">\n\t\t\t\t<div class=\"elementor-element elementor-element-ba5fd7e elementor-widget elementor-widget-image\" data-id=\"ba5fd7e\" data-element_type=\"widget\" data-widget_type=\"image.default\">\n\t\t\t\t<div class=\"elementor-widget-container\">\n\t\t\t\t\t\t\t\t\t\t\t\t\t\t\t<img fetchpriority=\"high\" decoding=\"async\" width=\"800\" height=\"800\" src=\"\/wp-content\/uploads\/2024\/09\/3054582-1024x1024.jpg\" class=\"attachment-large size-large wp-image-499\" alt=\"\" srcset=\"\/wp-content\/uploads\/2024\/09\/3054582-1024x1024.jpg 1024w, \/wp-content\/uploads\/2024\/09\/3054582-300x300.jpg 300w, \/wp-content\/uploads\/2024\/09\/3054582-150x150.jpg 150w, \/wp-content\/uploads\/2024\/09\/3054582-768x768.jpg 768w, \/wp-content\/uploads\/2024\/09\/3054582-1536x1536.jpg 1536w, \/wp-content\/uploads\/2024\/09\/3054582.jpg 2000w\" sizes=\"(max-width: 800px) 100vw, 800px\" \/>\t\t\t\t\t\t\t\t\t\t\t\t\t\t\t<\/div>\n\t\t\t\t<\/div>\n\t\t\t\t<\/div>\n\t\t\t\t\t<\/div>\n\t\t\t\t<\/div>\n\t\t<div class=\"elementor-element elementor-element-4eec50e e-flex e-con-boxed e-con e-parent\" data-id=\"4eec50e\" data-element_type=\"container\">\n\t\t\t\t\t<div class=\"e-con-inner\">\n\t\t<div class=\"elementor-element elementor-element-fde0f0a e-con-full e-flex e-con e-child\" data-id=\"fde0f0a\" data-element_type=\"container\">\n\t\t\t\t<div class=\"elementor-element elementor-element-19e5d64 elementor-widget elementor-widget-image\" data-id=\"19e5d64\" data-element_type=\"widget\" data-widget_type=\"image.default\">\n\t\t\t\t<div class=\"elementor-widget-container\">\n\t\t\t\t\t\t\t\t\t\t\t\t\t\t\t<img decoding=\"async\" width=\"800\" height=\"800\" src=\"\/wp-content\/uploads\/2024\/09\/20945198-1024x1024.jpg\" class=\"attachment-large size-large wp-image-501\" alt=\"\" srcset=\"\/wp-content\/uploads\/2024\/09\/20945198-1024x1024.jpg 1024w, \/wp-content\/uploads\/2024\/09\/20945198-300x300.jpg 300w, \/wp-content\/uploads\/2024\/09\/20945198-768x768.jpg 768w\" sizes=\"(max-width: 800px) 100vw, 800px\" \/>\t\t\t\t\t\t\t\t\t\t\t\t\t\t\t<\/div>\n\t\t\t\t<\/div>\n\t\t\t\t<\/div>\n\t\t<div class=\"elementor-element elementor-element-379a530 e-con-full e-flex e-con e-child\" data-id=\"379a530\" data-element_type=\"container\">\n\t\t\t\t<div class=\"elementor-element elementor-element-2c5d34d elementor-widget elementor-widget-heading\" data-id=\"2c5d34d\" data-element_type=\"widget\" data-widget_type=\"heading.default\">\n\t\t\t\t<div class=\"elementor-widget-container\">\n\t\t\t\t\t<h2 class=\"elementor-heading-title elementor-size-default\">Strong growth\n<\/h2>\t\t\t\t<\/div>\n\t\t\t\t<\/div>\n\t\t\t\t<div class=\"elementor-element elementor-element-7829d63 elementor-widget elementor-widget-text-editor\" data-id=\"7829d63\" data-element_type=\"widget\" data-widget_type=\"text-editor.default\">\n\t\t\t\t<div class=\"elementor-widget-container\">\n\t\t\t\t\t\t\t\t\t<p><span style=\"font-weight: 400;\">From the start of 2020, Breakflip.com enjoyed a meteoric rise to become one of the <\/span><b>top 10<\/b><span style=\"font-weight: 400;\"> most visited <\/span><b>websites dedicated to video game news<\/b><span style=\"font-weight: 400;\">, according to the Alexa Internet rankings. But that wasn&#8217;t all. In December of the same year, the medium reached <\/span><b>the top position in this prestigious ranking<\/b><span style=\"font-weight: 400;\">, with an impressive average audience of between 2.5 and 3 million unique monthly visitors.<\/span><\/p>\t\t\t\t\t\t\t\t<\/div>\n\t\t\t\t<\/div>\n\t\t\t\t<\/div>\n\t\t\t\t\t<\/div>\n\t\t\t\t<\/div>\n\t\t<div class=\"elementor-element elementor-element-cd6642c e-flex e-con-boxed e-con e-parent\" data-id=\"cd6642c\" data-element_type=\"container\">\n\t\t\t\t\t<div class=\"e-con-inner\">\n\t\t<div class=\"elementor-element elementor-element-fcfd9c5 e-con-full e-flex e-con e-child\" data-id=\"fcfd9c5\" data-element_type=\"container\">\n\t\t\t\t<div class=\"elementor-element elementor-element-4b1fa50 elementor-widget elementor-widget-heading\" data-id=\"4b1fa50\" data-element_type=\"widget\" data-widget_type=\"heading.default\">\n\t\t\t\t<div class=\"elementor-widget-container\">\n\t\t\t\t\t<h2 class=\"elementor-heading-title elementor-size-default\">Recognition in the Industry<\/h2>\t\t\t\t<\/div>\n\t\t\t\t<\/div>\n\t\t\t\t<div class=\"elementor-element elementor-element-9baa825 elementor-widget elementor-widget-text-editor\" data-id=\"9baa825\" data-element_type=\"widget\" data-widget_type=\"text-editor.default\">\n\t\t\t\t<div class=\"elementor-widget-container\">\n\t\t\t\t\t\t\t\t\t<p>Over the years, Breakflip has built a strong reputation. The quality of its content and its innovative approach have attracted the attention of major industry players. <strong>Riot Games<\/strong> relies on Breakflip&#8217;s teams to manage its social media, which is a testament to its undeniable trustworthiness. <strong>Epic Games<\/strong>, for its part, entrusted the organization of its booth at the Paris Games Week 2018, a flagship event for the gaming community.<\/p><p>These prestigious collaborations have opened new doors and allowed Breakflip to establish strategic relationships, further solidifying its position in the industry. This network of partnerships, combined with the unwavering passion of the teams, has propelled Breakflip to become what it is today.<\/p>\t\t\t\t\t\t\t\t<\/div>\n\t\t\t\t<\/div>\n\t\t\t\t<\/div>\n\t\t<div class=\"elementor-element elementor-element-e3055da e-con-full e-flex e-con e-child\" data-id=\"e3055da\" data-element_type=\"container\">\n\t\t\t\t<div class=\"elementor-element elementor-element-3aa1a05 elementor-widget elementor-widget-image\" data-id=\"3aa1a05\" data-element_type=\"widget\" data-widget_type=\"image.default\">\n\t\t\t\t<div class=\"elementor-widget-container\">\n\t\t\t\t\t\t\t\t\t\t\t\t\t\t\t<img decoding=\"async\" width=\"800\" height=\"534\" src=\"\/wp-content\/uploads\/2024\/09\/20943756-1024x683.jpg\" class=\"attachment-large size-large wp-image-500\" alt=\"\" srcset=\"\/wp-content\/uploads\/2024\/09\/20943756-1024x683.jpg 1024w, \/wp-content\/uploads\/2024\/09\/20943756-300x200.jpg 300w, \/wp-content\/uploads\/2024\/09\/20943756-768x512.jpg 768w, \/wp-content\/uploads\/2024\/09\/20943756-1536x1024.jpg 1536w, \/wp-content\/uploads\/2024\/09\/20943756-2048x1365.jpg 2048w\" sizes=\"(max-width: 800px) 100vw, 800px\" \/>\t\t\t\t\t\t\t\t\t\t\t\t\t\t\t<\/div>\n\t\t\t\t<\/div>\n\t\t\t\t<\/div>\n\t\t\t\t\t<\/div>\n\t\t\t\t<\/div>\n\t\t<div class=\"elementor-element elementor-element-9dc86bd e-flex e-con-boxed e-con e-parent\" data-id=\"9dc86bd\" data-element_type=\"container\" data-settings=\"{&quot;background_background&quot;:&quot;classic&quot;}\">\n\t\t\t\t\t<div class=\"e-con-inner\">\n\t\t<div class=\"elementor-element elementor-element-6662fa4 e-con-full e-flex e-con e-child\" data-id=\"6662fa4\" data-element_type=\"container\">\n\t\t\t\t<div class=\"elementor-element elementor-element-0111bd7 elementor-widget elementor-widget-image\" data-id=\"0111bd7\" data-element_type=\"widget\" data-widget_type=\"image.default\">\n\t\t\t\t<div class=\"elementor-widget-container\">\n\t\t\t\t\t\t\t\t\t\t\t\t\t\t\t<img loading=\"lazy\" decoding=\"async\" width=\"800\" height=\"534\" src=\"\/wp-content\/uploads\/2024\/07\/13176034_5144305-1024x683.jpg\" class=\"attachment-large size-large wp-image-377\" alt=\"\" srcset=\"\/wp-content\/uploads\/2024\/07\/13176034_5144305-1024x683.jpg 1024w, \/wp-content\/uploads\/2024\/07\/13176034_5144305-300x200.jpg 300w, \/wp-content\/uploads\/2024\/07\/13176034_5144305-768x512.jpg 768w, \/wp-content\/uploads\/2024\/07\/13176034_5144305-1536x1024.jpg 1536w, \/wp-content\/uploads\/2024\/07\/13176034_5144305-2048x1365.jpg 2048w\" sizes=\"(max-width: 800px) 100vw, 800px\" \/>\t\t\t\t\t\t\t\t\t\t\t\t\t\t\t<\/div>\n\t\t\t\t<\/div>\n\t\t\t\t<\/div>\n\t\t<div class=\"elementor-element elementor-element-4236217 e-con-full e-flex e-con e-child\" data-id=\"4236217\" data-element_type=\"container\">\n\t\t\t\t<div class=\"elementor-element elementor-element-7f644df elementor-widget elementor-widget-heading\" data-id=\"7f644df\" data-element_type=\"widget\" data-widget_type=\"heading.default\">\n\t\t\t\t<div class=\"elementor-widget-container\">\n\t\t\t\t\t<h2 class=\"elementor-heading-title elementor-size-default\">Breakflip today<\/h2>\t\t\t\t<\/div>\n\t\t\t\t<\/div>\n\t\t\t\t<div class=\"elementor-element elementor-element-2924a73 elementor-widget elementor-widget-text-editor\" data-id=\"2924a73\" data-element_type=\"widget\" data-widget_type=\"text-editor.default\">\n\t\t\t\t<div class=\"elementor-widget-container\">\n\t\t\t\t\t\t\t\t\t<p><span style=\"font-weight: 400;\">Today, Breakflip has expanded its activities to meet the diverse needs of the ever-expanding video games industry. Content creation and communication, dedicated to a targeted audience, have become inseparable. Breakflip&#8217;s expertise, both in designing media projects and in understanding the young target audience, makes it an essential partner for publishers and endemic or non-endemic brands.<\/span><\/p><p><span style=\"font-weight: 400;\">The company is structured into a number of specialised divisions reflecting the skills involved in media creation and coverage: Social Network Management, Tournament Organisation, Web Development, Event Management, Journalism, Media Production&#8230;. Today Breakflip is a media agency capable of creating and operating complex media strategies. It has its own media as well as its own tools for producing content (proprietary CMS, AD Pass, Brends, etc.).<\/span><\/p><p><span style=\"font-weight: 400;\">The quality of its services and agility of execution have propelled Breakflip to become a dynamic and innovative force in the video games industry.<\/span><\/p>\t\t\t\t\t\t\t\t<\/div>\n\t\t\t\t<\/div>\n\t\t\t\t<\/div>\n\t\t\t\t\t<\/div>\n\t\t\t\t<\/div>\n\t\t<div class=\"elementor-element elementor-element-31dfa26 e-flex e-con-boxed e-con e-parent\" data-id=\"31dfa26\" data-element_type=\"container\">\n\t\t\t\t\t<div class=\"e-con-inner\">\n\t\t\t\t<div class=\"elementor-element elementor-element-417eeeb elementor-widget elementor-widget-image\" data-id=\"417eeeb\" data-element_type=\"widget\" data-widget_type=\"image.default\">\n\t\t\t\t<div class=\"elementor-widget-container\">\n\t\t\t\t\t\t\t\t\t\t\t\t\t\t\t<img loading=\"lazy\" decoding=\"async\" width=\"800\" height=\"500\" src=\"\/wp-content\/uploads\/2024\/09\/6316-1024x640.jpg\" class=\"attachment-large size-large wp-image-508\" alt=\"\" srcset=\"\/wp-content\/uploads\/2024\/09\/6316-1024x640.jpg 1024w, \/wp-content\/uploads\/2024\/09\/6316-300x188.jpg 300w, \/wp-content\/uploads\/2024\/09\/6316-768x480.jpg 768w, \/wp-content\/uploads\/2024\/09\/6316-1536x960.jpg 1536w\" sizes=\"(max-width: 800px) 100vw, 800px\" \/>\t\t\t\t\t\t\t\t\t\t\t\t\t\t\t<\/div>\n\t\t\t\t<\/div>\n\t\t\t\t<div class=\"elementor-element elementor-element-ffcc73b elementor-widget elementor-widget-text-editor\" data-id=\"ffcc73b\" data-element_type=\"widget\" data-widget_type=\"text-editor.default\">\n\t\t\t\t<div class=\"elementor-widget-container\">\n\t\t\t\t\t\t\t\t\t<p>&#8220;<i><span style=\"font-weight: 400;\">The entire Breakflip team is ready to make your projects a reality\u2019<\/span><\/i>&#8220;<\/p>\t\t\t\t\t\t\t\t<\/div>\n\t\t\t\t<\/div>\n\t\t\t\t\t<\/div>\n\t\t\t\t<\/div>\n\t\t\t\t<\/div>\n\t\t","protected":false},"excerpt":{"rendered":"<p>The Story of Breakflip How we started Our story began in 2017. After many years of journalism and media creation in some of the biggest companies in the video games industry (Webedia, Eclypsia&#8230;), Iris El Bazis and Thomas Renaud decided to found their own media specialising in esports and video games: Breakflip. Strong growth From [&hellip;]<\/p>\n","protected":false},"author":1,"featured_media":0,"parent":0,"menu_order":0,"comment_status":"closed","ping_status":"closed","template":"","meta":{"footnotes":""},"class_list":["post-2083","page","type-page","status-publish","hentry"],"yoast_head":"<!-- This site is optimized with the Yoast SEO plugin v26.6 - https:\/\/yoast.com\/wordpress\/plugins\/seo\/ -->\n<title>Discover the Story of Breakflip and the Launch of the Agency!<\/title>\n<meta name=\"description\" content=\"Founded in 2017 in Tours, Breakflip has evolved significantly and now has its own agency to meet the needs of its clients. Discover our story!\" \/>\n<meta name=\"robots\" content=\"index, follow, max-snippet:-1, max-image-preview:large, max-video-preview:-1\" \/>\n<link rel=\"canonical\" href=\"https:\/\/agence.breakflip.com\/en\/about-us\/\" \/>\n<meta property=\"og:locale\" content=\"en_US\" \/>\n<meta property=\"og:type\" content=\"article\" \/>\n<meta property=\"og:title\" content=\"Discover the Story of Breakflip and the Launch of the Agency!\" \/>\n<meta property=\"og:description\" content=\"Founded in 2017 in Tours, Breakflip has evolved significantly and now has its own agency to meet the needs of its clients. Discover our story!\" \/>\n<meta property=\"og:url\" content=\"https:\/\/agence.breakflip.com\/en\/about-us\/\" \/>\n<meta property=\"og:site_name\" content=\"Breakflip Agency\" \/>\n<meta property=\"article:modified_time\" content=\"2024-11-04T14:17:41+00:00\" \/>\n<meta name=\"twitter:card\" content=\"summary_large_image\" \/>\n<meta name=\"twitter:site\" content=\"@BreakflipFR\" \/>\n<meta name=\"twitter:label1\" content=\"Est. reading time\" \/>\n\t<meta name=\"twitter:data1\" content=\"4 minutes\" \/>\n<script type=\"application\/ld+json\" class=\"yoast-schema-graph\">{\"@context\":\"https:\/\/schema.org\",\"@graph\":[{\"@type\":\"WebPage\",\"@id\":\"https:\/\/agence.breakflip.com\/en\/about-us\/\",\"url\":\"https:\/\/agence.breakflip.com\/en\/about-us\/\",\"name\":\"Discover the Story of Breakflip and the Launch of the Agency!\",\"isPartOf\":{\"@id\":\"https:\/\/agence.breakflip.com\/en\/#website\"},\"datePublished\":\"2024-09-23T13:49:12+00:00\",\"dateModified\":\"2024-11-04T14:17:41+00:00\",\"description\":\"Founded in 2017 in Tours, Breakflip has evolved significantly and now has its own agency to meet the needs of its clients. Discover our story!\",\"breadcrumb\":{\"@id\":\"https:\/\/agence.breakflip.com\/en\/about-us\/#breadcrumb\"},\"inLanguage\":\"en-US\",\"potentialAction\":[{\"@type\":\"ReadAction\",\"target\":[\"https:\/\/agence.breakflip.com\/en\/about-us\/\"]}]},{\"@type\":\"BreadcrumbList\",\"@id\":\"https:\/\/agence.breakflip.com\/en\/about-us\/#breadcrumb\",\"itemListElement\":[{\"@type\":\"ListItem\",\"position\":1,\"name\":\"Accueil\",\"item\":\"https:\/\/agence.breakflip.com\/en\/\"},{\"@type\":\"ListItem\",\"position\":2,\"name\":\"About Us\"}]},{\"@type\":\"WebSite\",\"@id\":\"https:\/\/agence.breakflip.com\/en\/#website\",\"url\":\"https:\/\/agence.breakflip.com\/en\/\",\"name\":\"Breakflip Agency\",\"description\":\"D\u00e9couvrez le travail de l&#039;agence Breakflip et faite lui confiance dans l&#039;\u00e9laboration de vos projets marketing, communication et \u00e9v\u00e8nementiel.\",\"publisher\":{\"@id\":\"https:\/\/agence.breakflip.com\/en\/#organization\"},\"potentialAction\":[{\"@type\":\"SearchAction\",\"target\":{\"@type\":\"EntryPoint\",\"urlTemplate\":\"https:\/\/agence.breakflip.com\/en\/?s={search_term_string}\"},\"query-input\":{\"@type\":\"PropertyValueSpecification\",\"valueRequired\":true,\"valueName\":\"search_term_string\"}}],\"inLanguage\":\"en-US\"},{\"@type\":\"Organization\",\"@id\":\"https:\/\/agence.breakflip.com\/en\/#organization\",\"name\":\"Breakflip Agency\",\"url\":\"https:\/\/agence.breakflip.com\/en\/\",\"logo\":{\"@type\":\"ImageObject\",\"inLanguage\":\"en-US\",\"@id\":\"https:\/\/agence.breakflip.com\/en\/#\/schema\/logo\/image\/\",\"url\":\"\/wp-content\/uploads\/2024\/07\/Logo-Breakflip-site-300px-100px-1.png\",\"contentUrl\":\"\/wp-content\/uploads\/2024\/07\/Logo-Breakflip-site-300px-100px-1.png\",\"width\":350,\"height\":100,\"caption\":\"Breakflip Agency\"},\"image\":{\"@id\":\"https:\/\/agence.breakflip.com\/en\/#\/schema\/logo\/image\/\"},\"sameAs\":[\"https:\/\/x.com\/BreakflipFR\",\"https:\/\/www.tiktok.com\/@breakflip\",\"https:\/\/www.instagram.com\/breakflip\/?hl=fr\",\"https:\/\/www.linkedin.com\/company\/breakflip\/\"]}]}<\/script>\n<!-- \/ Yoast SEO plugin. -->","yoast_head_json":{"title":"Discover the Story of Breakflip and the Launch of the Agency!","description":"Founded in 2017 in Tours, Breakflip has evolved significantly and now has its own agency to meet the needs of its clients. Discover our story!","robots":{"index":"index","follow":"follow","max-snippet":"max-snippet:-1","max-image-preview":"max-image-preview:large","max-video-preview":"max-video-preview:-1"},"canonical":"https:\/\/agence.breakflip.com\/en\/about-us\/","og_locale":"en_US","og_type":"article","og_title":"Discover the Story of Breakflip and the Launch of the Agency!","og_description":"Founded in 2017 in Tours, Breakflip has evolved significantly and now has its own agency to meet the needs of its clients. Discover our story!","og_url":"https:\/\/agence.breakflip.com\/en\/about-us\/","og_site_name":"Breakflip Agency","article_modified_time":"2024-11-04T14:17:41+00:00","twitter_card":"summary_large_image","twitter_site":"@BreakflipFR","twitter_misc":{"Est. reading time":"4 minutes"},"schema":{"@context":"https:\/\/schema.org","@graph":[{"@type":"WebPage","@id":"https:\/\/agence.breakflip.com\/en\/about-us\/","url":"https:\/\/agence.breakflip.com\/en\/about-us\/","name":"Discover the Story of Breakflip and the Launch of the Agency!","isPartOf":{"@id":"https:\/\/agence.breakflip.com\/en\/#website"},"datePublished":"2024-09-23T13:49:12+00:00","dateModified":"2024-11-04T14:17:41+00:00","description":"Founded in 2017 in Tours, Breakflip has evolved significantly and now has its own agency to meet the needs of its clients. Discover our story!","breadcrumb":{"@id":"https:\/\/agence.breakflip.com\/en\/about-us\/#breadcrumb"},"inLanguage":"en-US","potentialAction":[{"@type":"ReadAction","target":["https:\/\/agence.breakflip.com\/en\/about-us\/"]}]},{"@type":"BreadcrumbList","@id":"https:\/\/agence.breakflip.com\/en\/about-us\/#breadcrumb","itemListElement":[{"@type":"ListItem","position":1,"name":"Accueil","item":"https:\/\/agence.breakflip.com\/en\/"},{"@type":"ListItem","position":2,"name":"About Us"}]},{"@type":"WebSite","@id":"https:\/\/agence.breakflip.com\/en\/#website","url":"https:\/\/agence.breakflip.com\/en\/","name":"Breakflip Agency","description":"D\u00e9couvrez le travail de l&#039;agence Breakflip et faite lui confiance dans l&#039;\u00e9laboration de vos projets marketing, communication et \u00e9v\u00e8nementiel.","publisher":{"@id":"https:\/\/agence.breakflip.com\/en\/#organization"},"potentialAction":[{"@type":"SearchAction","target":{"@type":"EntryPoint","urlTemplate":"https:\/\/agence.breakflip.com\/en\/?s={search_term_string}"},"query-input":{"@type":"PropertyValueSpecification","valueRequired":true,"valueName":"search_term_string"}}],"inLanguage":"en-US"},{"@type":"Organization","@id":"https:\/\/agence.breakflip.com\/en\/#organization","name":"Breakflip Agency","url":"https:\/\/agence.breakflip.com\/en\/","logo":{"@type":"ImageObject","inLanguage":"en-US","@id":"https:\/\/agence.breakflip.com\/en\/#\/schema\/logo\/image\/","url":"\/wp-content\/uploads\/2024\/07\/Logo-Breakflip-site-300px-100px-1.png","contentUrl":"\/wp-content\/uploads\/2024\/07\/Logo-Breakflip-site-300px-100px-1.png","width":350,"height":100,"caption":"Breakflip Agency"},"image":{"@id":"https:\/\/agence.breakflip.com\/en\/#\/schema\/logo\/image\/"},"sameAs":["https:\/\/x.com\/BreakflipFR","https:\/\/www.tiktok.com\/@breakflip","https:\/\/www.instagram.com\/breakflip\/?hl=fr","https:\/\/www.linkedin.com\/company\/breakflip\/"]}]}},"_links":{"self":[{"href":"https:\/\/agence.breakflip.com\/en\/wp-json\/wp\/v2\/pages\/2083","targetHints":{"allow":["GET"]}}],"collection":[{"href":"https:\/\/agence.breakflip.com\/en\/wp-json\/wp\/v2\/pages"}],"about":[{"href":"https:\/\/agence.breakflip.com\/en\/wp-json\/wp\/v2\/types\/page"}],"author":[{"embeddable":true,"href":"https:\/\/agence.breakflip.com\/en\/wp-json\/wp\/v2\/users\/1"}],"replies":[{"embeddable":true,"href":"https:\/\/agence.breakflip.com\/en\/wp-json\/wp\/v2\/comments?post=2083"}],"version-history":[{"count":4,"href":"https:\/\/agence.breakflip.com\/en\/wp-json\/wp\/v2\/pages\/2083\/revisions"}],"predecessor-version":[{"id":2087,"href":"https:\/\/agence.breakflip.com\/en\/wp-json\/wp\/v2\/pages\/2083\/revisions\/2087"}],"wp:attachment":[{"href":"https:\/\/agence.breakflip.com\/en\/wp-json\/wp\/v2\/media?parent=2083"}],"curies":[{"name":"wp","href":"https:\/\/api.w.org\/{rel}","templated":true}]}}