{"id":4669,"date":"2026-05-05T11:03:23","date_gmt":"2026-05-05T09:03:23","guid":{"rendered":"https:\/\/agence.breakflip.com\/unsere-projekte\/yu-gi-oh-deck-master-cup-2026-tournois\/"},"modified":"2026-05-05T11:23:52","modified_gmt":"2026-05-05T09:23:52","slug":"yu-gi-oh-deck-master-cup-2026-turniere","status":"publish","type":"page","link":"https:\/\/agence.breakflip.com\/de\/unsere-projekte\/yu-gi-oh-deck-master-cup-2026-turniere\/","title":{"rendered":"Yu-Gi-Oh! Deck Master Cup 2026 &#8211; Turniere"},"content":{"rendered":"\t\t<div data-elementor-type=\"wp-page\" data-elementor-id=\"4669\" class=\"elementor elementor-4669\" data-elementor-post-type=\"page\">\n\t\t\t\t<div class=\"elementor-element elementor-element-4247a9db e-flex e-con-boxed e-con e-parent\" data-id=\"4247a9db\" data-element_type=\"container\" data-e-type=\"container\">\n\t\t\t\t\t<div class=\"e-con-inner\">\n\t\t\t\t<div class=\"elementor-element elementor-element-235d5f3d elementor-widget elementor-widget-heading\" data-id=\"235d5f3d\" data-element_type=\"widget\" data-e-type=\"widget\" data-widget_type=\"heading.default\">\n\t\t\t\t<div class=\"elementor-widget-container\">\n\t\t\t\t\t<h1 class=\"elementor-heading-title elementor-size-default\">Yu-Gi-Oh! Deck Master Cup - Turniere<\/h1>\t\t\t\t<\/div>\n\t\t\t\t<\/div>\n\t\t\t\t\t<\/div>\n\t\t\t\t<\/div>\n\t\t<div class=\"elementor-element elementor-element-44cedb59 e-flex e-con-boxed e-con e-parent\" data-id=\"44cedb59\" data-element_type=\"container\" data-e-type=\"container\">\n\t\t\t\t\t<div class=\"e-con-inner\">\n\t\t\t\t<div class=\"elementor-element elementor-element-f908d21 elementor-widget elementor-widget-image\" data-id=\"f908d21\" data-element_type=\"widget\" data-e-type=\"widget\" data-widget_type=\"image.default\">\n\t\t\t\t<div class=\"elementor-widget-container\">\n\t\t\t\t\t\t\t\t\t\t\t\t\t\t\t<img fetchpriority=\"high\" decoding=\"async\" width=\"300\" height=\"300\" src=\"\/wp-content\/uploads\/2026\/05\/DiscordServerProfile-300x300.png\" class=\"attachment-medium size-medium wp-image-4658\" alt=\"Logo Deck Master Cup\" srcset=\"\/wp-content\/uploads\/2026\/05\/DiscordServerProfile-300x300.png 300w, \/wp-content\/uploads\/2026\/05\/DiscordServerProfile-1024x1024.png 1024w, \/wp-content\/uploads\/2026\/05\/DiscordServerProfile-150x150.png 150w, \/wp-content\/uploads\/2026\/05\/DiscordServerProfile-768x768.png 768w, \/wp-content\/uploads\/2026\/05\/DiscordServerProfile.png 1080w\" sizes=\"(max-width: 300px) 100vw, 300px\" \/>\t\t\t\t\t\t\t\t\t\t\t\t\t\t\t<\/div>\n\t\t\t\t<\/div>\n\t\t\t\t\t<\/div>\n\t\t\t\t<\/div>\n\t\t<div class=\"elementor-element elementor-element-7e925a64 e-flex e-con-boxed e-con e-parent\" data-id=\"7e925a64\" data-element_type=\"container\" data-e-type=\"container\" data-settings=\"{&quot;background_background&quot;:&quot;classic&quot;}\">\n\t\t\t\t\t<div class=\"e-con-inner\">\n\t\t\t\t<div class=\"elementor-element elementor-element-61cb2524 elementor-widget elementor-widget-counter\" data-id=\"61cb2524\" data-element_type=\"widget\" data-e-type=\"widget\" data-widget_type=\"counter.default\">\n\t\t\t\t<div class=\"elementor-widget-container\">\n\t\t\t\t\t\t\t<div class=\"elementor-counter\">\n\t\t\t<div class=\"elementor-counter-title\">Organisierte Turniere<\/div>\t\t\t<div class=\"elementor-counter-number-wrapper\">\n\t\t\t\t<span class=\"elementor-counter-number-prefix\">+<\/span>\n\t\t\t\t<span class=\"elementor-counter-number\" data-duration=\"2000\" data-to-value=\"14\" data-from-value=\"0\" data-delimiter=\",\">0<\/span>\n\t\t\t\t<span class=\"elementor-counter-number-suffix\"><\/span>\n\t\t\t<\/div>\n\t\t<\/div>\n\t\t\t\t\t\t<\/div>\n\t\t\t\t<\/div>\n\t\t\t\t\t<\/div>\n\t\t\t\t<\/div>\n\t\t<div class=\"elementor-element elementor-element-286925de e-flex e-con-boxed e-con e-parent\" data-id=\"286925de\" data-element_type=\"container\" data-e-type=\"container\">\n\t\t\t\t\t<div class=\"e-con-inner\">\n\t\t<div class=\"elementor-element elementor-element-3b1b3c87 e-con-full e-transform e-flex e-con e-child\" data-id=\"3b1b3c87\" data-element_type=\"container\" data-e-type=\"container\" data-settings=\"{&quot;background_background&quot;:&quot;classic&quot;,&quot;_transform_translateY_effect&quot;:{&quot;unit&quot;:&quot;px&quot;,&quot;size&quot;:20,&quot;sizes&quot;:[]},&quot;_transform_translateX_effect&quot;:{&quot;unit&quot;:&quot;px&quot;,&quot;size&quot;:&quot;&quot;,&quot;sizes&quot;:[]},&quot;_transform_translateX_effect_tablet&quot;:{&quot;unit&quot;:&quot;px&quot;,&quot;size&quot;:&quot;&quot;,&quot;sizes&quot;:[]},&quot;_transform_translateX_effect_mobile&quot;:{&quot;unit&quot;:&quot;px&quot;,&quot;size&quot;:&quot;&quot;,&quot;sizes&quot;:[]},&quot;_transform_translateY_effect_tablet&quot;:{&quot;unit&quot;:&quot;px&quot;,&quot;size&quot;:&quot;&quot;,&quot;sizes&quot;:[]},&quot;_transform_translateY_effect_mobile&quot;:{&quot;unit&quot;:&quot;px&quot;,&quot;size&quot;:&quot;&quot;,&quot;sizes&quot;:[]}}\">\n\t\t\t\t<div class=\"elementor-element elementor-element-7bb124e1 elementor-widget elementor-widget-heading\" data-id=\"7bb124e1\" data-element_type=\"widget\" data-e-type=\"widget\" data-widget_type=\"heading.default\">\n\t\t\t\t<div class=\"elementor-widget-container\">\n\t\t\t\t\t<h2 class=\"elementor-heading-title elementor-size-default\">Turniermanagement der Deck Master Cup 2026<\/h2>\t\t\t\t<\/div>\n\t\t\t\t<\/div>\n\t\t\t\t<\/div>\n\t\t<div class=\"elementor-element elementor-element-5eed4134 e-con-full e-flex e-con e-child\" data-id=\"5eed4134\" data-element_type=\"container\" data-e-type=\"container\">\n\t\t\t\t<div class=\"elementor-element elementor-element-76c02c10 elementor-widget elementor-widget-heading\" data-id=\"76c02c10\" data-element_type=\"widget\" data-e-type=\"widget\" data-widget_type=\"heading.default\">\n\t\t\t\t<div class=\"elementor-widget-container\">\n\t\t\t\t\t<h3 class=\"elementor-heading-title elementor-size-default\">Was ist die Deck Master Cup?<\/h3>\t\t\t\t<\/div>\n\t\t\t\t<\/div>\n\t\t\t\t<div class=\"elementor-element elementor-element-582b95a4 elementor-widget elementor-widget-text-editor\" data-id=\"582b95a4\" data-element_type=\"widget\" data-e-type=\"widget\" data-widget_type=\"text-editor.default\">\n\t\t\t\t<div class=\"elementor-widget-container\">\n\t\t\t\t\t\t\t\t\t<p>Die <strong>Deck Master Cup<\/strong> ist ein <strong>kompetitiver Turnier-Zirkuit<\/strong> rund um <strong>Yu-Gi-Oh! Master Duel<\/strong> und <strong>Yu-Gi-Oh! Duel Links<\/strong>, der zwischen Januar und M\u00e4rz 2026 auf dem <strong>US-Markt<\/strong> durchgef\u00fchrt wurde.<\/p>\t\t\t\t\t\t\t\t<\/div>\n\t\t\t\t<\/div>\n\t\t\t\t<div class=\"elementor-element elementor-element-155228d2 elementor-widget elementor-widget-heading\" data-id=\"155228d2\" data-element_type=\"widget\" data-e-type=\"widget\" data-widget_type=\"heading.default\">\n\t\t\t\t<div class=\"elementor-widget-container\">\n\t\t\t\t\t<h3 class=\"elementor-heading-title elementor-size-default\">Was waren unsere Aufgaben?<\/h3>\t\t\t\t<\/div>\n\t\t\t\t<\/div>\n\t\t\t\t<div class=\"elementor-element elementor-element-7e5926d6 elementor-widget elementor-widget-text-editor\" data-id=\"7e5926d6\" data-element_type=\"widget\" data-e-type=\"widget\" data-widget_type=\"text-editor.default\">\n\t\t\t\t<div class=\"elementor-widget-container\">\n\t\t\t\t\t\t\t\t\t<p data-start=\"0\" data-end=\"87\">Wir haben die <strong>operative und kompetitive Gesamtsteuerung<\/strong> des gesamten Setups \u00fcbernommen:<\/p><ul data-start=\"89\" data-end=\"483\" data-is-last-node=\"\" data-is-only-node=\"\"><li data-section-id=\"v7j0g\" data-start=\"89\" data-end=\"175\">Administration und Betreuung des Discord-Servers, der der Competition gewidmet war<\/li><li data-section-id=\"i1xcc0\" data-start=\"176\" data-end=\"276\">Organisation und \u00dcberwachung der Online-Turniere auf beiden Spielen (Master Duel und Duel Links)<\/li><li data-section-id=\"166pgn6\" data-start=\"277\" data-end=\"400\">Steuerung des reibungslosen Ablaufs der Wettbewerbe (Anmeldungen, Struktur, Follow-up und operatives Turniermanagement)<\/li><li data-section-id=\"17zg2d7\" data-start=\"401\" data-end=\"483\" data-is-last-node=\"\">Animation und Koordination der Teilnehmer \u00fcber die gesamte Laufzeit des Circuits<\/li><\/ul>\t\t\t\t\t\t\t\t<\/div>\n\t\t\t\t<\/div>\n\t\t\t\t<div class=\"elementor-element elementor-element-1b0eaafe elementor-widget elementor-widget-heading\" data-id=\"1b0eaafe\" data-element_type=\"widget\" data-e-type=\"widget\" data-widget_type=\"heading.default\">\n\t\t\t\t<div class=\"elementor-widget-container\">\n\t\t\t\t\t<h3 class=\"elementor-heading-title elementor-size-default\">Das Wichtigste im \u00dcberblick<\/h3>\t\t\t\t<\/div>\n\t\t\t\t<\/div>\n\t\t\t\t<div class=\"elementor-element elementor-element-6fb3486f elementor-widget elementor-widget-text-editor\" data-id=\"6fb3486f\" data-element_type=\"widget\" data-e-type=\"widget\" data-widget_type=\"text-editor.default\">\n\t\t\t\t<div class=\"elementor-widget-container\">\n\t\t\t\t\t\t\t\t\t<ul><li>Ein <strong>kompetitiver Circuit<\/strong>, der auf zwei wichtigen Spielen des <strong>Yu-Gi-Oh!<\/strong>-Universums aktiviert wurde<\/li><li>Ein vollst\u00e4ndig digitalisiertes Management \u00fcber <strong>Discord<\/strong>, im Zentrum des Spieler-\u00d6kosystems<\/li><li><strong>14 Turniere<\/strong>, die \u00fcber einen Zeitraum von 3 Monaten (Januar bis M\u00e4rz 2026) organisiert wurden<\/li><\/ul>\t\t\t\t\t\t\t\t<\/div>\n\t\t\t\t<\/div>\n\t\t\t\t<\/div>\n\t\t\t\t\t<\/div>\n\t\t\t\t<\/div>\n\t\t<div class=\"elementor-element elementor-element-69b6d073 e-flex e-con-boxed e-con e-parent\" data-id=\"69b6d073\" data-element_type=\"container\" data-e-type=\"container\" data-settings=\"{&quot;background_background&quot;:&quot;classic&quot;}\">\n\t\t\t\t\t<div class=\"e-con-inner\">\n\t\t\t\t<div class=\"elementor-element elementor-element-1b729f08 elementor-widget elementor-widget-heading\" data-id=\"1b729f08\" data-element_type=\"widget\" data-e-type=\"widget\" data-widget_type=\"heading.default\">\n\t\t\t\t<div class=\"elementor-widget-container\">\n\t\t\t\t\t<h2 class=\"elementor-heading-title elementor-size-default\">Brauchen Sie Sichtbarkeit?<\/h2>\t\t\t\t<\/div>\n\t\t\t\t<\/div>\n\t\t\t\t<div class=\"elementor-element elementor-element-7bbd7234 elementor-widget elementor-widget-text-editor\" data-id=\"7bbd7234\" data-element_type=\"widget\" data-e-type=\"widget\" data-widget_type=\"text-editor.default\">\n\t\t\t\t<div class=\"elementor-widget-container\">\n\t\t\t\t\t\t\t\t\t<p>Lassen Sie uns das in einem Gespr\u00e4ch besprechen.<\/p>\t\t\t\t\t\t\t\t<\/div>\n\t\t\t\t<\/div>\n\t\t\t\t<div class=\"elementor-element elementor-element-1782d1e7 elementor-align-center elementor-widget elementor-widget-button\" data-id=\"1782d1e7\" data-element_type=\"widget\" data-e-type=\"widget\" data-widget_type=\"button.default\">\n\t\t\t\t<div class=\"elementor-widget-container\">\n\t\t\t\t\t\t\t\t\t<div class=\"elementor-button-wrapper\">\n\t\t\t\t\t<a class=\"elementor-button elementor-button-link elementor-size-sm\" href=\"https:\/\/agence.breakflip.com\/contact\/\">\n\t\t\t\t\t\t<span class=\"elementor-button-content-wrapper\">\n\t\t\t\t\t\t<span class=\"elementor-button-icon\">\n\t\t\t\t<svg aria-hidden=\"true\" class=\"e-font-icon-svg e-far-envelope\" viewBox=\"0 0 512 512\" xmlns=\"http:\/\/www.w3.org\/2000\/svg\"><path d=\"M464 64H48C21.49 64 0 85.49 0 112v288c0 26.51 21.49 48 48 48h416c26.51 0 48-21.49 48-48V112c0-26.51-21.49-48-48-48zm0 48v40.805c-22.422 18.259-58.168 46.651-134.587 106.49-16.841 13.247-50.201 45.072-73.413 44.701-23.208.375-56.579-31.459-73.413-44.701C106.18 199.465 70.425 171.067 48 152.805V112h416zM48 400V214.398c22.914 18.251 55.409 43.862 104.938 82.646 21.857 17.205 60.134 55.186 103.062 54.955 42.717.231 80.509-37.199 103.053-54.947 49.528-38.783 82.032-64.401 104.947-82.653V400H48z\"><\/path><\/svg>\t\t\t<\/span>\n\t\t\t\t\t\t\t\t\t<span class=\"elementor-button-text\">Kontaktieren Sie uns<\/span>\n\t\t\t\t\t<\/span>\n\t\t\t\t\t<\/a>\n\t\t\t\t<\/div>\n\t\t\t\t\t\t\t\t<\/div>\n\t\t\t\t<\/div>\n\t\t\t\t\t<\/div>\n\t\t\t\t<\/div>\n\t\t<div class=\"elementor-element elementor-element-4e954b9e e-flex e-con-boxed e-con e-parent\" data-id=\"4e954b9e\" data-element_type=\"container\" data-e-type=\"container\">\n\t\t\t\t\t<div class=\"e-con-inner\">\n\t\t\t\t<div class=\"elementor-element elementor-element-0fe05d7 elementor-widget elementor-widget-video\" data-id=\"0fe05d7\" data-element_type=\"widget\" data-e-type=\"widget\" data-settings=\"{&quot;youtube_url&quot;:&quot;https:\\\/\\\/www.youtube.com\\\/watch?v=JutoCBgWSu0&amp;t=3635s&quot;,&quot;start&quot;:900,&quot;video_type&quot;:&quot;youtube&quot;,&quot;controls&quot;:&quot;yes&quot;}\" data-widget_type=\"video.default\">\n\t\t\t\t<div class=\"elementor-widget-container\">\n\t\t\t\t\t\t\t<div class=\"elementor-wrapper elementor-open-inline\">\n\t\t\t<div class=\"elementor-video\"><\/div>\t\t<\/div>\n\t\t\t\t\t\t<\/div>\n\t\t\t\t<\/div>\n\t\t\t\t\t<\/div>\n\t\t\t\t<\/div>\n\t\t<div class=\"elementor-element elementor-element-10777f11 e-flex e-con-boxed e-con e-parent\" data-id=\"10777f11\" data-element_type=\"container\" data-e-type=\"container\">\n\t\t\t\t\t<div class=\"e-con-inner\">\n\t\t\t\t<div class=\"elementor-element elementor-element-34d6773e elementor-widget elementor-widget-spacer\" data-id=\"34d6773e\" data-element_type=\"widget\" data-e-type=\"widget\" data-widget_type=\"spacer.default\">\n\t\t\t\t<div class=\"elementor-widget-container\">\n\t\t\t\t\t\t\t<div class=\"elementor-spacer\">\n\t\t\t<div class=\"elementor-spacer-inner\"><\/div>\n\t\t<\/div>\n\t\t\t\t\t\t<\/div>\n\t\t\t\t<\/div>\n\t\t\t\t\t<\/div>\n\t\t\t\t<\/div>\n\t\t\t\t<\/div>\n\t\t","protected":false},"excerpt":{"rendered":"<p>Yu-Gi-Oh! Deck Master Cup &#8211; Turniere Organisierte Turniere + 0 Turniermanagement der Deck Master Cup 2026 Was ist die Deck Master Cup? Die Deck Master Cup ist ein kompetitiver Turnier-Zirkuit rund um Yu-Gi-Oh! Master Duel und Yu-Gi-Oh! Duel Links, der zwischen Januar und M\u00e4rz 2026 auf dem US-Markt durchgef\u00fchrt wurde. Was waren unsere Aufgaben? Wir [&hellip;]<\/p>\n","protected":false},"author":1,"featured_media":0,"parent":2860,"menu_order":0,"comment_status":"closed","ping_status":"closed","template":"","meta":{"footnotes":""},"class_list":["post-4669","page","type-page","status-publish","hentry"],"yoast_head":"<!-- This site is optimized with the Yoast SEO plugin v27.5 - https:\/\/yoast.com\/product\/yoast-seo-wordpress\/ -->\n<title>Yu-Gi-Oh! Deck Master Cup 2026 - Turniere - Breakflip Agency<\/title>\n<meta name=\"description\" content=\"Erfahren Sie, wie wir die Yu-Gi-Oh! Deck Master Cup 2026 f\u00fcr Konami US organisiert und begleitet haben.\" \/>\n<meta name=\"robots\" content=\"index, follow, max-snippet:-1, max-image-preview:large, max-video-preview:-1\" \/>\n<link rel=\"canonical\" href=\"https:\/\/agence.breakflip.com\/de\/unsere-projekte\/yu-gi-oh-deck-master-cup-2026-turniere\/\" \/>\n<meta property=\"og:locale\" content=\"de_DE\" \/>\n<meta property=\"og:type\" content=\"article\" \/>\n<meta property=\"og:title\" content=\"Yu-Gi-Oh! Deck Master Cup 2026 - Turniere - Breakflip Agency\" \/>\n<meta property=\"og:description\" content=\"Erfahren Sie, wie wir die Yu-Gi-Oh! Deck Master Cup 2026 f\u00fcr Konami US organisiert und begleitet haben.\" \/>\n<meta property=\"og:url\" content=\"https:\/\/agence.breakflip.com\/de\/unsere-projekte\/yu-gi-oh-deck-master-cup-2026-turniere\/\" \/>\n<meta property=\"og:site_name\" content=\"Breakflip Agency\" \/>\n<meta property=\"article:modified_time\" content=\"2026-05-05T09:23:52+00:00\" \/>\n<meta name=\"twitter:card\" content=\"summary_large_image\" \/>\n<meta name=\"twitter:site\" content=\"@BreakflipFR\" \/>\n<meta name=\"twitter:label1\" content=\"Gesch\u00e4tzte Lesezeit\" \/>\n\t<meta name=\"twitter:data1\" content=\"2\u00a0Minuten\" \/>\n<script type=\"application\/ld+json\" class=\"yoast-schema-graph\">{\"@context\":\"https:\\\/\\\/schema.org\",\"@graph\":[{\"@type\":\"WebPage\",\"@id\":\"https:\\\/\\\/agence.breakflip.com\\\/de\\\/unsere-projekte\\\/yu-gi-oh-deck-master-cup-2026-turniere\\\/\",\"url\":\"https:\\\/\\\/agence.breakflip.com\\\/de\\\/unsere-projekte\\\/yu-gi-oh-deck-master-cup-2026-turniere\\\/\",\"name\":\"Yu-Gi-Oh! Deck Master Cup 2026 - Turniere - Breakflip Agency\",\"isPartOf\":{\"@id\":\"https:\\\/\\\/agence.breakflip.com\\\/de\\\/#website\"},\"datePublished\":\"2026-05-05T09:03:23+00:00\",\"dateModified\":\"2026-05-05T09:23:52+00:00\",\"description\":\"Erfahren Sie, wie wir die Yu-Gi-Oh! Deck Master Cup 2026 f\u00fcr Konami US organisiert und begleitet haben.\",\"breadcrumb\":{\"@id\":\"https:\\\/\\\/agence.breakflip.com\\\/de\\\/unsere-projekte\\\/yu-gi-oh-deck-master-cup-2026-turniere\\\/#breadcrumb\"},\"inLanguage\":\"de\",\"potentialAction\":[{\"@type\":\"ReadAction\",\"target\":[\"https:\\\/\\\/agence.breakflip.com\\\/de\\\/unsere-projekte\\\/yu-gi-oh-deck-master-cup-2026-turniere\\\/\"]}]},{\"@type\":\"BreadcrumbList\",\"@id\":\"https:\\\/\\\/agence.breakflip.com\\\/de\\\/unsere-projekte\\\/yu-gi-oh-deck-master-cup-2026-turniere\\\/#breadcrumb\",\"itemListElement\":[{\"@type\":\"ListItem\",\"position\":1,\"name\":\"Accueil\",\"item\":\"https:\\\/\\\/agence.breakflip.com\\\/de\\\/\"},{\"@type\":\"ListItem\",\"position\":2,\"name\":\"Unsere Projekte\",\"item\":\"https:\\\/\\\/agence.breakflip.com\\\/de\\\/nos-projets\\\/\"},{\"@type\":\"ListItem\",\"position\":3,\"name\":\"Yu-Gi-Oh! Deck Master Cup 2026 &#8211; Turniere\"}]},{\"@type\":\"WebSite\",\"@id\":\"https:\\\/\\\/agence.breakflip.com\\\/de\\\/#website\",\"url\":\"https:\\\/\\\/agence.breakflip.com\\\/de\\\/\",\"name\":\"Breakflip Agency\",\"description\":\"D\u00e9couvrez le travail de l&#039;agence Breakflip et faite lui confiance dans l&#039;\u00e9laboration de vos projets marketing, communication et \u00e9v\u00e8nementiel.\",\"publisher\":{\"@id\":\"https:\\\/\\\/agence.breakflip.com\\\/de\\\/#organization\"},\"potentialAction\":[{\"@type\":\"SearchAction\",\"target\":{\"@type\":\"EntryPoint\",\"urlTemplate\":\"https:\\\/\\\/agence.breakflip.com\\\/de\\\/?s={search_term_string}\"},\"query-input\":{\"@type\":\"PropertyValueSpecification\",\"valueRequired\":true,\"valueName\":\"search_term_string\"}}],\"inLanguage\":\"de\"},{\"@type\":\"Organization\",\"@id\":\"https:\\\/\\\/agence.breakflip.com\\\/de\\\/#organization\",\"name\":\"Breakflip Agency\",\"url\":\"https:\\\/\\\/agence.breakflip.com\\\/de\\\/\",\"logo\":{\"@type\":\"ImageObject\",\"inLanguage\":\"de\",\"@id\":\"https:\\\/\\\/agence.breakflip.com\\\/de\\\/#\\\/schema\\\/logo\\\/image\\\/\",\"url\":\"\\\/wp-content\\\/uploads\\\/2024\\\/07\\\/Logo-Breakflip-site-300px-100px-1.png\",\"contentUrl\":\"\\\/wp-content\\\/uploads\\\/2024\\\/07\\\/Logo-Breakflip-site-300px-100px-1.png\",\"width\":350,\"height\":100,\"caption\":\"Breakflip Agency\"},\"image\":{\"@id\":\"https:\\\/\\\/agence.breakflip.com\\\/de\\\/#\\\/schema\\\/logo\\\/image\\\/\"},\"sameAs\":[\"https:\\\/\\\/x.com\\\/BreakflipFR\",\"https:\\\/\\\/www.tiktok.com\\\/@breakflip\",\"https:\\\/\\\/www.instagram.com\\\/breakflip\\\/?hl=fr\",\"https:\\\/\\\/www.linkedin.com\\\/company\\\/breakflip\\\/\"]}]}<\/script>\n<!-- \/ Yoast SEO plugin. -->","yoast_head_json":{"title":"Yu-Gi-Oh! Deck Master Cup 2026 - Turniere - Breakflip Agency","description":"Erfahren Sie, wie wir die Yu-Gi-Oh! Deck Master Cup 2026 f\u00fcr Konami US organisiert und begleitet haben.","robots":{"index":"index","follow":"follow","max-snippet":"max-snippet:-1","max-image-preview":"max-image-preview:large","max-video-preview":"max-video-preview:-1"},"canonical":"https:\/\/agence.breakflip.com\/de\/unsere-projekte\/yu-gi-oh-deck-master-cup-2026-turniere\/","og_locale":"de_DE","og_type":"article","og_title":"Yu-Gi-Oh! Deck Master Cup 2026 - Turniere - Breakflip Agency","og_description":"Erfahren Sie, wie wir die Yu-Gi-Oh! Deck Master Cup 2026 f\u00fcr Konami US organisiert und begleitet haben.","og_url":"https:\/\/agence.breakflip.com\/de\/unsere-projekte\/yu-gi-oh-deck-master-cup-2026-turniere\/","og_site_name":"Breakflip Agency","article_modified_time":"2026-05-05T09:23:52+00:00","twitter_card":"summary_large_image","twitter_site":"@BreakflipFR","twitter_misc":{"Gesch\u00e4tzte Lesezeit":"2\u00a0Minuten"},"schema":{"@context":"https:\/\/schema.org","@graph":[{"@type":"WebPage","@id":"https:\/\/agence.breakflip.com\/de\/unsere-projekte\/yu-gi-oh-deck-master-cup-2026-turniere\/","url":"https:\/\/agence.breakflip.com\/de\/unsere-projekte\/yu-gi-oh-deck-master-cup-2026-turniere\/","name":"Yu-Gi-Oh! Deck Master Cup 2026 - Turniere - Breakflip Agency","isPartOf":{"@id":"https:\/\/agence.breakflip.com\/de\/#website"},"datePublished":"2026-05-05T09:03:23+00:00","dateModified":"2026-05-05T09:23:52+00:00","description":"Erfahren Sie, wie wir die Yu-Gi-Oh! Deck Master Cup 2026 f\u00fcr Konami US organisiert und begleitet haben.","breadcrumb":{"@id":"https:\/\/agence.breakflip.com\/de\/unsere-projekte\/yu-gi-oh-deck-master-cup-2026-turniere\/#breadcrumb"},"inLanguage":"de","potentialAction":[{"@type":"ReadAction","target":["https:\/\/agence.breakflip.com\/de\/unsere-projekte\/yu-gi-oh-deck-master-cup-2026-turniere\/"]}]},{"@type":"BreadcrumbList","@id":"https:\/\/agence.breakflip.com\/de\/unsere-projekte\/yu-gi-oh-deck-master-cup-2026-turniere\/#breadcrumb","itemListElement":[{"@type":"ListItem","position":1,"name":"Accueil","item":"https:\/\/agence.breakflip.com\/de\/"},{"@type":"ListItem","position":2,"name":"Unsere Projekte","item":"https:\/\/agence.breakflip.com\/de\/nos-projets\/"},{"@type":"ListItem","position":3,"name":"Yu-Gi-Oh! Deck Master Cup 2026 &#8211; Turniere"}]},{"@type":"WebSite","@id":"https:\/\/agence.breakflip.com\/de\/#website","url":"https:\/\/agence.breakflip.com\/de\/","name":"Breakflip Agency","description":"D\u00e9couvrez le travail de l&#039;agence Breakflip et faite lui confiance dans l&#039;\u00e9laboration de vos projets marketing, communication et \u00e9v\u00e8nementiel.","publisher":{"@id":"https:\/\/agence.breakflip.com\/de\/#organization"},"potentialAction":[{"@type":"SearchAction","target":{"@type":"EntryPoint","urlTemplate":"https:\/\/agence.breakflip.com\/de\/?s={search_term_string}"},"query-input":{"@type":"PropertyValueSpecification","valueRequired":true,"valueName":"search_term_string"}}],"inLanguage":"de"},{"@type":"Organization","@id":"https:\/\/agence.breakflip.com\/de\/#organization","name":"Breakflip Agency","url":"https:\/\/agence.breakflip.com\/de\/","logo":{"@type":"ImageObject","inLanguage":"de","@id":"https:\/\/agence.breakflip.com\/de\/#\/schema\/logo\/image\/","url":"\/wp-content\/uploads\/2024\/07\/Logo-Breakflip-site-300px-100px-1.png","contentUrl":"\/wp-content\/uploads\/2024\/07\/Logo-Breakflip-site-300px-100px-1.png","width":350,"height":100,"caption":"Breakflip Agency"},"image":{"@id":"https:\/\/agence.breakflip.com\/de\/#\/schema\/logo\/image\/"},"sameAs":["https:\/\/x.com\/BreakflipFR","https:\/\/www.tiktok.com\/@breakflip","https:\/\/www.instagram.com\/breakflip\/?hl=fr","https:\/\/www.linkedin.com\/company\/breakflip\/"]}]}},"_links":{"self":[{"href":"https:\/\/agence.breakflip.com\/de\/wp-json\/wp\/v2\/pages\/4669","targetHints":{"allow":["GET"]}}],"collection":[{"href":"https:\/\/agence.breakflip.com\/de\/wp-json\/wp\/v2\/pages"}],"about":[{"href":"https:\/\/agence.breakflip.com\/de\/wp-json\/wp\/v2\/types\/page"}],"author":[{"embeddable":true,"href":"https:\/\/agence.breakflip.com\/de\/wp-json\/wp\/v2\/users\/1"}],"replies":[{"embeddable":true,"href":"https:\/\/agence.breakflip.com\/de\/wp-json\/wp\/v2\/comments?post=4669"}],"version-history":[{"count":4,"href":"https:\/\/agence.breakflip.com\/de\/wp-json\/wp\/v2\/pages\/4669\/revisions"}],"predecessor-version":[{"id":4677,"href":"https:\/\/agence.breakflip.com\/de\/wp-json\/wp\/v2\/pages\/4669\/revisions\/4677"}],"up":[{"embeddable":true,"href":"https:\/\/agence.breakflip.com\/de\/wp-json\/wp\/v2\/pages\/2860"}],"wp:attachment":[{"href":"https:\/\/agence.breakflip.com\/de\/wp-json\/wp\/v2\/media?parent=4669"}],"curies":[{"name":"wp","href":"https:\/\/api.w.org\/{rel}","templated":true}]}}