{"id":4590,"date":"2026-04-28T14:29:38","date_gmt":"2026-04-28T12:29:38","guid":{"rendered":"https:\/\/agence.breakflip.com\/unsere-projekte\/best-case-naruto-mythos-tcg-distribution-des-produits\/"},"modified":"2026-04-28T14:57:43","modified_gmt":"2026-04-28T12:57:43","slug":"best-case-naruto-mythos-tcg-vertrieb-der-produkte","status":"publish","type":"page","link":"https:\/\/agence.breakflip.com\/de\/unsere-projekte\/best-case-naruto-mythos-tcg-vertrieb-der-produkte\/","title":{"rendered":"Best Case Naruto Mythos TCG &#8211; Vertrieb der Produkte"},"content":{"rendered":"\t\t<div data-elementor-type=\"wp-page\" data-elementor-id=\"4590\" class=\"elementor elementor-4590\" data-elementor-post-type=\"page\">\n\t\t\t\t<div class=\"elementor-element elementor-element-4456d7df e-flex e-con-boxed e-con e-parent\" data-id=\"4456d7df\" data-element_type=\"container\" data-e-type=\"container\">\n\t\t\t\t\t<div class=\"e-con-inner\">\n\t\t\t\t<div class=\"elementor-element elementor-element-7e43489b elementor-widget elementor-widget-heading\" data-id=\"7e43489b\" data-element_type=\"widget\" data-e-type=\"widget\" data-widget_type=\"heading.default\">\n\t\t\t\t<div class=\"elementor-widget-container\">\n\t\t\t\t\t<h1 class=\"elementor-heading-title elementor-size-default\">Naruto Mythos TCG - Distribution an die Shops<\/h1>\t\t\t\t<\/div>\n\t\t\t\t<\/div>\n\t\t\t\t\t<\/div>\n\t\t\t\t<\/div>\n\t\t<div class=\"elementor-element elementor-element-6896e1af e-flex e-con-boxed e-con e-parent\" data-id=\"6896e1af\" data-element_type=\"container\" data-e-type=\"container\">\n\t\t\t\t\t<div class=\"e-con-inner\">\n\t\t<div class=\"elementor-element elementor-element-2016c284 e-con-full e-transform e-flex e-con e-child\" data-id=\"2016c284\" data-element_type=\"container\" data-e-type=\"container\" data-settings=\"{&quot;background_background&quot;:&quot;classic&quot;,&quot;_transform_translateY_effect&quot;:{&quot;unit&quot;:&quot;px&quot;,&quot;size&quot;:20,&quot;sizes&quot;:[]},&quot;_transform_translateX_effect&quot;:{&quot;unit&quot;:&quot;px&quot;,&quot;size&quot;:&quot;&quot;,&quot;sizes&quot;:[]},&quot;_transform_translateX_effect_tablet&quot;:{&quot;unit&quot;:&quot;px&quot;,&quot;size&quot;:&quot;&quot;,&quot;sizes&quot;:[]},&quot;_transform_translateX_effect_mobile&quot;:{&quot;unit&quot;:&quot;px&quot;,&quot;size&quot;:&quot;&quot;,&quot;sizes&quot;:[]},&quot;_transform_translateY_effect_tablet&quot;:{&quot;unit&quot;:&quot;px&quot;,&quot;size&quot;:&quot;&quot;,&quot;sizes&quot;:[]},&quot;_transform_translateY_effect_mobile&quot;:{&quot;unit&quot;:&quot;px&quot;,&quot;size&quot;:&quot;&quot;,&quot;sizes&quot;:[]}}\">\n\t\t\t\t<div class=\"elementor-element elementor-element-26695b6b elementor-widget elementor-widget-heading\" data-id=\"26695b6b\" data-element_type=\"widget\" data-e-type=\"widget\" data-widget_type=\"heading.default\">\n\t\t\t\t<div class=\"elementor-widget-container\">\n\t\t\t\t\t<h2 class=\"elementor-heading-title elementor-size-default\">Steuerung der Distribution der Naruto Mythos TCG-Produkte<\/h2>\t\t\t\t<\/div>\n\t\t\t\t<\/div>\n\t\t\t\t<\/div>\n\t\t<div class=\"elementor-element elementor-element-58d52b6c e-con-full e-flex e-con e-child\" data-id=\"58d52b6c\" data-element_type=\"container\" data-e-type=\"container\">\n\t\t\t\t<div class=\"elementor-element elementor-element-7652cf92 elementor-widget elementor-widget-heading\" data-id=\"7652cf92\" data-element_type=\"widget\" data-e-type=\"widget\" data-widget_type=\"heading.default\">\n\t\t\t\t<div class=\"elementor-widget-container\">\n\t\t\t\t\t<h3 class=\"elementor-heading-title elementor-size-default\">Was ist Naruto Mythos TCG?<\/h3>\t\t\t\t<\/div>\n\t\t\t\t<\/div>\n\t\t\t\t<div class=\"elementor-element elementor-element-72e54f98 elementor-widget elementor-widget-text-editor\" data-id=\"72e54f98\" data-element_type=\"widget\" data-e-type=\"widget\" data-widget_type=\"text-editor.default\">\n\t\t\t\t<div class=\"elementor-widget-container\">\n\t\t\t\t\t\t\t\t\t<p><strong>Naruto Mythos TCG<\/strong> ist das neue offizielle Sammelkartenspiel im <strong>Naruto-Universum<\/strong>.<\/p>\t\t\t\t\t\t\t\t<\/div>\n\t\t\t\t<\/div>\n\t\t\t\t<div class=\"elementor-element elementor-element-7c8ca89a elementor-widget elementor-widget-heading\" data-id=\"7c8ca89a\" data-element_type=\"widget\" data-e-type=\"widget\" data-widget_type=\"heading.default\">\n\t\t\t\t<div class=\"elementor-widget-container\">\n\t\t\t\t\t<h3 class=\"elementor-heading-title elementor-size-default\">Was waren unsere Aufgaben?<\/h3>\t\t\t\t<\/div>\n\t\t\t\t<\/div>\n\t\t\t\t<div class=\"elementor-element elementor-element-2bc1d573 elementor-widget elementor-widget-text-editor\" data-id=\"2bc1d573\" data-element_type=\"widget\" data-e-type=\"widget\" data-widget_type=\"text-editor.default\">\n\t\t\t\t<div class=\"elementor-widget-container\">\n\t\t\t\t\t\t\t\t\t<p data-start=\"0\" data-end=\"126\">Wir \u00fcbernehmen das <strong>gesamte Distributions- und H\u00e4ndlerbeziehungs-Setup<\/strong> auf den M\u00e4rkten <strong>UK<\/strong>, <strong>Nordics<\/strong>, <strong>DACH<\/strong>, <strong>Polen<\/strong> und <strong>Frankreich<\/strong>:<\/p><ul data-start=\"128\" data-end=\"482\" data-is-last-node=\"\" data-is-only-node=\"\"><li data-start=\"128\" data-end=\"255\">Kommerzielle Ansprache der B2C-Shops per Telefon und E-Mail \u00fcber ein Netzwerk von mehr als 1.500 gelisteten Verkaufsstellen<\/li><li data-start=\"256\" data-end=\"343\">Management des offiziellen Kundenservice f\u00fcr alle Shops in den betreffenden M\u00e4rkten<\/li><li data-start=\"344\" data-end=\"482\" data-is-last-node=\"\">Vollst\u00e4ndiges Auftrags-Tracking im europ\u00e4ischen Markt: Validierung, Vorbereitung, Versand sowie Nachverfolgung von Zahlung und Lieferung<\/li><\/ul>\t\t\t\t\t\t\t\t<\/div>\n\t\t\t\t<\/div>\n\t\t\t\t<div class=\"elementor-element elementor-element-b5f330d elementor-widget elementor-widget-heading\" data-id=\"b5f330d\" data-element_type=\"widget\" data-e-type=\"widget\" data-widget_type=\"heading.default\">\n\t\t\t\t<div class=\"elementor-widget-container\">\n\t\t\t\t\t<h3 class=\"elementor-heading-title elementor-size-default\">Das Wichtigste im \u00dcberblick<\/h3>\t\t\t\t<\/div>\n\t\t\t\t<\/div>\n\t\t\t\t<div class=\"elementor-element elementor-element-64d4bc2d elementor-widget elementor-widget-text-editor\" data-id=\"64d4bc2d\" data-element_type=\"widget\" data-e-type=\"widget\" data-widget_type=\"text-editor.default\">\n\t\t\t\t<div class=\"elementor-widget-container\">\n\t\t\t\t\t\t\t\t\t<ul><li data-section-id=\"irt39k\" data-start=\"849\" data-end=\"931\">Eine internationale B2C-Steuerung mit <strong>\u00fcber 1.500 gelisteten Shops<\/strong><\/li><li data-section-id=\"irt39k\" data-start=\"849\" data-end=\"931\">Eine <strong>zentrale Rolle in der kaufm\u00e4nnischen Betreuung<\/strong> und <strong>im Kundenservice<\/strong><\/li><\/ul>\t\t\t\t\t\t\t\t<\/div>\n\t\t\t\t<\/div>\n\t\t\t\t<\/div>\n\t\t\t\t\t<\/div>\n\t\t\t\t<\/div>\n\t\t<div class=\"elementor-element elementor-element-17fc485d e-flex e-con-boxed e-con e-parent\" data-id=\"17fc485d\" data-element_type=\"container\" data-e-type=\"container\" data-settings=\"{&quot;background_background&quot;:&quot;classic&quot;}\">\n\t\t\t\t\t<div class=\"e-con-inner\">\n\t\t\t\t<div class=\"elementor-element elementor-element-6aee2c2e elementor-widget elementor-widget-heading\" data-id=\"6aee2c2e\" data-element_type=\"widget\" data-e-type=\"widget\" data-widget_type=\"heading.default\">\n\t\t\t\t<div class=\"elementor-widget-container\">\n\t\t\t\t\t<h2 class=\"elementor-heading-title elementor-size-default\">Brauchen Sie Sichtbarkeit?<\/h2>\t\t\t\t<\/div>\n\t\t\t\t<\/div>\n\t\t\t\t<div class=\"elementor-element elementor-element-4e36bd6f elementor-widget elementor-widget-text-editor\" data-id=\"4e36bd6f\" data-element_type=\"widget\" data-e-type=\"widget\" data-widget_type=\"text-editor.default\">\n\t\t\t\t<div class=\"elementor-widget-container\">\n\t\t\t\t\t\t\t\t\t<p>Lassen Sie uns das in einem Gespr\u00e4ch besprechen.<\/p>\t\t\t\t\t\t\t\t<\/div>\n\t\t\t\t<\/div>\n\t\t\t\t<div class=\"elementor-element elementor-element-14c07c38 elementor-align-center elementor-widget elementor-widget-button\" data-id=\"14c07c38\" data-element_type=\"widget\" data-e-type=\"widget\" data-widget_type=\"button.default\">\n\t\t\t\t<div class=\"elementor-widget-container\">\n\t\t\t\t\t\t\t\t\t<div class=\"elementor-button-wrapper\">\n\t\t\t\t\t<a class=\"elementor-button elementor-button-link elementor-size-sm\" href=\"https:\/\/agence.breakflip.com\/contact\/\">\n\t\t\t\t\t\t<span class=\"elementor-button-content-wrapper\">\n\t\t\t\t\t\t<span class=\"elementor-button-icon\">\n\t\t\t\t<svg aria-hidden=\"true\" class=\"e-font-icon-svg e-far-envelope\" viewBox=\"0 0 512 512\" xmlns=\"http:\/\/www.w3.org\/2000\/svg\"><path d=\"M464 64H48C21.49 64 0 85.49 0 112v288c0 26.51 21.49 48 48 48h416c26.51 0 48-21.49 48-48V112c0-26.51-21.49-48-48-48zm0 48v40.805c-22.422 18.259-58.168 46.651-134.587 106.49-16.841 13.247-50.201 45.072-73.413 44.701-23.208.375-56.579-31.459-73.413-44.701C106.18 199.465 70.425 171.067 48 152.805V112h416zM48 400V214.398c22.914 18.251 55.409 43.862 104.938 82.646 21.857 17.205 60.134 55.186 103.062 54.955 42.717.231 80.509-37.199 103.053-54.947 49.528-38.783 82.032-64.401 104.947-82.653V400H48z\"><\/path><\/svg>\t\t\t<\/span>\n\t\t\t\t\t\t\t\t\t<span class=\"elementor-button-text\">Kontaktieren Sie uns<\/span>\n\t\t\t\t\t<\/span>\n\t\t\t\t\t<\/a>\n\t\t\t\t<\/div>\n\t\t\t\t\t\t\t\t<\/div>\n\t\t\t\t<\/div>\n\t\t\t\t\t<\/div>\n\t\t\t\t<\/div>\n\t\t<div class=\"elementor-element elementor-element-5b0fb30b e-flex e-con-boxed e-con e-parent\" data-id=\"5b0fb30b\" data-element_type=\"container\" data-e-type=\"container\">\n\t\t\t\t\t<div class=\"e-con-inner\">\n\t\t\t\t<div class=\"elementor-element elementor-element-1699f650 elementor-widget elementor-widget-spacer\" data-id=\"1699f650\" data-element_type=\"widget\" data-e-type=\"widget\" data-widget_type=\"spacer.default\">\n\t\t\t\t<div class=\"elementor-widget-container\">\n\t\t\t\t\t\t\t<div class=\"elementor-spacer\">\n\t\t\t<div class=\"elementor-spacer-inner\"><\/div>\n\t\t<\/div>\n\t\t\t\t\t\t<\/div>\n\t\t\t\t<\/div>\n\t\t\t\t\t<\/div>\n\t\t\t\t<\/div>\n\t\t\t\t<\/div>\n\t\t","protected":false},"excerpt":{"rendered":"<p>Naruto Mythos TCG &#8211; Distribution an die Shops Steuerung der Distribution der Naruto Mythos TCG-Produkte Was ist Naruto Mythos TCG? Naruto Mythos TCG ist das neue offizielle Sammelkartenspiel im Naruto-Universum. Was waren unsere Aufgaben? Wir \u00fcbernehmen das gesamte Distributions- und H\u00e4ndlerbeziehungs-Setup auf den M\u00e4rkten UK, Nordics, DACH, Polen und Frankreich: Kommerzielle Ansprache der B2C-Shops per [&hellip;]<\/p>\n","protected":false},"author":1,"featured_media":0,"parent":2860,"menu_order":0,"comment_status":"closed","ping_status":"closed","template":"","meta":{"footnotes":""},"class_list":["post-4590","page","type-page","status-publish","hentry"],"yoast_head":"<!-- This site is optimized with the Yoast SEO plugin v27.5 - https:\/\/yoast.com\/product\/yoast-seo-wordpress\/ -->\n<title>Best Case Naruto Mythos TCG - Vertrieb der Produkte - Breakflip Agency<\/title>\n<meta name=\"description\" content=\"Erfahren Sie, wie wir Zvezdar und Cicaboom bei der Distribution der Naruto Mythos TCG-Produkte an die B2C-Partner-Shops unterst\u00fctzen.\" \/>\n<meta name=\"robots\" content=\"index, follow, max-snippet:-1, max-image-preview:large, max-video-preview:-1\" \/>\n<link rel=\"canonical\" href=\"https:\/\/agence.breakflip.com\/de\/unsere-projekte\/best-case-naruto-mythos-tcg-vertrieb-der-produkte\/\" \/>\n<meta property=\"og:locale\" content=\"de_DE\" \/>\n<meta property=\"og:type\" content=\"article\" \/>\n<meta property=\"og:title\" content=\"Best Case Naruto Mythos TCG - Vertrieb der Produkte - Breakflip Agency\" \/>\n<meta property=\"og:description\" content=\"Erfahren Sie, wie wir Zvezdar und Cicaboom bei der Distribution der Naruto Mythos TCG-Produkte an die B2C-Partner-Shops unterst\u00fctzen.\" \/>\n<meta property=\"og:url\" content=\"https:\/\/agence.breakflip.com\/de\/unsere-projekte\/best-case-naruto-mythos-tcg-vertrieb-der-produkte\/\" \/>\n<meta property=\"og:site_name\" content=\"Breakflip Agency\" \/>\n<meta property=\"article:modified_time\" content=\"2026-04-28T12:57:43+00:00\" \/>\n<meta name=\"twitter:card\" content=\"summary_large_image\" \/>\n<meta name=\"twitter:site\" content=\"@BreakflipFR\" \/>\n<meta name=\"twitter:label1\" content=\"Gesch\u00e4tzte Lesezeit\" \/>\n\t<meta name=\"twitter:data1\" content=\"1\u00a0Minute\" \/>\n<script type=\"application\/ld+json\" class=\"yoast-schema-graph\">{\"@context\":\"https:\\\/\\\/schema.org\",\"@graph\":[{\"@type\":\"WebPage\",\"@id\":\"https:\\\/\\\/agence.breakflip.com\\\/de\\\/unsere-projekte\\\/best-case-naruto-mythos-tcg-vertrieb-der-produkte\\\/\",\"url\":\"https:\\\/\\\/agence.breakflip.com\\\/de\\\/unsere-projekte\\\/best-case-naruto-mythos-tcg-vertrieb-der-produkte\\\/\",\"name\":\"Best Case Naruto Mythos TCG - Vertrieb der Produkte - Breakflip Agency\",\"isPartOf\":{\"@id\":\"https:\\\/\\\/agence.breakflip.com\\\/de\\\/#website\"},\"datePublished\":\"2026-04-28T12:29:38+00:00\",\"dateModified\":\"2026-04-28T12:57:43+00:00\",\"description\":\"Erfahren Sie, wie wir Zvezdar und Cicaboom bei der Distribution der Naruto Mythos TCG-Produkte an die B2C-Partner-Shops unterst\u00fctzen.\",\"breadcrumb\":{\"@id\":\"https:\\\/\\\/agence.breakflip.com\\\/de\\\/unsere-projekte\\\/best-case-naruto-mythos-tcg-vertrieb-der-produkte\\\/#breadcrumb\"},\"inLanguage\":\"de\",\"potentialAction\":[{\"@type\":\"ReadAction\",\"target\":[\"https:\\\/\\\/agence.breakflip.com\\\/de\\\/unsere-projekte\\\/best-case-naruto-mythos-tcg-vertrieb-der-produkte\\\/\"]}]},{\"@type\":\"BreadcrumbList\",\"@id\":\"https:\\\/\\\/agence.breakflip.com\\\/de\\\/unsere-projekte\\\/best-case-naruto-mythos-tcg-vertrieb-der-produkte\\\/#breadcrumb\",\"itemListElement\":[{\"@type\":\"ListItem\",\"position\":1,\"name\":\"Accueil\",\"item\":\"https:\\\/\\\/agence.breakflip.com\\\/de\\\/\"},{\"@type\":\"ListItem\",\"position\":2,\"name\":\"Unsere Projekte\",\"item\":\"https:\\\/\\\/agence.breakflip.com\\\/de\\\/nos-projets\\\/\"},{\"@type\":\"ListItem\",\"position\":3,\"name\":\"Best Case Naruto Mythos TCG &#8211; Vertrieb der Produkte\"}]},{\"@type\":\"WebSite\",\"@id\":\"https:\\\/\\\/agence.breakflip.com\\\/de\\\/#website\",\"url\":\"https:\\\/\\\/agence.breakflip.com\\\/de\\\/\",\"name\":\"Breakflip Agency\",\"description\":\"D\u00e9couvrez le travail de l&#039;agence Breakflip et faite lui confiance dans l&#039;\u00e9laboration de vos projets marketing, communication et \u00e9v\u00e8nementiel.\",\"publisher\":{\"@id\":\"https:\\\/\\\/agence.breakflip.com\\\/de\\\/#organization\"},\"potentialAction\":[{\"@type\":\"SearchAction\",\"target\":{\"@type\":\"EntryPoint\",\"urlTemplate\":\"https:\\\/\\\/agence.breakflip.com\\\/de\\\/?s={search_term_string}\"},\"query-input\":{\"@type\":\"PropertyValueSpecification\",\"valueRequired\":true,\"valueName\":\"search_term_string\"}}],\"inLanguage\":\"de\"},{\"@type\":\"Organization\",\"@id\":\"https:\\\/\\\/agence.breakflip.com\\\/de\\\/#organization\",\"name\":\"Breakflip Agency\",\"url\":\"https:\\\/\\\/agence.breakflip.com\\\/de\\\/\",\"logo\":{\"@type\":\"ImageObject\",\"inLanguage\":\"de\",\"@id\":\"https:\\\/\\\/agence.breakflip.com\\\/de\\\/#\\\/schema\\\/logo\\\/image\\\/\",\"url\":\"\\\/wp-content\\\/uploads\\\/2024\\\/07\\\/Logo-Breakflip-site-300px-100px-1.png\",\"contentUrl\":\"\\\/wp-content\\\/uploads\\\/2024\\\/07\\\/Logo-Breakflip-site-300px-100px-1.png\",\"width\":350,\"height\":100,\"caption\":\"Breakflip Agency\"},\"image\":{\"@id\":\"https:\\\/\\\/agence.breakflip.com\\\/de\\\/#\\\/schema\\\/logo\\\/image\\\/\"},\"sameAs\":[\"https:\\\/\\\/x.com\\\/BreakflipFR\",\"https:\\\/\\\/www.tiktok.com\\\/@breakflip\",\"https:\\\/\\\/www.instagram.com\\\/breakflip\\\/?hl=fr\",\"https:\\\/\\\/www.linkedin.com\\\/company\\\/breakflip\\\/\"]}]}<\/script>\n<!-- \/ Yoast SEO plugin. -->","yoast_head_json":{"title":"Best Case Naruto Mythos TCG - Vertrieb der Produkte - Breakflip Agency","description":"Erfahren Sie, wie wir Zvezdar und Cicaboom bei der Distribution der Naruto Mythos TCG-Produkte an die B2C-Partner-Shops unterst\u00fctzen.","robots":{"index":"index","follow":"follow","max-snippet":"max-snippet:-1","max-image-preview":"max-image-preview:large","max-video-preview":"max-video-preview:-1"},"canonical":"https:\/\/agence.breakflip.com\/de\/unsere-projekte\/best-case-naruto-mythos-tcg-vertrieb-der-produkte\/","og_locale":"de_DE","og_type":"article","og_title":"Best Case Naruto Mythos TCG - Vertrieb der Produkte - Breakflip Agency","og_description":"Erfahren Sie, wie wir Zvezdar und Cicaboom bei der Distribution der Naruto Mythos TCG-Produkte an die B2C-Partner-Shops unterst\u00fctzen.","og_url":"https:\/\/agence.breakflip.com\/de\/unsere-projekte\/best-case-naruto-mythos-tcg-vertrieb-der-produkte\/","og_site_name":"Breakflip Agency","article_modified_time":"2026-04-28T12:57:43+00:00","twitter_card":"summary_large_image","twitter_site":"@BreakflipFR","twitter_misc":{"Gesch\u00e4tzte Lesezeit":"1\u00a0Minute"},"schema":{"@context":"https:\/\/schema.org","@graph":[{"@type":"WebPage","@id":"https:\/\/agence.breakflip.com\/de\/unsere-projekte\/best-case-naruto-mythos-tcg-vertrieb-der-produkte\/","url":"https:\/\/agence.breakflip.com\/de\/unsere-projekte\/best-case-naruto-mythos-tcg-vertrieb-der-produkte\/","name":"Best Case Naruto Mythos TCG - Vertrieb der Produkte - Breakflip Agency","isPartOf":{"@id":"https:\/\/agence.breakflip.com\/de\/#website"},"datePublished":"2026-04-28T12:29:38+00:00","dateModified":"2026-04-28T12:57:43+00:00","description":"Erfahren Sie, wie wir Zvezdar und Cicaboom bei der Distribution der Naruto Mythos TCG-Produkte an die B2C-Partner-Shops unterst\u00fctzen.","breadcrumb":{"@id":"https:\/\/agence.breakflip.com\/de\/unsere-projekte\/best-case-naruto-mythos-tcg-vertrieb-der-produkte\/#breadcrumb"},"inLanguage":"de","potentialAction":[{"@type":"ReadAction","target":["https:\/\/agence.breakflip.com\/de\/unsere-projekte\/best-case-naruto-mythos-tcg-vertrieb-der-produkte\/"]}]},{"@type":"BreadcrumbList","@id":"https:\/\/agence.breakflip.com\/de\/unsere-projekte\/best-case-naruto-mythos-tcg-vertrieb-der-produkte\/#breadcrumb","itemListElement":[{"@type":"ListItem","position":1,"name":"Accueil","item":"https:\/\/agence.breakflip.com\/de\/"},{"@type":"ListItem","position":2,"name":"Unsere Projekte","item":"https:\/\/agence.breakflip.com\/de\/nos-projets\/"},{"@type":"ListItem","position":3,"name":"Best Case Naruto Mythos TCG &#8211; Vertrieb der Produkte"}]},{"@type":"WebSite","@id":"https:\/\/agence.breakflip.com\/de\/#website","url":"https:\/\/agence.breakflip.com\/de\/","name":"Breakflip Agency","description":"D\u00e9couvrez le travail de l&#039;agence Breakflip et faite lui confiance dans l&#039;\u00e9laboration de vos projets marketing, communication et \u00e9v\u00e8nementiel.","publisher":{"@id":"https:\/\/agence.breakflip.com\/de\/#organization"},"potentialAction":[{"@type":"SearchAction","target":{"@type":"EntryPoint","urlTemplate":"https:\/\/agence.breakflip.com\/de\/?s={search_term_string}"},"query-input":{"@type":"PropertyValueSpecification","valueRequired":true,"valueName":"search_term_string"}}],"inLanguage":"de"},{"@type":"Organization","@id":"https:\/\/agence.breakflip.com\/de\/#organization","name":"Breakflip Agency","url":"https:\/\/agence.breakflip.com\/de\/","logo":{"@type":"ImageObject","inLanguage":"de","@id":"https:\/\/agence.breakflip.com\/de\/#\/schema\/logo\/image\/","url":"\/wp-content\/uploads\/2024\/07\/Logo-Breakflip-site-300px-100px-1.png","contentUrl":"\/wp-content\/uploads\/2024\/07\/Logo-Breakflip-site-300px-100px-1.png","width":350,"height":100,"caption":"Breakflip Agency"},"image":{"@id":"https:\/\/agence.breakflip.com\/de\/#\/schema\/logo\/image\/"},"sameAs":["https:\/\/x.com\/BreakflipFR","https:\/\/www.tiktok.com\/@breakflip","https:\/\/www.instagram.com\/breakflip\/?hl=fr","https:\/\/www.linkedin.com\/company\/breakflip\/"]}]}},"_links":{"self":[{"href":"https:\/\/agence.breakflip.com\/de\/wp-json\/wp\/v2\/pages\/4590","targetHints":{"allow":["GET"]}}],"collection":[{"href":"https:\/\/agence.breakflip.com\/de\/wp-json\/wp\/v2\/pages"}],"about":[{"href":"https:\/\/agence.breakflip.com\/de\/wp-json\/wp\/v2\/types\/page"}],"author":[{"embeddable":true,"href":"https:\/\/agence.breakflip.com\/de\/wp-json\/wp\/v2\/users\/1"}],"replies":[{"embeddable":true,"href":"https:\/\/agence.breakflip.com\/de\/wp-json\/wp\/v2\/comments?post=4590"}],"version-history":[{"count":4,"href":"https:\/\/agence.breakflip.com\/de\/wp-json\/wp\/v2\/pages\/4590\/revisions"}],"predecessor-version":[{"id":4599,"href":"https:\/\/agence.breakflip.com\/de\/wp-json\/wp\/v2\/pages\/4590\/revisions\/4599"}],"up":[{"embeddable":true,"href":"https:\/\/agence.breakflip.com\/de\/wp-json\/wp\/v2\/pages\/2860"}],"wp:attachment":[{"href":"https:\/\/agence.breakflip.com\/de\/wp-json\/wp\/v2\/media?parent=4590"}],"curies":[{"name":"wp","href":"https:\/\/api.w.org\/{rel}","templated":true}]}}