{"id":4520,"date":"2026-04-23T14:51:31","date_gmt":"2026-04-23T12:51:31","guid":{"rendered":"https:\/\/agence.breakflip.com\/unsere-projekte\/best-case-japan-touch-communication\/"},"modified":"2026-04-23T15:15:24","modified_gmt":"2026-04-23T13:15:24","slug":"best-case-japan-touch-kommunikation","status":"publish","type":"page","link":"https:\/\/agence.breakflip.com\/de\/unsere-projekte\/best-case-japan-touch-kommunikation\/","title":{"rendered":"Best Case Japan Touch &#8211; Kommunikation"},"content":{"rendered":"\t\t<div data-elementor-type=\"wp-page\" data-elementor-id=\"4520\" class=\"elementor elementor-4520\" data-elementor-post-type=\"page\">\n\t\t\t\t<div class=\"elementor-element elementor-element-182e4c29 e-flex e-con-boxed e-con e-parent\" data-id=\"182e4c29\" data-element_type=\"container\" data-e-type=\"container\">\n\t\t\t\t\t<div class=\"e-con-inner\">\n\t\t\t\t<div class=\"elementor-element elementor-element-1dd004dc elementor-widget elementor-widget-heading\" data-id=\"1dd004dc\" data-element_type=\"widget\" data-e-type=\"widget\" data-widget_type=\"heading.default\">\n\t\t\t\t<div class=\"elementor-widget-container\">\n\t\t\t\t\t<h1 class=\"elementor-heading-title elementor-size-default\">Japan Touch - Kommunikation<\/h1>\t\t\t\t<\/div>\n\t\t\t\t<\/div>\n\t\t\t\t\t<\/div>\n\t\t\t\t<\/div>\n\t\t<div class=\"elementor-element elementor-element-636556cd e-flex e-con-boxed e-con e-parent\" data-id=\"636556cd\" data-element_type=\"container\" data-e-type=\"container\">\n\t\t\t\t\t<div class=\"e-con-inner\">\n\t\t<div class=\"elementor-element elementor-element-114c25d5 e-con-full e-transform e-flex e-con e-child\" data-id=\"114c25d5\" data-element_type=\"container\" data-e-type=\"container\" data-settings=\"{&quot;background_background&quot;:&quot;classic&quot;,&quot;_transform_translateY_effect&quot;:{&quot;unit&quot;:&quot;px&quot;,&quot;size&quot;:20,&quot;sizes&quot;:[]},&quot;_transform_translateX_effect&quot;:{&quot;unit&quot;:&quot;px&quot;,&quot;size&quot;:&quot;&quot;,&quot;sizes&quot;:[]},&quot;_transform_translateX_effect_tablet&quot;:{&quot;unit&quot;:&quot;px&quot;,&quot;size&quot;:&quot;&quot;,&quot;sizes&quot;:[]},&quot;_transform_translateX_effect_mobile&quot;:{&quot;unit&quot;:&quot;px&quot;,&quot;size&quot;:&quot;&quot;,&quot;sizes&quot;:[]},&quot;_transform_translateY_effect_tablet&quot;:{&quot;unit&quot;:&quot;px&quot;,&quot;size&quot;:&quot;&quot;,&quot;sizes&quot;:[]},&quot;_transform_translateY_effect_mobile&quot;:{&quot;unit&quot;:&quot;px&quot;,&quot;size&quot;:&quot;&quot;,&quot;sizes&quot;:[]}}\">\n\t\t\t\t<div class=\"elementor-element elementor-element-5dd62288 elementor-widget elementor-widget-heading\" data-id=\"5dd62288\" data-element_type=\"widget\" data-e-type=\"widget\" data-widget_type=\"heading.default\">\n\t\t\t\t<div class=\"elementor-widget-container\">\n\t\t\t\t\t<h2 class=\"elementor-heading-title elementor-size-default\">Ganzheitliche Kommunikationsbetreuung der Japan Touch<\/h2>\t\t\t\t<\/div>\n\t\t\t\t<\/div>\n\t\t\t\t<\/div>\n\t\t<div class=\"elementor-element elementor-element-bae1482 e-con-full e-flex e-con e-child\" data-id=\"bae1482\" data-element_type=\"container\" data-e-type=\"container\">\n\t\t\t\t<div class=\"elementor-element elementor-element-3a34e205 elementor-widget elementor-widget-heading\" data-id=\"3a34e205\" data-element_type=\"widget\" data-e-type=\"widget\" data-widget_type=\"heading.default\">\n\t\t\t\t<div class=\"elementor-widget-container\">\n\t\t\t\t\t<h3 class=\"elementor-heading-title elementor-size-default\">Was ist die Japan Touch?<\/h3>\t\t\t\t<\/div>\n\t\t\t\t<\/div>\n\t\t\t\t<div class=\"elementor-element elementor-element-1d52847b elementor-widget elementor-widget-text-editor\" data-id=\"1d52847b\" data-element_type=\"widget\" data-e-type=\"widget\" data-widget_type=\"text-editor.default\">\n\t\t\t\t<div class=\"elementor-widget-container\">\n\t\t\t\t\t\t\t\t\t<p>Die <strong>Japan Touch<\/strong> ist <strong>ein Festival rund um die japanische Popkultur<\/strong>, das jedes Jahr in Lyon stattfindet.<\/p>\t\t\t\t\t\t\t\t<\/div>\n\t\t\t\t<\/div>\n\t\t\t\t<div class=\"elementor-element elementor-element-7e63ca8a elementor-widget elementor-widget-heading\" data-id=\"7e63ca8a\" data-element_type=\"widget\" data-e-type=\"widget\" data-widget_type=\"heading.default\">\n\t\t\t\t<div class=\"elementor-widget-container\">\n\t\t\t\t\t<h3 class=\"elementor-heading-title elementor-size-default\">Was waren unsere Aufgaben?<\/h3>\t\t\t\t<\/div>\n\t\t\t\t<\/div>\n\t\t\t\t<div class=\"elementor-element elementor-element-2834549e elementor-widget elementor-widget-text-editor\" data-id=\"2834549e\" data-element_type=\"widget\" data-e-type=\"widget\" data-widget_type=\"text-editor.default\">\n\t\t\t\t<div class=\"elementor-widget-container\">\n\t\t\t\t\t\t\t\t\t<p data-start=\"0\" data-end=\"94\">Wir begleiten die Japan Touch in mehreren Bereichen ihrer Kommunikation und Eventorganisation:<\/p><ul data-start=\"96\" data-end=\"491\" data-is-last-node=\"\" data-is-only-node=\"\"><li data-section-id=\"1dz23a5\" data-start=\"96\" data-end=\"155\">Betreuung der Social-Media-Kan\u00e4le (Instagram, Facebook)<\/li><li data-section-id=\"906fil\" data-start=\"156\" data-end=\"198\">Aktualisierung und Wartung der Website<\/li><li data-section-id=\"3ni1x5\" data-start=\"199\" data-end=\"391\">Konzeption und Produktion s\u00e4mtlicher Kommunikationsmaterialien der Veranstaltung, sowohl digital als auch print (Ticketing, Plakate, Pl\u00e4ne, Beschilderung, Au\u00dfenwerbung, Merchandising usw.)<\/li><li data-section-id=\"1h4mmjy\" data-start=\"392\" data-end=\"491\" data-is-last-node=\"\">Vor-Ort-Pr\u00e4senz zur Echtzeit-Betreuung der Social Media sowie zur Videoaufnahme der Veranstaltung<\/li><\/ul>\t\t\t\t\t\t\t\t<\/div>\n\t\t\t\t<\/div>\n\t\t\t\t<div class=\"elementor-element elementor-element-7586a743 elementor-widget elementor-widget-heading\" data-id=\"7586a743\" data-element_type=\"widget\" data-e-type=\"widget\" data-widget_type=\"heading.default\">\n\t\t\t\t<div class=\"elementor-widget-container\">\n\t\t\t\t\t<h3 class=\"elementor-heading-title elementor-size-default\">Das Wichtigste im \u00dcberblick<\/h3>\t\t\t\t<\/div>\n\t\t\t\t<\/div>\n\t\t\t\t<div class=\"elementor-element elementor-element-60ace41f elementor-widget elementor-widget-text-editor\" data-id=\"60ace41f\" data-element_type=\"widget\" data-e-type=\"widget\" data-widget_type=\"text-editor.default\">\n\t\t\t\t<div class=\"elementor-widget-container\">\n\t\t\t\t\t\t\t\t\t<div class=\"\" data-turn-id-container=\"request-WEB:988f7aa9-ea7e-48d6-9c9a-85558baf6b2c-49\" data-is-intersecting=\"true\"><section class=\"text-token-text-primary w-full focus:outline-none [--shadow-height:45px] has-data-writing-block:pointer-events-none has-data-writing-block:-mt-(--shadow-height) has-data-writing-block:pt-(--shadow-height) [&amp;:has([data-writing-block])&gt;*]:pointer-events-auto R6Vx5W_threadScrollVars scroll-mb-[calc(var(--scroll-root-safe-area-inset-bottom,0px)+var(--thread-response-height))] scroll-mt-[calc(var(--header-height)+min(200px,max(70px,20svh)))]\" dir=\"auto\" data-turn-id=\"request-WEB:988f7aa9-ea7e-48d6-9c9a-85558baf6b2c-49\" data-testid=\"conversation-turn-20\" data-scroll-anchor=\"false\" data-turn=\"assistant\"><div class=\"text-base my-auto mx-auto pb-10 [--thread-content-margin:var(--thread-content-margin-xs,calc(var(--spacing)*4))] @w-sm\/main:[--thread-content-margin:var(--thread-content-margin-sm,calc(var(--spacing)*6))] @w-lg\/main:[--thread-content-margin:var(--thread-content-margin-lg,calc(var(--spacing)*16))] px-(--thread-content-margin)\"><div class=\"[--thread-content-max-width:40rem] @w-lg\/main:[--thread-content-max-width:48rem] mx-auto max-w-(--thread-content-max-width) flex-1 group\/turn-messages focus-visible:outline-hidden relative flex w-full min-w-0 flex-col agent-turn\"><div class=\"flex max-w-full flex-col gap-4 grow\"><div class=\"min-h-8 text-message relative flex w-full flex-col items-end gap-2 text-start break-words whitespace-normal outline-none keyboard-focused:focus-ring [.text-message+&amp;]:mt-1\" dir=\"auto\" tabindex=\"0\" data-message-author-role=\"assistant\" data-message-id=\"91d6a37f-8111-47da-9a61-ac3dbb12067e\" data-message-model-slug=\"gpt-5-3-mini\" data-turn-start-message=\"true\"><div class=\"flex w-full flex-col gap-1 empty:hidden\"><div class=\"markdown prose dark:prose-invert w-full wrap-break-word dark markdown-new-styling\"><ul><li>Mehr als f\u00fcnfzig verschiedene Arten von Assets wurden erstellt, um die Veranstaltung zu begleiten<\/li><li>Eine durchg\u00e4ngige visuelle und kommunikative Konsistenz \u00fcber alle Kommunikationsmittel hinweg wurde sichergestellt<\/li><li>Eine Multi-Format-Produktion (Print, Digital, vor Ort) wurde unter den engen zeitlichen Rahmenbedingungen eines Events umgesetzt<\/li><\/ul><\/div><\/div><\/div><\/div><\/div><\/div><\/section><\/div>\t\t\t\t\t\t\t\t<\/div>\n\t\t\t\t<\/div>\n\t\t\t\t<\/div>\n\t\t\t\t\t<\/div>\n\t\t\t\t<\/div>\n\t\t<div class=\"elementor-element elementor-element-192f3c6f e-flex e-con-boxed e-con e-parent\" data-id=\"192f3c6f\" data-element_type=\"container\" data-e-type=\"container\" data-settings=\"{&quot;background_background&quot;:&quot;classic&quot;}\">\n\t\t\t\t\t<div class=\"e-con-inner\">\n\t\t\t\t<div class=\"elementor-element elementor-element-4c9f7725 elementor-widget elementor-widget-heading\" data-id=\"4c9f7725\" data-element_type=\"widget\" data-e-type=\"widget\" data-widget_type=\"heading.default\">\n\t\t\t\t<div class=\"elementor-widget-container\">\n\t\t\t\t\t<h2 class=\"elementor-heading-title elementor-size-default\">Brauchen Sie Sichtbarkeit?<\/h2>\t\t\t\t<\/div>\n\t\t\t\t<\/div>\n\t\t\t\t<div class=\"elementor-element elementor-element-1308dffa elementor-widget elementor-widget-text-editor\" data-id=\"1308dffa\" data-element_type=\"widget\" data-e-type=\"widget\" data-widget_type=\"text-editor.default\">\n\t\t\t\t<div class=\"elementor-widget-container\">\n\t\t\t\t\t\t\t\t\t<p>Lassen Sie uns das in einem Gespr\u00e4ch besprechen.<\/p>\t\t\t\t\t\t\t\t<\/div>\n\t\t\t\t<\/div>\n\t\t\t\t<div class=\"elementor-element elementor-element-1f43d626 elementor-align-center elementor-widget elementor-widget-button\" data-id=\"1f43d626\" data-element_type=\"widget\" data-e-type=\"widget\" data-widget_type=\"button.default\">\n\t\t\t\t<div class=\"elementor-widget-container\">\n\t\t\t\t\t\t\t\t\t<div class=\"elementor-button-wrapper\">\n\t\t\t\t\t<a class=\"elementor-button elementor-button-link elementor-size-sm\" href=\"https:\/\/agence.breakflip.com\/contact\/\">\n\t\t\t\t\t\t<span class=\"elementor-button-content-wrapper\">\n\t\t\t\t\t\t<span class=\"elementor-button-icon\">\n\t\t\t\t<svg aria-hidden=\"true\" class=\"e-font-icon-svg e-far-envelope\" viewBox=\"0 0 512 512\" xmlns=\"http:\/\/www.w3.org\/2000\/svg\"><path d=\"M464 64H48C21.49 64 0 85.49 0 112v288c0 26.51 21.49 48 48 48h416c26.51 0 48-21.49 48-48V112c0-26.51-21.49-48-48-48zm0 48v40.805c-22.422 18.259-58.168 46.651-134.587 106.49-16.841 13.247-50.201 45.072-73.413 44.701-23.208.375-56.579-31.459-73.413-44.701C106.18 199.465 70.425 171.067 48 152.805V112h416zM48 400V214.398c22.914 18.251 55.409 43.862 104.938 82.646 21.857 17.205 60.134 55.186 103.062 54.955 42.717.231 80.509-37.199 103.053-54.947 49.528-38.783 82.032-64.401 104.947-82.653V400H48z\"><\/path><\/svg>\t\t\t<\/span>\n\t\t\t\t\t\t\t\t\t<span class=\"elementor-button-text\">Kontaktieren Sie uns<\/span>\n\t\t\t\t\t<\/span>\n\t\t\t\t\t<\/a>\n\t\t\t\t<\/div>\n\t\t\t\t\t\t\t\t<\/div>\n\t\t\t\t<\/div>\n\t\t\t\t\t<\/div>\n\t\t\t\t<\/div>\n\t\t<div class=\"elementor-element elementor-element-2b2fe53e e-flex e-con-boxed e-con e-parent\" data-id=\"2b2fe53e\" data-element_type=\"container\" data-e-type=\"container\">\n\t\t\t\t\t<div class=\"e-con-inner\">\n\t\t<div class=\"elementor-element elementor-element-aaff73e e-con-full e-flex e-con e-child\" data-id=\"aaff73e\" data-element_type=\"container\" data-e-type=\"container\">\n\t\t\t\t<div class=\"elementor-element elementor-element-8766e94 elementor-widget elementor-widget-image\" data-id=\"8766e94\" data-element_type=\"widget\" data-e-type=\"widget\" data-widget_type=\"image.default\">\n\t\t\t\t<div class=\"elementor-widget-container\">\n\t\t\t\t\t\t\t\t\t\t\t\t\t\t\t<img fetchpriority=\"high\" decoding=\"async\" width=\"800\" height=\"554\" src=\"\/wp-content\/uploads\/2026\/04\/Bus-Stop-Billboard-MockUp-1024x709.jpg\" class=\"attachment-large size-large wp-image-4506\" alt=\"\" srcset=\"\/wp-content\/uploads\/2026\/04\/Bus-Stop-Billboard-MockUp-1024x709.jpg 1024w, \/wp-content\/uploads\/2026\/04\/Bus-Stop-Billboard-MockUp-300x208.jpg 300w, \/wp-content\/uploads\/2026\/04\/Bus-Stop-Billboard-MockUp-768x532.jpg 768w, \/wp-content\/uploads\/2026\/04\/Bus-Stop-Billboard-MockUp-1536x1064.jpg 1536w, \/wp-content\/uploads\/2026\/04\/Bus-Stop-Billboard-MockUp.jpg 1920w\" sizes=\"(max-width: 800px) 100vw, 800px\" \/>\t\t\t\t\t\t\t\t\t\t\t\t\t\t\t<\/div>\n\t\t\t\t<\/div>\n\t\t\t\t<\/div>\n\t\t<div class=\"elementor-element elementor-element-7b939b8 e-con-full e-flex e-con e-child\" data-id=\"7b939b8\" data-element_type=\"container\" data-e-type=\"container\">\n\t\t\t\t<div class=\"elementor-element elementor-element-1d7a937 elementor-widget elementor-widget-image\" data-id=\"1d7a937\" data-element_type=\"widget\" data-e-type=\"widget\" data-widget_type=\"image.default\">\n\t\t\t\t<div class=\"elementor-widget-container\">\n\t\t\t\t\t\t\t\t\t\t\t\t\t\t\t\t<a href=\"https:\/\/www.instagram.com\/japan.touch\/\">\n\t\t\t\t\t\t\t<img decoding=\"async\" width=\"761\" height=\"1024\" src=\"\/wp-content\/uploads\/2026\/04\/iPhone_17_Mockup_1-761x1024.png\" class=\"elementor-animation-shrink attachment-large size-large wp-image-4509\" alt=\"\" srcset=\"\/wp-content\/uploads\/2026\/04\/iPhone_17_Mockup_1-761x1024.png 761w, \/wp-content\/uploads\/2026\/04\/iPhone_17_Mockup_1-223x300.png 223w, \/wp-content\/uploads\/2026\/04\/iPhone_17_Mockup_1-768x1033.png 768w, \/wp-content\/uploads\/2026\/04\/iPhone_17_Mockup_1-1142x1536.png 1142w, \/wp-content\/uploads\/2026\/04\/iPhone_17_Mockup_1.png 1427w\" sizes=\"(max-width: 761px) 100vw, 761px\" \/>\t\t\t\t\t\t\t\t<\/a>\n\t\t\t\t\t\t\t\t\t\t\t\t\t\t\t<\/div>\n\t\t\t\t<\/div>\n\t\t\t\t<div class=\"elementor-element elementor-element-62cbc84 elementor-widget elementor-widget-text-editor\" data-id=\"62cbc84\" data-element_type=\"widget\" data-e-type=\"widget\" data-widget_type=\"text-editor.default\">\n\t\t\t\t<div class=\"elementor-widget-container\">\n\t\t\t\t\t\t\t\t\t<p><em>Klicken Sie auf das Bild, um den Instagram-Account zu entdecken<\/em><\/p>\t\t\t\t\t\t\t\t<\/div>\n\t\t\t\t<\/div>\n\t\t\t\t<\/div>\n\t\t\t\t\t<\/div>\n\t\t\t\t<\/div>\n\t\t<div class=\"elementor-element elementor-element-240755b1 e-flex e-con-boxed e-con e-parent\" data-id=\"240755b1\" data-element_type=\"container\" data-e-type=\"container\">\n\t\t\t\t\t<div class=\"e-con-inner\">\n\t\t\t\t<div class=\"elementor-element elementor-element-2b994f75 elementor-widget elementor-widget-spacer\" data-id=\"2b994f75\" data-element_type=\"widget\" data-e-type=\"widget\" data-widget_type=\"spacer.default\">\n\t\t\t\t<div class=\"elementor-widget-container\">\n\t\t\t\t\t\t\t<div class=\"elementor-spacer\">\n\t\t\t<div class=\"elementor-spacer-inner\"><\/div>\n\t\t<\/div>\n\t\t\t\t\t\t<\/div>\n\t\t\t\t<\/div>\n\t\t\t\t\t<\/div>\n\t\t\t\t<\/div>\n\t\t\t\t<\/div>\n\t\t","protected":false},"excerpt":{"rendered":"<p>Japan Touch &#8211; Kommunikation Ganzheitliche Kommunikationsbetreuung der Japan Touch Was ist die Japan Touch? Die Japan Touch ist ein Festival rund um die japanische Popkultur, das jedes Jahr in Lyon stattfindet. Was waren unsere Aufgaben? Wir begleiten die Japan Touch in mehreren Bereichen ihrer Kommunikation und Eventorganisation: Betreuung der Social-Media-Kan\u00e4le (Instagram, Facebook) Aktualisierung und Wartung [&hellip;]<\/p>\n","protected":false},"author":1,"featured_media":0,"parent":2860,"menu_order":0,"comment_status":"closed","ping_status":"closed","template":"","meta":{"footnotes":""},"class_list":["post-4520","page","type-page","status-publish","hentry"],"yoast_head":"<!-- This site is optimized with the Yoast SEO plugin v27.5 - https:\/\/yoast.com\/product\/yoast-seo-wordpress\/ -->\n<title>Best Case Japan Touch - Kommunikation - Breakflip Agency<\/title>\n<meta name=\"description\" content=\"D\u00e9couvrez comment nous accompagnons la Japan Touch dans la production de ses assets graphiques et dans la mise \u00e0 jour de son site internet.Erfahren Sie, wie wir die Japan Touch bei der Erstellung ihrer grafischen Assets und bei der Aktualisierung ihrer Website unterst\u00fctzen\" \/>\n<meta name=\"robots\" content=\"index, follow, max-snippet:-1, max-image-preview:large, max-video-preview:-1\" \/>\n<link rel=\"canonical\" href=\"https:\/\/agence.breakflip.com\/de\/unsere-projekte\/best-case-japan-touch-kommunikation\/\" \/>\n<meta property=\"og:locale\" content=\"de_DE\" \/>\n<meta property=\"og:type\" content=\"article\" \/>\n<meta property=\"og:title\" content=\"Best Case Japan Touch - Kommunikation - Breakflip Agency\" \/>\n<meta property=\"og:description\" content=\"D\u00e9couvrez comment nous accompagnons la Japan Touch dans la production de ses assets graphiques et dans la mise \u00e0 jour de son site internet.Erfahren Sie, wie wir die Japan Touch bei der Erstellung ihrer grafischen Assets und bei der Aktualisierung ihrer Website unterst\u00fctzen\" \/>\n<meta property=\"og:url\" content=\"https:\/\/agence.breakflip.com\/de\/unsere-projekte\/best-case-japan-touch-kommunikation\/\" \/>\n<meta property=\"og:site_name\" content=\"Breakflip Agency\" \/>\n<meta property=\"article:modified_time\" content=\"2026-04-23T13:15:24+00:00\" \/>\n<meta name=\"twitter:card\" content=\"summary_large_image\" \/>\n<meta name=\"twitter:site\" content=\"@BreakflipFR\" \/>\n<meta name=\"twitter:label1\" content=\"Gesch\u00e4tzte Lesezeit\" \/>\n\t<meta name=\"twitter:data1\" content=\"2\u00a0Minuten\" \/>\n<script type=\"application\/ld+json\" class=\"yoast-schema-graph\">{\"@context\":\"https:\\\/\\\/schema.org\",\"@graph\":[{\"@type\":\"WebPage\",\"@id\":\"https:\\\/\\\/agence.breakflip.com\\\/de\\\/unsere-projekte\\\/best-case-japan-touch-kommunikation\\\/\",\"url\":\"https:\\\/\\\/agence.breakflip.com\\\/de\\\/unsere-projekte\\\/best-case-japan-touch-kommunikation\\\/\",\"name\":\"Best Case Japan Touch - Kommunikation - Breakflip Agency\",\"isPartOf\":{\"@id\":\"https:\\\/\\\/agence.breakflip.com\\\/de\\\/#website\"},\"datePublished\":\"2026-04-23T12:51:31+00:00\",\"dateModified\":\"2026-04-23T13:15:24+00:00\",\"description\":\"D\u00e9couvrez comment nous accompagnons la Japan Touch dans la production de ses assets graphiques et dans la mise \u00e0 jour de son site internet.Erfahren Sie, wie wir die Japan Touch bei der Erstellung ihrer grafischen Assets und bei der Aktualisierung ihrer Website unterst\u00fctzen\",\"breadcrumb\":{\"@id\":\"https:\\\/\\\/agence.breakflip.com\\\/de\\\/unsere-projekte\\\/best-case-japan-touch-kommunikation\\\/#breadcrumb\"},\"inLanguage\":\"de\",\"potentialAction\":[{\"@type\":\"ReadAction\",\"target\":[\"https:\\\/\\\/agence.breakflip.com\\\/de\\\/unsere-projekte\\\/best-case-japan-touch-kommunikation\\\/\"]}]},{\"@type\":\"BreadcrumbList\",\"@id\":\"https:\\\/\\\/agence.breakflip.com\\\/de\\\/unsere-projekte\\\/best-case-japan-touch-kommunikation\\\/#breadcrumb\",\"itemListElement\":[{\"@type\":\"ListItem\",\"position\":1,\"name\":\"Accueil\",\"item\":\"https:\\\/\\\/agence.breakflip.com\\\/de\\\/\"},{\"@type\":\"ListItem\",\"position\":2,\"name\":\"Unsere Projekte\",\"item\":\"https:\\\/\\\/agence.breakflip.com\\\/de\\\/nos-projets\\\/\"},{\"@type\":\"ListItem\",\"position\":3,\"name\":\"Best Case Japan Touch &#8211; Kommunikation\"}]},{\"@type\":\"WebSite\",\"@id\":\"https:\\\/\\\/agence.breakflip.com\\\/de\\\/#website\",\"url\":\"https:\\\/\\\/agence.breakflip.com\\\/de\\\/\",\"name\":\"Breakflip Agency\",\"description\":\"D\u00e9couvrez le travail de l&#039;agence Breakflip et faite lui confiance dans l&#039;\u00e9laboration de vos projets marketing, communication et \u00e9v\u00e8nementiel.\",\"publisher\":{\"@id\":\"https:\\\/\\\/agence.breakflip.com\\\/de\\\/#organization\"},\"potentialAction\":[{\"@type\":\"SearchAction\",\"target\":{\"@type\":\"EntryPoint\",\"urlTemplate\":\"https:\\\/\\\/agence.breakflip.com\\\/de\\\/?s={search_term_string}\"},\"query-input\":{\"@type\":\"PropertyValueSpecification\",\"valueRequired\":true,\"valueName\":\"search_term_string\"}}],\"inLanguage\":\"de\"},{\"@type\":\"Organization\",\"@id\":\"https:\\\/\\\/agence.breakflip.com\\\/de\\\/#organization\",\"name\":\"Breakflip Agency\",\"url\":\"https:\\\/\\\/agence.breakflip.com\\\/de\\\/\",\"logo\":{\"@type\":\"ImageObject\",\"inLanguage\":\"de\",\"@id\":\"https:\\\/\\\/agence.breakflip.com\\\/de\\\/#\\\/schema\\\/logo\\\/image\\\/\",\"url\":\"\\\/wp-content\\\/uploads\\\/2024\\\/07\\\/Logo-Breakflip-site-300px-100px-1.png\",\"contentUrl\":\"\\\/wp-content\\\/uploads\\\/2024\\\/07\\\/Logo-Breakflip-site-300px-100px-1.png\",\"width\":350,\"height\":100,\"caption\":\"Breakflip Agency\"},\"image\":{\"@id\":\"https:\\\/\\\/agence.breakflip.com\\\/de\\\/#\\\/schema\\\/logo\\\/image\\\/\"},\"sameAs\":[\"https:\\\/\\\/x.com\\\/BreakflipFR\",\"https:\\\/\\\/www.tiktok.com\\\/@breakflip\",\"https:\\\/\\\/www.instagram.com\\\/breakflip\\\/?hl=fr\",\"https:\\\/\\\/www.linkedin.com\\\/company\\\/breakflip\\\/\"]}]}<\/script>\n<!-- \/ Yoast SEO plugin. -->","yoast_head_json":{"title":"Best Case Japan Touch - Kommunikation - Breakflip Agency","description":"D\u00e9couvrez comment nous accompagnons la Japan Touch dans la production de ses assets graphiques et dans la mise \u00e0 jour de son site internet.Erfahren Sie, wie wir die Japan Touch bei der Erstellung ihrer grafischen Assets und bei der Aktualisierung ihrer Website unterst\u00fctzen","robots":{"index":"index","follow":"follow","max-snippet":"max-snippet:-1","max-image-preview":"max-image-preview:large","max-video-preview":"max-video-preview:-1"},"canonical":"https:\/\/agence.breakflip.com\/de\/unsere-projekte\/best-case-japan-touch-kommunikation\/","og_locale":"de_DE","og_type":"article","og_title":"Best Case Japan Touch - Kommunikation - Breakflip Agency","og_description":"D\u00e9couvrez comment nous accompagnons la Japan Touch dans la production de ses assets graphiques et dans la mise \u00e0 jour de son site internet.Erfahren Sie, wie wir die Japan Touch bei der Erstellung ihrer grafischen Assets und bei der Aktualisierung ihrer Website unterst\u00fctzen","og_url":"https:\/\/agence.breakflip.com\/de\/unsere-projekte\/best-case-japan-touch-kommunikation\/","og_site_name":"Breakflip Agency","article_modified_time":"2026-04-23T13:15:24+00:00","twitter_card":"summary_large_image","twitter_site":"@BreakflipFR","twitter_misc":{"Gesch\u00e4tzte Lesezeit":"2\u00a0Minuten"},"schema":{"@context":"https:\/\/schema.org","@graph":[{"@type":"WebPage","@id":"https:\/\/agence.breakflip.com\/de\/unsere-projekte\/best-case-japan-touch-kommunikation\/","url":"https:\/\/agence.breakflip.com\/de\/unsere-projekte\/best-case-japan-touch-kommunikation\/","name":"Best Case Japan Touch - Kommunikation - Breakflip Agency","isPartOf":{"@id":"https:\/\/agence.breakflip.com\/de\/#website"},"datePublished":"2026-04-23T12:51:31+00:00","dateModified":"2026-04-23T13:15:24+00:00","description":"D\u00e9couvrez comment nous accompagnons la Japan Touch dans la production de ses assets graphiques et dans la mise \u00e0 jour de son site internet.Erfahren Sie, wie wir die Japan Touch bei der Erstellung ihrer grafischen Assets und bei der Aktualisierung ihrer Website unterst\u00fctzen","breadcrumb":{"@id":"https:\/\/agence.breakflip.com\/de\/unsere-projekte\/best-case-japan-touch-kommunikation\/#breadcrumb"},"inLanguage":"de","potentialAction":[{"@type":"ReadAction","target":["https:\/\/agence.breakflip.com\/de\/unsere-projekte\/best-case-japan-touch-kommunikation\/"]}]},{"@type":"BreadcrumbList","@id":"https:\/\/agence.breakflip.com\/de\/unsere-projekte\/best-case-japan-touch-kommunikation\/#breadcrumb","itemListElement":[{"@type":"ListItem","position":1,"name":"Accueil","item":"https:\/\/agence.breakflip.com\/de\/"},{"@type":"ListItem","position":2,"name":"Unsere Projekte","item":"https:\/\/agence.breakflip.com\/de\/nos-projets\/"},{"@type":"ListItem","position":3,"name":"Best Case Japan Touch &#8211; Kommunikation"}]},{"@type":"WebSite","@id":"https:\/\/agence.breakflip.com\/de\/#website","url":"https:\/\/agence.breakflip.com\/de\/","name":"Breakflip Agency","description":"D\u00e9couvrez le travail de l&#039;agence Breakflip et faite lui confiance dans l&#039;\u00e9laboration de vos projets marketing, communication et \u00e9v\u00e8nementiel.","publisher":{"@id":"https:\/\/agence.breakflip.com\/de\/#organization"},"potentialAction":[{"@type":"SearchAction","target":{"@type":"EntryPoint","urlTemplate":"https:\/\/agence.breakflip.com\/de\/?s={search_term_string}"},"query-input":{"@type":"PropertyValueSpecification","valueRequired":true,"valueName":"search_term_string"}}],"inLanguage":"de"},{"@type":"Organization","@id":"https:\/\/agence.breakflip.com\/de\/#organization","name":"Breakflip Agency","url":"https:\/\/agence.breakflip.com\/de\/","logo":{"@type":"ImageObject","inLanguage":"de","@id":"https:\/\/agence.breakflip.com\/de\/#\/schema\/logo\/image\/","url":"\/wp-content\/uploads\/2024\/07\/Logo-Breakflip-site-300px-100px-1.png","contentUrl":"\/wp-content\/uploads\/2024\/07\/Logo-Breakflip-site-300px-100px-1.png","width":350,"height":100,"caption":"Breakflip Agency"},"image":{"@id":"https:\/\/agence.breakflip.com\/de\/#\/schema\/logo\/image\/"},"sameAs":["https:\/\/x.com\/BreakflipFR","https:\/\/www.tiktok.com\/@breakflip","https:\/\/www.instagram.com\/breakflip\/?hl=fr","https:\/\/www.linkedin.com\/company\/breakflip\/"]}]}},"_links":{"self":[{"href":"https:\/\/agence.breakflip.com\/de\/wp-json\/wp\/v2\/pages\/4520","targetHints":{"allow":["GET"]}}],"collection":[{"href":"https:\/\/agence.breakflip.com\/de\/wp-json\/wp\/v2\/pages"}],"about":[{"href":"https:\/\/agence.breakflip.com\/de\/wp-json\/wp\/v2\/types\/page"}],"author":[{"embeddable":true,"href":"https:\/\/agence.breakflip.com\/de\/wp-json\/wp\/v2\/users\/1"}],"replies":[{"embeddable":true,"href":"https:\/\/agence.breakflip.com\/de\/wp-json\/wp\/v2\/comments?post=4520"}],"version-history":[{"count":4,"href":"https:\/\/agence.breakflip.com\/de\/wp-json\/wp\/v2\/pages\/4520\/revisions"}],"predecessor-version":[{"id":4530,"href":"https:\/\/agence.breakflip.com\/de\/wp-json\/wp\/v2\/pages\/4520\/revisions\/4530"}],"up":[{"embeddable":true,"href":"https:\/\/agence.breakflip.com\/de\/wp-json\/wp\/v2\/pages\/2860"}],"wp:attachment":[{"href":"https:\/\/agence.breakflip.com\/de\/wp-json\/wp\/v2\/media?parent=4520"}],"curies":[{"name":"wp","href":"https:\/\/api.w.org\/{rel}","templated":true}]}}