{"id":4477,"date":"2026-04-23T10:10:10","date_gmt":"2026-04-23T08:10:10","guid":{"rendered":"https:\/\/agence.breakflip.com\/best-case-naruto-mythos-production-video\/"},"modified":"2026-04-23T10:22:51","modified_gmt":"2026-04-23T08:22:51","slug":"best-case-naruto-mythos-videoproduktion","status":"publish","type":"page","link":"https:\/\/agence.breakflip.com\/de\/unsere-projekte\/best-case-naruto-mythos-videoproduktion\/","title":{"rendered":"Best Case Naruto Mythos &#8211; Videoproduktion"},"content":{"rendered":"\t\t<div data-elementor-type=\"wp-page\" data-elementor-id=\"4477\" class=\"elementor elementor-4477\" data-elementor-post-type=\"page\">\n\t\t\t\t<div class=\"elementor-element elementor-element-73949515 e-flex e-con-boxed e-con e-parent\" data-id=\"73949515\" data-element_type=\"container\" data-e-type=\"container\">\n\t\t\t\t\t<div class=\"e-con-inner\">\n\t\t\t\t<div class=\"elementor-element elementor-element-682838c elementor-widget elementor-widget-heading\" data-id=\"682838c\" data-element_type=\"widget\" data-e-type=\"widget\" data-widget_type=\"heading.default\">\n\t\t\t\t<div class=\"elementor-widget-container\">\n\t\t\t\t\t<h1 class=\"elementor-heading-title elementor-size-default\">Naruto Mythos TCG - Videoproduktion<\/h1>\t\t\t\t<\/div>\n\t\t\t\t<\/div>\n\t\t\t\t\t<\/div>\n\t\t\t\t<\/div>\n\t\t<div class=\"elementor-element elementor-element-59bf2c24 e-flex e-con-boxed e-con e-parent\" data-id=\"59bf2c24\" data-element_type=\"container\" data-e-type=\"container\">\n\t\t\t\t\t<div class=\"e-con-inner\">\n\t\t\t\t<div class=\"elementor-element elementor-element-609a1b9 elementor-widget elementor-widget-video\" data-id=\"609a1b9\" data-element_type=\"widget\" data-e-type=\"widget\" data-settings=\"{&quot;youtube_url&quot;:&quot;https:\\\/\\\/www.youtube.com\\\/watch?v=5oC61or4BWs&quot;,&quot;video_type&quot;:&quot;youtube&quot;,&quot;controls&quot;:&quot;yes&quot;}\" data-widget_type=\"video.default\">\n\t\t\t\t<div class=\"elementor-widget-container\">\n\t\t\t\t\t\t\t<div class=\"elementor-wrapper elementor-open-inline\">\n\t\t\t<div class=\"elementor-video\"><\/div>\t\t<\/div>\n\t\t\t\t\t\t<\/div>\n\t\t\t\t<\/div>\n\t\t\t\t\t<\/div>\n\t\t\t\t<\/div>\n\t\t<div class=\"elementor-element elementor-element-7ae4afca e-flex e-con-boxed e-con e-parent\" data-id=\"7ae4afca\" data-element_type=\"container\" data-e-type=\"container\">\n\t\t\t\t\t<div class=\"e-con-inner\">\n\t\t<div class=\"elementor-element elementor-element-3c38c06d e-con-full e-transform e-flex e-con e-child\" data-id=\"3c38c06d\" data-element_type=\"container\" data-e-type=\"container\" data-settings=\"{&quot;background_background&quot;:&quot;classic&quot;,&quot;_transform_translateY_effect&quot;:{&quot;unit&quot;:&quot;px&quot;,&quot;size&quot;:20,&quot;sizes&quot;:[]},&quot;_transform_translateX_effect&quot;:{&quot;unit&quot;:&quot;px&quot;,&quot;size&quot;:&quot;&quot;,&quot;sizes&quot;:[]},&quot;_transform_translateX_effect_tablet&quot;:{&quot;unit&quot;:&quot;px&quot;,&quot;size&quot;:&quot;&quot;,&quot;sizes&quot;:[]},&quot;_transform_translateX_effect_mobile&quot;:{&quot;unit&quot;:&quot;px&quot;,&quot;size&quot;:&quot;&quot;,&quot;sizes&quot;:[]},&quot;_transform_translateY_effect_tablet&quot;:{&quot;unit&quot;:&quot;px&quot;,&quot;size&quot;:&quot;&quot;,&quot;sizes&quot;:[]},&quot;_transform_translateY_effect_mobile&quot;:{&quot;unit&quot;:&quot;px&quot;,&quot;size&quot;:&quot;&quot;,&quot;sizes&quot;:[]}}\">\n\t\t\t\t<div class=\"elementor-element elementor-element-5a2fc17b elementor-widget elementor-widget-heading\" data-id=\"5a2fc17b\" data-element_type=\"widget\" data-e-type=\"widget\" data-widget_type=\"heading.default\">\n\t\t\t\t<div class=\"elementor-widget-container\">\n\t\t\t\t\t<h2 class=\"elementor-heading-title elementor-size-default\">Produktion von Studio-Videos f\u00fcr die Social-Media-Kan\u00e4le von Naruto Mythos TCG.<\/h2>\t\t\t\t<\/div>\n\t\t\t\t<\/div>\n\t\t\t\t<\/div>\n\t\t<div class=\"elementor-element elementor-element-5e7d1501 e-con-full e-flex e-con e-child\" data-id=\"5e7d1501\" data-element_type=\"container\" data-e-type=\"container\">\n\t\t\t\t<div class=\"elementor-element elementor-element-31d07abc elementor-widget elementor-widget-heading\" data-id=\"31d07abc\" data-element_type=\"widget\" data-e-type=\"widget\" data-widget_type=\"heading.default\">\n\t\t\t\t<div class=\"elementor-widget-container\">\n\t\t\t\t\t<h3 class=\"elementor-heading-title elementor-size-default\">Was ist Naruto Mythos TCG?<\/h3>\t\t\t\t<\/div>\n\t\t\t\t<\/div>\n\t\t\t\t<div class=\"elementor-element elementor-element-3bbf6f2c elementor-widget elementor-widget-text-editor\" data-id=\"3bbf6f2c\" data-element_type=\"widget\" data-e-type=\"widget\" data-widget_type=\"text-editor.default\">\n\t\t\t\t<div class=\"elementor-widget-container\">\n\t\t\t\t\t\t\t\t\t<p><strong>Naruto Mythos TCG<\/strong> ist das neue offizielle Sammelkartenspiel im <strong>Naruto-Universum<\/strong>, das ab dem 13. M\u00e4rz 2026 in Frankreich und Europa verf\u00fcgbar sein wird.<\/p>\t\t\t\t\t\t\t\t<\/div>\n\t\t\t\t<\/div>\n\t\t\t\t<div class=\"elementor-element elementor-element-10c3c3e0 elementor-widget elementor-widget-heading\" data-id=\"10c3c3e0\" data-element_type=\"widget\" data-e-type=\"widget\" data-widget_type=\"heading.default\">\n\t\t\t\t<div class=\"elementor-widget-container\">\n\t\t\t\t\t<h3 class=\"elementor-heading-title elementor-size-default\">Was waren unsere Aufgaben?<\/h3>\t\t\t\t<\/div>\n\t\t\t\t<\/div>\n\t\t\t\t<div class=\"elementor-element elementor-element-47a3d967 elementor-widget elementor-widget-text-editor\" data-id=\"47a3d967\" data-element_type=\"widget\" data-e-type=\"widget\" data-widget_type=\"text-editor.default\">\n\t\t\t\t<div class=\"elementor-widget-container\">\n\t\t\t\t\t\t\t\t\t<div class=\"\" data-turn-id-container=\"024abb74-3664-4b6a-a5c7-7f742459b177\" data-is-intersecting=\"true\"><p data-start=\"0\" data-end=\"183\">Wir haben Naruto Mythos TCG bei der Produktion von rund <strong>f\u00fcnfzehn Videos<\/strong> in <strong>Franz\u00f6sisch<\/strong> und <strong>Englisch<\/strong> f\u00fcr Social-Media-Kan\u00e4le unterst\u00fctzt. Unser Beitrag umfasste den gesamten Prozess:<\/p><ul data-start=\"185\" data-end=\"349\" data-is-last-node=\"\" data-is-only-node=\"\"><li data-section-id=\"1tca7q0\" data-start=\"185\" data-end=\"215\">Erstellung der Storyboards<\/li><li data-section-id=\"1tncbad\" data-start=\"216\" data-end=\"250\">Bereitstellung der Drehtechnik<\/li><li data-section-id=\"1a9r8c\" data-start=\"251\" data-end=\"293\">Einrichtung und Gestaltung des Studios<\/li><li data-section-id=\"z0a6f6\" data-start=\"294\" data-end=\"307\">Videodreh<\/li><li data-section-id=\"f3g6cj\" data-start=\"308\" data-end=\"349\" data-is-last-node=\"\">Schnitt und Ver\u00f6ffentlichung der Videos<\/li><\/ul><\/div>\t\t\t\t\t\t\t\t<\/div>\n\t\t\t\t<\/div>\n\t\t\t\t<div class=\"elementor-element elementor-element-1d5d1c6f elementor-widget elementor-widget-heading\" data-id=\"1d5d1c6f\" data-element_type=\"widget\" data-e-type=\"widget\" data-widget_type=\"heading.default\">\n\t\t\t\t<div class=\"elementor-widget-container\">\n\t\t\t\t\t<h3 class=\"elementor-heading-title elementor-size-default\">Wesentliche Erkenntnisse<\/h3>\t\t\t\t<\/div>\n\t\t\t\t<\/div>\n\t\t\t\t<div class=\"elementor-element elementor-element-22423328 elementor-widget elementor-widget-text-editor\" data-id=\"22423328\" data-element_type=\"widget\" data-e-type=\"widget\" data-widget_type=\"text-editor.default\">\n\t\t\t\t<div class=\"elementor-widget-container\">\n\t\t\t\t\t\t\t\t\t<ul><li data-turn-id-container=\"28204f6c-1942-46c5-9371-2758be23c6a7\" data-is-intersecting=\"true\"><strong>15+ Videos<\/strong> in Englisch und Franz\u00f6sisch produziert.<\/li><li data-turn-id-container=\"28204f6c-1942-46c5-9371-2758be23c6a7\" data-is-intersecting=\"true\"><strong>500K+ Aufrufe<\/strong> erzielt.<\/li><\/ul>\t\t\t\t\t\t\t\t<\/div>\n\t\t\t\t<\/div>\n\t\t\t\t<\/div>\n\t\t\t\t\t<\/div>\n\t\t\t\t<\/div>\n\t\t<div class=\"elementor-element elementor-element-71178d26 e-flex e-con-boxed e-con e-parent\" data-id=\"71178d26\" data-element_type=\"container\" data-e-type=\"container\" data-settings=\"{&quot;background_background&quot;:&quot;classic&quot;}\">\n\t\t\t\t\t<div class=\"e-con-inner\">\n\t\t\t\t<div class=\"elementor-element elementor-element-38dde96c elementor-widget elementor-widget-heading\" data-id=\"38dde96c\" data-element_type=\"widget\" data-e-type=\"widget\" data-widget_type=\"heading.default\">\n\t\t\t\t<div class=\"elementor-widget-container\">\n\t\t\t\t\t<h2 class=\"elementor-heading-title elementor-size-default\">Brauchen Sie mehr Sichtbarkeit?<\/h2>\t\t\t\t<\/div>\n\t\t\t\t<\/div>\n\t\t\t\t<div class=\"elementor-element elementor-element-34f5931c elementor-widget elementor-widget-text-editor\" data-id=\"34f5931c\" data-element_type=\"widget\" data-e-type=\"widget\" data-widget_type=\"text-editor.default\">\n\t\t\t\t<div class=\"elementor-widget-container\">\n\t\t\t\t\t\t\t\t\t<p>Lassen Sie uns das in einem Gespr\u00e4ch besprechen.<\/p>\t\t\t\t\t\t\t\t<\/div>\n\t\t\t\t<\/div>\n\t\t\t\t<div class=\"elementor-element elementor-element-755ba98a elementor-align-center elementor-widget elementor-widget-button\" data-id=\"755ba98a\" data-element_type=\"widget\" data-e-type=\"widget\" data-widget_type=\"button.default\">\n\t\t\t\t<div class=\"elementor-widget-container\">\n\t\t\t\t\t\t\t\t\t<div class=\"elementor-button-wrapper\">\n\t\t\t\t\t<a class=\"elementor-button elementor-button-link elementor-size-sm\" href=\"https:\/\/agence.breakflip.com\/contact\/\">\n\t\t\t\t\t\t<span class=\"elementor-button-content-wrapper\">\n\t\t\t\t\t\t<span class=\"elementor-button-icon\">\n\t\t\t\t<svg aria-hidden=\"true\" class=\"e-font-icon-svg e-far-envelope\" viewBox=\"0 0 512 512\" xmlns=\"http:\/\/www.w3.org\/2000\/svg\"><path d=\"M464 64H48C21.49 64 0 85.49 0 112v288c0 26.51 21.49 48 48 48h416c26.51 0 48-21.49 48-48V112c0-26.51-21.49-48-48-48zm0 48v40.805c-22.422 18.259-58.168 46.651-134.587 106.49-16.841 13.247-50.201 45.072-73.413 44.701-23.208.375-56.579-31.459-73.413-44.701C106.18 199.465 70.425 171.067 48 152.805V112h416zM48 400V214.398c22.914 18.251 55.409 43.862 104.938 82.646 21.857 17.205 60.134 55.186 103.062 54.955 42.717.231 80.509-37.199 103.053-54.947 49.528-38.783 82.032-64.401 104.947-82.653V400H48z\"><\/path><\/svg>\t\t\t<\/span>\n\t\t\t\t\t\t\t\t\t<span class=\"elementor-button-text\">Kontaktieren Sie uns<\/span>\n\t\t\t\t\t<\/span>\n\t\t\t\t\t<\/a>\n\t\t\t\t<\/div>\n\t\t\t\t\t\t\t\t<\/div>\n\t\t\t\t<\/div>\n\t\t\t\t\t<\/div>\n\t\t\t\t<\/div>\n\t\t<div class=\"elementor-element elementor-element-0ead048 e-flex e-con-boxed e-con e-parent\" data-id=\"0ead048\" data-element_type=\"container\" data-e-type=\"container\">\n\t\t\t\t\t<div class=\"e-con-inner\">\n\t\t<div class=\"elementor-element elementor-element-5f148c7 e-con-full e-flex e-con e-child\" data-id=\"5f148c7\" data-element_type=\"container\" data-e-type=\"container\">\n\t\t\t\t<div class=\"elementor-element elementor-element-aa14e65 elementor-widget elementor-widget-heading\" data-id=\"aa14e65\" data-element_type=\"widget\" data-e-type=\"widget\" data-widget_type=\"heading.default\">\n\t\t\t\t<div class=\"elementor-widget-container\">\n\t\t\t\t\t<h5 class=\"elementor-heading-title elementor-size-default\">Einige Video-Beispiele<\/h5>\t\t\t\t<\/div>\n\t\t\t\t<\/div>\n\t\t\t\t<\/div>\n\t\t<div class=\"elementor-element elementor-element-33d68cc e-con-full e-flex e-con e-child\" data-id=\"33d68cc\" data-element_type=\"container\" data-e-type=\"container\">\n\t\t\t\t<div class=\"elementor-element elementor-element-54856c7 elementor-widget elementor-widget-video\" data-id=\"54856c7\" data-element_type=\"widget\" data-e-type=\"widget\" data-settings=\"{&quot;youtube_url&quot;:&quot;https:\\\/\\\/www.youtube.com\\\/watch?v=YNha3T6-8o4&quot;,&quot;video_type&quot;:&quot;youtube&quot;,&quot;controls&quot;:&quot;yes&quot;}\" data-widget_type=\"video.default\">\n\t\t\t\t<div class=\"elementor-widget-container\">\n\t\t\t\t\t\t\t<div class=\"elementor-wrapper elementor-open-inline\">\n\t\t\t<div class=\"elementor-video\"><\/div>\t\t<\/div>\n\t\t\t\t\t\t<\/div>\n\t\t\t\t<\/div>\n\t\t\t\t<\/div>\n\t\t<div class=\"elementor-element elementor-element-4bdf573 e-con-full e-flex e-con e-child\" data-id=\"4bdf573\" data-element_type=\"container\" data-e-type=\"container\">\n\t\t\t\t<div class=\"elementor-element elementor-element-1225a63 elementor-widget elementor-widget-video\" data-id=\"1225a63\" data-element_type=\"widget\" data-e-type=\"widget\" data-settings=\"{&quot;youtube_url&quot;:&quot;https:\\\/\\\/www.youtube.com\\\/watch?v=5oC61or4BWs&quot;,&quot;video_type&quot;:&quot;youtube&quot;,&quot;controls&quot;:&quot;yes&quot;}\" data-widget_type=\"video.default\">\n\t\t\t\t<div class=\"elementor-widget-container\">\n\t\t\t\t\t\t\t<div class=\"elementor-wrapper elementor-open-inline\">\n\t\t\t<div class=\"elementor-video\"><\/div>\t\t<\/div>\n\t\t\t\t\t\t<\/div>\n\t\t\t\t<\/div>\n\t\t\t\t<\/div>\n\t\t\t\t\t<\/div>\n\t\t\t\t<\/div>\n\t\t<div class=\"elementor-element elementor-element-581a7ca4 e-flex e-con-boxed e-con e-parent\" data-id=\"581a7ca4\" data-element_type=\"container\" data-e-type=\"container\">\n\t\t\t\t\t<div class=\"e-con-inner\">\n\t\t\t\t<div class=\"elementor-element elementor-element-59e9a738 elementor-widget elementor-widget-spacer\" data-id=\"59e9a738\" data-element_type=\"widget\" data-e-type=\"widget\" data-widget_type=\"spacer.default\">\n\t\t\t\t<div class=\"elementor-widget-container\">\n\t\t\t\t\t\t\t<div class=\"elementor-spacer\">\n\t\t\t<div class=\"elementor-spacer-inner\"><\/div>\n\t\t<\/div>\n\t\t\t\t\t\t<\/div>\n\t\t\t\t<\/div>\n\t\t\t\t\t<\/div>\n\t\t\t\t<\/div>\n\t\t\t\t<\/div>\n\t\t","protected":false},"excerpt":{"rendered":"<p>Naruto Mythos TCG &#8211; Videoproduktion Produktion von Studio-Videos f\u00fcr die Social-Media-Kan\u00e4le von Naruto Mythos TCG. Was ist Naruto Mythos TCG? Naruto Mythos TCG ist das neue offizielle Sammelkartenspiel im Naruto-Universum, das ab dem 13. M\u00e4rz 2026 in Frankreich und Europa verf\u00fcgbar sein wird. Was waren unsere Aufgaben? Wir haben Naruto Mythos TCG bei der Produktion [&hellip;]<\/p>\n","protected":false},"author":1,"featured_media":4494,"parent":2860,"menu_order":0,"comment_status":"closed","ping_status":"closed","template":"","meta":{"footnotes":""},"class_list":["post-4477","page","type-page","status-publish","has-post-thumbnail","hentry"],"yoast_head":"<!-- This site is optimized with the Yoast SEO plugin v27.5 - https:\/\/yoast.com\/product\/yoast-seo-wordpress\/ -->\n<title>Best Case Naruto Mythos - Videoproduktion - Breakflip Agency<\/title>\n<meta name=\"description\" content=\"Erfahren Sie, wie wir das Sammelkartenspiel (TCG) Naruto Mythos bei der Produktion von Studio-Videos f\u00fcr ihre Social-Media-Kan\u00e4le unterst\u00fctzt haben.\" \/>\n<meta name=\"robots\" content=\"index, follow, max-snippet:-1, max-image-preview:large, max-video-preview:-1\" \/>\n<link rel=\"canonical\" href=\"https:\/\/agence.breakflip.com\/de\/unsere-projekte\/best-case-naruto-mythos-videoproduktion\/\" \/>\n<meta property=\"og:locale\" content=\"de_DE\" \/>\n<meta property=\"og:type\" content=\"article\" \/>\n<meta property=\"og:title\" content=\"Best Case Naruto Mythos - Videoproduktion - Breakflip Agency\" \/>\n<meta property=\"og:description\" content=\"Erfahren Sie, wie wir das Sammelkartenspiel (TCG) Naruto Mythos bei der Produktion von Studio-Videos f\u00fcr ihre Social-Media-Kan\u00e4le unterst\u00fctzt haben.\" \/>\n<meta property=\"og:url\" content=\"https:\/\/agence.breakflip.com\/de\/unsere-projekte\/best-case-naruto-mythos-videoproduktion\/\" \/>\n<meta property=\"og:site_name\" content=\"Breakflip Agency\" \/>\n<meta property=\"article:modified_time\" content=\"2026-04-23T08:22:51+00:00\" \/>\n<meta name=\"twitter:card\" content=\"summary_large_image\" \/>\n<meta name=\"twitter:site\" content=\"@BreakflipFR\" \/>\n<meta name=\"twitter:label1\" content=\"Gesch\u00e4tzte Lesezeit\" \/>\n\t<meta name=\"twitter:data1\" content=\"1\u00a0Minute\" \/>\n<script type=\"application\/ld+json\" class=\"yoast-schema-graph\">{\"@context\":\"https:\\\/\\\/schema.org\",\"@graph\":[{\"@type\":\"WebPage\",\"@id\":\"https:\\\/\\\/agence.breakflip.com\\\/de\\\/unsere-projekte\\\/best-case-naruto-mythos-videoproduktion\\\/\",\"url\":\"https:\\\/\\\/agence.breakflip.com\\\/de\\\/unsere-projekte\\\/best-case-naruto-mythos-videoproduktion\\\/\",\"name\":\"Best Case Naruto Mythos - Videoproduktion - Breakflip Agency\",\"isPartOf\":{\"@id\":\"https:\\\/\\\/agence.breakflip.com\\\/de\\\/#website\"},\"primaryImageOfPage\":{\"@id\":\"https:\\\/\\\/agence.breakflip.com\\\/de\\\/unsere-projekte\\\/best-case-naruto-mythos-videoproduktion\\\/#primaryimage\"},\"image\":{\"@id\":\"https:\\\/\\\/agence.breakflip.com\\\/de\\\/unsere-projekte\\\/best-case-naruto-mythos-videoproduktion\\\/#primaryimage\"},\"thumbnailUrl\":\"\\\/wp-content\\\/uploads\\\/2026\\\/04\\\/vignette-Naruto-Mythos-TCG-production-Video.jpg\",\"datePublished\":\"2026-04-23T08:10:10+00:00\",\"dateModified\":\"2026-04-23T08:22:51+00:00\",\"description\":\"Erfahren Sie, wie wir das Sammelkartenspiel (TCG) Naruto Mythos bei der Produktion von Studio-Videos f\u00fcr ihre Social-Media-Kan\u00e4le unterst\u00fctzt haben.\",\"breadcrumb\":{\"@id\":\"https:\\\/\\\/agence.breakflip.com\\\/de\\\/unsere-projekte\\\/best-case-naruto-mythos-videoproduktion\\\/#breadcrumb\"},\"inLanguage\":\"de\",\"potentialAction\":[{\"@type\":\"ReadAction\",\"target\":[\"https:\\\/\\\/agence.breakflip.com\\\/de\\\/unsere-projekte\\\/best-case-naruto-mythos-videoproduktion\\\/\"]}]},{\"@type\":\"ImageObject\",\"inLanguage\":\"de\",\"@id\":\"https:\\\/\\\/agence.breakflip.com\\\/de\\\/unsere-projekte\\\/best-case-naruto-mythos-videoproduktion\\\/#primaryimage\",\"url\":\"\\\/wp-content\\\/uploads\\\/2026\\\/04\\\/vignette-Naruto-Mythos-TCG-production-Video.jpg\",\"contentUrl\":\"\\\/wp-content\\\/uploads\\\/2026\\\/04\\\/vignette-Naruto-Mythos-TCG-production-Video.jpg\",\"width\":1080,\"height\":1080},{\"@type\":\"BreadcrumbList\",\"@id\":\"https:\\\/\\\/agence.breakflip.com\\\/de\\\/unsere-projekte\\\/best-case-naruto-mythos-videoproduktion\\\/#breadcrumb\",\"itemListElement\":[{\"@type\":\"ListItem\",\"position\":1,\"name\":\"Accueil\",\"item\":\"https:\\\/\\\/agence.breakflip.com\\\/de\\\/\"},{\"@type\":\"ListItem\",\"position\":2,\"name\":\"Best Case Naruto Mythos &#8211; Videoproduktion\"}]},{\"@type\":\"WebSite\",\"@id\":\"https:\\\/\\\/agence.breakflip.com\\\/de\\\/#website\",\"url\":\"https:\\\/\\\/agence.breakflip.com\\\/de\\\/\",\"name\":\"Breakflip Agency\",\"description\":\"D\u00e9couvrez le travail de l&#039;agence Breakflip et faite lui confiance dans l&#039;\u00e9laboration de vos projets marketing, communication et \u00e9v\u00e8nementiel.\",\"publisher\":{\"@id\":\"https:\\\/\\\/agence.breakflip.com\\\/de\\\/#organization\"},\"potentialAction\":[{\"@type\":\"SearchAction\",\"target\":{\"@type\":\"EntryPoint\",\"urlTemplate\":\"https:\\\/\\\/agence.breakflip.com\\\/de\\\/?s={search_term_string}\"},\"query-input\":{\"@type\":\"PropertyValueSpecification\",\"valueRequired\":true,\"valueName\":\"search_term_string\"}}],\"inLanguage\":\"de\"},{\"@type\":\"Organization\",\"@id\":\"https:\\\/\\\/agence.breakflip.com\\\/de\\\/#organization\",\"name\":\"Breakflip Agency\",\"url\":\"https:\\\/\\\/agence.breakflip.com\\\/de\\\/\",\"logo\":{\"@type\":\"ImageObject\",\"inLanguage\":\"de\",\"@id\":\"https:\\\/\\\/agence.breakflip.com\\\/de\\\/#\\\/schema\\\/logo\\\/image\\\/\",\"url\":\"\\\/wp-content\\\/uploads\\\/2024\\\/07\\\/Logo-Breakflip-site-300px-100px-1.png\",\"contentUrl\":\"\\\/wp-content\\\/uploads\\\/2024\\\/07\\\/Logo-Breakflip-site-300px-100px-1.png\",\"width\":350,\"height\":100,\"caption\":\"Breakflip Agency\"},\"image\":{\"@id\":\"https:\\\/\\\/agence.breakflip.com\\\/de\\\/#\\\/schema\\\/logo\\\/image\\\/\"},\"sameAs\":[\"https:\\\/\\\/x.com\\\/BreakflipFR\",\"https:\\\/\\\/www.tiktok.com\\\/@breakflip\",\"https:\\\/\\\/www.instagram.com\\\/breakflip\\\/?hl=fr\",\"https:\\\/\\\/www.linkedin.com\\\/company\\\/breakflip\\\/\"]}]}<\/script>\n<!-- \/ Yoast SEO plugin. -->","yoast_head_json":{"title":"Best Case Naruto Mythos - Videoproduktion - Breakflip Agency","description":"Erfahren Sie, wie wir das Sammelkartenspiel (TCG) Naruto Mythos bei der Produktion von Studio-Videos f\u00fcr ihre Social-Media-Kan\u00e4le unterst\u00fctzt haben.","robots":{"index":"index","follow":"follow","max-snippet":"max-snippet:-1","max-image-preview":"max-image-preview:large","max-video-preview":"max-video-preview:-1"},"canonical":"https:\/\/agence.breakflip.com\/de\/unsere-projekte\/best-case-naruto-mythos-videoproduktion\/","og_locale":"de_DE","og_type":"article","og_title":"Best Case Naruto Mythos - Videoproduktion - Breakflip Agency","og_description":"Erfahren Sie, wie wir das Sammelkartenspiel (TCG) Naruto Mythos bei der Produktion von Studio-Videos f\u00fcr ihre Social-Media-Kan\u00e4le unterst\u00fctzt haben.","og_url":"https:\/\/agence.breakflip.com\/de\/unsere-projekte\/best-case-naruto-mythos-videoproduktion\/","og_site_name":"Breakflip Agency","article_modified_time":"2026-04-23T08:22:51+00:00","twitter_card":"summary_large_image","twitter_site":"@BreakflipFR","twitter_misc":{"Gesch\u00e4tzte Lesezeit":"1\u00a0Minute"},"schema":{"@context":"https:\/\/schema.org","@graph":[{"@type":"WebPage","@id":"https:\/\/agence.breakflip.com\/de\/unsere-projekte\/best-case-naruto-mythos-videoproduktion\/","url":"https:\/\/agence.breakflip.com\/de\/unsere-projekte\/best-case-naruto-mythos-videoproduktion\/","name":"Best Case Naruto Mythos - Videoproduktion - Breakflip Agency","isPartOf":{"@id":"https:\/\/agence.breakflip.com\/de\/#website"},"primaryImageOfPage":{"@id":"https:\/\/agence.breakflip.com\/de\/unsere-projekte\/best-case-naruto-mythos-videoproduktion\/#primaryimage"},"image":{"@id":"https:\/\/agence.breakflip.com\/de\/unsere-projekte\/best-case-naruto-mythos-videoproduktion\/#primaryimage"},"thumbnailUrl":"\/wp-content\/uploads\/2026\/04\/vignette-Naruto-Mythos-TCG-production-Video.jpg","datePublished":"2026-04-23T08:10:10+00:00","dateModified":"2026-04-23T08:22:51+00:00","description":"Erfahren Sie, wie wir das Sammelkartenspiel (TCG) Naruto Mythos bei der Produktion von Studio-Videos f\u00fcr ihre Social-Media-Kan\u00e4le unterst\u00fctzt haben.","breadcrumb":{"@id":"https:\/\/agence.breakflip.com\/de\/unsere-projekte\/best-case-naruto-mythos-videoproduktion\/#breadcrumb"},"inLanguage":"de","potentialAction":[{"@type":"ReadAction","target":["https:\/\/agence.breakflip.com\/de\/unsere-projekte\/best-case-naruto-mythos-videoproduktion\/"]}]},{"@type":"ImageObject","inLanguage":"de","@id":"https:\/\/agence.breakflip.com\/de\/unsere-projekte\/best-case-naruto-mythos-videoproduktion\/#primaryimage","url":"\/wp-content\/uploads\/2026\/04\/vignette-Naruto-Mythos-TCG-production-Video.jpg","contentUrl":"\/wp-content\/uploads\/2026\/04\/vignette-Naruto-Mythos-TCG-production-Video.jpg","width":1080,"height":1080},{"@type":"BreadcrumbList","@id":"https:\/\/agence.breakflip.com\/de\/unsere-projekte\/best-case-naruto-mythos-videoproduktion\/#breadcrumb","itemListElement":[{"@type":"ListItem","position":1,"name":"Accueil","item":"https:\/\/agence.breakflip.com\/de\/"},{"@type":"ListItem","position":2,"name":"Best Case Naruto Mythos &#8211; Videoproduktion"}]},{"@type":"WebSite","@id":"https:\/\/agence.breakflip.com\/de\/#website","url":"https:\/\/agence.breakflip.com\/de\/","name":"Breakflip Agency","description":"D\u00e9couvrez le travail de l&#039;agence Breakflip et faite lui confiance dans l&#039;\u00e9laboration de vos projets marketing, communication et \u00e9v\u00e8nementiel.","publisher":{"@id":"https:\/\/agence.breakflip.com\/de\/#organization"},"potentialAction":[{"@type":"SearchAction","target":{"@type":"EntryPoint","urlTemplate":"https:\/\/agence.breakflip.com\/de\/?s={search_term_string}"},"query-input":{"@type":"PropertyValueSpecification","valueRequired":true,"valueName":"search_term_string"}}],"inLanguage":"de"},{"@type":"Organization","@id":"https:\/\/agence.breakflip.com\/de\/#organization","name":"Breakflip Agency","url":"https:\/\/agence.breakflip.com\/de\/","logo":{"@type":"ImageObject","inLanguage":"de","@id":"https:\/\/agence.breakflip.com\/de\/#\/schema\/logo\/image\/","url":"\/wp-content\/uploads\/2024\/07\/Logo-Breakflip-site-300px-100px-1.png","contentUrl":"\/wp-content\/uploads\/2024\/07\/Logo-Breakflip-site-300px-100px-1.png","width":350,"height":100,"caption":"Breakflip Agency"},"image":{"@id":"https:\/\/agence.breakflip.com\/de\/#\/schema\/logo\/image\/"},"sameAs":["https:\/\/x.com\/BreakflipFR","https:\/\/www.tiktok.com\/@breakflip","https:\/\/www.instagram.com\/breakflip\/?hl=fr","https:\/\/www.linkedin.com\/company\/breakflip\/"]}]}},"_links":{"self":[{"href":"https:\/\/agence.breakflip.com\/de\/wp-json\/wp\/v2\/pages\/4477","targetHints":{"allow":["GET"]}}],"collection":[{"href":"https:\/\/agence.breakflip.com\/de\/wp-json\/wp\/v2\/pages"}],"about":[{"href":"https:\/\/agence.breakflip.com\/de\/wp-json\/wp\/v2\/types\/page"}],"author":[{"embeddable":true,"href":"https:\/\/agence.breakflip.com\/de\/wp-json\/wp\/v2\/users\/1"}],"replies":[{"embeddable":true,"href":"https:\/\/agence.breakflip.com\/de\/wp-json\/wp\/v2\/comments?post=4477"}],"version-history":[{"count":5,"href":"https:\/\/agence.breakflip.com\/de\/wp-json\/wp\/v2\/pages\/4477\/revisions"}],"predecessor-version":[{"id":4488,"href":"https:\/\/agence.breakflip.com\/de\/wp-json\/wp\/v2\/pages\/4477\/revisions\/4488"}],"up":[{"embeddable":true,"href":"https:\/\/agence.breakflip.com\/de\/wp-json\/wp\/v2\/pages\/2860"}],"wp:featuredmedia":[{"embeddable":true,"href":"https:\/\/agence.breakflip.com\/de\/wp-json\/wp\/v2\/media\/4494"}],"wp:attachment":[{"href":"https:\/\/agence.breakflip.com\/de\/wp-json\/wp\/v2\/media?parent=4477"}],"curies":[{"name":"wp","href":"https:\/\/api.w.org\/{rel}","templated":true}]}}