{"id":4091,"date":"2025-09-18T11:21:49","date_gmt":"2025-09-18T09:21:49","guid":{"rendered":"https:\/\/agence.breakflip.com\/?page_id=4091"},"modified":"2025-09-25T11:56:53","modified_gmt":"2025-09-25T09:56:53","slug":"best-case-yu-gi-oh-challenger-cup-turniere","status":"publish","type":"page","link":"https:\/\/agence.breakflip.com\/de\/unsere-projekte\/best-case-yu-gi-oh-challenger-cup-turniere\/","title":{"rendered":"Best Case Yu-Gi-Oh! Challenger Cup \u2013 Turniere"},"content":{"rendered":"\t\t<div data-elementor-type=\"wp-page\" data-elementor-id=\"4091\" class=\"elementor elementor-4091\" data-elementor-post-type=\"page\">\n\t\t\t\t<div class=\"elementor-element elementor-element-376f4f63 e-flex e-con-boxed e-con e-parent\" data-id=\"376f4f63\" data-element_type=\"container\">\n\t\t\t\t\t<div class=\"e-con-inner\">\n\t\t\t\t<div class=\"elementor-element elementor-element-6f4814c3 elementor-widget elementor-widget-heading\" data-id=\"6f4814c3\" data-element_type=\"widget\" data-widget_type=\"heading.default\">\n\t\t\t\t<div class=\"elementor-widget-container\">\n\t\t\t\t\t<h1 class=\"elementor-heading-title elementor-size-default\">Yu-Gi-Oh! Challenger Cup \u2013 Turniere<\/h1>\t\t\t\t<\/div>\n\t\t\t\t<\/div>\n\t\t\t\t\t<\/div>\n\t\t\t\t<\/div>\n\t\t<div class=\"elementor-element elementor-element-42880fe e-flex e-con-boxed e-con e-parent\" data-id=\"42880fe\" data-element_type=\"container\">\n\t\t\t\t\t<div class=\"e-con-inner\">\n\t\t\t\t<div class=\"elementor-element elementor-element-e519235 elementor-widget elementor-widget-image\" data-id=\"e519235\" data-element_type=\"widget\" data-widget_type=\"image.default\">\n\t\t\t\t<div class=\"elementor-widget-container\">\n\t\t\t\t\t\t\t\t\t\t\t\t\t\t\t<img fetchpriority=\"high\" decoding=\"async\" width=\"800\" height=\"450\" src=\"\/wp-content\/uploads\/2025\/09\/Image-master-Duel-Finale-Mars-2025-1024x576.jpg\" class=\"attachment-large size-large wp-image-3763\" alt=\"Vignette de la finale de la Challenger Cup de mars 2025 sur le jeu Yu-Gi-Oh! Master Duel.\" srcset=\"\/wp-content\/uploads\/2025\/09\/Image-master-Duel-Finale-Mars-2025-1024x576.jpg 1024w, \/wp-content\/uploads\/2025\/09\/Image-master-Duel-Finale-Mars-2025-300x169.jpg 300w, \/wp-content\/uploads\/2025\/09\/Image-master-Duel-Finale-Mars-2025-768x432.jpg 768w, \/wp-content\/uploads\/2025\/09\/Image-master-Duel-Finale-Mars-2025.jpg 1280w\" sizes=\"(max-width: 800px) 100vw, 800px\" \/>\t\t\t\t\t\t\t\t\t\t\t\t\t\t\t<\/div>\n\t\t\t\t<\/div>\n\t\t\t\t\t<\/div>\n\t\t\t\t<\/div>\n\t\t<div class=\"elementor-element elementor-element-109db5ef e-flex e-con-boxed e-con e-parent\" data-id=\"109db5ef\" data-element_type=\"container\" data-settings=\"{&quot;background_background&quot;:&quot;classic&quot;}\">\n\t\t\t\t\t<div class=\"e-con-inner\">\n\t\t\t\t<div class=\"elementor-element elementor-element-41a40c9d elementor-widget elementor-widget-counter\" data-id=\"41a40c9d\" data-element_type=\"widget\" data-widget_type=\"counter.default\">\n\t\t\t\t<div class=\"elementor-widget-container\">\n\t\t\t\t\t\t\t<div class=\"elementor-counter\">\n\t\t\t<div class=\"elementor-counter-title\">Erzielte Aufrufe<\/div>\t\t\t<div class=\"elementor-counter-number-wrapper\">\n\t\t\t\t<span class=\"elementor-counter-number-prefix\">+<\/span>\n\t\t\t\t<span class=\"elementor-counter-number\" data-duration=\"2000\" data-to-value=\"100\" data-from-value=\"0\" data-delimiter=\",\">0<\/span>\n\t\t\t\t<span class=\"elementor-counter-number-suffix\">M<\/span>\n\t\t\t<\/div>\n\t\t<\/div>\n\t\t\t\t\t\t<\/div>\n\t\t\t\t<\/div>\n\t\t\t\t<div class=\"elementor-element elementor-element-523ecf75 elementor-widget elementor-widget-counter\" data-id=\"523ecf75\" data-element_type=\"widget\" data-widget_type=\"counter.default\">\n\t\t\t\t<div class=\"elementor-widget-container\">\n\t\t\t\t\t\t\t<div class=\"elementor-counter\">\n\t\t\t<div class=\"elementor-counter-title\">Organisierte Saisons<\/div>\t\t\t<div class=\"elementor-counter-number-wrapper\">\n\t\t\t\t<span class=\"elementor-counter-number-prefix\">+<\/span>\n\t\t\t\t<span class=\"elementor-counter-number\" data-duration=\"2000\" data-to-value=\"24\" data-from-value=\"0\" data-delimiter=\",\">0<\/span>\n\t\t\t\t<span class=\"elementor-counter-number-suffix\"><\/span>\n\t\t\t<\/div>\n\t\t<\/div>\n\t\t\t\t\t\t<\/div>\n\t\t\t\t<\/div>\n\t\t\t\t\t<\/div>\n\t\t\t\t<\/div>\n\t\t<div class=\"elementor-element elementor-element-478dd5ed e-flex e-con-boxed e-con e-parent\" data-id=\"478dd5ed\" data-element_type=\"container\">\n\t\t\t\t\t<div class=\"e-con-inner\">\n\t\t<div class=\"elementor-element elementor-element-17eb4653 e-con-full e-transform e-flex e-con e-child\" data-id=\"17eb4653\" data-element_type=\"container\" data-settings=\"{&quot;background_background&quot;:&quot;classic&quot;,&quot;_transform_translateY_effect&quot;:{&quot;unit&quot;:&quot;px&quot;,&quot;size&quot;:20,&quot;sizes&quot;:[]},&quot;_transform_translateX_effect&quot;:{&quot;unit&quot;:&quot;px&quot;,&quot;size&quot;:&quot;&quot;,&quot;sizes&quot;:[]},&quot;_transform_translateX_effect_tablet&quot;:{&quot;unit&quot;:&quot;px&quot;,&quot;size&quot;:&quot;&quot;,&quot;sizes&quot;:[]},&quot;_transform_translateX_effect_mobile&quot;:{&quot;unit&quot;:&quot;px&quot;,&quot;size&quot;:&quot;&quot;,&quot;sizes&quot;:[]},&quot;_transform_translateY_effect_tablet&quot;:{&quot;unit&quot;:&quot;px&quot;,&quot;size&quot;:&quot;&quot;,&quot;sizes&quot;:[]},&quot;_transform_translateY_effect_mobile&quot;:{&quot;unit&quot;:&quot;px&quot;,&quot;size&quot;:&quot;&quot;,&quot;sizes&quot;:[]}}\">\n\t\t\t\t<div class=\"elementor-element elementor-element-6da20fa0 elementor-widget elementor-widget-heading\" data-id=\"6da20fa0\" data-element_type=\"widget\" data-widget_type=\"heading.default\">\n\t\t\t\t<div class=\"elementor-widget-container\">\n\t\t\t\t\t<h2 class=\"elementor-heading-title elementor-size-default\">Organisation der Challenger Cup f\u00fcr Yu-Gi-Oh!<\/h2>\t\t\t\t<\/div>\n\t\t\t\t<\/div>\n\t\t\t\t<\/div>\n\t\t<div class=\"elementor-element elementor-element-44dbfd17 e-con-full e-flex e-con e-child\" data-id=\"44dbfd17\" data-element_type=\"container\">\n\t\t\t\t<div class=\"elementor-element elementor-element-76fe3e28 elementor-widget elementor-widget-heading\" data-id=\"76fe3e28\" data-element_type=\"widget\" data-widget_type=\"heading.default\">\n\t\t\t\t<div class=\"elementor-widget-container\">\n\t\t\t\t\t<h3 class=\"elementor-heading-title elementor-size-default\">Die Challenger Cup<\/h3>\t\t\t\t<\/div>\n\t\t\t\t<\/div>\n\t\t\t\t<div class=\"elementor-element elementor-element-3a3548f2 elementor-widget elementor-widget-text-editor\" data-id=\"3a3548f2\" data-element_type=\"widget\" data-widget_type=\"text-editor.default\">\n\t\t\t\t<div class=\"elementor-widget-container\">\n\t\t\t\t\t\t\t\t\t<p><strong>Die Challenger Cup<\/strong> ist ein <strong>Community-Turnier<\/strong>, das auf den Spielen Y<strong>u-Gi-Oh! Master Duel<\/strong> und <strong>Yu-Gi-Oh! Duel Links<\/strong> ausgetragen wird. Ziel ist es, Content-Creators aus ganz Europa zusammenzubringen, die die Turniere live moderieren, w\u00e4hrend die Spieler im Spiel gegeneinander antreten und \u00fcber Discord kommunizieren.<\/p>\t\t\t\t\t\t\t\t<\/div>\n\t\t\t\t<\/div>\n\t\t\t\t<div class=\"elementor-element elementor-element-2981f706 elementor-widget elementor-widget-heading\" data-id=\"2981f706\" data-element_type=\"widget\" data-widget_type=\"heading.default\">\n\t\t\t\t<div class=\"elementor-widget-container\">\n\t\t\t\t\t<h3 class=\"elementor-heading-title elementor-size-default\">Was waren unsere Aufgaben?<\/h3>\t\t\t\t<\/div>\n\t\t\t\t<\/div>\n\t\t\t\t<div class=\"elementor-element elementor-element-5696d851 elementor-widget elementor-widget-text-editor\" data-id=\"5696d851\" data-element_type=\"widget\" data-widget_type=\"text-editor.default\">\n\t\t\t\t<div class=\"elementor-widget-container\">\n\t\t\t\t\t\t\t\t\t<p data-start=\"0\" data-end=\"53\">Seit \u00fcber 3 Jahren unterst\u00fctzen wir Konami bei:<\/p><ul><li data-start=\"57\" data-end=\"118\">Auswahl, Management und Verg\u00fctung der Content-Creators.<\/li><li data-start=\"121\" data-end=\"204\">Erstellung, Organisation und Moderation der Turniere \u00fcber unser Discord-Tool.<\/li><li data-start=\"207\" data-end=\"247\">Erstellung von Assets und Preisen.<\/li><li data-start=\"250\" data-end=\"315\">Logistik f\u00fcr Lagerung und Versand der Preise an die Gewinner.<\/li><\/ul>\t\t\t\t\t\t\t\t<\/div>\n\t\t\t\t<\/div>\n\t\t\t\t<div class=\"elementor-element elementor-element-31fc381b elementor-widget elementor-widget-heading\" data-id=\"31fc381b\" data-element_type=\"widget\" data-widget_type=\"heading.default\">\n\t\t\t\t<div class=\"elementor-widget-container\">\n\t\t\t\t\t<h3 class=\"elementor-heading-title elementor-size-default\">Wichtigste Erkenntnisse<\/h3>\t\t\t\t<\/div>\n\t\t\t\t<\/div>\n\t\t\t\t<div class=\"elementor-element elementor-element-b55039d elementor-widget elementor-widget-text-editor\" data-id=\"b55039d\" data-element_type=\"widget\" data-widget_type=\"text-editor.default\">\n\t\t\t\t<div class=\"elementor-widget-container\">\n\t\t\t\t\t\t\t\t\t<ul><li data-start=\"2\" data-end=\"128\">Ein Turnier, in <strong>Frankreich<\/strong> erstellt, in <strong>Europa weiterentwickelt<\/strong> und nach seinem Erfolg in die <strong>USA und nach Asien exportiert<\/strong>.<\/li><li data-start=\"131\" data-end=\"169\"><strong>\u00dcber 24 organisierte Turniersaisons<\/strong>.<\/li><li data-start=\"172\" data-end=\"243\">Mehr als <strong>100 Millionen Aufrufe<\/strong> \u00fcber Streams und Social Media generiert.<\/li><\/ul>\t\t\t\t\t\t\t\t<\/div>\n\t\t\t\t<\/div>\n\t\t\t\t<\/div>\n\t\t\t\t\t<\/div>\n\t\t\t\t<\/div>\n\t\t<div class=\"elementor-element elementor-element-50416ea5 e-flex e-con-boxed e-con e-parent\" data-id=\"50416ea5\" data-element_type=\"container\" data-settings=\"{&quot;background_background&quot;:&quot;classic&quot;}\">\n\t\t\t\t\t<div class=\"e-con-inner\">\n\t\t\t\t<div class=\"elementor-element elementor-element-1232519 elementor-widget elementor-widget-heading\" data-id=\"1232519\" data-element_type=\"widget\" data-widget_type=\"heading.default\">\n\t\t\t\t<div class=\"elementor-widget-container\">\n\t\t\t\t\t<h2 class=\"elementor-heading-title elementor-size-default\">Brauchen Sie mehr Sichtbarkeit?<\/h2>\t\t\t\t<\/div>\n\t\t\t\t<\/div>\n\t\t\t\t<div class=\"elementor-element elementor-element-3e8ed27d elementor-widget elementor-widget-text-editor\" data-id=\"3e8ed27d\" data-element_type=\"widget\" data-widget_type=\"text-editor.default\">\n\t\t\t\t<div class=\"elementor-widget-container\">\n\t\t\t\t\t\t\t\t\t<p>Wir besprechen das in einem Anruf.<\/p>\t\t\t\t\t\t\t\t<\/div>\n\t\t\t\t<\/div>\n\t\t\t\t<div class=\"elementor-element elementor-element-5fe45b5a elementor-align-center elementor-widget elementor-widget-button\" data-id=\"5fe45b5a\" data-element_type=\"widget\" data-widget_type=\"button.default\">\n\t\t\t\t<div class=\"elementor-widget-container\">\n\t\t\t\t\t\t\t\t\t<div class=\"elementor-button-wrapper\">\n\t\t\t\t\t<a class=\"elementor-button elementor-button-link elementor-size-sm\" href=\"https:\/\/agence.breakflip.com\/contact\/\">\n\t\t\t\t\t\t<span class=\"elementor-button-content-wrapper\">\n\t\t\t\t\t\t<span class=\"elementor-button-icon\">\n\t\t\t\t<svg aria-hidden=\"true\" class=\"e-font-icon-svg e-far-envelope\" viewBox=\"0 0 512 512\" xmlns=\"http:\/\/www.w3.org\/2000\/svg\"><path d=\"M464 64H48C21.49 64 0 85.49 0 112v288c0 26.51 21.49 48 48 48h416c26.51 0 48-21.49 48-48V112c0-26.51-21.49-48-48-48zm0 48v40.805c-22.422 18.259-58.168 46.651-134.587 106.49-16.841 13.247-50.201 45.072-73.413 44.701-23.208.375-56.579-31.459-73.413-44.701C106.18 199.465 70.425 171.067 48 152.805V112h416zM48 400V214.398c22.914 18.251 55.409 43.862 104.938 82.646 21.857 17.205 60.134 55.186 103.062 54.955 42.717.231 80.509-37.199 103.053-54.947 49.528-38.783 82.032-64.401 104.947-82.653V400H48z\"><\/path><\/svg>\t\t\t<\/span>\n\t\t\t\t\t\t\t\t\t<span class=\"elementor-button-text\">Kontaktieren Sie uns<\/span>\n\t\t\t\t\t<\/span>\n\t\t\t\t\t<\/a>\n\t\t\t\t<\/div>\n\t\t\t\t\t\t\t\t<\/div>\n\t\t\t\t<\/div>\n\t\t\t\t\t<\/div>\n\t\t\t\t<\/div>\n\t\t<div class=\"elementor-element elementor-element-6c51c422 e-flex e-con-boxed e-con e-parent\" data-id=\"6c51c422\" data-element_type=\"container\">\n\t\t\t\t\t<div class=\"e-con-inner\">\n\t\t\t\t<div class=\"elementor-element elementor-element-125c228 elementor-widget elementor-widget-heading\" data-id=\"125c228\" data-element_type=\"widget\" data-widget_type=\"heading.default\">\n\t\t\t\t<div class=\"elementor-widget-container\">\n\t\t\t\t\t<h2 class=\"elementor-heading-title elementor-size-default\">Sehen Sie sich den Live-Stream des letzten ausgetragenen Finales an!<\/h2>\t\t\t\t<\/div>\n\t\t\t\t<\/div>\n\t\t\t\t<div class=\"elementor-element elementor-element-577dcad elementor-widget elementor-widget-video\" data-id=\"577dcad\" data-element_type=\"widget\" data-settings=\"{&quot;youtube_url&quot;:&quot;https:\\\/\\\/www.youtube.com\\\/watch?v=1G6qRAeHN4E&quot;,&quot;start&quot;:626,&quot;video_type&quot;:&quot;youtube&quot;,&quot;controls&quot;:&quot;yes&quot;}\" data-widget_type=\"video.default\">\n\t\t\t\t<div class=\"elementor-widget-container\">\n\t\t\t\t\t\t\t<div class=\"elementor-wrapper elementor-open-inline\">\n\t\t\t<div class=\"elementor-video\"><\/div>\t\t<\/div>\n\t\t\t\t\t\t<\/div>\n\t\t\t\t<\/div>\n\t\t\t\t\t<\/div>\n\t\t\t\t<\/div>\n\t\t<div class=\"elementor-element elementor-element-5170057 e-flex e-con-boxed e-con e-parent\" data-id=\"5170057\" data-element_type=\"container\">\n\t\t\t\t\t<div class=\"e-con-inner\">\n\t\t\t\t<div class=\"elementor-element elementor-element-46bd4100 elementor-widget elementor-widget-spacer\" data-id=\"46bd4100\" data-element_type=\"widget\" data-widget_type=\"spacer.default\">\n\t\t\t\t<div class=\"elementor-widget-container\">\n\t\t\t\t\t\t\t<div class=\"elementor-spacer\">\n\t\t\t<div class=\"elementor-spacer-inner\"><\/div>\n\t\t<\/div>\n\t\t\t\t\t\t<\/div>\n\t\t\t\t<\/div>\n\t\t\t\t\t<\/div>\n\t\t\t\t<\/div>\n\t\t\t\t<\/div>\n\t\t","protected":false},"excerpt":{"rendered":"<p>Yu-Gi-Oh! Challenger Cup \u2013 Turniere Erzielte Aufrufe + 0 M Organisierte Saisons + 0 Organisation der Challenger Cup f\u00fcr Yu-Gi-Oh! Die Challenger Cup Die Challenger Cup ist ein Community-Turnier, das auf den Spielen Yu-Gi-Oh! Master Duel und Yu-Gi-Oh! Duel Links ausgetragen wird. Ziel ist es, Content-Creators aus ganz Europa zusammenzubringen, die die Turniere live moderieren, [&hellip;]<\/p>\n","protected":false},"author":1,"featured_media":0,"parent":2860,"menu_order":0,"comment_status":"closed","ping_status":"closed","template":"","meta":{"footnotes":""},"class_list":["post-4091","page","type-page","status-publish","hentry"],"yoast_head":"<!-- This site is optimized with the Yoast SEO plugin v26.6 - https:\/\/yoast.com\/wordpress\/plugins\/seo\/ -->\n<title>Best Case Yu-Gi-Oh! Challenger Cup \u2013 Turniere - Breakflip Agency<\/title>\n<meta name=\"description\" content=\"Entdecken Sie, wie wir Konami bei der Organisation der Challenger Cup f\u00fcr ihre Spiele Yu-Gi-Oh! Duel Links und Yu-Gi-Oh! Master Duel unterst\u00fctzen.\" \/>\n<meta name=\"robots\" content=\"index, follow, max-snippet:-1, max-image-preview:large, max-video-preview:-1\" \/>\n<link rel=\"canonical\" href=\"https:\/\/agence.breakflip.com\/de\/unsere-projekte\/best-case-yu-gi-oh-challenger-cup-turniere\/\" \/>\n<meta property=\"og:locale\" content=\"de_DE\" \/>\n<meta property=\"og:type\" content=\"article\" \/>\n<meta property=\"og:title\" content=\"Best Case Yu-Gi-Oh! Challenger Cup \u2013 Turniere - Breakflip Agency\" \/>\n<meta property=\"og:description\" content=\"Entdecken Sie, wie wir Konami bei der Organisation der Challenger Cup f\u00fcr ihre Spiele Yu-Gi-Oh! Duel Links und Yu-Gi-Oh! Master Duel unterst\u00fctzen.\" \/>\n<meta property=\"og:url\" content=\"https:\/\/agence.breakflip.com\/de\/unsere-projekte\/best-case-yu-gi-oh-challenger-cup-turniere\/\" \/>\n<meta property=\"og:site_name\" content=\"Breakflip Agency\" \/>\n<meta property=\"article:modified_time\" content=\"2025-09-25T09:56:53+00:00\" \/>\n<meta name=\"twitter:card\" content=\"summary_large_image\" \/>\n<meta name=\"twitter:site\" content=\"@BreakflipFR\" \/>\n<meta name=\"twitter:label1\" content=\"Gesch\u00e4tzte Lesezeit\" \/>\n\t<meta name=\"twitter:data1\" content=\"1\u00a0Minute\" \/>\n<script type=\"application\/ld+json\" class=\"yoast-schema-graph\">{\"@context\":\"https:\/\/schema.org\",\"@graph\":[{\"@type\":\"WebPage\",\"@id\":\"https:\/\/agence.breakflip.com\/de\/unsere-projekte\/best-case-yu-gi-oh-challenger-cup-turniere\/\",\"url\":\"https:\/\/agence.breakflip.com\/de\/unsere-projekte\/best-case-yu-gi-oh-challenger-cup-turniere\/\",\"name\":\"Best Case Yu-Gi-Oh! Challenger Cup \u2013 Turniere - Breakflip Agency\",\"isPartOf\":{\"@id\":\"https:\/\/agence.breakflip.com\/de\/#website\"},\"datePublished\":\"2025-09-18T09:21:49+00:00\",\"dateModified\":\"2025-09-25T09:56:53+00:00\",\"description\":\"Entdecken Sie, wie wir Konami bei der Organisation der Challenger Cup f\u00fcr ihre Spiele Yu-Gi-Oh! Duel Links und Yu-Gi-Oh! Master Duel unterst\u00fctzen.\",\"breadcrumb\":{\"@id\":\"https:\/\/agence.breakflip.com\/de\/unsere-projekte\/best-case-yu-gi-oh-challenger-cup-turniere\/#breadcrumb\"},\"inLanguage\":\"de\",\"potentialAction\":[{\"@type\":\"ReadAction\",\"target\":[\"https:\/\/agence.breakflip.com\/de\/unsere-projekte\/best-case-yu-gi-oh-challenger-cup-turniere\/\"]}]},{\"@type\":\"BreadcrumbList\",\"@id\":\"https:\/\/agence.breakflip.com\/de\/unsere-projekte\/best-case-yu-gi-oh-challenger-cup-turniere\/#breadcrumb\",\"itemListElement\":[{\"@type\":\"ListItem\",\"position\":1,\"name\":\"Accueil\",\"item\":\"https:\/\/agence.breakflip.com\/de\/\"},{\"@type\":\"ListItem\",\"position\":2,\"name\":\"Unsere Projekte\",\"item\":\"https:\/\/agence.breakflip.com\/de\/unsere-projekte\/\"},{\"@type\":\"ListItem\",\"position\":3,\"name\":\"Best Case Yu-Gi-Oh! Challenger Cup \u2013 Turniere\"}]},{\"@type\":\"WebSite\",\"@id\":\"https:\/\/agence.breakflip.com\/de\/#website\",\"url\":\"https:\/\/agence.breakflip.com\/de\/\",\"name\":\"Breakflip Agency\",\"description\":\"D\u00e9couvrez le travail de l&#039;agence Breakflip et faite lui confiance dans l&#039;\u00e9laboration de vos projets marketing, communication et \u00e9v\u00e8nementiel.\",\"publisher\":{\"@id\":\"https:\/\/agence.breakflip.com\/de\/#organization\"},\"potentialAction\":[{\"@type\":\"SearchAction\",\"target\":{\"@type\":\"EntryPoint\",\"urlTemplate\":\"https:\/\/agence.breakflip.com\/de\/?s={search_term_string}\"},\"query-input\":{\"@type\":\"PropertyValueSpecification\",\"valueRequired\":true,\"valueName\":\"search_term_string\"}}],\"inLanguage\":\"de\"},{\"@type\":\"Organization\",\"@id\":\"https:\/\/agence.breakflip.com\/de\/#organization\",\"name\":\"Breakflip Agency\",\"url\":\"https:\/\/agence.breakflip.com\/de\/\",\"logo\":{\"@type\":\"ImageObject\",\"inLanguage\":\"de\",\"@id\":\"https:\/\/agence.breakflip.com\/de\/#\/schema\/logo\/image\/\",\"url\":\"\/wp-content\/uploads\/2024\/07\/Logo-Breakflip-site-300px-100px-1.png\",\"contentUrl\":\"\/wp-content\/uploads\/2024\/07\/Logo-Breakflip-site-300px-100px-1.png\",\"width\":350,\"height\":100,\"caption\":\"Breakflip Agency\"},\"image\":{\"@id\":\"https:\/\/agence.breakflip.com\/de\/#\/schema\/logo\/image\/\"},\"sameAs\":[\"https:\/\/x.com\/BreakflipFR\",\"https:\/\/www.tiktok.com\/@breakflip\",\"https:\/\/www.instagram.com\/breakflip\/?hl=fr\",\"https:\/\/www.linkedin.com\/company\/breakflip\/\"]}]}<\/script>\n<!-- \/ Yoast SEO plugin. -->","yoast_head_json":{"title":"Best Case Yu-Gi-Oh! Challenger Cup \u2013 Turniere - Breakflip Agency","description":"Entdecken Sie, wie wir Konami bei der Organisation der Challenger Cup f\u00fcr ihre Spiele Yu-Gi-Oh! Duel Links und Yu-Gi-Oh! Master Duel unterst\u00fctzen.","robots":{"index":"index","follow":"follow","max-snippet":"max-snippet:-1","max-image-preview":"max-image-preview:large","max-video-preview":"max-video-preview:-1"},"canonical":"https:\/\/agence.breakflip.com\/de\/unsere-projekte\/best-case-yu-gi-oh-challenger-cup-turniere\/","og_locale":"de_DE","og_type":"article","og_title":"Best Case Yu-Gi-Oh! Challenger Cup \u2013 Turniere - Breakflip Agency","og_description":"Entdecken Sie, wie wir Konami bei der Organisation der Challenger Cup f\u00fcr ihre Spiele Yu-Gi-Oh! Duel Links und Yu-Gi-Oh! Master Duel unterst\u00fctzen.","og_url":"https:\/\/agence.breakflip.com\/de\/unsere-projekte\/best-case-yu-gi-oh-challenger-cup-turniere\/","og_site_name":"Breakflip Agency","article_modified_time":"2025-09-25T09:56:53+00:00","twitter_card":"summary_large_image","twitter_site":"@BreakflipFR","twitter_misc":{"Gesch\u00e4tzte Lesezeit":"1\u00a0Minute"},"schema":{"@context":"https:\/\/schema.org","@graph":[{"@type":"WebPage","@id":"https:\/\/agence.breakflip.com\/de\/unsere-projekte\/best-case-yu-gi-oh-challenger-cup-turniere\/","url":"https:\/\/agence.breakflip.com\/de\/unsere-projekte\/best-case-yu-gi-oh-challenger-cup-turniere\/","name":"Best Case Yu-Gi-Oh! Challenger Cup \u2013 Turniere - Breakflip Agency","isPartOf":{"@id":"https:\/\/agence.breakflip.com\/de\/#website"},"datePublished":"2025-09-18T09:21:49+00:00","dateModified":"2025-09-25T09:56:53+00:00","description":"Entdecken Sie, wie wir Konami bei der Organisation der Challenger Cup f\u00fcr ihre Spiele Yu-Gi-Oh! Duel Links und Yu-Gi-Oh! Master Duel unterst\u00fctzen.","breadcrumb":{"@id":"https:\/\/agence.breakflip.com\/de\/unsere-projekte\/best-case-yu-gi-oh-challenger-cup-turniere\/#breadcrumb"},"inLanguage":"de","potentialAction":[{"@type":"ReadAction","target":["https:\/\/agence.breakflip.com\/de\/unsere-projekte\/best-case-yu-gi-oh-challenger-cup-turniere\/"]}]},{"@type":"BreadcrumbList","@id":"https:\/\/agence.breakflip.com\/de\/unsere-projekte\/best-case-yu-gi-oh-challenger-cup-turniere\/#breadcrumb","itemListElement":[{"@type":"ListItem","position":1,"name":"Accueil","item":"https:\/\/agence.breakflip.com\/de\/"},{"@type":"ListItem","position":2,"name":"Unsere Projekte","item":"https:\/\/agence.breakflip.com\/de\/unsere-projekte\/"},{"@type":"ListItem","position":3,"name":"Best Case Yu-Gi-Oh! Challenger Cup \u2013 Turniere"}]},{"@type":"WebSite","@id":"https:\/\/agence.breakflip.com\/de\/#website","url":"https:\/\/agence.breakflip.com\/de\/","name":"Breakflip Agency","description":"D\u00e9couvrez le travail de l&#039;agence Breakflip et faite lui confiance dans l&#039;\u00e9laboration de vos projets marketing, communication et \u00e9v\u00e8nementiel.","publisher":{"@id":"https:\/\/agence.breakflip.com\/de\/#organization"},"potentialAction":[{"@type":"SearchAction","target":{"@type":"EntryPoint","urlTemplate":"https:\/\/agence.breakflip.com\/de\/?s={search_term_string}"},"query-input":{"@type":"PropertyValueSpecification","valueRequired":true,"valueName":"search_term_string"}}],"inLanguage":"de"},{"@type":"Organization","@id":"https:\/\/agence.breakflip.com\/de\/#organization","name":"Breakflip Agency","url":"https:\/\/agence.breakflip.com\/de\/","logo":{"@type":"ImageObject","inLanguage":"de","@id":"https:\/\/agence.breakflip.com\/de\/#\/schema\/logo\/image\/","url":"\/wp-content\/uploads\/2024\/07\/Logo-Breakflip-site-300px-100px-1.png","contentUrl":"\/wp-content\/uploads\/2024\/07\/Logo-Breakflip-site-300px-100px-1.png","width":350,"height":100,"caption":"Breakflip Agency"},"image":{"@id":"https:\/\/agence.breakflip.com\/de\/#\/schema\/logo\/image\/"},"sameAs":["https:\/\/x.com\/BreakflipFR","https:\/\/www.tiktok.com\/@breakflip","https:\/\/www.instagram.com\/breakflip\/?hl=fr","https:\/\/www.linkedin.com\/company\/breakflip\/"]}]}},"_links":{"self":[{"href":"https:\/\/agence.breakflip.com\/de\/wp-json\/wp\/v2\/pages\/4091","targetHints":{"allow":["GET"]}}],"collection":[{"href":"https:\/\/agence.breakflip.com\/de\/wp-json\/wp\/v2\/pages"}],"about":[{"href":"https:\/\/agence.breakflip.com\/de\/wp-json\/wp\/v2\/types\/page"}],"author":[{"embeddable":true,"href":"https:\/\/agence.breakflip.com\/de\/wp-json\/wp\/v2\/users\/1"}],"replies":[{"embeddable":true,"href":"https:\/\/agence.breakflip.com\/de\/wp-json\/wp\/v2\/comments?post=4091"}],"version-history":[{"count":7,"href":"https:\/\/agence.breakflip.com\/de\/wp-json\/wp\/v2\/pages\/4091\/revisions"}],"predecessor-version":[{"id":4098,"href":"https:\/\/agence.breakflip.com\/de\/wp-json\/wp\/v2\/pages\/4091\/revisions\/4098"}],"up":[{"embeddable":true,"href":"https:\/\/agence.breakflip.com\/de\/wp-json\/wp\/v2\/pages\/2860"}],"wp:attachment":[{"href":"https:\/\/agence.breakflip.com\/de\/wp-json\/wp\/v2\/media?parent=4091"}],"curies":[{"name":"wp","href":"https:\/\/api.w.org\/{rel}","templated":true}]}}