{"id":4066,"date":"2025-09-22T15:05:17","date_gmt":"2025-09-22T13:05:17","guid":{"rendered":"https:\/\/agence.breakflip.com\/?page_id=4066"},"modified":"2025-10-17T12:06:16","modified_gmt":"2025-10-17T10:06:16","slug":"best-case-majjam-playtest-trailer-producktion","status":"publish","type":"page","link":"https:\/\/agence.breakflip.com\/de\/unsere-projekte\/best-case-majjam-playtest-trailer-producktion\/","title":{"rendered":"Best Case MAJJAM Playtest Trailer &#8211; Producktion"},"content":{"rendered":"\t\t<div data-elementor-type=\"wp-page\" data-elementor-id=\"4066\" class=\"elementor elementor-4066\" data-elementor-post-type=\"page\">\n\t\t\t\t<div class=\"elementor-element elementor-element-54cb5d9 e-flex e-con-boxed e-con e-parent\" data-id=\"54cb5d9\" data-element_type=\"container\">\n\t\t\t\t\t<div class=\"e-con-inner\">\n\t\t\t\t<div class=\"elementor-element elementor-element-3f2b29b9 elementor-widget elementor-widget-heading\" data-id=\"3f2b29b9\" data-element_type=\"widget\" data-widget_type=\"heading.default\">\n\t\t\t\t<div class=\"elementor-widget-container\">\n\t\t\t\t\t<h1 class=\"elementor-heading-title elementor-size-default\">MAJJAM - Playtest Trailer<\/h1>\t\t\t\t<\/div>\n\t\t\t\t<\/div>\n\t\t\t\t\t<\/div>\n\t\t\t\t<\/div>\n\t\t<div class=\"elementor-element elementor-element-63b67909 e-flex e-con-boxed e-con e-parent\" data-id=\"63b67909\" data-element_type=\"container\">\n\t\t\t\t\t<div class=\"e-con-inner\">\n\t\t\t\t<div class=\"elementor-element elementor-element-c20a814 elementor-widget elementor-widget-image\" data-id=\"c20a814\" data-element_type=\"widget\" data-widget_type=\"image.default\">\n\t\t\t\t<div class=\"elementor-widget-container\">\n\t\t\t\t\t\t\t\t\t\t\t\t\t\t\t<img fetchpriority=\"high\" decoding=\"async\" width=\"616\" height=\"353\" src=\"\/wp-content\/uploads\/2025\/09\/capsule_616x353-1.jpg\" class=\"attachment-large size-large wp-image-3812\" alt=\"Illustration MAJJAM\" srcset=\"\/wp-content\/uploads\/2025\/09\/capsule_616x353-1.jpg 616w, \/wp-content\/uploads\/2025\/09\/capsule_616x353-1-300x172.jpg 300w\" sizes=\"(max-width: 616px) 100vw, 616px\" \/>\t\t\t\t\t\t\t\t\t\t\t\t\t\t\t<\/div>\n\t\t\t\t<\/div>\n\t\t\t\t\t<\/div>\n\t\t\t\t<\/div>\n\t\t<div class=\"elementor-element elementor-element-7ed2712b e-flex e-con-boxed e-con e-parent\" data-id=\"7ed2712b\" data-element_type=\"container\">\n\t\t\t\t\t<div class=\"e-con-inner\">\n\t\t<div class=\"elementor-element elementor-element-215a8791 e-con-full e-transform e-flex e-con e-child\" data-id=\"215a8791\" data-element_type=\"container\" data-settings=\"{&quot;background_background&quot;:&quot;classic&quot;,&quot;_transform_translateY_effect&quot;:{&quot;unit&quot;:&quot;px&quot;,&quot;size&quot;:20,&quot;sizes&quot;:[]},&quot;_transform_translateX_effect&quot;:{&quot;unit&quot;:&quot;px&quot;,&quot;size&quot;:&quot;&quot;,&quot;sizes&quot;:[]},&quot;_transform_translateX_effect_tablet&quot;:{&quot;unit&quot;:&quot;px&quot;,&quot;size&quot;:&quot;&quot;,&quot;sizes&quot;:[]},&quot;_transform_translateX_effect_mobile&quot;:{&quot;unit&quot;:&quot;px&quot;,&quot;size&quot;:&quot;&quot;,&quot;sizes&quot;:[]},&quot;_transform_translateY_effect_tablet&quot;:{&quot;unit&quot;:&quot;px&quot;,&quot;size&quot;:&quot;&quot;,&quot;sizes&quot;:[]},&quot;_transform_translateY_effect_mobile&quot;:{&quot;unit&quot;:&quot;px&quot;,&quot;size&quot;:&quot;&quot;,&quot;sizes&quot;:[]}}\">\n\t\t\t\t<div class=\"elementor-element elementor-element-1b73b8a0 elementor-widget elementor-widget-heading\" data-id=\"1b73b8a0\" data-element_type=\"widget\" data-widget_type=\"heading.default\">\n\t\t\t\t<div class=\"elementor-widget-container\">\n\t\t\t\t\t<h2 class=\"elementor-heading-title elementor-size-default\">Erstellung eines Playtest-Trailers f\u00fcr MAJJAM<\/h2>\t\t\t\t<\/div>\n\t\t\t\t<\/div>\n\t\t\t\t<\/div>\n\t\t<div class=\"elementor-element elementor-element-21a4302d e-con-full e-flex e-con e-child\" data-id=\"21a4302d\" data-element_type=\"container\">\n\t\t\t\t<div class=\"elementor-element elementor-element-247cdab9 elementor-widget elementor-widget-heading\" data-id=\"247cdab9\" data-element_type=\"widget\" data-widget_type=\"heading.default\">\n\t\t\t\t<div class=\"elementor-widget-container\">\n\t\t\t\t\t<h3 class=\"elementor-heading-title elementor-size-default\">Wer ist der Kunde?<\/h3>\t\t\t\t<\/div>\n\t\t\t\t<\/div>\n\t\t\t\t<div class=\"elementor-element elementor-element-39a60b61 elementor-widget elementor-widget-text-editor\" data-id=\"39a60b61\" data-element_type=\"widget\" data-widget_type=\"text-editor.default\">\n\t\t\t\t<div class=\"elementor-widget-container\">\n\t\t\t\t\t\t\t\t\t<p><strong>MAJJAM<\/strong> ist ein Mehrspieler-Spiel, entwickelt vom franz\u00f6sischen <strong>Studio Opus Major<\/strong>. MAJJAM versetzt die Spieler in eine Welt, in der die Magie der Musik ihre einzige Kraft ist und sie durch eine Reihe von Minispielen vereint, um die Dunkelheit zur\u00fcckzudr\u00e4ngen.<\/p>\t\t\t\t\t\t\t\t<\/div>\n\t\t\t\t<\/div>\n\t\t\t\t<div class=\"elementor-element elementor-element-1ad19bd9 elementor-widget elementor-widget-heading\" data-id=\"1ad19bd9\" data-element_type=\"widget\" data-widget_type=\"heading.default\">\n\t\t\t\t<div class=\"elementor-widget-container\">\n\t\t\t\t\t<h3 class=\"elementor-heading-title elementor-size-default\">Was waren unsere Aufgaben?<\/h3>\t\t\t\t<\/div>\n\t\t\t\t<\/div>\n\t\t\t\t<div class=\"elementor-element elementor-element-17a1c361 elementor-widget elementor-widget-text-editor\" data-id=\"17a1c361\" data-element_type=\"widget\" data-widget_type=\"text-editor.default\">\n\t\t\t\t<div class=\"elementor-widget-container\">\n\t\t\t\t\t\t\t\t\t<p data-start=\"0\" data-end=\"134\">Wir haben MAJJAM bei der Erstellung seines ersten Playtest-Trailers unterst\u00fctzt und den gesamten Videosequenzen koordiniert:<\/p>\n<ul>\n<li data-start=\"138\" data-end=\"253\"><strong data-start=\"138\" data-end=\"180\">Beitrag zur Erstellung des Storyboards<\/strong> und Definition der wichtigsten Szenen, die aufgenommen werden sollten.<\/li>\n<li data-start=\"256\" data-end=\"370\"><strong data-start=\"256\" data-end=\"305\">Auswahl und Koordination von \u00fcber 15 Talenten<\/strong>, um einen reibungslosen und effizienten Dreh zu gew\u00e4hrleisten.<\/li>\n<li data-start=\"373\" data-end=\"462\"><strong data-start=\"373\" data-end=\"404\">Aufnahme von Videosequenzen<\/strong>, die die Essenz und das Universum des Spiels hervorheben.<\/li>\n<\/ul>\t\t\t\t\t\t\t\t<\/div>\n\t\t\t\t<\/div>\n\t\t\t\t<div class=\"elementor-element elementor-element-bfee9f0 elementor-widget elementor-widget-heading\" data-id=\"bfee9f0\" data-element_type=\"widget\" data-widget_type=\"heading.default\">\n\t\t\t\t<div class=\"elementor-widget-container\">\n\t\t\t\t\t<h3 class=\"elementor-heading-title elementor-size-default\">Wichtigste Erkenntnisse<\/h3>\t\t\t\t<\/div>\n\t\t\t\t<\/div>\n\t\t\t\t<div class=\"elementor-element elementor-element-688895c0 elementor-widget elementor-widget-text-editor\" data-id=\"688895c0\" data-element_type=\"widget\" data-widget_type=\"text-editor.default\">\n\t\t\t\t<div class=\"elementor-widget-container\">\n\t\t\t\t\t\t\t\t\t<ul><li data-start=\"0\" data-end=\"84\"><p data-start=\"2\" data-end=\"84\"><strong>\u00dcber 15 eingesetzte Fachkr\u00e4fte<\/strong>, die eine perfekte Team-Synergie gew\u00e4hrleisteten.<\/p><\/li><li data-start=\"85\" data-end=\"138\" data-is-last-node=\"\"><p data-start=\"87\" data-end=\"138\" data-is-last-node=\"\">Ein Trailer, produziert in nur <strong>15 Stunden<\/strong> Drehzeit.<\/p><\/li><\/ul>\t\t\t\t\t\t\t\t<\/div>\n\t\t\t\t<\/div>\n\t\t\t\t<\/div>\n\t\t\t\t\t<\/div>\n\t\t\t\t<\/div>\n\t\t<div class=\"elementor-element elementor-element-6a90acd2 e-flex e-con-boxed e-con e-parent\" data-id=\"6a90acd2\" data-element_type=\"container\" data-settings=\"{&quot;background_background&quot;:&quot;classic&quot;}\">\n\t\t\t\t\t<div class=\"e-con-inner\">\n\t\t\t\t<div class=\"elementor-element elementor-element-73486f9 elementor-widget elementor-widget-heading\" data-id=\"73486f9\" data-element_type=\"widget\" data-widget_type=\"heading.default\">\n\t\t\t\t<div class=\"elementor-widget-container\">\n\t\t\t\t\t<h2 class=\"elementor-heading-title elementor-size-default\">Brauchen Sie mehr Sichtbarkeit?<\/h2>\t\t\t\t<\/div>\n\t\t\t\t<\/div>\n\t\t\t\t<div class=\"elementor-element elementor-element-7bfd884f elementor-widget elementor-widget-text-editor\" data-id=\"7bfd884f\" data-element_type=\"widget\" data-widget_type=\"text-editor.default\">\n\t\t\t\t<div class=\"elementor-widget-container\">\n\t\t\t\t\t\t\t\t\t<p>Wir besprechen das in einem Anruf.<\/p>\t\t\t\t\t\t\t\t<\/div>\n\t\t\t\t<\/div>\n\t\t\t\t<div class=\"elementor-element elementor-element-7c5ec3fa elementor-align-center elementor-widget elementor-widget-button\" data-id=\"7c5ec3fa\" data-element_type=\"widget\" data-widget_type=\"button.default\">\n\t\t\t\t<div class=\"elementor-widget-container\">\n\t\t\t\t\t\t\t\t\t<div class=\"elementor-button-wrapper\">\n\t\t\t\t\t<a class=\"elementor-button elementor-button-link elementor-size-sm\" href=\"https:\/\/agence.breakflip.com\/contact\/\">\n\t\t\t\t\t\t<span class=\"elementor-button-content-wrapper\">\n\t\t\t\t\t\t<span class=\"elementor-button-icon\">\n\t\t\t\t<svg aria-hidden=\"true\" class=\"e-font-icon-svg e-far-envelope\" viewBox=\"0 0 512 512\" xmlns=\"http:\/\/www.w3.org\/2000\/svg\"><path d=\"M464 64H48C21.49 64 0 85.49 0 112v288c0 26.51 21.49 48 48 48h416c26.51 0 48-21.49 48-48V112c0-26.51-21.49-48-48-48zm0 48v40.805c-22.422 18.259-58.168 46.651-134.587 106.49-16.841 13.247-50.201 45.072-73.413 44.701-23.208.375-56.579-31.459-73.413-44.701C106.18 199.465 70.425 171.067 48 152.805V112h416zM48 400V214.398c22.914 18.251 55.409 43.862 104.938 82.646 21.857 17.205 60.134 55.186 103.062 54.955 42.717.231 80.509-37.199 103.053-54.947 49.528-38.783 82.032-64.401 104.947-82.653V400H48z\"><\/path><\/svg>\t\t\t<\/span>\n\t\t\t\t\t\t\t\t\t<span class=\"elementor-button-text\">Kontaktieren Sie uns<\/span>\n\t\t\t\t\t<\/span>\n\t\t\t\t\t<\/a>\n\t\t\t\t<\/div>\n\t\t\t\t\t\t\t\t<\/div>\n\t\t\t\t<\/div>\n\t\t\t\t\t<\/div>\n\t\t\t\t<\/div>\n\t\t<div class=\"elementor-element elementor-element-56a58c4f e-flex e-con-boxed e-con e-parent\" data-id=\"56a58c4f\" data-element_type=\"container\">\n\t\t\t\t\t<div class=\"e-con-inner\">\n\t\t\t\t<div class=\"elementor-element elementor-element-2409223 elementor-widget elementor-widget-heading\" data-id=\"2409223\" data-element_type=\"widget\" data-widget_type=\"heading.default\">\n\t\t\t\t<div class=\"elementor-widget-container\">\n\t\t\t\t\t<h2 class=\"elementor-heading-title elementor-size-default\">Entdecken Sie jetzt den Playtest-Trailer!<\/h2>\t\t\t\t<\/div>\n\t\t\t\t<\/div>\n\t\t\t\t<div class=\"elementor-element elementor-element-ea6f735 elementor-widget elementor-widget-video\" data-id=\"ea6f735\" data-element_type=\"widget\" data-settings=\"{&quot;youtube_url&quot;:&quot;https:\\\/\\\/www.youtube.com\\\/watch?v=oLZjdjTnty0&quot;,&quot;video_type&quot;:&quot;youtube&quot;,&quot;controls&quot;:&quot;yes&quot;}\" data-widget_type=\"video.default\">\n\t\t\t\t<div class=\"elementor-widget-container\">\n\t\t\t\t\t\t\t<div class=\"elementor-wrapper elementor-open-inline\">\n\t\t\t<div class=\"elementor-video\"><\/div>\t\t<\/div>\n\t\t\t\t\t\t<\/div>\n\t\t\t\t<\/div>\n\t\t\t\t\t<\/div>\n\t\t\t\t<\/div>\n\t\t<div class=\"elementor-element elementor-element-1f6c99c4 e-flex e-con-boxed e-con e-parent\" data-id=\"1f6c99c4\" data-element_type=\"container\">\n\t\t\t\t\t<div class=\"e-con-inner\">\n\t\t\t\t<div class=\"elementor-element elementor-element-6123ebe1 elementor-widget elementor-widget-spacer\" data-id=\"6123ebe1\" data-element_type=\"widget\" data-widget_type=\"spacer.default\">\n\t\t\t\t<div class=\"elementor-widget-container\">\n\t\t\t\t\t\t\t<div class=\"elementor-spacer\">\n\t\t\t<div class=\"elementor-spacer-inner\"><\/div>\n\t\t<\/div>\n\t\t\t\t\t\t<\/div>\n\t\t\t\t<\/div>\n\t\t\t\t\t<\/div>\n\t\t\t\t<\/div>\n\t\t\t\t<\/div>\n\t\t","protected":false},"excerpt":{"rendered":"<p>MAJJAM &#8211; Playtest Trailer Erstellung eines Playtest-Trailers f\u00fcr MAJJAM Wer ist der Kunde? MAJJAM ist ein Mehrspieler-Spiel, entwickelt vom franz\u00f6sischen Studio Opus Major. MAJJAM versetzt die Spieler in eine Welt, in der die Magie der Musik ihre einzige Kraft ist und sie durch eine Reihe von Minispielen vereint, um die Dunkelheit zur\u00fcckzudr\u00e4ngen. Was waren unsere [&hellip;]<\/p>\n","protected":false},"author":1,"featured_media":0,"parent":2860,"menu_order":0,"comment_status":"closed","ping_status":"closed","template":"","meta":{"footnotes":""},"class_list":["post-4066","page","type-page","status-publish","hentry"],"yoast_head":"<!-- This site is optimized with the Yoast SEO plugin v26.6 - https:\/\/yoast.com\/wordpress\/plugins\/seo\/ -->\n<title>Best Case MAJJAM Playtest Trailer - Producktion - Breakflip Agency<\/title>\n<meta name=\"description\" content=\"Entdecken Sie, wie wir MAJJAM bei der Erstellung seines ersten offiziellen Playtest-Trailers unterst\u00fctzt haben!\" \/>\n<meta name=\"robots\" content=\"index, follow, max-snippet:-1, max-image-preview:large, max-video-preview:-1\" \/>\n<link rel=\"canonical\" href=\"https:\/\/agence.breakflip.com\/de\/unsere-projekte\/best-case-majjam-playtest-trailer-producktion\/\" \/>\n<meta property=\"og:locale\" content=\"de_DE\" \/>\n<meta property=\"og:type\" content=\"article\" \/>\n<meta property=\"og:title\" content=\"Best Case MAJJAM Playtest Trailer - Producktion - Breakflip Agency\" \/>\n<meta property=\"og:description\" content=\"Entdecken Sie, wie wir MAJJAM bei der Erstellung seines ersten offiziellen Playtest-Trailers unterst\u00fctzt haben!\" \/>\n<meta property=\"og:url\" content=\"https:\/\/agence.breakflip.com\/de\/unsere-projekte\/best-case-majjam-playtest-trailer-producktion\/\" \/>\n<meta property=\"og:site_name\" content=\"Breakflip Agency\" \/>\n<meta property=\"article:modified_time\" content=\"2025-10-17T10:06:16+00:00\" \/>\n<meta name=\"twitter:card\" content=\"summary_large_image\" \/>\n<meta name=\"twitter:site\" content=\"@BreakflipFR\" \/>\n<meta name=\"twitter:label1\" content=\"Gesch\u00e4tzte Lesezeit\" \/>\n\t<meta name=\"twitter:data1\" content=\"1\u00a0Minute\" \/>\n<script type=\"application\/ld+json\" class=\"yoast-schema-graph\">{\"@context\":\"https:\/\/schema.org\",\"@graph\":[{\"@type\":\"WebPage\",\"@id\":\"https:\/\/agence.breakflip.com\/de\/unsere-projekte\/best-case-majjam-playtest-trailer-producktion\/\",\"url\":\"https:\/\/agence.breakflip.com\/de\/unsere-projekte\/best-case-majjam-playtest-trailer-producktion\/\",\"name\":\"Best Case MAJJAM Playtest Trailer - Producktion - Breakflip Agency\",\"isPartOf\":{\"@id\":\"https:\/\/agence.breakflip.com\/de\/#website\"},\"datePublished\":\"2025-09-22T13:05:17+00:00\",\"dateModified\":\"2025-10-17T10:06:16+00:00\",\"description\":\"Entdecken Sie, wie wir MAJJAM bei der Erstellung seines ersten offiziellen Playtest-Trailers unterst\u00fctzt haben!\",\"breadcrumb\":{\"@id\":\"https:\/\/agence.breakflip.com\/de\/unsere-projekte\/best-case-majjam-playtest-trailer-producktion\/#breadcrumb\"},\"inLanguage\":\"de\",\"potentialAction\":[{\"@type\":\"ReadAction\",\"target\":[\"https:\/\/agence.breakflip.com\/de\/unsere-projekte\/best-case-majjam-playtest-trailer-producktion\/\"]}]},{\"@type\":\"BreadcrumbList\",\"@id\":\"https:\/\/agence.breakflip.com\/de\/unsere-projekte\/best-case-majjam-playtest-trailer-producktion\/#breadcrumb\",\"itemListElement\":[{\"@type\":\"ListItem\",\"position\":1,\"name\":\"Accueil\",\"item\":\"https:\/\/agence.breakflip.com\/de\/\"},{\"@type\":\"ListItem\",\"position\":2,\"name\":\"Unsere Projekte\",\"item\":\"https:\/\/agence.breakflip.com\/de\/unsere-projekte\/\"},{\"@type\":\"ListItem\",\"position\":3,\"name\":\"Best Case MAJJAM Playtest Trailer &#8211; Producktion\"}]},{\"@type\":\"WebSite\",\"@id\":\"https:\/\/agence.breakflip.com\/de\/#website\",\"url\":\"https:\/\/agence.breakflip.com\/de\/\",\"name\":\"Breakflip Agency\",\"description\":\"D\u00e9couvrez le travail de l&#039;agence Breakflip et faite lui confiance dans l&#039;\u00e9laboration de vos projets marketing, communication et \u00e9v\u00e8nementiel.\",\"publisher\":{\"@id\":\"https:\/\/agence.breakflip.com\/de\/#organization\"},\"potentialAction\":[{\"@type\":\"SearchAction\",\"target\":{\"@type\":\"EntryPoint\",\"urlTemplate\":\"https:\/\/agence.breakflip.com\/de\/?s={search_term_string}\"},\"query-input\":{\"@type\":\"PropertyValueSpecification\",\"valueRequired\":true,\"valueName\":\"search_term_string\"}}],\"inLanguage\":\"de\"},{\"@type\":\"Organization\",\"@id\":\"https:\/\/agence.breakflip.com\/de\/#organization\",\"name\":\"Breakflip Agency\",\"url\":\"https:\/\/agence.breakflip.com\/de\/\",\"logo\":{\"@type\":\"ImageObject\",\"inLanguage\":\"de\",\"@id\":\"https:\/\/agence.breakflip.com\/de\/#\/schema\/logo\/image\/\",\"url\":\"\/wp-content\/uploads\/2024\/07\/Logo-Breakflip-site-300px-100px-1.png\",\"contentUrl\":\"\/wp-content\/uploads\/2024\/07\/Logo-Breakflip-site-300px-100px-1.png\",\"width\":350,\"height\":100,\"caption\":\"Breakflip Agency\"},\"image\":{\"@id\":\"https:\/\/agence.breakflip.com\/de\/#\/schema\/logo\/image\/\"},\"sameAs\":[\"https:\/\/x.com\/BreakflipFR\",\"https:\/\/www.tiktok.com\/@breakflip\",\"https:\/\/www.instagram.com\/breakflip\/?hl=fr\",\"https:\/\/www.linkedin.com\/company\/breakflip\/\"]}]}<\/script>\n<!-- \/ Yoast SEO plugin. -->","yoast_head_json":{"title":"Best Case MAJJAM Playtest Trailer - Producktion - Breakflip Agency","description":"Entdecken Sie, wie wir MAJJAM bei der Erstellung seines ersten offiziellen Playtest-Trailers unterst\u00fctzt haben!","robots":{"index":"index","follow":"follow","max-snippet":"max-snippet:-1","max-image-preview":"max-image-preview:large","max-video-preview":"max-video-preview:-1"},"canonical":"https:\/\/agence.breakflip.com\/de\/unsere-projekte\/best-case-majjam-playtest-trailer-producktion\/","og_locale":"de_DE","og_type":"article","og_title":"Best Case MAJJAM Playtest Trailer - Producktion - Breakflip Agency","og_description":"Entdecken Sie, wie wir MAJJAM bei der Erstellung seines ersten offiziellen Playtest-Trailers unterst\u00fctzt haben!","og_url":"https:\/\/agence.breakflip.com\/de\/unsere-projekte\/best-case-majjam-playtest-trailer-producktion\/","og_site_name":"Breakflip Agency","article_modified_time":"2025-10-17T10:06:16+00:00","twitter_card":"summary_large_image","twitter_site":"@BreakflipFR","twitter_misc":{"Gesch\u00e4tzte Lesezeit":"1\u00a0Minute"},"schema":{"@context":"https:\/\/schema.org","@graph":[{"@type":"WebPage","@id":"https:\/\/agence.breakflip.com\/de\/unsere-projekte\/best-case-majjam-playtest-trailer-producktion\/","url":"https:\/\/agence.breakflip.com\/de\/unsere-projekte\/best-case-majjam-playtest-trailer-producktion\/","name":"Best Case MAJJAM Playtest Trailer - Producktion - Breakflip Agency","isPartOf":{"@id":"https:\/\/agence.breakflip.com\/de\/#website"},"datePublished":"2025-09-22T13:05:17+00:00","dateModified":"2025-10-17T10:06:16+00:00","description":"Entdecken Sie, wie wir MAJJAM bei der Erstellung seines ersten offiziellen Playtest-Trailers unterst\u00fctzt haben!","breadcrumb":{"@id":"https:\/\/agence.breakflip.com\/de\/unsere-projekte\/best-case-majjam-playtest-trailer-producktion\/#breadcrumb"},"inLanguage":"de","potentialAction":[{"@type":"ReadAction","target":["https:\/\/agence.breakflip.com\/de\/unsere-projekte\/best-case-majjam-playtest-trailer-producktion\/"]}]},{"@type":"BreadcrumbList","@id":"https:\/\/agence.breakflip.com\/de\/unsere-projekte\/best-case-majjam-playtest-trailer-producktion\/#breadcrumb","itemListElement":[{"@type":"ListItem","position":1,"name":"Accueil","item":"https:\/\/agence.breakflip.com\/de\/"},{"@type":"ListItem","position":2,"name":"Unsere Projekte","item":"https:\/\/agence.breakflip.com\/de\/unsere-projekte\/"},{"@type":"ListItem","position":3,"name":"Best Case MAJJAM Playtest Trailer &#8211; Producktion"}]},{"@type":"WebSite","@id":"https:\/\/agence.breakflip.com\/de\/#website","url":"https:\/\/agence.breakflip.com\/de\/","name":"Breakflip Agency","description":"D\u00e9couvrez le travail de l&#039;agence Breakflip et faite lui confiance dans l&#039;\u00e9laboration de vos projets marketing, communication et \u00e9v\u00e8nementiel.","publisher":{"@id":"https:\/\/agence.breakflip.com\/de\/#organization"},"potentialAction":[{"@type":"SearchAction","target":{"@type":"EntryPoint","urlTemplate":"https:\/\/agence.breakflip.com\/de\/?s={search_term_string}"},"query-input":{"@type":"PropertyValueSpecification","valueRequired":true,"valueName":"search_term_string"}}],"inLanguage":"de"},{"@type":"Organization","@id":"https:\/\/agence.breakflip.com\/de\/#organization","name":"Breakflip Agency","url":"https:\/\/agence.breakflip.com\/de\/","logo":{"@type":"ImageObject","inLanguage":"de","@id":"https:\/\/agence.breakflip.com\/de\/#\/schema\/logo\/image\/","url":"\/wp-content\/uploads\/2024\/07\/Logo-Breakflip-site-300px-100px-1.png","contentUrl":"\/wp-content\/uploads\/2024\/07\/Logo-Breakflip-site-300px-100px-1.png","width":350,"height":100,"caption":"Breakflip Agency"},"image":{"@id":"https:\/\/agence.breakflip.com\/de\/#\/schema\/logo\/image\/"},"sameAs":["https:\/\/x.com\/BreakflipFR","https:\/\/www.tiktok.com\/@breakflip","https:\/\/www.instagram.com\/breakflip\/?hl=fr","https:\/\/www.linkedin.com\/company\/breakflip\/"]}]}},"_links":{"self":[{"href":"https:\/\/agence.breakflip.com\/de\/wp-json\/wp\/v2\/pages\/4066","targetHints":{"allow":["GET"]}}],"collection":[{"href":"https:\/\/agence.breakflip.com\/de\/wp-json\/wp\/v2\/pages"}],"about":[{"href":"https:\/\/agence.breakflip.com\/de\/wp-json\/wp\/v2\/types\/page"}],"author":[{"embeddable":true,"href":"https:\/\/agence.breakflip.com\/de\/wp-json\/wp\/v2\/users\/1"}],"replies":[{"embeddable":true,"href":"https:\/\/agence.breakflip.com\/de\/wp-json\/wp\/v2\/comments?post=4066"}],"version-history":[{"count":10,"href":"https:\/\/agence.breakflip.com\/de\/wp-json\/wp\/v2\/pages\/4066\/revisions"}],"predecessor-version":[{"id":4201,"href":"https:\/\/agence.breakflip.com\/de\/wp-json\/wp\/v2\/pages\/4066\/revisions\/4201"}],"up":[{"embeddable":true,"href":"https:\/\/agence.breakflip.com\/de\/wp-json\/wp\/v2\/pages\/2860"}],"wp:attachment":[{"href":"https:\/\/agence.breakflip.com\/de\/wp-json\/wp\/v2\/media?parent=4066"}],"curies":[{"name":"wp","href":"https:\/\/api.w.org\/{rel}","templated":true}]}}