{"id":4058,"date":"2025-09-18T10:24:16","date_gmt":"2025-09-18T08:24:16","guid":{"rendered":"https:\/\/agence.breakflip.com\/?page_id=4058"},"modified":"2025-09-25T10:57:55","modified_gmt":"2025-09-25T08:57:55","slug":"best-case-fortnite-invitational-2024-produktion","status":"publish","type":"page","link":"https:\/\/agence.breakflip.com\/de\/unsere-projekte\/best-case-fortnite-invitational-2024-produktion\/","title":{"rendered":"Best Case Fortnite Invitational 2024 \u2013 Produktion"},"content":{"rendered":"\t\t<div data-elementor-type=\"wp-page\" data-elementor-id=\"4058\" class=\"elementor elementor-4058\" data-elementor-post-type=\"page\">\n\t\t\t\t<div class=\"elementor-element elementor-element-2fb8f30a e-flex e-con-boxed e-con e-parent\" data-id=\"2fb8f30a\" data-element_type=\"container\">\n\t\t\t\t\t<div class=\"e-con-inner\">\n\t\t\t\t<div class=\"elementor-element elementor-element-7b7ebe47 elementor-widget elementor-widget-heading\" data-id=\"7b7ebe47\" data-element_type=\"widget\" data-widget_type=\"heading.default\">\n\t\t\t\t<div class=\"elementor-widget-container\">\n\t\t\t\t\t<h1 class=\"elementor-heading-title elementor-size-default\">Fortnite Invitational 2024 - Produktion<\/h1>\t\t\t\t<\/div>\n\t\t\t\t<\/div>\n\t\t\t\t\t<\/div>\n\t\t\t\t<\/div>\n\t\t<div class=\"elementor-element elementor-element-5803491c e-flex e-con-boxed e-con e-parent\" data-id=\"5803491c\" data-element_type=\"container\" data-settings=\"{&quot;background_background&quot;:&quot;classic&quot;}\">\n\t\t\t\t\t<div class=\"e-con-inner\">\n\t\t\t\t<div class=\"elementor-element elementor-element-b4092d9 elementor-widget elementor-widget-image\" data-id=\"b4092d9\" data-element_type=\"widget\" data-widget_type=\"image.default\">\n\t\t\t\t<div class=\"elementor-widget-container\">\n\t\t\t\t\t\t\t\t\t\t\t\t\t\t\t<img fetchpriority=\"high\" decoding=\"async\" width=\"800\" height=\"434\" src=\"\/wp-content\/uploads\/2025\/09\/Capture-decran-2025-09-18-103019-1024x556.png\" class=\"attachment-large size-large wp-image-3754\" alt=\"Photo de pr\u00e9sentation du Fortnite Invitational de 2024.\" srcset=\"\/wp-content\/uploads\/2025\/09\/Capture-decran-2025-09-18-103019-1024x556.png 1024w, \/wp-content\/uploads\/2025\/09\/Capture-decran-2025-09-18-103019-300x163.png 300w, \/wp-content\/uploads\/2025\/09\/Capture-decran-2025-09-18-103019-768x417.png 768w, \/wp-content\/uploads\/2025\/09\/Capture-decran-2025-09-18-103019-1536x835.png 1536w, \/wp-content\/uploads\/2025\/09\/Capture-decran-2025-09-18-103019.png 1866w\" sizes=\"(max-width: 800px) 100vw, 800px\" \/>\t\t\t\t\t\t\t\t\t\t\t\t\t\t\t<\/div>\n\t\t\t\t<\/div>\n\t\t\t\t\t<\/div>\n\t\t\t\t<\/div>\n\t\t<div class=\"elementor-element elementor-element-1da9653e e-flex e-con-boxed e-con e-parent\" data-id=\"1da9653e\" data-element_type=\"container\">\n\t\t\t\t\t<div class=\"e-con-inner\">\n\t\t<div class=\"elementor-element elementor-element-408d12f9 e-con-full e-transform e-flex e-con e-child\" data-id=\"408d12f9\" data-element_type=\"container\" data-settings=\"{&quot;background_background&quot;:&quot;classic&quot;,&quot;_transform_translateY_effect&quot;:{&quot;unit&quot;:&quot;px&quot;,&quot;size&quot;:20,&quot;sizes&quot;:[]},&quot;_transform_translateX_effect&quot;:{&quot;unit&quot;:&quot;px&quot;,&quot;size&quot;:&quot;&quot;,&quot;sizes&quot;:[]},&quot;_transform_translateX_effect_tablet&quot;:{&quot;unit&quot;:&quot;px&quot;,&quot;size&quot;:&quot;&quot;,&quot;sizes&quot;:[]},&quot;_transform_translateX_effect_mobile&quot;:{&quot;unit&quot;:&quot;px&quot;,&quot;size&quot;:&quot;&quot;,&quot;sizes&quot;:[]},&quot;_transform_translateY_effect_tablet&quot;:{&quot;unit&quot;:&quot;px&quot;,&quot;size&quot;:&quot;&quot;,&quot;sizes&quot;:[]},&quot;_transform_translateY_effect_mobile&quot;:{&quot;unit&quot;:&quot;px&quot;,&quot;size&quot;:&quot;&quot;,&quot;sizes&quot;:[]}}\">\n\t\t\t\t<div class=\"elementor-element elementor-element-34ab844a elementor-widget elementor-widget-heading\" data-id=\"34ab844a\" data-element_type=\"widget\" data-widget_type=\"heading.default\">\n\t\t\t\t<div class=\"elementor-widget-container\">\n\t\t\t\t\t<h2 class=\"elementor-heading-title elementor-size-default\">Organisation des Media Days beim Fortnite Invitational 2024<\/h2>\t\t\t\t<\/div>\n\t\t\t\t<\/div>\n\t\t\t\t<\/div>\n\t\t<div class=\"elementor-element elementor-element-5addfd63 e-con-full e-flex e-con e-child\" data-id=\"5addfd63\" data-element_type=\"container\">\n\t\t\t\t<div class=\"elementor-element elementor-element-604233f1 elementor-widget elementor-widget-heading\" data-id=\"604233f1\" data-element_type=\"widget\" data-widget_type=\"heading.default\">\n\t\t\t\t<div class=\"elementor-widget-container\">\n\t\t\t\t\t<h3 class=\"elementor-heading-title elementor-size-default\">Wer ist der Kunde?<\/h3>\t\t\t\t<\/div>\n\t\t\t\t<\/div>\n\t\t\t\t<div class=\"elementor-element elementor-element-5c421646 elementor-widget elementor-widget-text-editor\" data-id=\"5c421646\" data-element_type=\"widget\" data-widget_type=\"text-editor.default\">\n\t\t\t\t<div class=\"elementor-widget-container\">\n\t\t\t\t\t\t\t\t\t<p data-start=\"0\" data-end=\"147\"><strong>Epic Games<\/strong> ist ein renommiertes Videospielentwicklungsunternehmen, das vor allem f\u00fcr die Entwicklung ikonischer Titel wie <strong>Fortnite<\/strong> bekannt ist.<\/p><p data-start=\"149\" data-end=\"282\" data-is-last-node=\"\" data-is-only-node=\"\">Das <strong>Fortnite Invitational<\/strong> ist ein gro\u00dfes Videospielturnier, das f\u00fcr professionelle Spieler und Fortnite-Streamer veranstaltet wird.<\/p>\t\t\t\t\t\t\t\t<\/div>\n\t\t\t\t<\/div>\n\t\t\t\t<div class=\"elementor-element elementor-element-582425ff elementor-widget elementor-widget-heading\" data-id=\"582425ff\" data-element_type=\"widget\" data-widget_type=\"heading.default\">\n\t\t\t\t<div class=\"elementor-widget-container\">\n\t\t\t\t\t<h3 class=\"elementor-heading-title elementor-size-default\">Was waren unsere Aufgaben?<\/h3>\t\t\t\t<\/div>\n\t\t\t\t<\/div>\n\t\t\t\t<div class=\"elementor-element elementor-element-6cdf7180 elementor-widget elementor-widget-text-editor\" data-id=\"6cdf7180\" data-element_type=\"widget\" data-widget_type=\"text-editor.default\">\n\t\t\t\t<div class=\"elementor-widget-container\">\n\t\t\t\t\t\t\t\t\t<p data-start=\"0\" data-end=\"153\">Breakflip unterst\u00fctzte Epic Games bei der Durchf\u00fchrung des Media Days f\u00fcr das Fortnite Invitational 2024. Die Organisation erfolgte in zwei Teilen:<\/p><h4 data-start=\"155\" data-end=\"189\"><strong data-start=\"155\" data-end=\"187\">Teil 1: Planung und Logistik<\/strong><\/h4><ul><li data-start=\"192\" data-end=\"321\"><strong data-start=\"192\" data-end=\"204\">Buchung:<\/strong> Reservierung des Veranstaltungsorts f\u00fcr den Media Day sowie Hotels f\u00fcr Spieler, Content-Creators und das Personal.<\/li><li data-start=\"324\" data-end=\"433\"><strong data-start=\"324\" data-end=\"341\">Koordination:<\/strong> Organisation des Transports zwischen Flughafen oder Bahnhof, Hotel und Veranstaltungsort.<\/li><li data-start=\"436\" data-end=\"519\"><strong data-start=\"436\" data-end=\"449\">Catering:<\/strong> Verpflegung der Spieler, Content-Creators und Teams durch Burgouzz.<\/li><\/ul><h4 data-start=\"521\" data-end=\"545\"><strong data-start=\"521\" data-end=\"543\">Teil 2: Produktion<\/strong><\/h4><ul><li data-start=\"548\" data-end=\"618\"><strong data-start=\"548\" data-end=\"559\">Aufbau:<\/strong> \u00dcberwachung und Installation der technischen Ausr\u00fcstung.<\/li><li data-start=\"621\" data-end=\"761\"><strong data-start=\"621\" data-end=\"650\">Foto- und Videoaufnahmen:<\/strong> Aufnahme von Videos und Fotos der Spieler f\u00fcr den Event-Trailer sowie f\u00fcr weitere Kommunikationsmaterialien.<\/li><li data-start=\"764\" data-end=\"820\"><strong data-start=\"764\" data-end=\"776\">Schnitt:<\/strong> Postproduktion und Montage des Materials.<\/li><li data-start=\"823\" data-end=\"883\"><strong data-start=\"823\" data-end=\"837\">Lieferung:<\/strong> Versand des Trailers an die Content-Creators.<\/li><\/ul>\t\t\t\t\t\t\t\t<\/div>\n\t\t\t\t<\/div>\n\t\t\t\t<div class=\"elementor-element elementor-element-4c2880a5 elementor-widget elementor-widget-heading\" data-id=\"4c2880a5\" data-element_type=\"widget\" data-widget_type=\"heading.default\">\n\t\t\t\t<div class=\"elementor-widget-container\">\n\t\t\t\t\t<h3 class=\"elementor-heading-title elementor-size-default\">Wichtigste Erkenntnisse<\/h3>\t\t\t\t<\/div>\n\t\t\t\t<\/div>\n\t\t\t\t<div class=\"elementor-element elementor-element-2331541 elementor-widget elementor-widget-text-editor\" data-id=\"2331541\" data-element_type=\"widget\" data-widget_type=\"text-editor.default\">\n\t\t\t\t<div class=\"elementor-widget-container\">\n\t\t\t\t\t\t\t\t\t<ul><li data-start=\"2\" data-end=\"115\">Video f\u00fcr ein <strong>Fortnite Invitational<\/strong> erstellt, ver\u00f6ffentlicht auf <strong>Doigbys<\/strong> Kanal (+1,6\u202fM Abonnenten auf YouTube).<\/li><li data-start=\"118\" data-end=\"214\">Kurzes, pr\u00e4gnantes Format, konzipiert, um das <strong>Engagement<\/strong> in den ersten Sekunden zu maximieren.<\/li><li data-start=\"217\" data-end=\"364\"><strong>Starke Interaktion mit der Community<\/strong> und erh\u00f6hter Sichtbarkeits-Boost f\u00fcr das Event, mit \u00fcber <strong>100 Reposts<\/strong> des Trailers durch Teilnehmer und Fans.<\/li><li data-start=\"367\" data-end=\"455\">Ergebnis: <strong>\u00dcber 800.000 organische Aufrufe<\/strong> allein f\u00fcr den auf X ver\u00f6ffentlichten Trailer.<\/li><\/ul>\t\t\t\t\t\t\t\t<\/div>\n\t\t\t\t<\/div>\n\t\t\t\t<\/div>\n\t\t\t\t\t<\/div>\n\t\t\t\t<\/div>\n\t\t<div class=\"elementor-element elementor-element-58704653 e-flex e-con-boxed e-con e-parent\" data-id=\"58704653\" data-element_type=\"container\" data-settings=\"{&quot;background_background&quot;:&quot;classic&quot;}\">\n\t\t\t\t\t<div class=\"e-con-inner\">\n\t\t\t\t<div class=\"elementor-element elementor-element-37a9647e elementor-widget elementor-widget-heading\" data-id=\"37a9647e\" data-element_type=\"widget\" data-widget_type=\"heading.default\">\n\t\t\t\t<div class=\"elementor-widget-container\">\n\t\t\t\t\t<h2 class=\"elementor-heading-title elementor-size-default\">Brauchen Sie mehr Sichtbarkeit?<\/h2>\t\t\t\t<\/div>\n\t\t\t\t<\/div>\n\t\t\t\t<div class=\"elementor-element elementor-element-2b589261 elementor-widget elementor-widget-text-editor\" data-id=\"2b589261\" data-element_type=\"widget\" data-widget_type=\"text-editor.default\">\n\t\t\t\t<div class=\"elementor-widget-container\">\n\t\t\t\t\t\t\t\t\t<p>Wir besprechen das in einem Anruf.<\/p>\t\t\t\t\t\t\t\t<\/div>\n\t\t\t\t<\/div>\n\t\t\t\t<div class=\"elementor-element elementor-element-3c64c389 elementor-align-center elementor-widget elementor-widget-button\" data-id=\"3c64c389\" data-element_type=\"widget\" data-widget_type=\"button.default\">\n\t\t\t\t<div class=\"elementor-widget-container\">\n\t\t\t\t\t\t\t\t\t<div class=\"elementor-button-wrapper\">\n\t\t\t\t\t<a class=\"elementor-button elementor-button-link elementor-size-sm\" href=\"https:\/\/agence.breakflip.com\/contact\/\">\n\t\t\t\t\t\t<span class=\"elementor-button-content-wrapper\">\n\t\t\t\t\t\t<span class=\"elementor-button-icon\">\n\t\t\t\t<svg aria-hidden=\"true\" class=\"e-font-icon-svg e-far-envelope\" viewBox=\"0 0 512 512\" xmlns=\"http:\/\/www.w3.org\/2000\/svg\"><path d=\"M464 64H48C21.49 64 0 85.49 0 112v288c0 26.51 21.49 48 48 48h416c26.51 0 48-21.49 48-48V112c0-26.51-21.49-48-48-48zm0 48v40.805c-22.422 18.259-58.168 46.651-134.587 106.49-16.841 13.247-50.201 45.072-73.413 44.701-23.208.375-56.579-31.459-73.413-44.701C106.18 199.465 70.425 171.067 48 152.805V112h416zM48 400V214.398c22.914 18.251 55.409 43.862 104.938 82.646 21.857 17.205 60.134 55.186 103.062 54.955 42.717.231 80.509-37.199 103.053-54.947 49.528-38.783 82.032-64.401 104.947-82.653V400H48z\"><\/path><\/svg>\t\t\t<\/span>\n\t\t\t\t\t\t\t\t\t<span class=\"elementor-button-text\">Kontaktieren Sie uns<\/span>\n\t\t\t\t\t<\/span>\n\t\t\t\t\t<\/a>\n\t\t\t\t<\/div>\n\t\t\t\t\t\t\t\t<\/div>\n\t\t\t\t<\/div>\n\t\t\t\t\t<\/div>\n\t\t\t\t<\/div>\n\t\t<div class=\"elementor-element elementor-element-61b01791 e-flex e-con-boxed e-con e-parent\" data-id=\"61b01791\" data-element_type=\"container\">\n\t\t\t\t\t<div class=\"e-con-inner\">\n\t\t\t\t<div class=\"elementor-element elementor-element-71e7ede elementor-widget elementor-widget-video\" data-id=\"71e7ede\" data-element_type=\"widget\" data-settings=\"{&quot;youtube_url&quot;:&quot;https:\\\/\\\/www.youtube.com\\\/watch?v=-ClBxKkr94E&quot;,&quot;video_type&quot;:&quot;youtube&quot;,&quot;controls&quot;:&quot;yes&quot;}\" data-widget_type=\"video.default\">\n\t\t\t\t<div class=\"elementor-widget-container\">\n\t\t\t\t\t\t\t<div class=\"elementor-wrapper elementor-open-inline\">\n\t\t\t<div class=\"elementor-video\"><\/div>\t\t<\/div>\n\t\t\t\t\t\t<\/div>\n\t\t\t\t<\/div>\n\t\t\t\t\t<\/div>\n\t\t\t\t<\/div>\n\t\t\t\t<\/div>\n\t\t","protected":false},"excerpt":{"rendered":"<p>Fortnite Invitational 2024 &#8211; Produktion Organisation des Media Days beim Fortnite Invitational 2024 Wer ist der Kunde? Epic Games ist ein renommiertes Videospielentwicklungsunternehmen, das vor allem f\u00fcr die Entwicklung ikonischer Titel wie Fortnite bekannt ist. Das Fortnite Invitational ist ein gro\u00dfes Videospielturnier, das f\u00fcr professionelle Spieler und Fortnite-Streamer veranstaltet wird. Was waren unsere Aufgaben? Breakflip [&hellip;]<\/p>\n","protected":false},"author":1,"featured_media":0,"parent":2860,"menu_order":0,"comment_status":"closed","ping_status":"closed","template":"","meta":{"footnotes":""},"class_list":["post-4058","page","type-page","status-publish","hentry"],"yoast_head":"<!-- This site is optimized with the Yoast SEO plugin v26.6 - https:\/\/yoast.com\/wordpress\/plugins\/seo\/ -->\n<title>Best Case Fortnite Invitational 2024 \u2013 Produktion - Breakflip Agency<\/title>\n<meta name=\"description\" content=\"Entdecken Sie, wie wir Fortnite bei der Erstellung des Teasers f\u00fcr das Fortnite Invitational 2024 unterst\u00fctzt haben.\" \/>\n<meta name=\"robots\" content=\"index, follow, max-snippet:-1, max-image-preview:large, max-video-preview:-1\" \/>\n<link rel=\"canonical\" href=\"https:\/\/agence.breakflip.com\/de\/unsere-projekte\/best-case-fortnite-invitational-2024-produktion\/\" \/>\n<meta property=\"og:locale\" content=\"de_DE\" \/>\n<meta property=\"og:type\" content=\"article\" \/>\n<meta property=\"og:title\" content=\"Best Case Fortnite Invitational 2024 \u2013 Produktion - Breakflip Agency\" \/>\n<meta property=\"og:description\" content=\"Entdecken Sie, wie wir Fortnite bei der Erstellung des Teasers f\u00fcr das Fortnite Invitational 2024 unterst\u00fctzt haben.\" \/>\n<meta property=\"og:url\" content=\"https:\/\/agence.breakflip.com\/de\/unsere-projekte\/best-case-fortnite-invitational-2024-produktion\/\" \/>\n<meta property=\"og:site_name\" content=\"Breakflip Agency\" \/>\n<meta property=\"article:modified_time\" content=\"2025-09-25T08:57:55+00:00\" \/>\n<meta name=\"twitter:card\" content=\"summary_large_image\" \/>\n<meta name=\"twitter:site\" content=\"@BreakflipFR\" \/>\n<meta name=\"twitter:label1\" content=\"Gesch\u00e4tzte Lesezeit\" \/>\n\t<meta name=\"twitter:data1\" content=\"2\u00a0Minuten\" \/>\n<script type=\"application\/ld+json\" class=\"yoast-schema-graph\">{\"@context\":\"https:\/\/schema.org\",\"@graph\":[{\"@type\":\"WebPage\",\"@id\":\"https:\/\/agence.breakflip.com\/de\/unsere-projekte\/best-case-fortnite-invitational-2024-produktion\/\",\"url\":\"https:\/\/agence.breakflip.com\/de\/unsere-projekte\/best-case-fortnite-invitational-2024-produktion\/\",\"name\":\"Best Case Fortnite Invitational 2024 \u2013 Produktion - Breakflip Agency\",\"isPartOf\":{\"@id\":\"https:\/\/agence.breakflip.com\/de\/#website\"},\"datePublished\":\"2025-09-18T08:24:16+00:00\",\"dateModified\":\"2025-09-25T08:57:55+00:00\",\"description\":\"Entdecken Sie, wie wir Fortnite bei der Erstellung des Teasers f\u00fcr das Fortnite Invitational 2024 unterst\u00fctzt haben.\",\"breadcrumb\":{\"@id\":\"https:\/\/agence.breakflip.com\/de\/unsere-projekte\/best-case-fortnite-invitational-2024-produktion\/#breadcrumb\"},\"inLanguage\":\"de\",\"potentialAction\":[{\"@type\":\"ReadAction\",\"target\":[\"https:\/\/agence.breakflip.com\/de\/unsere-projekte\/best-case-fortnite-invitational-2024-produktion\/\"]}]},{\"@type\":\"BreadcrumbList\",\"@id\":\"https:\/\/agence.breakflip.com\/de\/unsere-projekte\/best-case-fortnite-invitational-2024-produktion\/#breadcrumb\",\"itemListElement\":[{\"@type\":\"ListItem\",\"position\":1,\"name\":\"Accueil\",\"item\":\"https:\/\/agence.breakflip.com\/de\/\"},{\"@type\":\"ListItem\",\"position\":2,\"name\":\"Unsere Projekte\",\"item\":\"https:\/\/agence.breakflip.com\/de\/unsere-projekte\/\"},{\"@type\":\"ListItem\",\"position\":3,\"name\":\"Best Case Fortnite Invitational 2024 \u2013 Produktion\"}]},{\"@type\":\"WebSite\",\"@id\":\"https:\/\/agence.breakflip.com\/de\/#website\",\"url\":\"https:\/\/agence.breakflip.com\/de\/\",\"name\":\"Breakflip Agency\",\"description\":\"D\u00e9couvrez le travail de l&#039;agence Breakflip et faite lui confiance dans l&#039;\u00e9laboration de vos projets marketing, communication et \u00e9v\u00e8nementiel.\",\"publisher\":{\"@id\":\"https:\/\/agence.breakflip.com\/de\/#organization\"},\"potentialAction\":[{\"@type\":\"SearchAction\",\"target\":{\"@type\":\"EntryPoint\",\"urlTemplate\":\"https:\/\/agence.breakflip.com\/de\/?s={search_term_string}\"},\"query-input\":{\"@type\":\"PropertyValueSpecification\",\"valueRequired\":true,\"valueName\":\"search_term_string\"}}],\"inLanguage\":\"de\"},{\"@type\":\"Organization\",\"@id\":\"https:\/\/agence.breakflip.com\/de\/#organization\",\"name\":\"Breakflip Agency\",\"url\":\"https:\/\/agence.breakflip.com\/de\/\",\"logo\":{\"@type\":\"ImageObject\",\"inLanguage\":\"de\",\"@id\":\"https:\/\/agence.breakflip.com\/de\/#\/schema\/logo\/image\/\",\"url\":\"\/wp-content\/uploads\/2024\/07\/Logo-Breakflip-site-300px-100px-1.png\",\"contentUrl\":\"\/wp-content\/uploads\/2024\/07\/Logo-Breakflip-site-300px-100px-1.png\",\"width\":350,\"height\":100,\"caption\":\"Breakflip Agency\"},\"image\":{\"@id\":\"https:\/\/agence.breakflip.com\/de\/#\/schema\/logo\/image\/\"},\"sameAs\":[\"https:\/\/x.com\/BreakflipFR\",\"https:\/\/www.tiktok.com\/@breakflip\",\"https:\/\/www.instagram.com\/breakflip\/?hl=fr\",\"https:\/\/www.linkedin.com\/company\/breakflip\/\"]}]}<\/script>\n<!-- \/ Yoast SEO plugin. -->","yoast_head_json":{"title":"Best Case Fortnite Invitational 2024 \u2013 Produktion - Breakflip Agency","description":"Entdecken Sie, wie wir Fortnite bei der Erstellung des Teasers f\u00fcr das Fortnite Invitational 2024 unterst\u00fctzt haben.","robots":{"index":"index","follow":"follow","max-snippet":"max-snippet:-1","max-image-preview":"max-image-preview:large","max-video-preview":"max-video-preview:-1"},"canonical":"https:\/\/agence.breakflip.com\/de\/unsere-projekte\/best-case-fortnite-invitational-2024-produktion\/","og_locale":"de_DE","og_type":"article","og_title":"Best Case Fortnite Invitational 2024 \u2013 Produktion - Breakflip Agency","og_description":"Entdecken Sie, wie wir Fortnite bei der Erstellung des Teasers f\u00fcr das Fortnite Invitational 2024 unterst\u00fctzt haben.","og_url":"https:\/\/agence.breakflip.com\/de\/unsere-projekte\/best-case-fortnite-invitational-2024-produktion\/","og_site_name":"Breakflip Agency","article_modified_time":"2025-09-25T08:57:55+00:00","twitter_card":"summary_large_image","twitter_site":"@BreakflipFR","twitter_misc":{"Gesch\u00e4tzte Lesezeit":"2\u00a0Minuten"},"schema":{"@context":"https:\/\/schema.org","@graph":[{"@type":"WebPage","@id":"https:\/\/agence.breakflip.com\/de\/unsere-projekte\/best-case-fortnite-invitational-2024-produktion\/","url":"https:\/\/agence.breakflip.com\/de\/unsere-projekte\/best-case-fortnite-invitational-2024-produktion\/","name":"Best Case Fortnite Invitational 2024 \u2013 Produktion - Breakflip Agency","isPartOf":{"@id":"https:\/\/agence.breakflip.com\/de\/#website"},"datePublished":"2025-09-18T08:24:16+00:00","dateModified":"2025-09-25T08:57:55+00:00","description":"Entdecken Sie, wie wir Fortnite bei der Erstellung des Teasers f\u00fcr das Fortnite Invitational 2024 unterst\u00fctzt haben.","breadcrumb":{"@id":"https:\/\/agence.breakflip.com\/de\/unsere-projekte\/best-case-fortnite-invitational-2024-produktion\/#breadcrumb"},"inLanguage":"de","potentialAction":[{"@type":"ReadAction","target":["https:\/\/agence.breakflip.com\/de\/unsere-projekte\/best-case-fortnite-invitational-2024-produktion\/"]}]},{"@type":"BreadcrumbList","@id":"https:\/\/agence.breakflip.com\/de\/unsere-projekte\/best-case-fortnite-invitational-2024-produktion\/#breadcrumb","itemListElement":[{"@type":"ListItem","position":1,"name":"Accueil","item":"https:\/\/agence.breakflip.com\/de\/"},{"@type":"ListItem","position":2,"name":"Unsere Projekte","item":"https:\/\/agence.breakflip.com\/de\/unsere-projekte\/"},{"@type":"ListItem","position":3,"name":"Best Case Fortnite Invitational 2024 \u2013 Produktion"}]},{"@type":"WebSite","@id":"https:\/\/agence.breakflip.com\/de\/#website","url":"https:\/\/agence.breakflip.com\/de\/","name":"Breakflip Agency","description":"D\u00e9couvrez le travail de l&#039;agence Breakflip et faite lui confiance dans l&#039;\u00e9laboration de vos projets marketing, communication et \u00e9v\u00e8nementiel.","publisher":{"@id":"https:\/\/agence.breakflip.com\/de\/#organization"},"potentialAction":[{"@type":"SearchAction","target":{"@type":"EntryPoint","urlTemplate":"https:\/\/agence.breakflip.com\/de\/?s={search_term_string}"},"query-input":{"@type":"PropertyValueSpecification","valueRequired":true,"valueName":"search_term_string"}}],"inLanguage":"de"},{"@type":"Organization","@id":"https:\/\/agence.breakflip.com\/de\/#organization","name":"Breakflip Agency","url":"https:\/\/agence.breakflip.com\/de\/","logo":{"@type":"ImageObject","inLanguage":"de","@id":"https:\/\/agence.breakflip.com\/de\/#\/schema\/logo\/image\/","url":"\/wp-content\/uploads\/2024\/07\/Logo-Breakflip-site-300px-100px-1.png","contentUrl":"\/wp-content\/uploads\/2024\/07\/Logo-Breakflip-site-300px-100px-1.png","width":350,"height":100,"caption":"Breakflip Agency"},"image":{"@id":"https:\/\/agence.breakflip.com\/de\/#\/schema\/logo\/image\/"},"sameAs":["https:\/\/x.com\/BreakflipFR","https:\/\/www.tiktok.com\/@breakflip","https:\/\/www.instagram.com\/breakflip\/?hl=fr","https:\/\/www.linkedin.com\/company\/breakflip\/"]}]}},"_links":{"self":[{"href":"https:\/\/agence.breakflip.com\/de\/wp-json\/wp\/v2\/pages\/4058","targetHints":{"allow":["GET"]}}],"collection":[{"href":"https:\/\/agence.breakflip.com\/de\/wp-json\/wp\/v2\/pages"}],"about":[{"href":"https:\/\/agence.breakflip.com\/de\/wp-json\/wp\/v2\/types\/page"}],"author":[{"embeddable":true,"href":"https:\/\/agence.breakflip.com\/de\/wp-json\/wp\/v2\/users\/1"}],"replies":[{"embeddable":true,"href":"https:\/\/agence.breakflip.com\/de\/wp-json\/wp\/v2\/comments?post=4058"}],"version-history":[{"count":7,"href":"https:\/\/agence.breakflip.com\/de\/wp-json\/wp\/v2\/pages\/4058\/revisions"}],"predecessor-version":[{"id":4065,"href":"https:\/\/agence.breakflip.com\/de\/wp-json\/wp\/v2\/pages\/4058\/revisions\/4065"}],"up":[{"embeddable":true,"href":"https:\/\/agence.breakflip.com\/de\/wp-json\/wp\/v2\/pages\/2860"}],"wp:attachment":[{"href":"https:\/\/agence.breakflip.com\/de\/wp-json\/wp\/v2\/media?parent=4058"}],"curies":[{"name":"wp","href":"https:\/\/api.w.org\/{rel}","templated":true}]}}