{"id":3336,"date":"2024-10-18T15:31:44","date_gmt":"2024-10-18T13:31:44","guid":{"rendered":"https:\/\/agence.breakflip.com\/?page_id=3336"},"modified":"2025-02-21T14:38:56","modified_gmt":"2025-02-21T13:38:56","slug":"fallbeispiel-yu-gi-oh-master-duel-shadow-duelist-turnier","status":"publish","type":"page","link":"https:\/\/agence.breakflip.com\/de\/unsere-projekte\/fallbeispiel-yu-gi-oh-master-duel-shadow-duelist-turnier\/","title":{"rendered":"Fallbeispiel: Yu-Gi-Oh! Master Duel Shadow Duelist &#8211; Turnier"},"content":{"rendered":"\t\t<div data-elementor-type=\"wp-page\" data-elementor-id=\"3336\" class=\"elementor elementor-3336\" data-elementor-post-type=\"page\">\n\t\t\t\t<div class=\"elementor-element elementor-element-6c592b48 e-flex e-con-boxed e-con e-parent\" data-id=\"6c592b48\" data-element_type=\"container\">\n\t\t\t\t\t<div class=\"e-con-inner\">\n\t\t\t\t<div class=\"elementor-element elementor-element-53170920 elementor-widget elementor-widget-heading\" data-id=\"53170920\" data-element_type=\"widget\" data-widget_type=\"heading.default\">\n\t\t\t\t<div class=\"elementor-widget-container\">\n\t\t\t\t\t<h1 class=\"elementor-heading-title elementor-size-default\">Yu-Gi-Oh! Master Duel Shadow Duelist - Turnier<\/h1>\t\t\t\t<\/div>\n\t\t\t\t<\/div>\n\t\t\t\t\t<\/div>\n\t\t\t\t<\/div>\n\t\t<div class=\"elementor-element elementor-element-3dea0d1f e-flex e-con-boxed e-con e-parent\" data-id=\"3dea0d1f\" data-element_type=\"container\">\n\t\t\t\t\t<div class=\"e-con-inner\">\n\t\t\t\t<div class=\"elementor-element elementor-element-2771bd72 elementor-skin-carousel elementor-arrows-yes elementor-pagination-type-bullets elementor-pagination-position-outside elementor-widget elementor-widget-media-carousel\" data-id=\"2771bd72\" data-element_type=\"widget\" data-settings=\"{&quot;slides_per_view&quot;:&quot;3&quot;,&quot;slides_to_scroll&quot;:&quot;1&quot;,&quot;space_between&quot;:{&quot;unit&quot;:&quot;px&quot;,&quot;size&quot;:20,&quot;sizes&quot;:[]},&quot;skin&quot;:&quot;carousel&quot;,&quot;effect&quot;:&quot;slide&quot;,&quot;show_arrows&quot;:&quot;yes&quot;,&quot;pagination&quot;:&quot;bullets&quot;,&quot;speed&quot;:500,&quot;space_between_tablet&quot;:{&quot;unit&quot;:&quot;px&quot;,&quot;size&quot;:10,&quot;sizes&quot;:[]},&quot;space_between_mobile&quot;:{&quot;unit&quot;:&quot;px&quot;,&quot;size&quot;:10,&quot;sizes&quot;:[]}}\" data-widget_type=\"media-carousel.default\">\n\t\t\t\t<div class=\"elementor-widget-container\">\n\t\t\t\t\t\t\t\t\t<div class=\"elementor-swiper\">\n\t\t\t\t\t<div class=\"elementor-main-swiper swiper\" role=\"region\" aria-roledescription=\"carousel\" aria-label=\"Diapositives\">\n\t\t\t\t<div class=\"swiper-wrapper\">\n\t\t\t\t\t\t\t\t\t\t\t<div class=\"swiper-slide\" role=\"group\" aria-roledescription=\"slide\">\n\t\t\t\t\t\t\t\t\t<div class=\"elementor-carousel-image\" role=\"img\" aria-label=\"Best-case-YGO-tournament-EN-1\" style=\"background-image: url(&#039;\/wp-content\/uploads\/2024\/11\/Best-case-YGO-tournament-EN-1.jpg&#039;)\">\n\n\t\t\t\n\t\t\t\t\t<\/div>\n\t\t\t\t\t\t\t\t<\/div>\n\t\t\t\t\t\t\t\t\t\t\t<div class=\"swiper-slide\" role=\"group\" aria-roledescription=\"slide\">\n\t\t\t\t\t\t\t\t\t<div class=\"elementor-carousel-image\" role=\"img\" aria-label=\"Best-case-YGO-tournament-EN-2\" style=\"background-image: url(&#039;\/wp-content\/uploads\/2024\/11\/Best-case-YGO-tournament-EN-2.jpg&#039;)\">\n\n\t\t\t\n\t\t\t\t\t<\/div>\n\t\t\t\t\t\t\t\t<\/div>\n\t\t\t\t\t\t\t\t\t\t\t<div class=\"swiper-slide\" role=\"group\" aria-roledescription=\"slide\">\n\t\t\t\t\t\t\t\t\t<div class=\"elementor-carousel-image\" role=\"img\" aria-label=\"Best-case-YGO-tournament-EN-3\" style=\"background-image: url(&#039;\/wp-content\/uploads\/2024\/11\/Best-case-YGO-tournament-EN-3.jpg&#039;)\">\n\n\t\t\t\n\t\t\t\t\t<\/div>\n\t\t\t\t\t\t\t\t<\/div>\n\t\t\t\t\t\t\t\t\t\t\t<div class=\"swiper-slide\" role=\"group\" aria-roledescription=\"slide\">\n\t\t\t\t\t\t\t\t\t<div class=\"elementor-carousel-image\" role=\"img\" aria-label=\"Best-case-YGO-tournament-EN-4\" style=\"background-image: url(&#039;\/wp-content\/uploads\/2024\/11\/Best-case-YGO-tournament-EN-4.jpg&#039;)\">\n\n\t\t\t\n\t\t\t\t\t<\/div>\n\t\t\t\t\t\t\t\t<\/div>\n\t\t\t\t\t\t\t\t\t<\/div>\n\t\t\t\t\t\t\t\t\t\t\t\t\t\t\t<div class=\"elementor-swiper-button elementor-swiper-button-prev\" role=\"button\" tabindex=\"0\" aria-label=\"Voriger\">\n\t\t\t\t\t\t\t<svg aria-hidden=\"true\" class=\"e-font-icon-svg e-eicon-chevron-left\" viewBox=\"0 0 1000 1000\" xmlns=\"http:\/\/www.w3.org\/2000\/svg\"><path d=\"M646 125C629 125 613 133 604 142L308 442C296 454 292 471 292 487 292 504 296 521 308 533L604 854C617 867 629 875 646 875 663 875 679 871 692 858 704 846 713 829 713 812 713 796 708 779 692 767L438 487 692 225C700 217 708 204 708 187 708 171 704 154 692 142 675 129 663 125 646 125Z\"><\/path><\/svg>\t\t\t\t\t\t<\/div>\n\t\t\t\t\t\t<div class=\"elementor-swiper-button elementor-swiper-button-next\" role=\"button\" tabindex=\"0\" aria-label=\"N\u00e4chster\">\n\t\t\t\t\t\t\t<svg aria-hidden=\"true\" class=\"e-font-icon-svg e-eicon-chevron-right\" viewBox=\"0 0 1000 1000\" xmlns=\"http:\/\/www.w3.org\/2000\/svg\"><path d=\"M696 533C708 521 713 504 713 487 713 471 708 454 696 446L400 146C388 133 375 125 354 125 338 125 325 129 313 142 300 154 292 171 292 187 292 204 296 221 308 233L563 492 304 771C292 783 288 800 288 817 288 833 296 850 308 863 321 871 338 875 354 875 371 875 388 867 400 854L696 533Z\"><\/path><\/svg>\t\t\t\t\t\t<\/div>\n\t\t\t\t\t\t\t\t\t\t\t\t\t\t\t\t<div class=\"swiper-pagination\"><\/div>\n\t\t\t\t\t\t\t\t\t\t\t\t<\/div>\n\t\t\t\t<\/div>\n\t\t\t\t\t\t\t\t<\/div>\n\t\t\t\t<\/div>\n\t\t\t\t\t<\/div>\n\t\t\t\t<\/div>\n\t\t<div class=\"elementor-element elementor-element-1e022ff2 e-flex e-con-boxed e-con e-parent\" data-id=\"1e022ff2\" data-element_type=\"container\" data-settings=\"{&quot;background_background&quot;:&quot;classic&quot;}\">\n\t\t\t\t\t<div class=\"e-con-inner\">\n\t\t\t\t<div class=\"elementor-element elementor-element-5a621762 elementor-widget elementor-widget-counter\" data-id=\"5a621762\" data-element_type=\"widget\" data-widget_type=\"counter.default\">\n\t\t\t\t<div class=\"elementor-widget-container\">\n\t\t\t\t\t\t\t<div class=\"elementor-counter\">\n\t\t\t<div class=\"elementor-counter-title\">Teilnehmer<\/div>\t\t\t<div class=\"elementor-counter-number-wrapper\">\n\t\t\t\t<span class=\"elementor-counter-number-prefix\"><\/span>\n\t\t\t\t<span class=\"elementor-counter-number\" data-duration=\"2000\" data-to-value=\"700\" data-from-value=\"0\" data-delimiter=\",\">0<\/span>\n\t\t\t\t<span class=\"elementor-counter-number-suffix\"><\/span>\n\t\t\t<\/div>\n\t\t<\/div>\n\t\t\t\t\t\t<\/div>\n\t\t\t\t<\/div>\n\t\t\t\t<div class=\"elementor-element elementor-element-1e8f04b4 elementor-widget elementor-widget-counter\" data-id=\"1e8f04b4\" data-element_type=\"widget\" data-widget_type=\"counter.default\">\n\t\t\t\t<div class=\"elementor-widget-container\">\n\t\t\t\t\t\t\t<div class=\"elementor-counter\">\n\t\t\t<div class=\"elementor-counter-title\">generierte Views<\/div>\t\t\t<div class=\"elementor-counter-number-wrapper\">\n\t\t\t\t<span class=\"elementor-counter-number-prefix\">+<\/span>\n\t\t\t\t<span class=\"elementor-counter-number\" data-duration=\"2000\" data-to-value=\"500\" data-from-value=\"0\" data-delimiter=\",\">0<\/span>\n\t\t\t\t<span class=\"elementor-counter-number-suffix\">k<\/span>\n\t\t\t<\/div>\n\t\t<\/div>\n\t\t\t\t\t\t<\/div>\n\t\t\t\t<\/div>\n\t\t\t\t\t<\/div>\n\t\t\t\t<\/div>\n\t\t<div class=\"elementor-element elementor-element-42fca994 e-flex e-con-boxed e-con e-parent\" data-id=\"42fca994\" data-element_type=\"container\">\n\t\t\t\t\t<div class=\"e-con-inner\">\n\t\t<div class=\"elementor-element elementor-element-5dfb4c97 e-con-full e-transform e-flex e-con e-child\" data-id=\"5dfb4c97\" data-element_type=\"container\" data-settings=\"{&quot;background_background&quot;:&quot;classic&quot;,&quot;_transform_translateY_effect&quot;:{&quot;unit&quot;:&quot;px&quot;,&quot;size&quot;:20,&quot;sizes&quot;:[]},&quot;_transform_translateX_effect&quot;:{&quot;unit&quot;:&quot;px&quot;,&quot;size&quot;:&quot;&quot;,&quot;sizes&quot;:[]},&quot;_transform_translateX_effect_tablet&quot;:{&quot;unit&quot;:&quot;px&quot;,&quot;size&quot;:&quot;&quot;,&quot;sizes&quot;:[]},&quot;_transform_translateX_effect_mobile&quot;:{&quot;unit&quot;:&quot;px&quot;,&quot;size&quot;:&quot;&quot;,&quot;sizes&quot;:[]},&quot;_transform_translateY_effect_tablet&quot;:{&quot;unit&quot;:&quot;px&quot;,&quot;size&quot;:&quot;&quot;,&quot;sizes&quot;:[]},&quot;_transform_translateY_effect_mobile&quot;:{&quot;unit&quot;:&quot;px&quot;,&quot;size&quot;:&quot;&quot;,&quot;sizes&quot;:[]}}\">\n\t\t\t\t<div class=\"elementor-element elementor-element-7abf47af elementor-widget elementor-widget-heading\" data-id=\"7abf47af\" data-element_type=\"widget\" data-widget_type=\"heading.default\">\n\t\t\t\t<div class=\"elementor-widget-container\">\n\t\t\t\t\t<h2 class=\"elementor-heading-title elementor-size-default\">Organisation des Yu-Gi-Oh! Master Duel Shadow Duelist-Turniers\n<\/h2>\t\t\t\t<\/div>\n\t\t\t\t<\/div>\n\t\t\t\t<\/div>\n\t\t<div class=\"elementor-element elementor-element-7d0d7b3c e-con-full e-flex e-con e-child\" data-id=\"7d0d7b3c\" data-element_type=\"container\">\n\t\t\t\t<div class=\"elementor-element elementor-element-6e1b7126 elementor-widget elementor-widget-heading\" data-id=\"6e1b7126\" data-element_type=\"widget\" data-widget_type=\"heading.default\">\n\t\t\t\t<div class=\"elementor-widget-container\">\n\t\t\t\t\t<h3 class=\"elementor-heading-title elementor-size-default\">\u00dcber das Event:\n<\/h3>\t\t\t\t<\/div>\n\t\t\t\t<\/div>\n\t\t\t\t<div class=\"elementor-element elementor-element-6f8ea15c elementor-widget elementor-widget-text-editor\" data-id=\"6f8ea15c\" data-element_type=\"widget\" data-widget_type=\"text-editor.default\">\n\t\t\t\t<div class=\"elementor-widget-container\">\n\t\t\t\t\t\t\t\t\t<p><span style=\"font-weight: 400;\">Das Yu-Gi-Oh! Master Duel Shadow Duelist-Turnier wurde von Konami US organisiert und im Sommer 2024 live \u00fcbertragen. Ein einzigartiges Element dieses Turniers war die Teilnahme eines geheimen Spielers, der erst im Finale enth\u00fcllt wurde \u2013\u00a0 Zayn Malik, ehemaliges Mitglied von One Direction.<\/span><\/p>\t\t\t\t\t\t\t\t<\/div>\n\t\t\t\t<\/div>\n\t\t\t\t<div class=\"elementor-element elementor-element-19eeaf5c elementor-widget elementor-widget-heading\" data-id=\"19eeaf5c\" data-element_type=\"widget\" data-widget_type=\"heading.default\">\n\t\t\t\t<div class=\"elementor-widget-container\">\n\t\t\t\t\t<h3 class=\"elementor-heading-title elementor-size-default\">Unsere Aufgaben:\n<\/h3>\t\t\t\t<\/div>\n\t\t\t\t<\/div>\n\t\t\t\t<div class=\"elementor-element elementor-element-7879f57 elementor-widget elementor-widget-text-editor\" data-id=\"7879f57\" data-element_type=\"widget\" data-widget_type=\"text-editor.default\">\n\t\t\t\t<div class=\"elementor-widget-container\">\n\t\t\t\t\t\t\t\t\t<p><span style=\"font-weight: 400;\">Breakflip unterst\u00fctzte Konami US bei der Planung, Organisation und Durchf\u00fchrung des Turniers, das 700 Spieler anlockte. Mit unserem eigens entwickelten Turnier-Tool und unserem erfahrenen Team von Administratoren sorgten wir dabei f\u00fcr einen reibungslosen Ablauf.<\/span><\/p>\t\t\t\t\t\t\t\t<\/div>\n\t\t\t\t<\/div>\n\t\t\t\t<div class=\"elementor-element elementor-element-14ee2610 elementor-widget elementor-widget-heading\" data-id=\"14ee2610\" data-element_type=\"widget\" data-widget_type=\"heading.default\">\n\t\t\t\t<div class=\"elementor-widget-container\">\n\t\t\t\t\t<h3 class=\"elementor-heading-title elementor-size-default\">Wichtige Ergebnisse:\n<\/h3>\t\t\t\t<\/div>\n\t\t\t\t<\/div>\n\t\t\t\t<div class=\"elementor-element elementor-element-7e47ee59 elementor-widget elementor-widget-text-editor\" data-id=\"7e47ee59\" data-element_type=\"widget\" data-widget_type=\"text-editor.default\">\n\t\t\t\t<div class=\"elementor-widget-container\">\n\t\t\t\t\t\t\t\t\t<ul><li style=\"font-weight: 400;\" aria-level=\"1\"><span style=\"font-weight: 400;\">700 Teilnehmer<\/span><\/li><li style=\"font-weight: 400;\" aria-level=\"1\"><span style=\"font-weight: 400;\">\u00dcberraschungsgast: Zayn Malik<\/span><\/li><li style=\"font-weight: 400;\" aria-level=\"1\"><span style=\"font-weight: 400;\">Mehr als 500.000 Aufrufe erzielt<\/span><\/li><\/ul>\t\t\t\t\t\t\t\t<\/div>\n\t\t\t\t<\/div>\n\t\t\t\t<\/div>\n\t\t\t\t\t<\/div>\n\t\t\t\t<\/div>\n\t\t<div class=\"elementor-element elementor-element-757358ef e-flex e-con-boxed e-con e-parent\" data-id=\"757358ef\" data-element_type=\"container\" data-settings=\"{&quot;background_background&quot;:&quot;classic&quot;}\">\n\t\t\t\t\t<div class=\"e-con-inner\">\n\t\t\t\t<div class=\"elementor-element elementor-element-7a00cd2 elementor-widget elementor-widget-heading\" data-id=\"7a00cd2\" data-element_type=\"widget\" data-widget_type=\"heading.default\">\n\t\t\t\t<div class=\"elementor-widget-container\">\n\t\t\t\t\t<h2 class=\"elementor-heading-title elementor-size-default\">Sie m\u00f6chten mehr Sichtbarkeit ?\n<\/h2>\t\t\t\t<\/div>\n\t\t\t\t<\/div>\n\t\t\t\t<div class=\"elementor-element elementor-element-3de1d25 elementor-widget elementor-widget-text-editor\" data-id=\"3de1d25\" data-element_type=\"widget\" data-widget_type=\"text-editor.default\">\n\t\t\t\t<div class=\"elementor-widget-container\">\n\t\t\t\t\t\t\t\t\t<p><span style=\"font-weight: 400;\">Lassen Sie uns in einem Anruf dar\u00fcber sprechen.\u00a0<\/span><\/p>\t\t\t\t\t\t\t\t<\/div>\n\t\t\t\t<\/div>\n\t\t\t\t<div class=\"elementor-element elementor-element-7316b250 elementor-align-center elementor-widget elementor-widget-button\" data-id=\"7316b250\" data-element_type=\"widget\" data-widget_type=\"button.default\">\n\t\t\t\t<div class=\"elementor-widget-container\">\n\t\t\t\t\t\t\t\t\t<div class=\"elementor-button-wrapper\">\n\t\t\t\t\t<a class=\"elementor-button elementor-button-link elementor-size-sm\" href=\"https:\/\/agence.breakflip.com\/de\/contact\/\">\n\t\t\t\t\t\t<span class=\"elementor-button-content-wrapper\">\n\t\t\t\t\t\t<span class=\"elementor-button-icon\">\n\t\t\t\t<svg aria-hidden=\"true\" class=\"e-font-icon-svg e-far-envelope\" viewBox=\"0 0 512 512\" xmlns=\"http:\/\/www.w3.org\/2000\/svg\"><path d=\"M464 64H48C21.49 64 0 85.49 0 112v288c0 26.51 21.49 48 48 48h416c26.51 0 48-21.49 48-48V112c0-26.51-21.49-48-48-48zm0 48v40.805c-22.422 18.259-58.168 46.651-134.587 106.49-16.841 13.247-50.201 45.072-73.413 44.701-23.208.375-56.579-31.459-73.413-44.701C106.18 199.465 70.425 171.067 48 152.805V112h416zM48 400V214.398c22.914 18.251 55.409 43.862 104.938 82.646 21.857 17.205 60.134 55.186 103.062 54.955 42.717.231 80.509-37.199 103.053-54.947 49.528-38.783 82.032-64.401 104.947-82.653V400H48z\"><\/path><\/svg>\t\t\t<\/span>\n\t\t\t\t\t\t\t\t\t<span class=\"elementor-button-text\">Kontaktieren Sie uns!<\/span>\n\t\t\t\t\t<\/span>\n\t\t\t\t\t<\/a>\n\t\t\t\t<\/div>\n\t\t\t\t\t\t\t\t<\/div>\n\t\t\t\t<\/div>\n\t\t\t\t\t<\/div>\n\t\t\t\t<\/div>\n\t\t<div class=\"elementor-element elementor-element-f73282c e-flex e-con-boxed e-con e-parent\" data-id=\"f73282c\" data-element_type=\"container\">\n\t\t\t\t\t<div class=\"e-con-inner\">\n\t\t\t\t<div class=\"elementor-element elementor-element-70b6174 elementor-widget elementor-widget-video\" data-id=\"70b6174\" data-element_type=\"widget\" data-settings=\"{&quot;youtube_url&quot;:&quot;https:\\\/\\\/www.youtube.com\\\/watch?v=7ezGm-9RVtY&amp;t=4425s&quot;,&quot;start&quot;:4697,&quot;video_type&quot;:&quot;youtube&quot;,&quot;controls&quot;:&quot;yes&quot;}\" data-widget_type=\"video.default\">\n\t\t\t\t<div class=\"elementor-widget-container\">\n\t\t\t\t\t\t\t<div class=\"elementor-wrapper elementor-open-inline\">\n\t\t\t<div class=\"elementor-video\"><\/div>\t\t<\/div>\n\t\t\t\t\t\t<\/div>\n\t\t\t\t<\/div>\n\t\t\t\t\t<\/div>\n\t\t\t\t<\/div>\n\t\t<div class=\"elementor-element elementor-element-70d91c0f e-flex e-con-boxed e-con e-parent\" data-id=\"70d91c0f\" data-element_type=\"container\">\n\t\t\t\t\t<div class=\"e-con-inner\">\n\t\t\t\t<div class=\"elementor-element elementor-element-20e8bbe3 elementor-widget elementor-widget-spacer\" data-id=\"20e8bbe3\" data-element_type=\"widget\" data-widget_type=\"spacer.default\">\n\t\t\t\t<div class=\"elementor-widget-container\">\n\t\t\t\t\t\t\t<div class=\"elementor-spacer\">\n\t\t\t<div class=\"elementor-spacer-inner\"><\/div>\n\t\t<\/div>\n\t\t\t\t\t\t<\/div>\n\t\t\t\t<\/div>\n\t\t\t\t\t<\/div>\n\t\t\t\t<\/div>\n\t\t\t\t<\/div>\n\t\t","protected":false},"excerpt":{"rendered":"<p>Yu-Gi-Oh! Master Duel Shadow Duelist &#8211; Turnier Teilnehmer 0 generierte Views + 0 k Organisation des Yu-Gi-Oh! Master Duel Shadow Duelist-Turniers \u00dcber das Event: Das Yu-Gi-Oh! Master Duel Shadow Duelist-Turnier wurde von Konami US organisiert und im Sommer 2024 live \u00fcbertragen. Ein einzigartiges Element dieses Turniers war die Teilnahme eines geheimen Spielers, der erst im [&hellip;]<\/p>\n","protected":false},"author":1,"featured_media":0,"parent":2860,"menu_order":0,"comment_status":"closed","ping_status":"closed","template":"","meta":{"footnotes":""},"class_list":["post-3336","page","type-page","status-publish","hentry"],"yoast_head":"<!-- This site is optimized with the Yoast SEO plugin v26.6 - https:\/\/yoast.com\/wordpress\/plugins\/seo\/ -->\n<title>Fallbeispiel: Yu-Gi-Oh! Master Duel Shadow Duelist - Turnier - Breakflip Agency<\/title>\n<meta name=\"description\" content=\"Entdecken Sie, wie wir Konami bei der Organisation des Yu-Gi-Oh! Master Duel Shadow Duelist Turniers unterst\u00fctzt haben.\" \/>\n<meta name=\"robots\" content=\"index, follow, max-snippet:-1, max-image-preview:large, max-video-preview:-1\" \/>\n<link rel=\"canonical\" href=\"https:\/\/agence.breakflip.com\/de\/unsere-projekte\/fallbeispiel-yu-gi-oh-master-duel-shadow-duelist-turnier\/\" \/>\n<meta property=\"og:locale\" content=\"de_DE\" \/>\n<meta property=\"og:type\" content=\"article\" \/>\n<meta property=\"og:title\" content=\"Fallbeispiel: Yu-Gi-Oh! Master Duel Shadow Duelist - Turnier - Breakflip Agency\" \/>\n<meta property=\"og:description\" content=\"Entdecken Sie, wie wir Konami bei der Organisation des Yu-Gi-Oh! Master Duel Shadow Duelist Turniers unterst\u00fctzt haben.\" \/>\n<meta property=\"og:url\" content=\"https:\/\/agence.breakflip.com\/de\/unsere-projekte\/fallbeispiel-yu-gi-oh-master-duel-shadow-duelist-turnier\/\" \/>\n<meta property=\"og:site_name\" content=\"Breakflip Agency\" \/>\n<meta property=\"article:modified_time\" content=\"2025-02-21T13:38:56+00:00\" \/>\n<meta name=\"twitter:card\" content=\"summary_large_image\" \/>\n<meta name=\"twitter:site\" content=\"@BreakflipFR\" \/>\n<meta name=\"twitter:label1\" content=\"Gesch\u00e4tzte Lesezeit\" \/>\n\t<meta name=\"twitter:data1\" content=\"1\u00a0Minute\" \/>\n<script type=\"application\/ld+json\" class=\"yoast-schema-graph\">{\"@context\":\"https:\/\/schema.org\",\"@graph\":[{\"@type\":\"WebPage\",\"@id\":\"https:\/\/agence.breakflip.com\/de\/unsere-projekte\/fallbeispiel-yu-gi-oh-master-duel-shadow-duelist-turnier\/\",\"url\":\"https:\/\/agence.breakflip.com\/de\/unsere-projekte\/fallbeispiel-yu-gi-oh-master-duel-shadow-duelist-turnier\/\",\"name\":\"Fallbeispiel: Yu-Gi-Oh! Master Duel Shadow Duelist - Turnier - Breakflip Agency\",\"isPartOf\":{\"@id\":\"https:\/\/agence.breakflip.com\/de\/#website\"},\"datePublished\":\"2024-10-18T13:31:44+00:00\",\"dateModified\":\"2025-02-21T13:38:56+00:00\",\"description\":\"Entdecken Sie, wie wir Konami bei der Organisation des Yu-Gi-Oh! Master Duel Shadow Duelist Turniers unterst\u00fctzt haben.\",\"breadcrumb\":{\"@id\":\"https:\/\/agence.breakflip.com\/de\/unsere-projekte\/fallbeispiel-yu-gi-oh-master-duel-shadow-duelist-turnier\/#breadcrumb\"},\"inLanguage\":\"de\",\"potentialAction\":[{\"@type\":\"ReadAction\",\"target\":[\"https:\/\/agence.breakflip.com\/de\/unsere-projekte\/fallbeispiel-yu-gi-oh-master-duel-shadow-duelist-turnier\/\"]}]},{\"@type\":\"BreadcrumbList\",\"@id\":\"https:\/\/agence.breakflip.com\/de\/unsere-projekte\/fallbeispiel-yu-gi-oh-master-duel-shadow-duelist-turnier\/#breadcrumb\",\"itemListElement\":[{\"@type\":\"ListItem\",\"position\":1,\"name\":\"Accueil\",\"item\":\"https:\/\/agence.breakflip.com\/de\/\"},{\"@type\":\"ListItem\",\"position\":2,\"name\":\"Unsere Projekte\",\"item\":\"https:\/\/agence.breakflip.com\/de\/unsere-projekte\/\"},{\"@type\":\"ListItem\",\"position\":3,\"name\":\"Fallbeispiel: Yu-Gi-Oh! Master Duel Shadow Duelist &#8211; Turnier\"}]},{\"@type\":\"WebSite\",\"@id\":\"https:\/\/agence.breakflip.com\/de\/#website\",\"url\":\"https:\/\/agence.breakflip.com\/de\/\",\"name\":\"Breakflip Agency\",\"description\":\"D\u00e9couvrez le travail de l&#039;agence Breakflip et faite lui confiance dans l&#039;\u00e9laboration de vos projets marketing, communication et \u00e9v\u00e8nementiel.\",\"publisher\":{\"@id\":\"https:\/\/agence.breakflip.com\/de\/#organization\"},\"potentialAction\":[{\"@type\":\"SearchAction\",\"target\":{\"@type\":\"EntryPoint\",\"urlTemplate\":\"https:\/\/agence.breakflip.com\/de\/?s={search_term_string}\"},\"query-input\":{\"@type\":\"PropertyValueSpecification\",\"valueRequired\":true,\"valueName\":\"search_term_string\"}}],\"inLanguage\":\"de\"},{\"@type\":\"Organization\",\"@id\":\"https:\/\/agence.breakflip.com\/de\/#organization\",\"name\":\"Breakflip Agency\",\"url\":\"https:\/\/agence.breakflip.com\/de\/\",\"logo\":{\"@type\":\"ImageObject\",\"inLanguage\":\"de\",\"@id\":\"https:\/\/agence.breakflip.com\/de\/#\/schema\/logo\/image\/\",\"url\":\"\/wp-content\/uploads\/2024\/07\/Logo-Breakflip-site-300px-100px-1.png\",\"contentUrl\":\"\/wp-content\/uploads\/2024\/07\/Logo-Breakflip-site-300px-100px-1.png\",\"width\":350,\"height\":100,\"caption\":\"Breakflip Agency\"},\"image\":{\"@id\":\"https:\/\/agence.breakflip.com\/de\/#\/schema\/logo\/image\/\"},\"sameAs\":[\"https:\/\/x.com\/BreakflipFR\",\"https:\/\/www.tiktok.com\/@breakflip\",\"https:\/\/www.instagram.com\/breakflip\/?hl=fr\",\"https:\/\/www.linkedin.com\/company\/breakflip\/\"]}]}<\/script>\n<!-- \/ Yoast SEO plugin. -->","yoast_head_json":{"title":"Fallbeispiel: Yu-Gi-Oh! Master Duel Shadow Duelist - Turnier - Breakflip Agency","description":"Entdecken Sie, wie wir Konami bei der Organisation des Yu-Gi-Oh! Master Duel Shadow Duelist Turniers unterst\u00fctzt haben.","robots":{"index":"index","follow":"follow","max-snippet":"max-snippet:-1","max-image-preview":"max-image-preview:large","max-video-preview":"max-video-preview:-1"},"canonical":"https:\/\/agence.breakflip.com\/de\/unsere-projekte\/fallbeispiel-yu-gi-oh-master-duel-shadow-duelist-turnier\/","og_locale":"de_DE","og_type":"article","og_title":"Fallbeispiel: Yu-Gi-Oh! Master Duel Shadow Duelist - Turnier - Breakflip Agency","og_description":"Entdecken Sie, wie wir Konami bei der Organisation des Yu-Gi-Oh! Master Duel Shadow Duelist Turniers unterst\u00fctzt haben.","og_url":"https:\/\/agence.breakflip.com\/de\/unsere-projekte\/fallbeispiel-yu-gi-oh-master-duel-shadow-duelist-turnier\/","og_site_name":"Breakflip Agency","article_modified_time":"2025-02-21T13:38:56+00:00","twitter_card":"summary_large_image","twitter_site":"@BreakflipFR","twitter_misc":{"Gesch\u00e4tzte Lesezeit":"1\u00a0Minute"},"schema":{"@context":"https:\/\/schema.org","@graph":[{"@type":"WebPage","@id":"https:\/\/agence.breakflip.com\/de\/unsere-projekte\/fallbeispiel-yu-gi-oh-master-duel-shadow-duelist-turnier\/","url":"https:\/\/agence.breakflip.com\/de\/unsere-projekte\/fallbeispiel-yu-gi-oh-master-duel-shadow-duelist-turnier\/","name":"Fallbeispiel: Yu-Gi-Oh! Master Duel Shadow Duelist - Turnier - Breakflip Agency","isPartOf":{"@id":"https:\/\/agence.breakflip.com\/de\/#website"},"datePublished":"2024-10-18T13:31:44+00:00","dateModified":"2025-02-21T13:38:56+00:00","description":"Entdecken Sie, wie wir Konami bei der Organisation des Yu-Gi-Oh! Master Duel Shadow Duelist Turniers unterst\u00fctzt haben.","breadcrumb":{"@id":"https:\/\/agence.breakflip.com\/de\/unsere-projekte\/fallbeispiel-yu-gi-oh-master-duel-shadow-duelist-turnier\/#breadcrumb"},"inLanguage":"de","potentialAction":[{"@type":"ReadAction","target":["https:\/\/agence.breakflip.com\/de\/unsere-projekte\/fallbeispiel-yu-gi-oh-master-duel-shadow-duelist-turnier\/"]}]},{"@type":"BreadcrumbList","@id":"https:\/\/agence.breakflip.com\/de\/unsere-projekte\/fallbeispiel-yu-gi-oh-master-duel-shadow-duelist-turnier\/#breadcrumb","itemListElement":[{"@type":"ListItem","position":1,"name":"Accueil","item":"https:\/\/agence.breakflip.com\/de\/"},{"@type":"ListItem","position":2,"name":"Unsere Projekte","item":"https:\/\/agence.breakflip.com\/de\/unsere-projekte\/"},{"@type":"ListItem","position":3,"name":"Fallbeispiel: Yu-Gi-Oh! Master Duel Shadow Duelist &#8211; Turnier"}]},{"@type":"WebSite","@id":"https:\/\/agence.breakflip.com\/de\/#website","url":"https:\/\/agence.breakflip.com\/de\/","name":"Breakflip Agency","description":"D\u00e9couvrez le travail de l&#039;agence Breakflip et faite lui confiance dans l&#039;\u00e9laboration de vos projets marketing, communication et \u00e9v\u00e8nementiel.","publisher":{"@id":"https:\/\/agence.breakflip.com\/de\/#organization"},"potentialAction":[{"@type":"SearchAction","target":{"@type":"EntryPoint","urlTemplate":"https:\/\/agence.breakflip.com\/de\/?s={search_term_string}"},"query-input":{"@type":"PropertyValueSpecification","valueRequired":true,"valueName":"search_term_string"}}],"inLanguage":"de"},{"@type":"Organization","@id":"https:\/\/agence.breakflip.com\/de\/#organization","name":"Breakflip Agency","url":"https:\/\/agence.breakflip.com\/de\/","logo":{"@type":"ImageObject","inLanguage":"de","@id":"https:\/\/agence.breakflip.com\/de\/#\/schema\/logo\/image\/","url":"\/wp-content\/uploads\/2024\/07\/Logo-Breakflip-site-300px-100px-1.png","contentUrl":"\/wp-content\/uploads\/2024\/07\/Logo-Breakflip-site-300px-100px-1.png","width":350,"height":100,"caption":"Breakflip Agency"},"image":{"@id":"https:\/\/agence.breakflip.com\/de\/#\/schema\/logo\/image\/"},"sameAs":["https:\/\/x.com\/BreakflipFR","https:\/\/www.tiktok.com\/@breakflip","https:\/\/www.instagram.com\/breakflip\/?hl=fr","https:\/\/www.linkedin.com\/company\/breakflip\/"]}]}},"_links":{"self":[{"href":"https:\/\/agence.breakflip.com\/de\/wp-json\/wp\/v2\/pages\/3336","targetHints":{"allow":["GET"]}}],"collection":[{"href":"https:\/\/agence.breakflip.com\/de\/wp-json\/wp\/v2\/pages"}],"about":[{"href":"https:\/\/agence.breakflip.com\/de\/wp-json\/wp\/v2\/types\/page"}],"author":[{"embeddable":true,"href":"https:\/\/agence.breakflip.com\/de\/wp-json\/wp\/v2\/users\/1"}],"replies":[{"embeddable":true,"href":"https:\/\/agence.breakflip.com\/de\/wp-json\/wp\/v2\/comments?post=3336"}],"version-history":[{"count":10,"href":"https:\/\/agence.breakflip.com\/de\/wp-json\/wp\/v2\/pages\/3336\/revisions"}],"predecessor-version":[{"id":3441,"href":"https:\/\/agence.breakflip.com\/de\/wp-json\/wp\/v2\/pages\/3336\/revisions\/3441"}],"up":[{"embeddable":true,"href":"https:\/\/agence.breakflip.com\/de\/wp-json\/wp\/v2\/pages\/2860"}],"wp:attachment":[{"href":"https:\/\/agence.breakflip.com\/de\/wp-json\/wp\/v2\/media?parent=3336"}],"curies":[{"name":"wp","href":"https:\/\/api.w.org\/{rel}","templated":true}]}}