{"id":2875,"date":"2024-07-08T04:48:52","date_gmt":"2024-07-08T02:48:52","guid":{"rendered":"https:\/\/agence.breakflip.com\/?page_id=2875"},"modified":"2025-02-19T09:51:23","modified_gmt":"2025-02-19T08:51:23","slug":"datenschutzerklaerung","status":"publish","type":"page","link":"https:\/\/agence.breakflip.com\/de\/datenschutzerklaerung\/","title":{"rendered":"Datenschutzerkl\u00e4rung"},"content":{"rendered":"\t\t<div data-elementor-type=\"wp-page\" data-elementor-id=\"2875\" class=\"elementor elementor-2875\" data-elementor-post-type=\"page\">\n\t\t\t\t<div class=\"elementor-element elementor-element-7720f1a3 e-flex e-con-boxed e-con e-parent\" data-id=\"7720f1a3\" data-element_type=\"container\">\n\t\t\t\t\t<div class=\"e-con-inner\">\n\t\t\t\t<div class=\"elementor-element elementor-element-fcb550a elementor-widget elementor-widget-heading\" data-id=\"fcb550a\" data-element_type=\"widget\" data-widget_type=\"heading.default\">\n\t\t\t\t<div class=\"elementor-widget-container\">\n\t\t\t\t\t<h1 class=\"elementor-heading-title elementor-size-default\">Datenschutzerkl\u00e4rung\n<\/h1>\t\t\t\t<\/div>\n\t\t\t\t<\/div>\n\t\t\t\t<div class=\"elementor-element elementor-element-1bf2cae0 elementor-widget elementor-widget-text-editor\" data-id=\"1bf2cae0\" data-element_type=\"widget\" data-widget_type=\"text-editor.default\">\n\t\t\t\t<div class=\"elementor-widget-container\">\n\t\t\t\t\t\t\t\t\t<p class=\"wp-block-heading\"><span style=\"font-weight: 400;\">Wir legen gro\u00dfen Wert auf die Vertraulichkeit und Sicherheit der pers\u00f6nlichen Daten unserer Nutzer. In dieser Datenschutzerkl\u00e4rung wird erl\u00e4utert, wie wir die Informationen, die Sie uns beim Besuch unserer Website zur Verf\u00fcgung stellen, erfassen, verwenden und sch\u00fctzen. Wir verpflichten uns hiermit, Ihre Datenschutzrechte zu respektieren und Ihre Daten in \u00dcbereinstimmung mit den geltenden Datenschutzgesetzen zu sch\u00fctzen.<\/span><\/p><h2>Erfassung und Verwendung pers\u00f6nlicher Daten<\/h2><p><span style=\"font-weight: 400;\">Wenn Sie unsere Website besuchen, erfassen wir nur Ihre IP-Adresse. Wir verpflichten uns, ohne Ihre vorherige Zustimmung keine weiteren pers\u00f6nlichen Daten zu sammeln.<\/span><\/p><p><span style=\"font-weight: 400;\">Die IP-Adresse wird zu Sicherheitszwecken und zur \u00dcberwachung der Aktivit\u00e4ten auf unserer Website erfasst. Sie erm\u00f6glicht es uns, Betrugsversuche oder verd\u00e4chtige Aktivit\u00e4ten zu erkennen. Diese Daten werden nur f\u00fcr einen begrenzten Zeitraum gespeichert und ebenfalls nicht f\u00fcr Marketingzwecke verwendet.<\/span><\/p><h2>Schutz und Weitergabe von Informationen<\/h2><p><span style=\"font-weight: 400;\">Wir ergreifen technische und organisatorische Ma\u00dfnahmen, um die Sicherheit Ihrer pers\u00f6nlichen Daten zu gew\u00e4hrleisten und eine unbefugte Nutzung, einen Verlust oder eine Ver\u00f6ffentlichung zu verhindern. Ihre Daten werden auf sicheren Servern gespeichert und sind nur f\u00fcr eine begrenzte Anzahl von autorisierten Personen zug\u00e4nglich, die den Zugang ben\u00f6tigen, um ihre Aufgaben durchzuf\u00fchren.<\/span><\/p><p><span style=\"font-weight: 400;\">Wir verkaufen, vermieten oder geben Ihre pers\u00f6nlichen Daten nicht an Dritte f\u00fcr kommerzielle Zwecke weiter, es sei denn, wir haben vorher Ihr Einverst\u00e4ndnis eingeholt oder sind gesetzlich dazu verpflichtet.<\/span><\/p><h2>Cookies<\/h2><p class=\"wp-block-heading\"><span style=\"font-weight: 400;\">Wir verwenden Cookies auf unserer Website, um Ihre Nutzererfahrung zu verbessern und unsere Dienste zu optimieren. Cookies sind Textdateien, die auf Ihrem Computer gespeichert werden, wenn Sie unsere Website besuchen. Sie haben die M\u00f6glichkeit, Cookies in Ihren Browser-Einstellungen zu deaktivieren. Bitte beachten Sie jedoch, dass dadurch einige Funktionen unserer Website eingeschr\u00e4nkt sein k\u00f6nnen.<\/span><\/p><h2>Links zu Websites von Drittanbietern<\/h2><p class=\"wp-block-heading\"><span style=\"font-weight: 400;\">Unsere Website kann Links zu Websites Dritter enthalten, f\u00fcr die diese Datenschutzrichtlinie nicht gilt. Wir empfehlen Ihnen, die Datenschutzrichtlinien dieser Websites zu lesen, bevor Sie Ihre pers\u00f6nlichen Daten angeben.<\/span><\/p><h2 class=\"wp-block-heading\"><strong>Ihre Rechte<\/strong><\/h2><p class=\"wp-block-heading\"><span style=\"font-weight: 400;\">Sie haben das Recht, auf Ihre bei uns gespeicherten personenbezogenen Daten zuzugreifen, sie zu korrigieren, zu aktualisieren oder zu l\u00f6schen. Um diese Rechte auszu\u00fcben, kontaktieren Sie uns bitte unter der unten angegebenen Adresse.<\/span><\/p><h2>Kontakt<\/h2><p><span style=\"font-weight: 400;\">Wenn Sie Fragen, Bedenken oder W\u00fcnsche bez\u00fcglich dieser Datenschutzrichtlinie haben, k\u00f6nnen Sie uns unter folgender Adresse kontaktieren:<\/span><\/p><p><span style=\"font-weight: 400;\">contact@breakflip.com<\/span><\/p><p><span style=\"font-weight: 400;\">Wir behalten uns das Recht vor, diese Datenschutzrichtlinie jederzeit \u00e4ndern zu k\u00f6nnen. Wir empfehlen Ihnen daher, sie regelm\u00e4\u00dfig zu lesen, um \u00fcber etwaige Aktualisierungen informiert zu sein.<\/span><\/p>\t\t\t\t\t\t\t\t<\/div>\n\t\t\t\t<\/div>\n\t\t\t\t\t<\/div>\n\t\t\t\t<\/div>\n\t\t\t\t<\/div>\n\t\t","protected":false},"excerpt":{"rendered":"<p>Datenschutzerkl\u00e4rung Wir legen gro\u00dfen Wert auf die Vertraulichkeit und Sicherheit der pers\u00f6nlichen Daten unserer Nutzer. In dieser Datenschutzerkl\u00e4rung wird erl\u00e4utert, wie wir die Informationen, die Sie uns beim Besuch unserer Website zur Verf\u00fcgung stellen, erfassen, verwenden und sch\u00fctzen. Wir verpflichten uns hiermit, Ihre Datenschutzrechte zu respektieren und Ihre Daten in \u00dcbereinstimmung mit den geltenden Datenschutzgesetzen [&hellip;]<\/p>\n","protected":false},"author":1,"featured_media":0,"parent":0,"menu_order":0,"comment_status":"closed","ping_status":"open","template":"","meta":{"footnotes":""},"class_list":["post-2875","page","type-page","status-publish","hentry"],"yoast_head":"<!-- This site is optimized with the Yoast SEO plugin v26.6 - https:\/\/yoast.com\/wordpress\/plugins\/seo\/ -->\n<title>Datenschutzerkl\u00e4rung - Breakflip Agency<\/title>\n<meta name=\"robots\" content=\"index, follow, max-snippet:-1, max-image-preview:large, max-video-preview:-1\" \/>\n<link rel=\"canonical\" href=\"https:\/\/agence.breakflip.com\/de\/datenschutzerklaerung\/\" \/>\n<meta property=\"og:locale\" content=\"de_DE\" \/>\n<meta property=\"og:type\" content=\"article\" \/>\n<meta property=\"og:title\" content=\"Datenschutzerkl\u00e4rung - Breakflip Agency\" \/>\n<meta property=\"og:description\" content=\"Datenschutzerkl\u00e4rung Wir legen gro\u00dfen Wert auf die Vertraulichkeit und Sicherheit der pers\u00f6nlichen Daten unserer Nutzer. In dieser Datenschutzerkl\u00e4rung wird erl\u00e4utert, wie wir die Informationen, die Sie uns beim Besuch unserer Website zur Verf\u00fcgung stellen, erfassen, verwenden und sch\u00fctzen. Wir verpflichten uns hiermit, Ihre Datenschutzrechte zu respektieren und Ihre Daten in \u00dcbereinstimmung mit den geltenden Datenschutzgesetzen [&hellip;]\" \/>\n<meta property=\"og:url\" content=\"https:\/\/agence.breakflip.com\/de\/datenschutzerklaerung\/\" \/>\n<meta property=\"og:site_name\" content=\"Breakflip Agency\" \/>\n<meta property=\"article:modified_time\" content=\"2025-02-19T08:51:23+00:00\" \/>\n<meta name=\"twitter:card\" content=\"summary_large_image\" \/>\n<meta name=\"twitter:site\" content=\"@BreakflipFR\" \/>\n<meta name=\"twitter:label1\" content=\"Gesch\u00e4tzte Lesezeit\" \/>\n\t<meta name=\"twitter:data1\" content=\"2\u00a0Minuten\" \/>\n<script type=\"application\/ld+json\" class=\"yoast-schema-graph\">{\"@context\":\"https:\/\/schema.org\",\"@graph\":[{\"@type\":\"WebPage\",\"@id\":\"https:\/\/agence.breakflip.com\/de\/datenschutzerklaerung\/\",\"url\":\"https:\/\/agence.breakflip.com\/de\/datenschutzerklaerung\/\",\"name\":\"Datenschutzerkl\u00e4rung - Breakflip Agency\",\"isPartOf\":{\"@id\":\"https:\/\/agence.breakflip.com\/de\/#website\"},\"datePublished\":\"2024-07-08T02:48:52+00:00\",\"dateModified\":\"2025-02-19T08:51:23+00:00\",\"breadcrumb\":{\"@id\":\"https:\/\/agence.breakflip.com\/de\/datenschutzerklaerung\/#breadcrumb\"},\"inLanguage\":\"de\",\"potentialAction\":[{\"@type\":\"ReadAction\",\"target\":[\"https:\/\/agence.breakflip.com\/de\/datenschutzerklaerung\/\"]}]},{\"@type\":\"BreadcrumbList\",\"@id\":\"https:\/\/agence.breakflip.com\/de\/datenschutzerklaerung\/#breadcrumb\",\"itemListElement\":[{\"@type\":\"ListItem\",\"position\":1,\"name\":\"Accueil\",\"item\":\"https:\/\/agence.breakflip.com\/de\/\"},{\"@type\":\"ListItem\",\"position\":2,\"name\":\"Datenschutzerkl\u00e4rung\"}]},{\"@type\":\"WebSite\",\"@id\":\"https:\/\/agence.breakflip.com\/de\/#website\",\"url\":\"https:\/\/agence.breakflip.com\/de\/\",\"name\":\"Breakflip Agency\",\"description\":\"D\u00e9couvrez le travail de l&#039;agence Breakflip et faite lui confiance dans l&#039;\u00e9laboration de vos projets marketing, communication et \u00e9v\u00e8nementiel.\",\"publisher\":{\"@id\":\"https:\/\/agence.breakflip.com\/de\/#organization\"},\"potentialAction\":[{\"@type\":\"SearchAction\",\"target\":{\"@type\":\"EntryPoint\",\"urlTemplate\":\"https:\/\/agence.breakflip.com\/de\/?s={search_term_string}\"},\"query-input\":{\"@type\":\"PropertyValueSpecification\",\"valueRequired\":true,\"valueName\":\"search_term_string\"}}],\"inLanguage\":\"de\"},{\"@type\":\"Organization\",\"@id\":\"https:\/\/agence.breakflip.com\/de\/#organization\",\"name\":\"Breakflip Agency\",\"url\":\"https:\/\/agence.breakflip.com\/de\/\",\"logo\":{\"@type\":\"ImageObject\",\"inLanguage\":\"de\",\"@id\":\"https:\/\/agence.breakflip.com\/de\/#\/schema\/logo\/image\/\",\"url\":\"\/wp-content\/uploads\/2024\/07\/Logo-Breakflip-site-300px-100px-1.png\",\"contentUrl\":\"\/wp-content\/uploads\/2024\/07\/Logo-Breakflip-site-300px-100px-1.png\",\"width\":350,\"height\":100,\"caption\":\"Breakflip Agency\"},\"image\":{\"@id\":\"https:\/\/agence.breakflip.com\/de\/#\/schema\/logo\/image\/\"},\"sameAs\":[\"https:\/\/x.com\/BreakflipFR\",\"https:\/\/www.tiktok.com\/@breakflip\",\"https:\/\/www.instagram.com\/breakflip\/?hl=fr\",\"https:\/\/www.linkedin.com\/company\/breakflip\/\"]}]}<\/script>\n<!-- \/ Yoast SEO plugin. -->","yoast_head_json":{"title":"Datenschutzerkl\u00e4rung - Breakflip Agency","robots":{"index":"index","follow":"follow","max-snippet":"max-snippet:-1","max-image-preview":"max-image-preview:large","max-video-preview":"max-video-preview:-1"},"canonical":"https:\/\/agence.breakflip.com\/de\/datenschutzerklaerung\/","og_locale":"de_DE","og_type":"article","og_title":"Datenschutzerkl\u00e4rung - Breakflip Agency","og_description":"Datenschutzerkl\u00e4rung Wir legen gro\u00dfen Wert auf die Vertraulichkeit und Sicherheit der pers\u00f6nlichen Daten unserer Nutzer. In dieser Datenschutzerkl\u00e4rung wird erl\u00e4utert, wie wir die Informationen, die Sie uns beim Besuch unserer Website zur Verf\u00fcgung stellen, erfassen, verwenden und sch\u00fctzen. Wir verpflichten uns hiermit, Ihre Datenschutzrechte zu respektieren und Ihre Daten in \u00dcbereinstimmung mit den geltenden Datenschutzgesetzen [&hellip;]","og_url":"https:\/\/agence.breakflip.com\/de\/datenschutzerklaerung\/","og_site_name":"Breakflip Agency","article_modified_time":"2025-02-19T08:51:23+00:00","twitter_card":"summary_large_image","twitter_site":"@BreakflipFR","twitter_misc":{"Gesch\u00e4tzte Lesezeit":"2\u00a0Minuten"},"schema":{"@context":"https:\/\/schema.org","@graph":[{"@type":"WebPage","@id":"https:\/\/agence.breakflip.com\/de\/datenschutzerklaerung\/","url":"https:\/\/agence.breakflip.com\/de\/datenschutzerklaerung\/","name":"Datenschutzerkl\u00e4rung - Breakflip Agency","isPartOf":{"@id":"https:\/\/agence.breakflip.com\/de\/#website"},"datePublished":"2024-07-08T02:48:52+00:00","dateModified":"2025-02-19T08:51:23+00:00","breadcrumb":{"@id":"https:\/\/agence.breakflip.com\/de\/datenschutzerklaerung\/#breadcrumb"},"inLanguage":"de","potentialAction":[{"@type":"ReadAction","target":["https:\/\/agence.breakflip.com\/de\/datenschutzerklaerung\/"]}]},{"@type":"BreadcrumbList","@id":"https:\/\/agence.breakflip.com\/de\/datenschutzerklaerung\/#breadcrumb","itemListElement":[{"@type":"ListItem","position":1,"name":"Accueil","item":"https:\/\/agence.breakflip.com\/de\/"},{"@type":"ListItem","position":2,"name":"Datenschutzerkl\u00e4rung"}]},{"@type":"WebSite","@id":"https:\/\/agence.breakflip.com\/de\/#website","url":"https:\/\/agence.breakflip.com\/de\/","name":"Breakflip Agency","description":"D\u00e9couvrez le travail de l&#039;agence Breakflip et faite lui confiance dans l&#039;\u00e9laboration de vos projets marketing, communication et \u00e9v\u00e8nementiel.","publisher":{"@id":"https:\/\/agence.breakflip.com\/de\/#organization"},"potentialAction":[{"@type":"SearchAction","target":{"@type":"EntryPoint","urlTemplate":"https:\/\/agence.breakflip.com\/de\/?s={search_term_string}"},"query-input":{"@type":"PropertyValueSpecification","valueRequired":true,"valueName":"search_term_string"}}],"inLanguage":"de"},{"@type":"Organization","@id":"https:\/\/agence.breakflip.com\/de\/#organization","name":"Breakflip Agency","url":"https:\/\/agence.breakflip.com\/de\/","logo":{"@type":"ImageObject","inLanguage":"de","@id":"https:\/\/agence.breakflip.com\/de\/#\/schema\/logo\/image\/","url":"\/wp-content\/uploads\/2024\/07\/Logo-Breakflip-site-300px-100px-1.png","contentUrl":"\/wp-content\/uploads\/2024\/07\/Logo-Breakflip-site-300px-100px-1.png","width":350,"height":100,"caption":"Breakflip Agency"},"image":{"@id":"https:\/\/agence.breakflip.com\/de\/#\/schema\/logo\/image\/"},"sameAs":["https:\/\/x.com\/BreakflipFR","https:\/\/www.tiktok.com\/@breakflip","https:\/\/www.instagram.com\/breakflip\/?hl=fr","https:\/\/www.linkedin.com\/company\/breakflip\/"]}]}},"_links":{"self":[{"href":"https:\/\/agence.breakflip.com\/de\/wp-json\/wp\/v2\/pages\/2875","targetHints":{"allow":["GET"]}}],"collection":[{"href":"https:\/\/agence.breakflip.com\/de\/wp-json\/wp\/v2\/pages"}],"about":[{"href":"https:\/\/agence.breakflip.com\/de\/wp-json\/wp\/v2\/types\/page"}],"author":[{"embeddable":true,"href":"https:\/\/agence.breakflip.com\/de\/wp-json\/wp\/v2\/users\/1"}],"replies":[{"embeddable":true,"href":"https:\/\/agence.breakflip.com\/de\/wp-json\/wp\/v2\/comments?post=2875"}],"version-history":[{"count":7,"href":"https:\/\/agence.breakflip.com\/de\/wp-json\/wp\/v2\/pages\/2875\/revisions"}],"predecessor-version":[{"id":2883,"href":"https:\/\/agence.breakflip.com\/de\/wp-json\/wp\/v2\/pages\/2875\/revisions\/2883"}],"wp:attachment":[{"href":"https:\/\/agence.breakflip.com\/de\/wp-json\/wp\/v2\/media?parent=2875"}],"curies":[{"name":"wp","href":"https:\/\/api.w.org\/{rel}","templated":true}]}}