{"id":2852,"date":"2024-09-23T15:47:28","date_gmt":"2024-09-23T13:47:28","guid":{"rendered":"https:\/\/agence.breakflip.com\/?page_id=2852"},"modified":"2025-02-19T09:37:36","modified_gmt":"2025-02-19T08:37:36","slug":"rechtliche-informationen","status":"publish","type":"page","link":"https:\/\/agence.breakflip.com\/de\/rechtliche-informationen\/","title":{"rendered":"Rechtliche Informationen"},"content":{"rendered":"\t\t<div data-elementor-type=\"wp-page\" data-elementor-id=\"2852\" class=\"elementor elementor-2852\" data-elementor-post-type=\"page\">\n\t\t\t\t<div class=\"elementor-element elementor-element-b77fe91 e-flex e-con-boxed e-con e-parent\" data-id=\"b77fe91\" data-element_type=\"container\">\n\t\t\t\t\t<div class=\"e-con-inner\">\n\t\t\t\t<div class=\"elementor-element elementor-element-295dcbe elementor-widget elementor-widget-heading\" data-id=\"295dcbe\" data-element_type=\"widget\" data-widget_type=\"heading.default\">\n\t\t\t\t<div class=\"elementor-widget-container\">\n\t\t\t\t\t<h1 class=\"elementor-heading-title elementor-size-default\">Rechtliche Informationen<\/h1>\t\t\t\t<\/div>\n\t\t\t\t<\/div>\n\t\t\t\t<div class=\"elementor-element elementor-element-aef83c4 elementor-widget elementor-widget-text-editor\" data-id=\"aef83c4\" data-element_type=\"widget\" data-widget_type=\"text-editor.default\">\n\t\t\t\t<div class=\"elementor-widget-container\">\n\t\t\t\t\t\t\t\t\t<h3>VERLAG<\/h3><p><a href=\"https:\/\/www.breakflip.com\/\">BREAKFLIP SAS<\/a><br \/>2 avenue Pierre-Gilles de Gennes,<br \/>37540 Saint-Cyr-sur-Loire<\/p><h3>ENTWICKLER<\/h3><p><a href=\"http:\/\/www.respawn.fr\/\" target=\"_blank\" rel=\"noopener\">Respawn SAS<\/a><br \/>RCS Sarreguemines 808 391 452<\/p><h3>VERLAGSLEITER<\/h3><p>Thomas Renaud<\/p><h3>INFORMATIONEN \u00dcBER PERSONENBEZOGENE DATEN<\/h3><p><span style=\"font-weight: 400;\">Gem\u00e4\u00df den Bestimmungen des franz\u00f6sischen Datenschutzgesetzes vom 6. Januar 1978 werden alle ihre personenbezogenen Daten, die insbesondere \u00fcber das Kontaktformular erhoben werden, streng vertraulich behandelt. Sie haben das Recht, auf Ihre Daten zuzugreifen, sie zu ver\u00e4ndern und ihnen zu widersprechen. Um von diesem Recht Gebrauch zu machen, gen\u00fcgt es, sich per E-Mail oder per Post an die in den rechtlichen Informationen angegebene Adresse zu wenden und dabei Ihren Vor- und Nachnamen sowie Ihre Anschrift anzugeben.<\/span><\/p><p><span style=\"font-weight: 400;\">Alle unsere Daten werden in Frankreich gehostet.<\/span><\/p>\t\t\t\t\t\t\t\t<\/div>\n\t\t\t\t<\/div>\n\t\t\t\t\t<\/div>\n\t\t\t\t<\/div>\n\t\t\t\t<\/div>\n\t\t","protected":false},"excerpt":{"rendered":"<p>Rechtliche Informationen VERLAG BREAKFLIP SAS2 avenue Pierre-Gilles de Gennes,37540 Saint-Cyr-sur-Loire ENTWICKLER Respawn SASRCS Sarreguemines 808 391 452 VERLAGSLEITER Thomas Renaud INFORMATIONEN \u00dcBER PERSONENBEZOGENE DATEN Gem\u00e4\u00df den Bestimmungen des franz\u00f6sischen Datenschutzgesetzes vom 6. Januar 1978 werden alle ihre personenbezogenen Daten, die insbesondere \u00fcber das Kontaktformular erhoben werden, streng vertraulich behandelt. Sie haben das Recht, auf Ihre [&hellip;]<\/p>\n","protected":false},"author":1,"featured_media":0,"parent":0,"menu_order":0,"comment_status":"closed","ping_status":"closed","template":"","meta":{"footnotes":""},"class_list":["post-2852","page","type-page","status-publish","hentry"],"yoast_head":"<!-- This site is optimized with the Yoast SEO plugin v26.6 - https:\/\/yoast.com\/wordpress\/plugins\/seo\/ -->\n<title>Rechtliche Informationen - Breakflip Agency<\/title>\n<meta name=\"robots\" content=\"index, follow, max-snippet:-1, max-image-preview:large, max-video-preview:-1\" \/>\n<link rel=\"canonical\" href=\"https:\/\/agence.breakflip.com\/de\/rechtliche-informationen\/\" \/>\n<meta property=\"og:locale\" content=\"de_DE\" \/>\n<meta property=\"og:type\" content=\"article\" \/>\n<meta property=\"og:title\" content=\"Rechtliche Informationen - Breakflip Agency\" \/>\n<meta property=\"og:description\" content=\"Rechtliche Informationen VERLAG BREAKFLIP SAS2 avenue Pierre-Gilles de Gennes,37540 Saint-Cyr-sur-Loire ENTWICKLER Respawn SASRCS Sarreguemines 808 391 452 VERLAGSLEITER Thomas Renaud INFORMATIONEN \u00dcBER PERSONENBEZOGENE DATEN Gem\u00e4\u00df den Bestimmungen des franz\u00f6sischen Datenschutzgesetzes vom 6. Januar 1978 werden alle ihre personenbezogenen Daten, die insbesondere \u00fcber das Kontaktformular erhoben werden, streng vertraulich behandelt. Sie haben das Recht, auf Ihre [&hellip;]\" \/>\n<meta property=\"og:url\" content=\"https:\/\/agence.breakflip.com\/de\/rechtliche-informationen\/\" \/>\n<meta property=\"og:site_name\" content=\"Breakflip Agency\" \/>\n<meta property=\"article:modified_time\" content=\"2025-02-19T08:37:36+00:00\" \/>\n<meta name=\"twitter:card\" content=\"summary_large_image\" \/>\n<meta name=\"twitter:site\" content=\"@BreakflipFR\" \/>\n<meta name=\"twitter:label1\" content=\"Gesch\u00e4tzte Lesezeit\" \/>\n\t<meta name=\"twitter:data1\" content=\"1\u00a0Minute\" \/>\n<script type=\"application\/ld+json\" class=\"yoast-schema-graph\">{\"@context\":\"https:\/\/schema.org\",\"@graph\":[{\"@type\":\"WebPage\",\"@id\":\"https:\/\/agence.breakflip.com\/de\/rechtliche-informationen\/\",\"url\":\"https:\/\/agence.breakflip.com\/de\/rechtliche-informationen\/\",\"name\":\"Rechtliche Informationen - Breakflip Agency\",\"isPartOf\":{\"@id\":\"https:\/\/agence.breakflip.com\/de\/#website\"},\"datePublished\":\"2024-09-23T13:47:28+00:00\",\"dateModified\":\"2025-02-19T08:37:36+00:00\",\"breadcrumb\":{\"@id\":\"https:\/\/agence.breakflip.com\/de\/rechtliche-informationen\/#breadcrumb\"},\"inLanguage\":\"de\",\"potentialAction\":[{\"@type\":\"ReadAction\",\"target\":[\"https:\/\/agence.breakflip.com\/de\/rechtliche-informationen\/\"]}]},{\"@type\":\"BreadcrumbList\",\"@id\":\"https:\/\/agence.breakflip.com\/de\/rechtliche-informationen\/#breadcrumb\",\"itemListElement\":[{\"@type\":\"ListItem\",\"position\":1,\"name\":\"Accueil\",\"item\":\"https:\/\/agence.breakflip.com\/de\/\"},{\"@type\":\"ListItem\",\"position\":2,\"name\":\"Rechtliche Informationen\"}]},{\"@type\":\"WebSite\",\"@id\":\"https:\/\/agence.breakflip.com\/de\/#website\",\"url\":\"https:\/\/agence.breakflip.com\/de\/\",\"name\":\"Breakflip Agency\",\"description\":\"D\u00e9couvrez le travail de l&#039;agence Breakflip et faite lui confiance dans l&#039;\u00e9laboration de vos projets marketing, communication et \u00e9v\u00e8nementiel.\",\"publisher\":{\"@id\":\"https:\/\/agence.breakflip.com\/de\/#organization\"},\"potentialAction\":[{\"@type\":\"SearchAction\",\"target\":{\"@type\":\"EntryPoint\",\"urlTemplate\":\"https:\/\/agence.breakflip.com\/de\/?s={search_term_string}\"},\"query-input\":{\"@type\":\"PropertyValueSpecification\",\"valueRequired\":true,\"valueName\":\"search_term_string\"}}],\"inLanguage\":\"de\"},{\"@type\":\"Organization\",\"@id\":\"https:\/\/agence.breakflip.com\/de\/#organization\",\"name\":\"Breakflip Agency\",\"url\":\"https:\/\/agence.breakflip.com\/de\/\",\"logo\":{\"@type\":\"ImageObject\",\"inLanguage\":\"de\",\"@id\":\"https:\/\/agence.breakflip.com\/de\/#\/schema\/logo\/image\/\",\"url\":\"\/wp-content\/uploads\/2024\/07\/Logo-Breakflip-site-300px-100px-1.png\",\"contentUrl\":\"\/wp-content\/uploads\/2024\/07\/Logo-Breakflip-site-300px-100px-1.png\",\"width\":350,\"height\":100,\"caption\":\"Breakflip Agency\"},\"image\":{\"@id\":\"https:\/\/agence.breakflip.com\/de\/#\/schema\/logo\/image\/\"},\"sameAs\":[\"https:\/\/x.com\/BreakflipFR\",\"https:\/\/www.tiktok.com\/@breakflip\",\"https:\/\/www.instagram.com\/breakflip\/?hl=fr\",\"https:\/\/www.linkedin.com\/company\/breakflip\/\"]}]}<\/script>\n<!-- \/ Yoast SEO plugin. -->","yoast_head_json":{"title":"Rechtliche Informationen - Breakflip Agency","robots":{"index":"index","follow":"follow","max-snippet":"max-snippet:-1","max-image-preview":"max-image-preview:large","max-video-preview":"max-video-preview:-1"},"canonical":"https:\/\/agence.breakflip.com\/de\/rechtliche-informationen\/","og_locale":"de_DE","og_type":"article","og_title":"Rechtliche Informationen - Breakflip Agency","og_description":"Rechtliche Informationen VERLAG BREAKFLIP SAS2 avenue Pierre-Gilles de Gennes,37540 Saint-Cyr-sur-Loire ENTWICKLER Respawn SASRCS Sarreguemines 808 391 452 VERLAGSLEITER Thomas Renaud INFORMATIONEN \u00dcBER PERSONENBEZOGENE DATEN Gem\u00e4\u00df den Bestimmungen des franz\u00f6sischen Datenschutzgesetzes vom 6. Januar 1978 werden alle ihre personenbezogenen Daten, die insbesondere \u00fcber das Kontaktformular erhoben werden, streng vertraulich behandelt. Sie haben das Recht, auf Ihre [&hellip;]","og_url":"https:\/\/agence.breakflip.com\/de\/rechtliche-informationen\/","og_site_name":"Breakflip Agency","article_modified_time":"2025-02-19T08:37:36+00:00","twitter_card":"summary_large_image","twitter_site":"@BreakflipFR","twitter_misc":{"Gesch\u00e4tzte Lesezeit":"1\u00a0Minute"},"schema":{"@context":"https:\/\/schema.org","@graph":[{"@type":"WebPage","@id":"https:\/\/agence.breakflip.com\/de\/rechtliche-informationen\/","url":"https:\/\/agence.breakflip.com\/de\/rechtliche-informationen\/","name":"Rechtliche Informationen - Breakflip Agency","isPartOf":{"@id":"https:\/\/agence.breakflip.com\/de\/#website"},"datePublished":"2024-09-23T13:47:28+00:00","dateModified":"2025-02-19T08:37:36+00:00","breadcrumb":{"@id":"https:\/\/agence.breakflip.com\/de\/rechtliche-informationen\/#breadcrumb"},"inLanguage":"de","potentialAction":[{"@type":"ReadAction","target":["https:\/\/agence.breakflip.com\/de\/rechtliche-informationen\/"]}]},{"@type":"BreadcrumbList","@id":"https:\/\/agence.breakflip.com\/de\/rechtliche-informationen\/#breadcrumb","itemListElement":[{"@type":"ListItem","position":1,"name":"Accueil","item":"https:\/\/agence.breakflip.com\/de\/"},{"@type":"ListItem","position":2,"name":"Rechtliche Informationen"}]},{"@type":"WebSite","@id":"https:\/\/agence.breakflip.com\/de\/#website","url":"https:\/\/agence.breakflip.com\/de\/","name":"Breakflip Agency","description":"D\u00e9couvrez le travail de l&#039;agence Breakflip et faite lui confiance dans l&#039;\u00e9laboration de vos projets marketing, communication et \u00e9v\u00e8nementiel.","publisher":{"@id":"https:\/\/agence.breakflip.com\/de\/#organization"},"potentialAction":[{"@type":"SearchAction","target":{"@type":"EntryPoint","urlTemplate":"https:\/\/agence.breakflip.com\/de\/?s={search_term_string}"},"query-input":{"@type":"PropertyValueSpecification","valueRequired":true,"valueName":"search_term_string"}}],"inLanguage":"de"},{"@type":"Organization","@id":"https:\/\/agence.breakflip.com\/de\/#organization","name":"Breakflip Agency","url":"https:\/\/agence.breakflip.com\/de\/","logo":{"@type":"ImageObject","inLanguage":"de","@id":"https:\/\/agence.breakflip.com\/de\/#\/schema\/logo\/image\/","url":"\/wp-content\/uploads\/2024\/07\/Logo-Breakflip-site-300px-100px-1.png","contentUrl":"\/wp-content\/uploads\/2024\/07\/Logo-Breakflip-site-300px-100px-1.png","width":350,"height":100,"caption":"Breakflip Agency"},"image":{"@id":"https:\/\/agence.breakflip.com\/de\/#\/schema\/logo\/image\/"},"sameAs":["https:\/\/x.com\/BreakflipFR","https:\/\/www.tiktok.com\/@breakflip","https:\/\/www.instagram.com\/breakflip\/?hl=fr","https:\/\/www.linkedin.com\/company\/breakflip\/"]}]}},"_links":{"self":[{"href":"https:\/\/agence.breakflip.com\/de\/wp-json\/wp\/v2\/pages\/2852","targetHints":{"allow":["GET"]}}],"collection":[{"href":"https:\/\/agence.breakflip.com\/de\/wp-json\/wp\/v2\/pages"}],"about":[{"href":"https:\/\/agence.breakflip.com\/de\/wp-json\/wp\/v2\/types\/page"}],"author":[{"embeddable":true,"href":"https:\/\/agence.breakflip.com\/de\/wp-json\/wp\/v2\/users\/1"}],"replies":[{"embeddable":true,"href":"https:\/\/agence.breakflip.com\/de\/wp-json\/wp\/v2\/comments?post=2852"}],"version-history":[{"count":7,"href":"https:\/\/agence.breakflip.com\/de\/wp-json\/wp\/v2\/pages\/2852\/revisions"}],"predecessor-version":[{"id":2859,"href":"https:\/\/agence.breakflip.com\/de\/wp-json\/wp\/v2\/pages\/2852\/revisions\/2859"}],"wp:attachment":[{"href":"https:\/\/agence.breakflip.com\/de\/wp-json\/wp\/v2\/media?parent=2852"}],"curies":[{"name":"wp","href":"https:\/\/api.w.org\/{rel}","templated":true}]}}