{"id":2718,"date":"2024-09-23T15:49:12","date_gmt":"2024-09-23T13:49:12","guid":{"rendered":"https:\/\/agence.breakflip.com\/?page_id=2718"},"modified":"2025-02-18T15:11:26","modified_gmt":"2025-02-18T14:11:26","slug":"uber-uns","status":"publish","type":"page","link":"https:\/\/agence.breakflip.com\/de\/uber-uns\/","title":{"rendered":"Entdecken Sie die Geschichte von Breakflip und die Gr\u00fcndung der Agentur!"},"content":{"rendered":"\t\t<div data-elementor-type=\"wp-page\" data-elementor-id=\"2718\" class=\"elementor elementor-2718\" data-elementor-post-type=\"page\">\n\t\t\t\t<div class=\"elementor-element elementor-element-6f29f17 e-flex e-con-boxed e-con e-parent\" data-id=\"6f29f17\" data-element_type=\"container\">\n\t\t\t\t\t<div class=\"e-con-inner\">\n\t\t<div class=\"elementor-element elementor-element-45f509a e-con-full e-flex e-con e-child\" data-id=\"45f509a\" data-element_type=\"container\">\n\t\t\t\t<div class=\"elementor-element elementor-element-bcd2dcd elementor-widget elementor-widget-heading\" data-id=\"bcd2dcd\" data-element_type=\"widget\" data-widget_type=\"heading.default\">\n\t\t\t\t<div class=\"elementor-widget-container\">\n\t\t\t\t\t<h1 class=\"elementor-heading-title elementor-size-default\">Die Geschichte von Breakflip<\/h1>\t\t\t\t<\/div>\n\t\t\t\t<\/div>\n\t\t\t\t<div class=\"elementor-element elementor-element-17b0807 elementor-widget elementor-widget-heading\" data-id=\"17b0807\" data-element_type=\"widget\" data-widget_type=\"heading.default\">\n\t\t\t\t<div class=\"elementor-widget-container\">\n\t\t\t\t\t<h2 class=\"elementor-heading-title elementor-size-default\">Wie alles begann<\/h2>\t\t\t\t<\/div>\n\t\t\t\t<\/div>\n\t\t\t\t<div class=\"elementor-element elementor-element-66f7e2f elementor-widget elementor-widget-text-editor\" data-id=\"66f7e2f\" data-element_type=\"widget\" data-widget_type=\"text-editor.default\">\n\t\t\t\t<div class=\"elementor-widget-container\">\n\t\t\t\t\t\t\t\t\t<p><span style=\"font-weight: 400;\">Unsere Geschichte begann im Jahr 2017. Nach vielen Jahren im Journalismus und in der Medienproduktion f\u00fcr einige der gr\u00f6\u00dften Firmen in der Videospielindustrie (Webedia, Eclypsia\u2026),beschlossen Iris El Bazis und Thomas Renaud ihre eigene Firma zu gr\u00fcnden, welche sich auf E-Sports und Videospiele spezialisieren sollte: <strong>Breakflip<\/strong>.<\/span><\/p>\t\t\t\t\t\t\t\t<\/div>\n\t\t\t\t<\/div>\n\t\t\t\t<\/div>\n\t\t<div class=\"elementor-element elementor-element-e4f12f9 e-con-full e-flex e-con e-child\" data-id=\"e4f12f9\" data-element_type=\"container\">\n\t\t\t\t<div class=\"elementor-element elementor-element-ba5fd7e elementor-widget elementor-widget-image\" data-id=\"ba5fd7e\" data-element_type=\"widget\" data-widget_type=\"image.default\">\n\t\t\t\t<div class=\"elementor-widget-container\">\n\t\t\t\t\t\t\t\t\t\t\t\t\t\t\t<img fetchpriority=\"high\" decoding=\"async\" width=\"800\" height=\"800\" src=\"\/wp-content\/uploads\/2024\/09\/3054582-1024x1024.jpg\" class=\"attachment-large size-large wp-image-499\" alt=\"\" srcset=\"\/wp-content\/uploads\/2024\/09\/3054582-1024x1024.jpg 1024w, \/wp-content\/uploads\/2024\/09\/3054582-300x300.jpg 300w, \/wp-content\/uploads\/2024\/09\/3054582-150x150.jpg 150w, \/wp-content\/uploads\/2024\/09\/3054582-768x768.jpg 768w, \/wp-content\/uploads\/2024\/09\/3054582-1536x1536.jpg 1536w, \/wp-content\/uploads\/2024\/09\/3054582.jpg 2000w\" sizes=\"(max-width: 800px) 100vw, 800px\" \/>\t\t\t\t\t\t\t\t\t\t\t\t\t\t\t<\/div>\n\t\t\t\t<\/div>\n\t\t\t\t<\/div>\n\t\t\t\t\t<\/div>\n\t\t\t\t<\/div>\n\t\t<div class=\"elementor-element elementor-element-4eec50e e-flex e-con-boxed e-con e-parent\" data-id=\"4eec50e\" data-element_type=\"container\">\n\t\t\t\t\t<div class=\"e-con-inner\">\n\t\t<div class=\"elementor-element elementor-element-fde0f0a e-con-full e-flex e-con e-child\" data-id=\"fde0f0a\" data-element_type=\"container\">\n\t\t\t\t<div class=\"elementor-element elementor-element-19e5d64 elementor-widget elementor-widget-image\" data-id=\"19e5d64\" data-element_type=\"widget\" data-widget_type=\"image.default\">\n\t\t\t\t<div class=\"elementor-widget-container\">\n\t\t\t\t\t\t\t\t\t\t\t\t\t\t\t<img decoding=\"async\" width=\"800\" height=\"800\" src=\"\/wp-content\/uploads\/2024\/09\/20945198-1024x1024.jpg\" class=\"attachment-large size-large wp-image-501\" alt=\"\" srcset=\"\/wp-content\/uploads\/2024\/09\/20945198-1024x1024.jpg 1024w, \/wp-content\/uploads\/2024\/09\/20945198-300x300.jpg 300w, \/wp-content\/uploads\/2024\/09\/20945198-768x768.jpg 768w\" sizes=\"(max-width: 800px) 100vw, 800px\" \/>\t\t\t\t\t\t\t\t\t\t\t\t\t\t\t<\/div>\n\t\t\t\t<\/div>\n\t\t\t\t<\/div>\n\t\t<div class=\"elementor-element elementor-element-379a530 e-con-full e-flex e-con e-child\" data-id=\"379a530\" data-element_type=\"container\">\n\t\t\t\t<div class=\"elementor-element elementor-element-2c5d34d elementor-widget elementor-widget-heading\" data-id=\"2c5d34d\" data-element_type=\"widget\" data-widget_type=\"heading.default\">\n\t\t\t\t<div class=\"elementor-widget-container\">\n\t\t\t\t\t<h2 class=\"elementor-heading-title elementor-size-default\">Enormer Wachstum<\/h2>\t\t\t\t<\/div>\n\t\t\t\t<\/div>\n\t\t\t\t<div class=\"elementor-element elementor-element-7829d63 elementor-widget elementor-widget-text-editor\" data-id=\"7829d63\" data-element_type=\"widget\" data-widget_type=\"text-editor.default\">\n\t\t\t\t<div class=\"elementor-widget-container\">\n\t\t\t\t\t\t\t\t\t<p><span style=\"font-weight: 400;\">Anfang 2020, erlebte Breakflip.com einen kometenhaften Aufstieg und wurde laut \u201cAlexa Internet Rankings\u201d eine der <strong>Top 10 meistbesuchten Websites f\u00fcr Videospielnachrichten<\/strong>. Im Dezember desselben Jahres, erreichte unser Medium Platz 1 in diesem prestigereichen Ranking mit einer beeindruckenden durchschnittlichen Besucherzahl von 2,5 bis 3 Millionen einzelner Besucher im Monat<\/span><\/p>\t\t\t\t\t\t\t\t<\/div>\n\t\t\t\t<\/div>\n\t\t\t\t<\/div>\n\t\t\t\t\t<\/div>\n\t\t\t\t<\/div>\n\t\t<div class=\"elementor-element elementor-element-cd6642c e-flex e-con-boxed e-con e-parent\" data-id=\"cd6642c\" data-element_type=\"container\">\n\t\t\t\t\t<div class=\"e-con-inner\">\n\t\t<div class=\"elementor-element elementor-element-fcfd9c5 e-con-full e-flex e-con e-child\" data-id=\"fcfd9c5\" data-element_type=\"container\">\n\t\t\t\t<div class=\"elementor-element elementor-element-4b1fa50 elementor-widget elementor-widget-heading\" data-id=\"4b1fa50\" data-element_type=\"widget\" data-widget_type=\"heading.default\">\n\t\t\t\t<div class=\"elementor-widget-container\">\n\t\t\t\t\t<h2 class=\"elementor-heading-title elementor-size-default\">Anerkennung in der Industrie<\/h2>\t\t\t\t<\/div>\n\t\t\t\t<\/div>\n\t\t\t\t<div class=\"elementor-element elementor-element-9baa825 elementor-widget elementor-widget-text-editor\" data-id=\"9baa825\" data-element_type=\"widget\" data-widget_type=\"text-editor.default\">\n\t\t\t\t<div class=\"elementor-widget-container\">\n\t\t\t\t\t\t\t\t\t<p><span style=\"font-weight: 400;\">\u00dcber die Jahre hat Breakflip sich einen guten Ruf in der Szene aufgebaut. Die Qualit\u00e4t der Inhalte und der innovative Ansatz haben die Aufmerksamkeit der wichtigsten Branchenakteure auf sich gezogen. <strong>Riot Games<\/strong> verl\u00e4sst sich bei der Verwaltung ihrer sozialen Medien auf die Teams von Breakflip, was ein Beweis f\u00fcr die unbestreitbare Vertrauensw\u00fcrdigkeit des Unternehmens ist. <strong>Epic Games<\/strong> wiederum vertraute Breakflip die Organisation seines Standes auf der Paris Games Week 2018 an, welche eine der wichtigsten Veranstaltungen f\u00fcr die Gaming-Community ist.<\/span><\/p><p><span style=\"font-weight: 400;\">Diese prestigetr\u00e4chtigen Kooperationen haben Breakflip neue T\u00fcren ge\u00f6ffnet und es uns somit erm\u00f6glicht, einflussreiche, strategische Beziehungen zu kn\u00fcpfen und unsere Position in der Branche weiter zu festigen. Dieses Netzwerk an Partnern, kombiniert mit der unersch\u00fctterlichen Leidenschaft der Teams, hat Breakflip zu dem gemacht, was es heute ist.<\/span><\/p>\t\t\t\t\t\t\t\t<\/div>\n\t\t\t\t<\/div>\n\t\t\t\t<\/div>\n\t\t<div class=\"elementor-element elementor-element-e3055da e-con-full e-flex e-con e-child\" data-id=\"e3055da\" data-element_type=\"container\">\n\t\t\t\t<div class=\"elementor-element elementor-element-3aa1a05 elementor-widget elementor-widget-image\" data-id=\"3aa1a05\" data-element_type=\"widget\" data-widget_type=\"image.default\">\n\t\t\t\t<div class=\"elementor-widget-container\">\n\t\t\t\t\t\t\t\t\t\t\t\t\t\t\t<img decoding=\"async\" width=\"800\" height=\"534\" src=\"\/wp-content\/uploads\/2024\/09\/20943756-1024x683.jpg\" class=\"attachment-large size-large wp-image-500\" alt=\"\" srcset=\"\/wp-content\/uploads\/2024\/09\/20943756-1024x683.jpg 1024w, \/wp-content\/uploads\/2024\/09\/20943756-300x200.jpg 300w, \/wp-content\/uploads\/2024\/09\/20943756-768x512.jpg 768w, \/wp-content\/uploads\/2024\/09\/20943756-1536x1024.jpg 1536w, \/wp-content\/uploads\/2024\/09\/20943756-2048x1365.jpg 2048w\" sizes=\"(max-width: 800px) 100vw, 800px\" \/>\t\t\t\t\t\t\t\t\t\t\t\t\t\t\t<\/div>\n\t\t\t\t<\/div>\n\t\t\t\t<\/div>\n\t\t\t\t\t<\/div>\n\t\t\t\t<\/div>\n\t\t<div class=\"elementor-element elementor-element-9dc86bd e-flex e-con-boxed e-con e-parent\" data-id=\"9dc86bd\" data-element_type=\"container\" data-settings=\"{&quot;background_background&quot;:&quot;classic&quot;}\">\n\t\t\t\t\t<div class=\"e-con-inner\">\n\t\t<div class=\"elementor-element elementor-element-6662fa4 e-con-full e-flex e-con e-child\" data-id=\"6662fa4\" data-element_type=\"container\">\n\t\t\t\t<div class=\"elementor-element elementor-element-0111bd7 elementor-widget elementor-widget-image\" data-id=\"0111bd7\" data-element_type=\"widget\" data-widget_type=\"image.default\">\n\t\t\t\t<div class=\"elementor-widget-container\">\n\t\t\t\t\t\t\t\t\t\t\t\t\t\t\t<img loading=\"lazy\" decoding=\"async\" width=\"800\" height=\"534\" src=\"\/wp-content\/uploads\/2024\/07\/13176034_5144305-1024x683.jpg\" class=\"attachment-large size-large wp-image-377\" alt=\"\" srcset=\"\/wp-content\/uploads\/2024\/07\/13176034_5144305-1024x683.jpg 1024w, \/wp-content\/uploads\/2024\/07\/13176034_5144305-300x200.jpg 300w, \/wp-content\/uploads\/2024\/07\/13176034_5144305-768x512.jpg 768w, \/wp-content\/uploads\/2024\/07\/13176034_5144305-1536x1024.jpg 1536w, \/wp-content\/uploads\/2024\/07\/13176034_5144305-2048x1365.jpg 2048w\" sizes=\"(max-width: 800px) 100vw, 800px\" \/>\t\t\t\t\t\t\t\t\t\t\t\t\t\t\t<\/div>\n\t\t\t\t<\/div>\n\t\t\t\t<\/div>\n\t\t<div class=\"elementor-element elementor-element-4236217 e-con-full e-flex e-con e-child\" data-id=\"4236217\" data-element_type=\"container\">\n\t\t\t\t<div class=\"elementor-element elementor-element-7f644df elementor-widget elementor-widget-heading\" data-id=\"7f644df\" data-element_type=\"widget\" data-widget_type=\"heading.default\">\n\t\t\t\t<div class=\"elementor-widget-container\">\n\t\t\t\t\t<h2 class=\"elementor-heading-title elementor-size-default\">Breakflip heute<\/h2>\t\t\t\t<\/div>\n\t\t\t\t<\/div>\n\t\t\t\t<div class=\"elementor-element elementor-element-2924a73 elementor-widget elementor-widget-text-editor\" data-id=\"2924a73\" data-element_type=\"widget\" data-widget_type=\"text-editor.default\">\n\t\t\t\t<div class=\"elementor-widget-container\">\n\t\t\t\t\t\t\t\t\t<p><span style=\"font-weight: 400;\">Heute hat Breakflip seine Diensleistungsangebote ausgeweitet, um den vielf\u00e4ltigen Anforderungen der st\u00e4ndig gr\u00f6\u00dfer werdenden Videospielindustrie gerecht zu werden. Die Erstellung von Inhalten und die Kommunikation f\u00fcr ein bestimmtes Publikum sind untrennbar geworden. Das Fachwissen von Breakflip, sowohl bei der Gestaltung von Medienprojekten als auch beim Verst\u00e4ndnis des jungen Zielpublikums, macht das Unternehmen zu einem unverzichtbaren Partner f\u00fcr Verlage und lokale oder internationale Marken.<\/span><\/p><p><span style=\"font-weight: 400;\">Das Unternehmen ist in mehrere spezialisierte Abteilungen gegliedert, die die Kompetenzen im Bereich der Mediengestaltung und -berichterstattung widerspiegeln: Management sozialer Netzwerke, Organisation von Turnieren, Webentwicklung, Eventmanagement, Journalismus, Medienproduktion etc.. Heutzutage ist Breakflip eine Medienagentur, die in der Lage ist, komplexe Medienstrategien zu entwickeln und umzusetzen. Sie verf\u00fcgt \u00fcber eigene Medien und eigene Tools f\u00fcr die Produktion von Inhalten (eigenes CMS, AD Pass, Brends, etc.).<\/span><\/p><p><span style=\"font-weight: 400;\">Die Qualit\u00e4t der Dienstleistungen und schnelle Ausf\u00fchrung haben Breakflip zu einer dynamischen und innovativen Kraft in der Videospielbranche werden lassen.<\/span><\/p>\t\t\t\t\t\t\t\t<\/div>\n\t\t\t\t<\/div>\n\t\t\t\t<\/div>\n\t\t\t\t\t<\/div>\n\t\t\t\t<\/div>\n\t\t<div class=\"elementor-element elementor-element-31dfa26 e-flex e-con-boxed e-con e-parent\" data-id=\"31dfa26\" data-element_type=\"container\">\n\t\t\t\t\t<div class=\"e-con-inner\">\n\t\t\t\t<div class=\"elementor-element elementor-element-417eeeb elementor-widget elementor-widget-image\" data-id=\"417eeeb\" data-element_type=\"widget\" data-widget_type=\"image.default\">\n\t\t\t\t<div class=\"elementor-widget-container\">\n\t\t\t\t\t\t\t\t\t\t\t\t\t\t\t<img loading=\"lazy\" decoding=\"async\" width=\"800\" height=\"500\" src=\"\/wp-content\/uploads\/2024\/09\/6316-1024x640.jpg\" class=\"attachment-large size-large wp-image-508\" alt=\"\" srcset=\"\/wp-content\/uploads\/2024\/09\/6316-1024x640.jpg 1024w, \/wp-content\/uploads\/2024\/09\/6316-300x188.jpg 300w, \/wp-content\/uploads\/2024\/09\/6316-768x480.jpg 768w, \/wp-content\/uploads\/2024\/09\/6316-1536x960.jpg 1536w\" sizes=\"(max-width: 800px) 100vw, 800px\" \/>\t\t\t\t\t\t\t\t\t\t\t\t\t\t\t<\/div>\n\t\t\t\t<\/div>\n\t\t\t\t<div class=\"elementor-element elementor-element-ffcc73b elementor-widget elementor-widget-text-editor\" data-id=\"ffcc73b\" data-element_type=\"widget\" data-widget_type=\"text-editor.default\">\n\t\t\t\t<div class=\"elementor-widget-container\">\n\t\t\t\t\t\t\t\t\t<p>&#8222;<span style=\"font-weight: 400;\">Das gesamte Breakflip-Team ist bereit, ihre Projekte Wirklichkeit werden zu lassen.<\/span>&#8222;<\/p>\t\t\t\t\t\t\t\t<\/div>\n\t\t\t\t<\/div>\n\t\t\t\t\t<\/div>\n\t\t\t\t<\/div>\n\t\t\t\t<\/div>\n\t\t","protected":false},"excerpt":{"rendered":"<p>Die Geschichte von Breakflip Wie alles begann Unsere Geschichte begann im Jahr 2017. Nach vielen Jahren im Journalismus und in der Medienproduktion f\u00fcr einige der gr\u00f6\u00dften Firmen in der Videospielindustrie (Webedia, Eclypsia\u2026),beschlossen Iris El Bazis und Thomas Renaud ihre eigene Firma zu gr\u00fcnden, welche sich auf E-Sports und Videospiele spezialisieren sollte: Breakflip. Enormer Wachstum Anfang [&hellip;]<\/p>\n","protected":false},"author":1,"featured_media":0,"parent":0,"menu_order":0,"comment_status":"closed","ping_status":"closed","template":"","meta":{"footnotes":""},"class_list":["post-2718","page","type-page","status-publish","hentry"],"yoast_head":"<!-- This site is optimized with the Yoast SEO plugin v26.6 - https:\/\/yoast.com\/wordpress\/plugins\/seo\/ -->\n<title>Entdecken Sie die Geschichte von Breakflip und die Gr\u00fcndung der Agentur! - Breakflip Agency<\/title>\n<meta name=\"description\" content=\"Breakflip wurde 2017 in Tours gegr\u00fcndet und hat sich seitdem enorm weiterentwickelt. Heute betreiben wir eine eigenst\u00e4ndige Agentur, die darauf ausgerichtet ist, die vielf\u00e4ltigen Bed\u00fcrfnisse unserer Kunden zu befriedigen. Erfahren Sie mehr \u00fcber unsere Geschichte!\" \/>\n<meta name=\"robots\" content=\"index, follow, max-snippet:-1, max-image-preview:large, max-video-preview:-1\" \/>\n<link rel=\"canonical\" href=\"https:\/\/agence.breakflip.com\/de\/uber-uns\/\" \/>\n<meta property=\"og:locale\" content=\"de_DE\" \/>\n<meta property=\"og:type\" content=\"article\" \/>\n<meta property=\"og:title\" content=\"Entdecken Sie die Geschichte von Breakflip und die Gr\u00fcndung der Agentur! - Breakflip Agency\" \/>\n<meta property=\"og:description\" content=\"Breakflip wurde 2017 in Tours gegr\u00fcndet und hat sich seitdem enorm weiterentwickelt. Heute betreiben wir eine eigenst\u00e4ndige Agentur, die darauf ausgerichtet ist, die vielf\u00e4ltigen Bed\u00fcrfnisse unserer Kunden zu befriedigen. Erfahren Sie mehr \u00fcber unsere Geschichte!\" \/>\n<meta property=\"og:url\" content=\"https:\/\/agence.breakflip.com\/de\/uber-uns\/\" \/>\n<meta property=\"og:site_name\" content=\"Breakflip Agency\" \/>\n<meta property=\"article:modified_time\" content=\"2025-02-18T14:11:26+00:00\" \/>\n<meta name=\"twitter:card\" content=\"summary_large_image\" \/>\n<meta name=\"twitter:site\" content=\"@BreakflipFR\" \/>\n<meta name=\"twitter:label1\" content=\"Gesch\u00e4tzte Lesezeit\" \/>\n\t<meta name=\"twitter:data1\" content=\"4\u00a0Minuten\" \/>\n<script type=\"application\/ld+json\" class=\"yoast-schema-graph\">{\"@context\":\"https:\/\/schema.org\",\"@graph\":[{\"@type\":\"WebPage\",\"@id\":\"https:\/\/agence.breakflip.com\/de\/uber-uns\/\",\"url\":\"https:\/\/agence.breakflip.com\/de\/uber-uns\/\",\"name\":\"Entdecken Sie die Geschichte von Breakflip und die Gr\u00fcndung der Agentur! - Breakflip Agency\",\"isPartOf\":{\"@id\":\"https:\/\/agence.breakflip.com\/de\/#website\"},\"datePublished\":\"2024-09-23T13:49:12+00:00\",\"dateModified\":\"2025-02-18T14:11:26+00:00\",\"description\":\"Breakflip wurde 2017 in Tours gegr\u00fcndet und hat sich seitdem enorm weiterentwickelt. Heute betreiben wir eine eigenst\u00e4ndige Agentur, die darauf ausgerichtet ist, die vielf\u00e4ltigen Bed\u00fcrfnisse unserer Kunden zu befriedigen. Erfahren Sie mehr \u00fcber unsere Geschichte!\",\"breadcrumb\":{\"@id\":\"https:\/\/agence.breakflip.com\/de\/uber-uns\/#breadcrumb\"},\"inLanguage\":\"de\",\"potentialAction\":[{\"@type\":\"ReadAction\",\"target\":[\"https:\/\/agence.breakflip.com\/de\/uber-uns\/\"]}]},{\"@type\":\"BreadcrumbList\",\"@id\":\"https:\/\/agence.breakflip.com\/de\/uber-uns\/#breadcrumb\",\"itemListElement\":[{\"@type\":\"ListItem\",\"position\":1,\"name\":\"Accueil\",\"item\":\"https:\/\/agence.breakflip.com\/de\/\"},{\"@type\":\"ListItem\",\"position\":2,\"name\":\"Entdecken Sie die Geschichte von Breakflip und die Gr\u00fcndung der Agentur!\"}]},{\"@type\":\"WebSite\",\"@id\":\"https:\/\/agence.breakflip.com\/de\/#website\",\"url\":\"https:\/\/agence.breakflip.com\/de\/\",\"name\":\"Breakflip Agency\",\"description\":\"D\u00e9couvrez le travail de l&#039;agence Breakflip et faite lui confiance dans l&#039;\u00e9laboration de vos projets marketing, communication et \u00e9v\u00e8nementiel.\",\"publisher\":{\"@id\":\"https:\/\/agence.breakflip.com\/de\/#organization\"},\"potentialAction\":[{\"@type\":\"SearchAction\",\"target\":{\"@type\":\"EntryPoint\",\"urlTemplate\":\"https:\/\/agence.breakflip.com\/de\/?s={search_term_string}\"},\"query-input\":{\"@type\":\"PropertyValueSpecification\",\"valueRequired\":true,\"valueName\":\"search_term_string\"}}],\"inLanguage\":\"de\"},{\"@type\":\"Organization\",\"@id\":\"https:\/\/agence.breakflip.com\/de\/#organization\",\"name\":\"Breakflip Agency\",\"url\":\"https:\/\/agence.breakflip.com\/de\/\",\"logo\":{\"@type\":\"ImageObject\",\"inLanguage\":\"de\",\"@id\":\"https:\/\/agence.breakflip.com\/de\/#\/schema\/logo\/image\/\",\"url\":\"\/wp-content\/uploads\/2024\/07\/Logo-Breakflip-site-300px-100px-1.png\",\"contentUrl\":\"\/wp-content\/uploads\/2024\/07\/Logo-Breakflip-site-300px-100px-1.png\",\"width\":350,\"height\":100,\"caption\":\"Breakflip Agency\"},\"image\":{\"@id\":\"https:\/\/agence.breakflip.com\/de\/#\/schema\/logo\/image\/\"},\"sameAs\":[\"https:\/\/x.com\/BreakflipFR\",\"https:\/\/www.tiktok.com\/@breakflip\",\"https:\/\/www.instagram.com\/breakflip\/?hl=fr\",\"https:\/\/www.linkedin.com\/company\/breakflip\/\"]}]}<\/script>\n<!-- \/ Yoast SEO plugin. -->","yoast_head_json":{"title":"Entdecken Sie die Geschichte von Breakflip und die Gr\u00fcndung der Agentur! - Breakflip Agency","description":"Breakflip wurde 2017 in Tours gegr\u00fcndet und hat sich seitdem enorm weiterentwickelt. Heute betreiben wir eine eigenst\u00e4ndige Agentur, die darauf ausgerichtet ist, die vielf\u00e4ltigen Bed\u00fcrfnisse unserer Kunden zu befriedigen. Erfahren Sie mehr \u00fcber unsere Geschichte!","robots":{"index":"index","follow":"follow","max-snippet":"max-snippet:-1","max-image-preview":"max-image-preview:large","max-video-preview":"max-video-preview:-1"},"canonical":"https:\/\/agence.breakflip.com\/de\/uber-uns\/","og_locale":"de_DE","og_type":"article","og_title":"Entdecken Sie die Geschichte von Breakflip und die Gr\u00fcndung der Agentur! - Breakflip Agency","og_description":"Breakflip wurde 2017 in Tours gegr\u00fcndet und hat sich seitdem enorm weiterentwickelt. Heute betreiben wir eine eigenst\u00e4ndige Agentur, die darauf ausgerichtet ist, die vielf\u00e4ltigen Bed\u00fcrfnisse unserer Kunden zu befriedigen. Erfahren Sie mehr \u00fcber unsere Geschichte!","og_url":"https:\/\/agence.breakflip.com\/de\/uber-uns\/","og_site_name":"Breakflip Agency","article_modified_time":"2025-02-18T14:11:26+00:00","twitter_card":"summary_large_image","twitter_site":"@BreakflipFR","twitter_misc":{"Gesch\u00e4tzte Lesezeit":"4\u00a0Minuten"},"schema":{"@context":"https:\/\/schema.org","@graph":[{"@type":"WebPage","@id":"https:\/\/agence.breakflip.com\/de\/uber-uns\/","url":"https:\/\/agence.breakflip.com\/de\/uber-uns\/","name":"Entdecken Sie die Geschichte von Breakflip und die Gr\u00fcndung der Agentur! - Breakflip Agency","isPartOf":{"@id":"https:\/\/agence.breakflip.com\/de\/#website"},"datePublished":"2024-09-23T13:49:12+00:00","dateModified":"2025-02-18T14:11:26+00:00","description":"Breakflip wurde 2017 in Tours gegr\u00fcndet und hat sich seitdem enorm weiterentwickelt. Heute betreiben wir eine eigenst\u00e4ndige Agentur, die darauf ausgerichtet ist, die vielf\u00e4ltigen Bed\u00fcrfnisse unserer Kunden zu befriedigen. Erfahren Sie mehr \u00fcber unsere Geschichte!","breadcrumb":{"@id":"https:\/\/agence.breakflip.com\/de\/uber-uns\/#breadcrumb"},"inLanguage":"de","potentialAction":[{"@type":"ReadAction","target":["https:\/\/agence.breakflip.com\/de\/uber-uns\/"]}]},{"@type":"BreadcrumbList","@id":"https:\/\/agence.breakflip.com\/de\/uber-uns\/#breadcrumb","itemListElement":[{"@type":"ListItem","position":1,"name":"Accueil","item":"https:\/\/agence.breakflip.com\/de\/"},{"@type":"ListItem","position":2,"name":"Entdecken Sie die Geschichte von Breakflip und die Gr\u00fcndung der Agentur!"}]},{"@type":"WebSite","@id":"https:\/\/agence.breakflip.com\/de\/#website","url":"https:\/\/agence.breakflip.com\/de\/","name":"Breakflip Agency","description":"D\u00e9couvrez le travail de l&#039;agence Breakflip et faite lui confiance dans l&#039;\u00e9laboration de vos projets marketing, communication et \u00e9v\u00e8nementiel.","publisher":{"@id":"https:\/\/agence.breakflip.com\/de\/#organization"},"potentialAction":[{"@type":"SearchAction","target":{"@type":"EntryPoint","urlTemplate":"https:\/\/agence.breakflip.com\/de\/?s={search_term_string}"},"query-input":{"@type":"PropertyValueSpecification","valueRequired":true,"valueName":"search_term_string"}}],"inLanguage":"de"},{"@type":"Organization","@id":"https:\/\/agence.breakflip.com\/de\/#organization","name":"Breakflip Agency","url":"https:\/\/agence.breakflip.com\/de\/","logo":{"@type":"ImageObject","inLanguage":"de","@id":"https:\/\/agence.breakflip.com\/de\/#\/schema\/logo\/image\/","url":"\/wp-content\/uploads\/2024\/07\/Logo-Breakflip-site-300px-100px-1.png","contentUrl":"\/wp-content\/uploads\/2024\/07\/Logo-Breakflip-site-300px-100px-1.png","width":350,"height":100,"caption":"Breakflip Agency"},"image":{"@id":"https:\/\/agence.breakflip.com\/de\/#\/schema\/logo\/image\/"},"sameAs":["https:\/\/x.com\/BreakflipFR","https:\/\/www.tiktok.com\/@breakflip","https:\/\/www.instagram.com\/breakflip\/?hl=fr","https:\/\/www.linkedin.com\/company\/breakflip\/"]}]}},"_links":{"self":[{"href":"https:\/\/agence.breakflip.com\/de\/wp-json\/wp\/v2\/pages\/2718","targetHints":{"allow":["GET"]}}],"collection":[{"href":"https:\/\/agence.breakflip.com\/de\/wp-json\/wp\/v2\/pages"}],"about":[{"href":"https:\/\/agence.breakflip.com\/de\/wp-json\/wp\/v2\/types\/page"}],"author":[{"embeddable":true,"href":"https:\/\/agence.breakflip.com\/de\/wp-json\/wp\/v2\/users\/1"}],"replies":[{"embeddable":true,"href":"https:\/\/agence.breakflip.com\/de\/wp-json\/wp\/v2\/comments?post=2718"}],"version-history":[{"count":5,"href":"https:\/\/agence.breakflip.com\/de\/wp-json\/wp\/v2\/pages\/2718\/revisions"}],"predecessor-version":[{"id":2846,"href":"https:\/\/agence.breakflip.com\/de\/wp-json\/wp\/v2\/pages\/2718\/revisions\/2846"}],"wp:attachment":[{"href":"https:\/\/agence.breakflip.com\/de\/wp-json\/wp\/v2\/media?parent=2718"}],"curies":[{"name":"wp","href":"https:\/\/api.w.org\/{rel}","templated":true}]}}